{"id":21144,"date":"2022-06-21T08:34:08","date_gmt":"2022-06-21T08:34:08","guid":{"rendered":"https:\/\/urbanglide.com\/a-propos\/"},"modified":"2023-09-18T10:19:19","modified_gmt":"2023-09-18T10:19:19","slug":"a-propos","status":"publish","type":"page","link":"https:\/\/urbanglide.com\/en\/a-propos\/","title":{"rendered":"General terms and conditions of sale"},"content":{"rendered":"\t\t<div data-elementor-type=\"wp-page\" data-elementor-id=\"21144\" class=\"elementor elementor-21144 elementor-4501\" data-elementor-post-type=\"page\">\n\t\t\t\t\t\t<section class=\"elementor-section elementor-top-section elementor-element elementor-element-ecd7965 elementor-section-full_width elementor-section-height-default elementor-section-height-default\" data-id=\"ecd7965\" data-element_type=\"section\" data-e-type=\"section\">\n\t\t\t\t\t\t<div class=\"elementor-container elementor-column-gap-default\">\n\t\t\t\t\t<div class=\"elementor-column elementor-col-100 elementor-top-column elementor-element elementor-element-978bbb7\" data-id=\"978bbb7\" data-element_type=\"column\" data-e-type=\"column\">\n\t\t\t<div class=\"elementor-widget-wrap elementor-element-populated\">\n\t\t\t\t\t\t<div class=\"elementor-element elementor-element-8bf8c62 elementor-widget elementor-widget-spacer\" data-id=\"8bf8c62\" data-element_type=\"widget\" data-e-type=\"widget\" data-widget_type=\"spacer.default\">\n\t\t\t\t<div class=\"elementor-widget-container\">\n\t\t\t\t\t\t\t<div class=\"elementor-spacer\">\n\t\t\t<div class=\"elementor-spacer-inner\"><\/div>\n\t\t<\/div>\n\t\t\t\t\t\t<\/div>\n\t\t\t\t<\/div>\n\t\t\t\t\t<\/div>\n\t\t<\/div>\n\t\t\t\t\t<\/div>\n\t\t<\/section>\n\t\t\t\t<section class=\"elementor-section elementor-top-section elementor-element elementor-element-c0707c7 elementor-section-boxed elementor-section-height-default elementor-section-height-default\" data-id=\"c0707c7\" data-element_type=\"section\" data-e-type=\"section\" data-settings=\"{&quot;background_background&quot;:&quot;classic&quot;}\">\n\t\t\t\t\t\t<div class=\"elementor-container elementor-column-gap-default\">\n\t\t\t\t\t<div class=\"elementor-column elementor-col-100 elementor-top-column elementor-element elementor-element-45b07e9\" data-id=\"45b07e9\" data-element_type=\"column\" data-e-type=\"column\">\n\t\t\t<div class=\"elementor-widget-wrap elementor-element-populated\">\n\t\t\t\t\t\t<div class=\"elementor-element elementor-element-55149c2 elementor-widget elementor-widget-heading\" data-id=\"55149c2\" data-element_type=\"widget\" data-e-type=\"widget\" data-widget_type=\"heading.default\">\n\t\t\t\t<div class=\"elementor-widget-container\">\n\t\t\t\t\t<h1 class=\"elementor-heading-title elementor-size-default\">GENERAL TERMS AND CONDITIONS OF SALE<\/h1>\t\t\t\t<\/div>\n\t\t\t\t<\/div>\n\t\t\t\t<div class=\"elementor-element elementor-element-4428200 elementor-widget elementor-widget-toggle\" data-id=\"4428200\" data-element_type=\"widget\" data-e-type=\"widget\" data-widget_type=\"toggle.default\">\n\t\t\t\t<div class=\"elementor-widget-container\">\n\t\t\t\t\t\t\t<div class=\"elementor-toggle\">\n\t\t\t\t\t\t\t<div class=\"elementor-toggle-item\">\n\t\t\t\t\t<h2 id=\"elementor-tab-title-7141\" class=\"elementor-tab-title\" data-tab=\"1\" role=\"button\" aria-controls=\"elementor-tab-content-7141\" aria-expanded=\"false\">\n\t\t\t\t\t\t\t\t\t\t\t\t<a class=\"elementor-toggle-title\" tabindex=\"0\">I. GENERAL PRINCIPLES<\/a>\n\t\t\t\t\t<\/h2>\n\n\t\t\t\t\t<div id=\"elementor-tab-content-7141\" class=\"elementor-tab-content elementor-clearfix\" data-tab=\"1\" role=\"region\" aria-labelledby=\"elementor-tab-title-7141\"><p>PACT Group S.A.S., owner of the UrbanGlide brand, markets electric mobility products and accessories.<\/p>\n<p>These General Terms and Conditions of Sale (hereinafter the &#8220;GTCS&#8221;) govern the conditions of sale by PACT Group S.A.S. of products (hereinafter the &#8220;Products&#8221;) to the Customer (hereinafter the &#8220;Customer&#8221;). They thus apply in their entirety to any order of Products placed by the Client with PACT GROUP S.A.S.<\/p>\n<p>Orders placed on the Website are reserved for Clients. Accordingly, these general terms and conditions of sale are reserved solely for customers, as defined by law and case law, acting exclusively on their own behalf and domiciled in mainland France.<\/p>\n<p>PACT Group reserves the right to modify the GTCS at any time. The GTC applicable to an order are those accepted by the Customer at the time of placing the order.<\/p>\n<p>The GTCS are supplemented by the Privacy Policy.<\/p>\n<p>Any Order implies acceptance of these GTCS and the <a href=\"https:\/\/urbanglide.com\/en\/conditions-generales\/\">Privacy Policy<\/a>.<\/p>\n<\/div>\n\t\t\t\t<\/div>\n\t\t\t\t\t\t\t<div class=\"elementor-toggle-item\">\n\t\t\t\t\t<h2 id=\"elementor-tab-title-7142\" class=\"elementor-tab-title\" data-tab=\"2\" role=\"button\" aria-controls=\"elementor-tab-content-7142\" aria-expanded=\"false\">\n\t\t\t\t\t\t\t\t\t\t\t\t<a class=\"elementor-toggle-title\" tabindex=\"0\">II. COMPANY IDENTITY<\/a>\n\t\t\t\t\t<\/h2>\n\n\t\t\t\t\t<div id=\"elementor-tab-content-7142\" class=\"elementor-tab-content elementor-clearfix\" data-tab=\"2\" role=\"region\" aria-labelledby=\"elementor-tab-title-7142\"><p>PACT Group S.A.S.<br \/>\nS.A.S. with a capital of 1,000,000 Euros<br \/>\nVAT: FR23337891873<br \/>\nRegistered office: 29 promenade Michel Simon, 93160 NOISY-LE-GRAND &#8211; France<\/p>\n<\/div>\n\t\t\t\t<\/div>\n\t\t\t\t\t\t\t<div class=\"elementor-toggle-item\">\n\t\t\t\t\t<h2 id=\"elementor-tab-title-7143\" class=\"elementor-tab-title\" data-tab=\"3\" role=\"button\" aria-controls=\"elementor-tab-content-7143\" aria-expanded=\"false\">\n\t\t\t\t\t\t\t\t\t\t\t\t<a class=\"elementor-toggle-title\" tabindex=\"0\">III. PRODUCT<\/a>\n\t\t\t\t\t<\/h2>\n\n\t\t\t\t\t<div id=\"elementor-tab-content-7143\" class=\"elementor-tab-content elementor-clearfix\" data-tab=\"3\" role=\"region\" aria-labelledby=\"elementor-tab-title-7143\"><p><strong><u>III.I Description of products<\/u><\/strong><\/p>\n<p>The products offered for sale are those listed on the Website on the date of consultation of the Website by the Customer and within the limits of available stocks.<\/p>\n<p>PACT Group takes the utmost care in presenting the products on the Website. Nevertheless, the photographs illustrating the products are for information purposes only and have no contractual value.<\/p>\n<p>In accordance with Article L 111-1 of the French Consumer Code, the Customer may, prior to placing an order, take note on the Website of the essential characteristics of the products sold on the Website.<\/p>\n<p><strong><u>III.II Prices<\/u><\/strong><\/p>\n<p>The prices of the products sold on the Site are indicated in Euros, and include all taxes (TTC) but exclude delivery costs. When the order is validated, the price to be paid by the Customer is understood to be the all-inclusive price, i.e. the sum of the price (including VAT) of the items making up the order plus delivery costs.<\/p>\n<p><strong><u>III.III Availability<\/u><\/strong><\/p>\n<p>The products presented on the Website are valid while stocks last. PACT Group does not guarantee the availability of the products presented on the Website.<\/p>\n<p>In the event of total or partial unavailability of products after the order has been placed, the Customer shall be informed by e-mail as soon as possible of the unavailability of the product and of the total or partial cancellation of its order and its reimbursement, if applicable.<\/p>\n<\/div>\n\t\t\t\t<\/div>\n\t\t\t\t\t\t\t<div class=\"elementor-toggle-item\">\n\t\t\t\t\t<h2 id=\"elementor-tab-title-7144\" class=\"elementor-tab-title\" data-tab=\"4\" role=\"button\" aria-controls=\"elementor-tab-content-7144\" aria-expanded=\"false\">\n\t\t\t\t\t\t\t\t\t\t\t\t<a class=\"elementor-toggle-title\" tabindex=\"0\">IV. DELIVERY<\/a>\n\t\t\t\t\t<\/h2>\n\n\t\t\t\t\t<div id=\"elementor-tab-content-7144\" class=\"elementor-tab-content elementor-clearfix\" data-tab=\"4\" role=\"region\" aria-labelledby=\"elementor-tab-title-7144\"><p>Urbanglide.com delivers exclusively to Metropolitan France<\/p>\n<p>Orders are prepared from 9:00 to 17:00 CET Monday to Friday. Orders placed after 17:00 on Friday will be prepared from the following Monday.<\/p>\n<p>Once your order has been dispatched, you will receive an automatic order confirmation e-mail. If you are absent at the time of delivery, the delivery person will leave you a note or contact you by telephone if the number was given at the time of purchase.<\/p>\n<p>Standard delivery (5 working days)<\/p>\n<p>The exact delivery costs, which vary according to the weight of the product to be sent, will be communicated to the customer at the time of ordering and will be included in the order summary before the purchase is finalised.<\/p>\n<p>PACT Group accepts no responsibility for unforeseen delays beyond our control.<\/p>\n<\/div>\n\t\t\t\t<\/div>\n\t\t\t\t\t\t\t<div class=\"elementor-toggle-item\">\n\t\t\t\t\t<h2 id=\"elementor-tab-title-7145\" class=\"elementor-tab-title\" data-tab=\"5\" role=\"button\" aria-controls=\"elementor-tab-content-7145\" aria-expanded=\"false\">\n\t\t\t\t\t\t\t\t\t\t\t\t<a class=\"elementor-toggle-title\" tabindex=\"0\">V. RIGHT AND PERIOD OF WITHDRAWAL<\/a>\n\t\t\t\t\t<\/h2>\n\n\t\t\t\t\t<div id=\"elementor-tab-content-7145\" class=\"elementor-tab-content elementor-clearfix\" data-tab=\"5\" role=\"region\" aria-labelledby=\"elementor-tab-title-7145\"><p>If you are not satisfied with your order, you may exercise your right of withdrawal under article L.221-18 of the French Consumer Code within 14 (fourteen) days of receipt of delivery.<\/p>\n<p><span style=\"text-decoration: underline;\"><strong>V.I Conditions for correctly exercising the right of withdrawal<\/strong><\/span><\/p>\n<p>To exercise your right of withdrawal, you must comply with these conditions in order to obtain a refund for the purchase.<\/p>\n<p>Products must be returned in their original condition (products in perfect condition, in their original packaging), labelled, new, unused, at the latest within 14 (fourteen) days of their date of receipt. After this period of 14 (fourteen) days, no refund will be accepted.<\/p>\n<p><span style=\"text-decoration: underline;\"><strong>V.II Returns<\/strong><\/span><\/p>\n<p>In the event of a return for an online purchase during the retraction period, we ask you to contact our customer service department to manage the procedure using the form <a href=\"https:\/\/urbanglide.com\/en\/contact\/\">https:\/\/urbanglide.com\/contact\/<\/a><\/p>\n<p>You will be entirely responsible for the return shipping costs.<\/p>\n<p><span style=\"text-decoration: underline;\"><strong>V.III Refund times<br \/>\n<\/strong><\/span><\/p>\n<p>Refunds will be made within 14 (fourteen) days of receipt of the products, using the method of payment used during purchase.<\/p>\n<\/div>\n\t\t\t\t<\/div>\n\t\t\t\t\t\t\t<div class=\"elementor-toggle-item\">\n\t\t\t\t\t<h2 id=\"elementor-tab-title-7146\" class=\"elementor-tab-title\" data-tab=\"6\" role=\"button\" aria-controls=\"elementor-tab-content-7146\" aria-expanded=\"false\">\n\t\t\t\t\t\t\t\t\t\t\t\t<a class=\"elementor-toggle-title\" tabindex=\"0\">VI. DEFECTIVE PRODUCTS<\/a>\n\t\t\t\t\t<\/h2>\n\n\t\t\t\t\t<div id=\"elementor-tab-content-7146\" class=\"elementor-tab-content elementor-clearfix\" data-tab=\"6\" role=\"region\" aria-labelledby=\"elementor-tab-title-7146\"><p>You have the right to return a product that you have received as being faulty. In the case of an online purchase, we ask you to contact customer services to manage the returns procedure via the form <a href=\"https:\/\/urbanglide.com\/en\/contact\/\">https:\/\/urbanglide.com\/contact\/<\/a><\/p>\n<\/div>\n\t\t\t\t<\/div>\n\t\t\t\t\t\t\t<div class=\"elementor-toggle-item\">\n\t\t\t\t\t<h2 id=\"elementor-tab-title-7147\" class=\"elementor-tab-title\" data-tab=\"7\" role=\"button\" aria-controls=\"elementor-tab-content-7147\" aria-expanded=\"false\">\n\t\t\t\t\t\t\t\t\t\t\t\t<a class=\"elementor-toggle-title\" tabindex=\"0\">VII. METHODS OF PAYMENT ACCEPTED<\/a>\n\t\t\t\t\t<\/h2>\n\n\t\t\t\t\t<div id=\"elementor-tab-content-7147\" class=\"elementor-tab-content elementor-clearfix\" data-tab=\"7\" role=\"region\" aria-labelledby=\"elementor-tab-title-7147\"><p>The site only accepts the following methods of payment: Bank cards (Credit and Debit) and PayPal.<\/p>\n<p>Cheques and bank transfers are not accepted.<\/p>\n<\/div>\n\t\t\t\t<\/div>\n\t\t\t\t\t\t\t\t\t\t<script type=\"application\/ld+json\">{\"@context\":\"https:\\\/\\\/schema.org\",\"@type\":\"FAQPage\",\"mainEntity\":[{\"@type\":\"Question\",\"name\":\"I. GENERAL PRINCIPLES\",\"acceptedAnswer\":{\"@type\":\"Answer\",\"text\":\"<p>PACT Group S.A.S., owner of the UrbanGlide brand, markets electric mobility products and accessories.<\\\/p>\\n<p>These General Terms and Conditions of Sale (hereinafter the &#8220;GTCS&#8221;) govern the conditions of sale by PACT Group S.A.S. of products (hereinafter the &#8220;Products&#8221;) to the Customer (hereinafter the &#8220;Customer&#8221;). They thus apply in their entirety to any order of Products placed by the Client with PACT GROUP S.A.S.<\\\/p>\\n<p>Orders placed on the Website are reserved for Clients. Accordingly, these general terms and conditions of sale are reserved solely for customers, as defined by law and case law, acting exclusively on their own behalf and domiciled in mainland France.<\\\/p>\\n<p>PACT Group reserves the right to modify the GTCS at any time. The GTC applicable to an order are those accepted by the Customer at the time of placing the order.<\\\/p>\\n<p>The GTCS are supplemented by the Privacy Policy.<\\\/p>\\n<p>Any Order implies acceptance of these GTCS and the <a href=\\\"https:\\\/\\\/urbanglide.com\\\/en\\\/conditions-generales\\\/\\\">Privacy Policy<\\\/a>.<\\\/p>\\n\"}},{\"@type\":\"Question\",\"name\":\"II. COMPANY IDENTITY\",\"acceptedAnswer\":{\"@type\":\"Answer\",\"text\":\"<p>PACT Group S.A.S.<br \\\/>\\nS.A.S. with a capital of 1,000,000 Euros<br \\\/>\\nVAT: FR23337891873<br \\\/>\\nRegistered office: 29 promenade Michel Simon, 93160 NOISY-LE-GRAND &#8211; France<\\\/p>\\n\"}},{\"@type\":\"Question\",\"name\":\"III. PRODUCT\",\"acceptedAnswer\":{\"@type\":\"Answer\",\"text\":\"<p><strong><u>III.I Description of products<\\\/u><\\\/strong><\\\/p>\\n<p>The products offered for sale are those listed on the Website on the date of consultation of the Website by the Customer and within the limits of available stocks.<\\\/p>\\n<p>PACT Group takes the utmost care in presenting the products on the Website. Nevertheless, the photographs illustrating the products are for information purposes only and have no contractual value.<\\\/p>\\n<p>In accordance with Article L 111-1 of the French Consumer Code, the Customer may, prior to placing an order, take note on the Website of the essential characteristics of the products sold on the Website.<\\\/p>\\n<p><strong><u>III.II Prices<\\\/u><\\\/strong><\\\/p>\\n<p>The prices of the products sold on the Site are indicated in Euros, and include all taxes (TTC) but exclude delivery costs. When the order is validated, the price to be paid by the Customer is understood to be the all-inclusive price, i.e. the sum of the price (including VAT) of the items making up the order plus delivery costs.<\\\/p>\\n<p><strong><u>III.III Availability<\\\/u><\\\/strong><\\\/p>\\n<p>The products presented on the Website are valid while stocks last. PACT Group does not guarantee the availability of the products presented on the Website.<\\\/p>\\n<p>In the event of total or partial unavailability of products after the order has been placed, the Customer shall be informed by e-mail as soon as possible of the unavailability of the product and of the total or partial cancellation of its order and its reimbursement, if applicable.<\\\/p>\\n\"}},{\"@type\":\"Question\",\"name\":\"IV. DELIVERY\",\"acceptedAnswer\":{\"@type\":\"Answer\",\"text\":\"<p>Urbanglide.com delivers exclusively to Metropolitan France<\\\/p>\\n<p>Orders are prepared from 9:00 to 17:00 CET Monday to Friday. Orders placed after 17:00 on Friday will be prepared from the following Monday.<\\\/p>\\n<p>Once your order has been dispatched, you will receive an automatic order confirmation e-mail. If you are absent at the time of delivery, the delivery person will leave you a note or contact you by telephone if the number was given at the time of purchase.<\\\/p>\\n<p>Standard delivery (5 working days)<\\\/p>\\n<p>The exact delivery costs, which vary according to the weight of the product to be sent, will be communicated to the customer at the time of ordering and will be included in the order summary before the purchase is finalised.<\\\/p>\\n<p>PACT Group accepts no responsibility for unforeseen delays beyond our control.<\\\/p>\\n\"}},{\"@type\":\"Question\",\"name\":\"V. RIGHT AND PERIOD OF WITHDRAWAL\",\"acceptedAnswer\":{\"@type\":\"Answer\",\"text\":\"<p>If you are not satisfied with your order, you may exercise your right of withdrawal under article L.221-18 of the French Consumer Code within 14 (fourteen) days of receipt of delivery.<\\\/p>\\n<p><span style=\\\"text-decoration: underline;\\\"><strong>V.I Conditions for correctly exercising the right of withdrawal<\\\/strong><\\\/span><\\\/p>\\n<p>To exercise your right of withdrawal, you must comply with these conditions in order to obtain a refund for the purchase.<\\\/p>\\n<p>Products must be returned in their original condition (products in perfect condition, in their original packaging), labelled, new, unused, at the latest within 14 (fourteen) days of their date of receipt. After this period of 14 (fourteen) days, no refund will be accepted.<\\\/p>\\n<p><span style=\\\"text-decoration: underline;\\\"><strong>V.II Returns<\\\/strong><\\\/span><\\\/p>\\n<p>In the event of a return for an online purchase during the retraction period, we ask you to contact our customer service department to manage the procedure using the form <a href=\\\"https:\\\/\\\/urbanglide.com\\\/en\\\/contact\\\/\\\">https:\\\/\\\/urbanglide.com\\\/contact\\\/<\\\/a><\\\/p>\\n<p>You will be entirely responsible for the return shipping costs.<\\\/p>\\n<p><span style=\\\"text-decoration: underline;\\\"><strong>V.III Refund times<br \\\/>\\n<\\\/strong><\\\/span><\\\/p>\\n<p>Refunds will be made within 14 (fourteen) days of receipt of the products, using the method of payment used during purchase.<\\\/p>\\n\"}},{\"@type\":\"Question\",\"name\":\"VI. DEFECTIVE PRODUCTS\",\"acceptedAnswer\":{\"@type\":\"Answer\",\"text\":\"<p>You have the right to return a product that you have received as being faulty. In the case of an online purchase, we ask you to contact customer services to manage the returns procedure via the form <a href=\\\"https:\\\/\\\/urbanglide.com\\\/en\\\/contact\\\/\\\">https:\\\/\\\/urbanglide.com\\\/contact\\\/<\\\/a><\\\/p>\\n\"}},{\"@type\":\"Question\",\"name\":\"VII. METHODS OF PAYMENT ACCEPTED\",\"acceptedAnswer\":{\"@type\":\"Answer\",\"text\":\"<p>The site only accepts the following methods of payment: Bank cards (Credit and Debit) and PayPal.<\\\/p>\\n<p>Cheques and bank transfers are not accepted.<\\\/p>\\n\"}}]}<\/script>\n\t\t\t\t\t<\/div>\n\t\t\t\t\t\t<\/div>\n\t\t\t\t<\/div>\n\t\t\t\t\t<\/div>\n\t\t<\/div>\n\t\t\t\t\t<\/div>\n\t\t<\/section>\n\t\t\t\t<section class=\"elementor-section elementor-top-section elementor-element elementor-element-0d8099e elementor-section-boxed elementor-section-height-default elementor-section-height-default\" data-id=\"0d8099e\" data-element_type=\"section\" data-e-type=\"section\">\n\t\t\t\t\t\t<div class=\"elementor-container elementor-column-gap-default\">\n\t\t\t\t\t<div class=\"elementor-column elementor-col-100 elementor-top-column elementor-element elementor-element-31dbd8c\" data-id=\"31dbd8c\" data-element_type=\"column\" data-e-type=\"column\">\n\t\t\t<div class=\"elementor-widget-wrap elementor-element-populated\">\n\t\t\t\t\t\t<div class=\"elementor-element elementor-element-f1a4f16 elementor-widget elementor-widget-spacer\" data-id=\"f1a4f16\" data-element_type=\"widget\" data-e-type=\"widget\" data-widget_type=\"spacer.default\">\n\t\t\t\t<div class=\"elementor-widget-container\">\n\t\t\t\t\t\t\t<div class=\"elementor-spacer\">\n\t\t\t<div class=\"elementor-spacer-inner\"><\/div>\n\t\t<\/div>\n\t\t\t\t\t\t<\/div>\n\t\t\t\t<\/div>\n\t\t\t\t\t<\/div>\n\t\t<\/div>\n\t\t\t\t\t<\/div>\n\t\t<\/section>\n\t\t\t\t<\/div>\n\t\t","protected":false},"excerpt":{"rendered":"<p>GENERAL TERMS AND CONDITIONS OF SALE I. GENERAL PRINCIPLES PACT Group S.A.S., owner of the UrbanGlide brand, markets electric mobility [&hellip;]<\/p>\n","protected":false},"author":2168,"featured_media":0,"parent":0,"menu_order":0,"comment_status":"closed","ping_status":"closed","template":"","meta":{"footnotes":""},"class_list":["post-21144","page","type-page","status-publish","hentry"],"yoast_head":"<!-- This site is optimized with the Yoast SEO plugin v27.1.1 - https:\/\/yoast.com\/product\/yoast-seo-wordpress\/ -->\n<title>General terms and conditions of sale - UrbanGlide<\/title>\n<meta name=\"robots\" content=\"index, follow, max-snippet:-1, max-image-preview:large, max-video-preview:-1\" \/>\n<link rel=\"canonical\" href=\"https:\/\/urbanglide.com\/conditions-generales-de-vente\/\" \/>\n<meta property=\"og:locale\" content=\"en_US\" \/>\n<meta property=\"og:type\" content=\"article\" \/>\n<meta property=\"og:title\" content=\"General terms and conditions of sale - UrbanGlide\" \/>\n<meta property=\"og:description\" content=\"GENERAL TERMS AND CONDITIONS OF SALE I. GENERAL PRINCIPLES PACT Group S.A.S., owner of the UrbanGlide brand, markets electric mobility [&hellip;]\" \/>\n<meta property=\"og:url\" content=\"https:\/\/urbanglide.com\/conditions-generales-de-vente\/\" \/>\n<meta property=\"og:site_name\" content=\"UrbanGlide\" \/>\n<meta property=\"article:modified_time\" content=\"2023-09-18T10:19:19+00:00\" \/>\n<meta name=\"twitter:card\" content=\"summary_large_image\" \/>\n<meta name=\"twitter:label1\" content=\"Est. reading time\" \/>\n\t<meta name=\"twitter:data1\" content=\"4 minutes\" \/>\n<script type=\"application\/ld+json\" class=\"yoast-schema-graph\">{\"@context\":\"https:\/\/schema.org\",\"@graph\":[{\"@type\":\"WebPage\",\"@id\":\"https:\/\/urbanglide.com\/conditions-generales-de-vente\/\",\"url\":\"https:\/\/urbanglide.com\/conditions-generales-de-vente\/\",\"name\":\"General terms and conditions of sale - UrbanGlide\",\"isPartOf\":{\"@id\":\"https:\/\/urbanglide.com\/#website\"},\"datePublished\":\"2022-06-21T08:34:08+00:00\",\"dateModified\":\"2023-09-18T10:19:19+00:00\",\"breadcrumb\":{\"@id\":\"https:\/\/urbanglide.com\/conditions-generales-de-vente\/#breadcrumb\"},\"inLanguage\":\"en-US\",\"potentialAction\":[{\"@type\":\"ReadAction\",\"target\":[\"https:\/\/urbanglide.com\/conditions-generales-de-vente\/\"]}]},{\"@type\":\"BreadcrumbList\",\"@id\":\"https:\/\/urbanglide.com\/conditions-generales-de-vente\/#breadcrumb\",\"itemListElement\":[{\"@type\":\"ListItem\",\"position\":1,\"name\":\"Accueil\",\"item\":\"https:\/\/urbanglide.com\/en\/homepage-urbanglide-new-version\/\"},{\"@type\":\"ListItem\",\"position\":2,\"name\":\"General terms and conditions of sale\"}]},{\"@type\":\"WebSite\",\"@id\":\"https:\/\/urbanglide.com\/#website\",\"url\":\"https:\/\/urbanglide.com\/\",\"name\":\"Urbanglide\",\"description\":\"Expert fran\u00e7ais de la mobilit\u00e9 \u00e9lectrique\",\"potentialAction\":[{\"@type\":\"SearchAction\",\"target\":{\"@type\":\"EntryPoint\",\"urlTemplate\":\"https:\/\/urbanglide.com\/?s={search_term_string}\"},\"query-input\":{\"@type\":\"PropertyValueSpecification\",\"valueRequired\":true,\"valueName\":\"search_term_string\"}}],\"inLanguage\":\"en-US\"}]}<\/script>\n<!-- \/ Yoast SEO plugin. -->","yoast_head_json":{"title":"General terms and conditions of sale - UrbanGlide","robots":{"index":"index","follow":"follow","max-snippet":"max-snippet:-1","max-image-preview":"max-image-preview:large","max-video-preview":"max-video-preview:-1"},"canonical":"https:\/\/urbanglide.com\/conditions-generales-de-vente\/","og_locale":"en_US","og_type":"article","og_title":"General terms and conditions of sale - UrbanGlide","og_description":"GENERAL TERMS AND CONDITIONS OF SALE I. GENERAL PRINCIPLES PACT Group S.A.S., owner of the UrbanGlide brand, markets electric mobility [&hellip;]","og_url":"https:\/\/urbanglide.com\/conditions-generales-de-vente\/","og_site_name":"UrbanGlide","article_modified_time":"2023-09-18T10:19:19+00:00","twitter_card":"summary_large_image","twitter_misc":{"Est. reading time":"4 minutes"},"schema":{"@context":"https:\/\/schema.org","@graph":[{"@type":"WebPage","@id":"https:\/\/urbanglide.com\/conditions-generales-de-vente\/","url":"https:\/\/urbanglide.com\/conditions-generales-de-vente\/","name":"General terms and conditions of sale - UrbanGlide","isPartOf":{"@id":"https:\/\/urbanglide.com\/#website"},"datePublished":"2022-06-21T08:34:08+00:00","dateModified":"2023-09-18T10:19:19+00:00","breadcrumb":{"@id":"https:\/\/urbanglide.com\/conditions-generales-de-vente\/#breadcrumb"},"inLanguage":"en-US","potentialAction":[{"@type":"ReadAction","target":["https:\/\/urbanglide.com\/conditions-generales-de-vente\/"]}]},{"@type":"BreadcrumbList","@id":"https:\/\/urbanglide.com\/conditions-generales-de-vente\/#breadcrumb","itemListElement":[{"@type":"ListItem","position":1,"name":"Accueil","item":"https:\/\/urbanglide.com\/en\/homepage-urbanglide-new-version\/"},{"@type":"ListItem","position":2,"name":"General terms and conditions of sale"}]},{"@type":"WebSite","@id":"https:\/\/urbanglide.com\/#website","url":"https:\/\/urbanglide.com\/","name":"Urbanglide","description":"Expert fran\u00e7ais de la mobilit\u00e9 \u00e9lectrique","potentialAction":[{"@type":"SearchAction","target":{"@type":"EntryPoint","urlTemplate":"https:\/\/urbanglide.com\/?s={search_term_string}"},"query-input":{"@type":"PropertyValueSpecification","valueRequired":true,"valueName":"search_term_string"}}],"inLanguage":"en-US"}]}},"_links":{"self":[{"href":"https:\/\/urbanglide.com\/en\/wp-json\/wp\/v2\/pages\/21144","targetHints":{"allow":["GET"]}}],"collection":[{"href":"https:\/\/urbanglide.com\/en\/wp-json\/wp\/v2\/pages"}],"about":[{"href":"https:\/\/urbanglide.com\/en\/wp-json\/wp\/v2\/types\/page"}],"author":[{"embeddable":true,"href":"https:\/\/urbanglide.com\/en\/wp-json\/wp\/v2\/users\/2168"}],"replies":[{"embeddable":true,"href":"https:\/\/urbanglide.com\/en\/wp-json\/wp\/v2\/comments?post=21144"}],"version-history":[{"count":0,"href":"https:\/\/urbanglide.com\/en\/wp-json\/wp\/v2\/pages\/21144\/revisions"}],"wp:attachment":[{"href":"https:\/\/urbanglide.com\/en\/wp-json\/wp\/v2\/media?parent=21144"}],"curies":[{"name":"wp","href":"https:\/\/api.w.org\/{rel}","templated":true}]}}