{"id":22368,"date":"2022-05-06T13:19:38","date_gmt":"2022-05-06T13:19:38","guid":{"rendered":"https:\/\/urbanglide.com\/conditions-generales\/"},"modified":"2023-09-11T10:23:24","modified_gmt":"2023-09-11T10:23:24","slug":"conditions-generales","status":"publish","type":"page","link":"https:\/\/urbanglide.com\/en\/conditions-generales\/","title":{"rendered":"Privacy policy"},"content":{"rendered":"\t\t<div data-elementor-type=\"wp-page\" data-elementor-id=\"22368\" class=\"elementor elementor-22368 elementor-3\" data-elementor-post-type=\"page\">\n\t\t\t\t\t\t<section class=\"elementor-section elementor-top-section elementor-element elementor-element-6fb422b8 elementor-section-boxed elementor-section-height-default elementor-section-height-default\" data-id=\"6fb422b8\" data-element_type=\"section\" data-e-type=\"section\">\n\t\t\t\t\t\t<div class=\"elementor-container elementor-column-gap-default\">\n\t\t\t\t\t<div class=\"elementor-column elementor-col-100 elementor-top-column elementor-element elementor-element-9fbd5e1\" data-id=\"9fbd5e1\" data-element_type=\"column\" data-e-type=\"column\">\n\t\t\t<div class=\"elementor-widget-wrap elementor-element-populated\">\n\t\t\t\t\t\t<div class=\"elementor-element elementor-element-7e32374 elementor-widget elementor-widget-spacer\" data-id=\"7e32374\" data-element_type=\"widget\" data-e-type=\"widget\" data-widget_type=\"spacer.default\">\n\t\t\t\t<div class=\"elementor-widget-container\">\n\t\t\t\t\t\t\t<div class=\"elementor-spacer\">\n\t\t\t<div class=\"elementor-spacer-inner\"><\/div>\n\t\t<\/div>\n\t\t\t\t\t\t<\/div>\n\t\t\t\t<\/div>\n\t\t\t\t\t<\/div>\n\t\t<\/div>\n\t\t\t\t\t<\/div>\n\t\t<\/section>\n\t\t\t\t<section class=\"elementor-section elementor-top-section elementor-element elementor-element-b6ddc17 elementor-section-boxed elementor-section-height-default elementor-section-height-default\" data-id=\"b6ddc17\" data-element_type=\"section\" data-e-type=\"section\" data-settings=\"{&quot;background_background&quot;:&quot;classic&quot;}\">\n\t\t\t\t\t\t<div class=\"elementor-container elementor-column-gap-default\">\n\t\t\t\t\t<div class=\"elementor-column elementor-col-100 elementor-top-column elementor-element elementor-element-c8df372\" data-id=\"c8df372\" data-element_type=\"column\" data-e-type=\"column\">\n\t\t\t<div class=\"elementor-widget-wrap elementor-element-populated\">\n\t\t\t\t\t\t<div class=\"elementor-element elementor-element-7768921 elementor-widget elementor-widget-heading\" data-id=\"7768921\" data-element_type=\"widget\" data-e-type=\"widget\" data-widget_type=\"heading.default\">\n\t\t\t\t<div class=\"elementor-widget-container\">\n\t\t\t\t\t<h1 class=\"elementor-heading-title elementor-size-default\">PRIVACY POLICY<\/h1>\t\t\t\t<\/div>\n\t\t\t\t<\/div>\n\t\t\t\t<div class=\"elementor-element elementor-element-a50f2c3 elementor-widget elementor-widget-toggle\" data-id=\"a50f2c3\" data-element_type=\"widget\" data-e-type=\"widget\" data-widget_type=\"toggle.default\">\n\t\t\t\t<div class=\"elementor-widget-container\">\n\t\t\t\t\t\t\t<div class=\"elementor-toggle\">\n\t\t\t\t\t\t\t<div class=\"elementor-toggle-item\">\n\t\t\t\t\t<h2 id=\"elementor-tab-title-1731\" class=\"elementor-tab-title\" data-tab=\"1\" role=\"button\" aria-controls=\"elementor-tab-content-1731\" aria-expanded=\"false\">\n\t\t\t\t\t\t\t\t\t\t\t\t<a class=\"elementor-toggle-title\" tabindex=\"0\">I. INTRODUCTION<\/a>\n\t\t\t\t\t<\/h2>\n\n\t\t\t\t\t<div id=\"elementor-tab-content-1731\" class=\"elementor-tab-content elementor-clearfix\" data-tab=\"1\" role=\"region\" aria-labelledby=\"elementor-tab-title-1731\"><p>With the development of new communication tools, it is necessary to pay particular attention to the protection of privacy. This is why we are committed to respecting the confidentiality of the personal information we collect.<\/p>\n<\/div>\n\t\t\t\t<\/div>\n\t\t\t\t\t\t\t<div class=\"elementor-toggle-item\">\n\t\t\t\t\t<h2 id=\"elementor-tab-title-1732\" class=\"elementor-tab-title\" data-tab=\"2\" role=\"button\" aria-controls=\"elementor-tab-content-1732\" aria-expanded=\"false\">\n\t\t\t\t\t\t\t\t\t\t\t\t<a class=\"elementor-toggle-title\" tabindex=\"0\">II. COLLECTION OF PERSONAL INFORMATION<\/a>\n\t\t\t\t\t<\/h2>\n\n\t\t\t\t\t<div id=\"elementor-tab-content-1732\" class=\"elementor-tab-content elementor-clearfix\" data-tab=\"2\" role=\"region\" aria-labelledby=\"elementor-tab-title-1732\"><p>We collect the following information:<\/p>\n<ul>\n<li>Name<\/li>\n<li>e-mail address<\/li>\n<li>Telephone\/fax number<\/li>\n<\/ul>\n<p>The personal information we collect is gathered through forms and through the interactivity established between you and our website. As indicated in the following section, we also use cookies and\/or log files to gather information about you.<\/p>\n<\/div>\n\t\t\t\t<\/div>\n\t\t\t\t\t\t\t<div class=\"elementor-toggle-item\">\n\t\t\t\t\t<h2 id=\"elementor-tab-title-1733\" class=\"elementor-tab-title\" data-tab=\"3\" role=\"button\" aria-controls=\"elementor-tab-content-1733\" aria-expanded=\"false\">\n\t\t\t\t\t\t\t\t\t\t\t\t<a class=\"elementor-toggle-title\" tabindex=\"0\">III. FORMS AND INTERACTIVITY<\/a>\n\t\t\t\t\t<\/h2>\n\n\t\t\t\t\t<div id=\"elementor-tab-content-1733\" class=\"elementor-tab-content elementor-clearfix\" data-tab=\"3\" role=\"region\" aria-labelledby=\"elementor-tab-title-1733\"><p>Your personal information is collected via the following forms:<\/p>\n<p>We use the information collected in this way for the following purposes:<\/p>\n<ul>\n<li>Contact<\/li>\n<\/ul>\n<p>Your information is also collected through the interactivity that may be established between you and our website in the following way:<\/p>\n<ul>\n<li>Contact<\/li>\n<\/ul>\n<p>We use the information collected in this way for the following purposes:<\/p>\n<ul>\n<li>Correspondence<\/li>\n<\/ul>\n<\/div>\n\t\t\t\t<\/div>\n\t\t\t\t\t\t\t<div class=\"elementor-toggle-item\">\n\t\t\t\t\t<h2 id=\"elementor-tab-title-1734\" class=\"elementor-tab-title\" data-tab=\"4\" role=\"button\" aria-controls=\"elementor-tab-content-1734\" aria-expanded=\"false\">\n\t\t\t\t\t\t\t\t\t\t\t\t<a class=\"elementor-toggle-title\" tabindex=\"0\">IV. RIGHT OF OBJECTION AND WITHDRAWAL<\/a>\n\t\t\t\t\t<\/h2>\n\n\t\t\t\t\t<div id=\"elementor-tab-content-1734\" class=\"elementor-tab-content elementor-clearfix\" data-tab=\"4\" role=\"region\" aria-labelledby=\"elementor-tab-title-1734\"><p>We undertake to offer you the right to object to and withdraw your personal information.<br \/>\nThe right to object means that Internet users may refuse to allow their personal information to be used for certain purposes mentioned at the time of collection.<\/p>\n<p>The right of withdrawal is understood to be the possibility offered to Internet users to request that their personal information no longer appears, for example, on a mailing list.<\/p>\n<p>To exercise these rights, please contact<br \/>\nPostcode: 29 promenade Michel Simon, Noisy le Grand 93160<br \/>\nE-mail: support@urbanglide.com<br \/>\nTelephone: 0155858181<br \/>\nSection of the website: <a href=\"https:\/\/urbanglide.com\/en\/\">www.urbanglide.com<\/a><\/p>\n<p><!-- \/wp:paragraph --><!-- wp:heading --><\/p>\n<\/div>\n\t\t\t\t<\/div>\n\t\t\t\t\t\t\t<div class=\"elementor-toggle-item\">\n\t\t\t\t\t<h2 id=\"elementor-tab-title-1735\" class=\"elementor-tab-title\" data-tab=\"5\" role=\"button\" aria-controls=\"elementor-tab-content-1735\" aria-expanded=\"false\">\n\t\t\t\t\t\t\t\t\t\t\t\t<a class=\"elementor-toggle-title\" tabindex=\"0\">V. RIGHT OF ACCESS<\/a>\n\t\t\t\t\t<\/h2>\n\n\t\t\t\t\t<div id=\"elementor-tab-content-1735\" class=\"elementor-tab-content elementor-clearfix\" data-tab=\"5\" role=\"region\" aria-labelledby=\"elementor-tab-title-1735\"><p>We undertake to grant a right of access and rectification to the persons concerned who wish to consult, modify or delete information concerning them.<br \/>\nThis right may be exercised by writing to:<br \/>\nPostal code: 29 promenade Michel Simon, Noisy le Grand 93160<br \/>\nE-mail: support@urbanglide.com<br \/>\nTelephone: 0155858181<br \/>\nSection of the website: <a href=\"https:\/\/urbanglide.com\/en\/\">www.urbanglide.com<\/a><\/p>\n<\/div>\n\t\t\t\t<\/div>\n\t\t\t\t\t\t\t\t\t\t<script type=\"application\/ld+json\">{\"@context\":\"https:\\\/\\\/schema.org\",\"@type\":\"FAQPage\",\"mainEntity\":[{\"@type\":\"Question\",\"name\":\"I. INTRODUCTION\",\"acceptedAnswer\":{\"@type\":\"Answer\",\"text\":\"<p>With the development of new communication tools, it is necessary to pay particular attention to the protection of privacy. This is why we are committed to respecting the confidentiality of the personal information we collect.<\\\/p>\\n\"}},{\"@type\":\"Question\",\"name\":\"II. COLLECTION OF PERSONAL INFORMATION\",\"acceptedAnswer\":{\"@type\":\"Answer\",\"text\":\"<p>We collect the following information:<\\\/p>\\n<ul>\\n<li>Name<\\\/li>\\n<li>e-mail address<\\\/li>\\n<li>Telephone\\\/fax number<\\\/li>\\n<\\\/ul>\\n<p>The personal information we collect is gathered through forms and through the interactivity established between you and our website. As indicated in the following section, we also use cookies and\\\/or log files to gather information about you.<\\\/p>\\n\"}},{\"@type\":\"Question\",\"name\":\"III. FORMS AND INTERACTIVITY\",\"acceptedAnswer\":{\"@type\":\"Answer\",\"text\":\"<p>Your personal information is collected via the following forms:<\\\/p>\\n<p>We use the information collected in this way for the following purposes:<\\\/p>\\n<ul>\\n<li>Contact<\\\/li>\\n<\\\/ul>\\n<p>Your information is also collected through the interactivity that may be established between you and our website in the following way:<\\\/p>\\n<ul>\\n<li>Contact<\\\/li>\\n<\\\/ul>\\n<p>We use the information collected in this way for the following purposes:<\\\/p>\\n<ul>\\n<li>Correspondence<\\\/li>\\n<\\\/ul>\\n\"}},{\"@type\":\"Question\",\"name\":\"IV. RIGHT OF OBJECTION AND WITHDRAWAL\",\"acceptedAnswer\":{\"@type\":\"Answer\",\"text\":\"<p>We undertake to offer you the right to object to and withdraw your personal information.<br \\\/>\\nThe right to object means that Internet users may refuse to allow their personal information to be used for certain purposes mentioned at the time of collection.<\\\/p>\\n<p>The right of withdrawal is understood to be the possibility offered to Internet users to request that their personal information no longer appears, for example, on a mailing list.<\\\/p>\\n<p>To exercise these rights, please contact<br \\\/>\\nPostcode: 29 promenade Michel Simon, Noisy le Grand 93160<br \\\/>\\nE-mail: support@urbanglide.com<br \\\/>\\nTelephone: 0155858181<br \\\/>\\nSection of the website: <a href=\\\"https:\\\/\\\/urbanglide.com\\\/en\\\/\\\">www.urbanglide.com<\\\/a><\\\/p>\\n<p><!-- \\\/wp:paragraph --><!-- wp:heading --><\\\/p>\\n\"}},{\"@type\":\"Question\",\"name\":\"V. RIGHT OF ACCESS\",\"acceptedAnswer\":{\"@type\":\"Answer\",\"text\":\"<p>We undertake to grant a right of access and rectification to the persons concerned who wish to consult, modify or delete information concerning them.<br \\\/>\\nThis right may be exercised by writing to:<br \\\/>\\nPostal code: 29 promenade Michel Simon, Noisy le Grand 93160<br \\\/>\\nE-mail: support@urbanglide.com<br \\\/>\\nTelephone: 0155858181<br \\\/>\\nSection of the website: <a href=\\\"https:\\\/\\\/urbanglide.com\\\/en\\\/\\\">www.urbanglide.com<\\\/a><\\\/p>\\n\"}}]}<\/script>\n\t\t\t\t\t<\/div>\n\t\t\t\t\t\t<\/div>\n\t\t\t\t<\/div>\n\t\t\t\t\t<\/div>\n\t\t<\/div>\n\t\t\t\t\t<\/div>\n\t\t<\/section>\n\t\t\t\t<section class=\"elementor-section elementor-top-section elementor-element elementor-element-9465d61 elementor-section-boxed elementor-section-height-default elementor-section-height-default\" data-id=\"9465d61\" data-element_type=\"section\" data-e-type=\"section\">\n\t\t\t\t\t\t<div class=\"elementor-container elementor-column-gap-default\">\n\t\t\t\t\t<div class=\"elementor-column elementor-col-100 elementor-top-column elementor-element elementor-element-c377163\" data-id=\"c377163\" data-element_type=\"column\" data-e-type=\"column\">\n\t\t\t<div class=\"elementor-widget-wrap elementor-element-populated\">\n\t\t\t\t\t\t<div class=\"elementor-element elementor-element-7ae1925 elementor-widget elementor-widget-spacer\" data-id=\"7ae1925\" data-element_type=\"widget\" data-e-type=\"widget\" data-widget_type=\"spacer.default\">\n\t\t\t\t<div class=\"elementor-widget-container\">\n\t\t\t\t\t\t\t<div class=\"elementor-spacer\">\n\t\t\t<div class=\"elementor-spacer-inner\"><\/div>\n\t\t<\/div>\n\t\t\t\t\t\t<\/div>\n\t\t\t\t<\/div>\n\t\t\t\t\t<\/div>\n\t\t<\/div>\n\t\t\t\t\t<\/div>\n\t\t<\/section>\n\t\t\t\t<\/div>\n\t\t","protected":false},"excerpt":{"rendered":"<p>PRIVACY POLICY I. INTRODUCTION With the development of new communication tools, it is necessary to pay particular attention to the [&hellip;]<\/p>\n","protected":false},"author":1,"featured_media":0,"parent":0,"menu_order":0,"comment_status":"closed","ping_status":"open","template":"","meta":{"footnotes":""},"class_list":["post-22368","page","type-page","status-publish","hentry"],"yoast_head":"<!-- This site is optimized with the Yoast SEO plugin v27.1.1 - https:\/\/yoast.com\/product\/yoast-seo-wordpress\/ -->\n<title>Privacy policy - UrbanGlide<\/title>\n<meta name=\"robots\" content=\"index, follow, max-snippet:-1, max-image-preview:large, max-video-preview:-1\" \/>\n<link rel=\"canonical\" href=\"https:\/\/urbanglide.com\/privacy-policy\/\" \/>\n<meta property=\"og:locale\" content=\"en_US\" \/>\n<meta property=\"og:type\" content=\"article\" \/>\n<meta property=\"og:title\" content=\"Privacy policy - UrbanGlide\" \/>\n<meta property=\"og:description\" content=\"PRIVACY POLICY I. INTRODUCTION With the development of new communication tools, it is necessary to pay particular attention to the [&hellip;]\" \/>\n<meta property=\"og:url\" content=\"https:\/\/urbanglide.com\/privacy-policy\/\" \/>\n<meta property=\"og:site_name\" content=\"UrbanGlide\" \/>\n<meta property=\"article:modified_time\" content=\"2023-09-11T10:23:24+00:00\" \/>\n<meta name=\"twitter:card\" content=\"summary_large_image\" \/>\n<meta name=\"twitter:label1\" content=\"Est. reading time\" \/>\n\t<meta name=\"twitter:data1\" content=\"2 minutes\" \/>\n<script type=\"application\/ld+json\" class=\"yoast-schema-graph\">{\"@context\":\"https:\/\/schema.org\",\"@graph\":[{\"@type\":\"WebPage\",\"@id\":\"https:\/\/urbanglide.com\/privacy-policy\/\",\"url\":\"https:\/\/urbanglide.com\/privacy-policy\/\",\"name\":\"Privacy policy - UrbanGlide\",\"isPartOf\":{\"@id\":\"https:\/\/urbanglide.com\/#website\"},\"datePublished\":\"2022-05-06T13:19:38+00:00\",\"dateModified\":\"2023-09-11T10:23:24+00:00\",\"breadcrumb\":{\"@id\":\"https:\/\/urbanglide.com\/privacy-policy\/#breadcrumb\"},\"inLanguage\":\"en-US\",\"potentialAction\":[{\"@type\":\"ReadAction\",\"target\":[\"https:\/\/urbanglide.com\/privacy-policy\/\"]}]},{\"@type\":\"BreadcrumbList\",\"@id\":\"https:\/\/urbanglide.com\/privacy-policy\/#breadcrumb\",\"itemListElement\":[{\"@type\":\"ListItem\",\"position\":1,\"name\":\"Accueil\",\"item\":\"https:\/\/urbanglide.com\/en\/homepage-urbanglide-new-version\/\"},{\"@type\":\"ListItem\",\"position\":2,\"name\":\"Privacy policy\"}]},{\"@type\":\"WebSite\",\"@id\":\"https:\/\/urbanglide.com\/#website\",\"url\":\"https:\/\/urbanglide.com\/\",\"name\":\"Urbanglide\",\"description\":\"Expert fran\u00e7ais de la mobilit\u00e9 \u00e9lectrique\",\"potentialAction\":[{\"@type\":\"SearchAction\",\"target\":{\"@type\":\"EntryPoint\",\"urlTemplate\":\"https:\/\/urbanglide.com\/?s={search_term_string}\"},\"query-input\":{\"@type\":\"PropertyValueSpecification\",\"valueRequired\":true,\"valueName\":\"search_term_string\"}}],\"inLanguage\":\"en-US\"}]}<\/script>\n<!-- \/ Yoast SEO plugin. -->","yoast_head_json":{"title":"Privacy policy - UrbanGlide","robots":{"index":"index","follow":"follow","max-snippet":"max-snippet:-1","max-image-preview":"max-image-preview:large","max-video-preview":"max-video-preview:-1"},"canonical":"https:\/\/urbanglide.com\/privacy-policy\/","og_locale":"en_US","og_type":"article","og_title":"Privacy policy - UrbanGlide","og_description":"PRIVACY POLICY I. INTRODUCTION With the development of new communication tools, it is necessary to pay particular attention to the [&hellip;]","og_url":"https:\/\/urbanglide.com\/privacy-policy\/","og_site_name":"UrbanGlide","article_modified_time":"2023-09-11T10:23:24+00:00","twitter_card":"summary_large_image","twitter_misc":{"Est. reading time":"2 minutes"},"schema":{"@context":"https:\/\/schema.org","@graph":[{"@type":"WebPage","@id":"https:\/\/urbanglide.com\/privacy-policy\/","url":"https:\/\/urbanglide.com\/privacy-policy\/","name":"Privacy policy - UrbanGlide","isPartOf":{"@id":"https:\/\/urbanglide.com\/#website"},"datePublished":"2022-05-06T13:19:38+00:00","dateModified":"2023-09-11T10:23:24+00:00","breadcrumb":{"@id":"https:\/\/urbanglide.com\/privacy-policy\/#breadcrumb"},"inLanguage":"en-US","potentialAction":[{"@type":"ReadAction","target":["https:\/\/urbanglide.com\/privacy-policy\/"]}]},{"@type":"BreadcrumbList","@id":"https:\/\/urbanglide.com\/privacy-policy\/#breadcrumb","itemListElement":[{"@type":"ListItem","position":1,"name":"Accueil","item":"https:\/\/urbanglide.com\/en\/homepage-urbanglide-new-version\/"},{"@type":"ListItem","position":2,"name":"Privacy policy"}]},{"@type":"WebSite","@id":"https:\/\/urbanglide.com\/#website","url":"https:\/\/urbanglide.com\/","name":"Urbanglide","description":"Expert fran\u00e7ais de la mobilit\u00e9 \u00e9lectrique","potentialAction":[{"@type":"SearchAction","target":{"@type":"EntryPoint","urlTemplate":"https:\/\/urbanglide.com\/?s={search_term_string}"},"query-input":{"@type":"PropertyValueSpecification","valueRequired":true,"valueName":"search_term_string"}}],"inLanguage":"en-US"}]}},"_links":{"self":[{"href":"https:\/\/urbanglide.com\/en\/wp-json\/wp\/v2\/pages\/22368","targetHints":{"allow":["GET"]}}],"collection":[{"href":"https:\/\/urbanglide.com\/en\/wp-json\/wp\/v2\/pages"}],"about":[{"href":"https:\/\/urbanglide.com\/en\/wp-json\/wp\/v2\/types\/page"}],"author":[{"embeddable":true,"href":"https:\/\/urbanglide.com\/en\/wp-json\/wp\/v2\/users\/1"}],"replies":[{"embeddable":true,"href":"https:\/\/urbanglide.com\/en\/wp-json\/wp\/v2\/comments?post=22368"}],"version-history":[{"count":0,"href":"https:\/\/urbanglide.com\/en\/wp-json\/wp\/v2\/pages\/22368\/revisions"}],"wp:attachment":[{"href":"https:\/\/urbanglide.com\/en\/wp-json\/wp\/v2\/media?parent=22368"}],"curies":[{"name":"wp","href":"https:\/\/api.w.org\/{rel}","templated":true}]}}