{"id":30953,"date":"2022-05-27T13:18:23","date_gmt":"2022-05-27T13:18:23","guid":{"rendered":"https:\/\/urbanglide.com\/contact-revendeurs\/"},"modified":"2023-03-10T09:37:32","modified_gmt":"2023-03-10T09:37:32","slug":"contact-revendeurs","status":"publish","type":"page","link":"https:\/\/urbanglide.com\/en\/contact-revendeurs\/","title":{"rendered":"Reseller contact"},"content":{"rendered":"\t\t<div data-elementor-type=\"wp-page\" data-elementor-id=\"30953\" class=\"elementor elementor-30953\" data-elementor-post-type=\"page\">\n\t\t\t\t\t\t<section class=\"elementor-section elementor-top-section elementor-element elementor-element-207180d elementor-section-boxed elementor-section-height-default elementor-section-height-default\" data-id=\"207180d\" data-element_type=\"section\" data-e-type=\"section\">\n\t\t\t\t\t\t<div class=\"elementor-container elementor-column-gap-default\">\n\t\t\t\t\t<div class=\"elementor-column elementor-col-100 elementor-top-column elementor-element elementor-element-cd78a6e\" data-id=\"cd78a6e\" data-element_type=\"column\" data-e-type=\"column\">\n\t\t\t<div class=\"elementor-widget-wrap elementor-element-populated\">\n\t\t\t\t\t\t<div class=\"elementor-element elementor-element-782d2fc elementor-widget elementor-widget-heading\" data-id=\"782d2fc\" data-element_type=\"widget\" data-e-type=\"widget\" data-widget_type=\"heading.default\">\n\t\t\t\t<div class=\"elementor-widget-container\">\n\t\t\t\t\t<h1 class=\"elementor-heading-title elementor-size-default\">Reseller contact<\/h1>\t\t\t\t<\/div>\n\t\t\t\t<\/div>\n\t\t\t\t<div class=\"elementor-element elementor-element-ffb7b13 elementor-widget elementor-widget-text-editor\" data-id=\"ffb7b13\" data-element_type=\"widget\" data-e-type=\"widget\" data-widget_type=\"text-editor.default\">\n\t\t\t\t<div class=\"elementor-widget-container\">\n\t\t\t\t\t\t\t\t\t<div class=\"elementor-element elementor-element-0b77a40 elementor-widget elementor-widget-heading\" data-id=\"0b77a40\" data-element_type=\"widget\" data-widget_type=\"heading.default\">\n<div class=\"elementor-widget-container\">\n<p class=\"elementor-heading-title elementor-size-default\">In order to process your request as quickly as possible, please fill in the information below and make sure to complete all the fields marked with an asterisk<\/p>\n<\/div>\n<\/div>\n\t\t\t\t\t\t\t\t<\/div>\n\t\t\t\t<\/div>\n\t\t\t\t<div class=\"elementor-element elementor-element-953f0cf elementor-button-align-center elementor-widget elementor-widget-form\" data-id=\"953f0cf\" data-element_type=\"widget\" data-e-type=\"widget\" data-settings=\"{&quot;step_next_label&quot;:&quot;Next&quot;,&quot;step_previous_label&quot;:&quot;Previous&quot;,&quot;button_width&quot;:&quot;100&quot;,&quot;step_type&quot;:&quot;number_text&quot;,&quot;step_icon_shape&quot;:&quot;circle&quot;}\" data-widget_type=\"form.default\">\n\t\t\t\t<div class=\"elementor-widget-container\">\n\t\t\t\t\t\t\t<form class=\"elementor-form\" method=\"post\" name=\"Reseller contact\" aria-label=\"Reseller contact\">\n\t\t\t<input type=\"hidden\" name=\"post_id\" value=\"30953\"\/>\n\t\t\t<input type=\"hidden\" name=\"form_id\" value=\"953f0cf\"\/>\n\t\t\t<input type=\"hidden\" name=\"referer_title\" value=\"Reseller contact - UrbanGlide\" \/>\n\n\t\t\t\t\t\t\t<input type=\"hidden\" name=\"queried_id\" value=\"30953\"\/>\n\t\t\t\n\t\t\t<div class=\"elementor-form-fields-wrapper elementor-labels-above\">\n\t\t\t\t\t\t\t\t<div class=\"elementor-field-type-text elementor-field-group elementor-column elementor-field-group-name elementor-col-100 elementor-field-required elementor-mark-required\">\n\t\t\t\t\t\t\t\t\t\t\t\t<label for=\"form-field-name\" class=\"elementor-field-label\">\n\t\t\t\t\t\t\t\tLast name\t\t\t\t\t\t\t<\/label>\n\t\t\t\t\t\t\t\t\t\t\t\t\t\t<input size=\"1\" type=\"text\" name=\"form_fields[name]\" id=\"form-field-name\" class=\"elementor-field elementor-size-sm  elementor-field-textual\" placeholder=\"First and last name\" required=\"required\">\n\t\t\t\t\t\t\t\t\t\t\t<\/div>\n\t\t\t\t\t\t\t\t<div class=\"elementor-field-type-email elementor-field-group elementor-column elementor-field-group-email elementor-col-100 elementor-field-required elementor-mark-required\">\n\t\t\t\t\t\t\t\t\t\t\t\t<label for=\"form-field-email\" class=\"elementor-field-label\">\n\t\t\t\t\t\t\t\tE-mail\t\t\t\t\t\t\t<\/label>\n\t\t\t\t\t\t\t\t\t\t\t\t\t\t<input size=\"1\" type=\"email\" name=\"form_fields[email]\" id=\"form-field-email\" class=\"elementor-field elementor-size-sm  elementor-field-textual\" required=\"required\">\n\t\t\t\t\t\t\t\t\t\t\t<\/div>\n\t\t\t\t\t\t\t\t<div class=\"elementor-field-type-text elementor-field-group elementor-column elementor-field-group-field_592f4fc elementor-col-100 elementor-field-required elementor-mark-required\">\n\t\t\t\t\t\t\t\t\t\t\t\t<label for=\"form-field-field_592f4fc\" class=\"elementor-field-label\">\n\t\t\t\t\t\t\t\tObject\t\t\t\t\t\t\t<\/label>\n\t\t\t\t\t\t\t\t\t\t\t\t\t\t<input size=\"1\" type=\"text\" name=\"form_fields[field_592f4fc]\" id=\"form-field-field_592f4fc\" class=\"elementor-field elementor-size-sm  elementor-field-textual\" required=\"required\">\n\t\t\t\t\t\t\t\t\t\t\t<\/div>\n\t\t\t\t\t\t\t\t<div class=\"elementor-field-type-textarea elementor-field-group elementor-column elementor-field-group-message elementor-col-100 elementor-field-required elementor-mark-required\">\n\t\t\t\t\t\t\t\t\t\t\t\t<label for=\"form-field-message\" class=\"elementor-field-label\">\n\t\t\t\t\t\t\t\tMessage\t\t\t\t\t\t\t<\/label>\n\t\t\t\t\t\t<textarea class=\"elementor-field-textual elementor-field  elementor-size-sm\" name=\"form_fields[message]\" id=\"form-field-message\" rows=\"4\" placeholder=\"Please enter your message\" required=\"required\"><\/textarea>\t\t\t\t<\/div>\n\t\t\t\t\t\t\t\t<div class=\"elementor-field-type-tel elementor-field-group elementor-column elementor-field-group-field_9db54a7 elementor-col-100 elementor-field-required elementor-mark-required\">\n\t\t\t\t\t\t\t\t\t\t\t\t<label for=\"form-field-field_9db54a7\" class=\"elementor-field-label\">\n\t\t\t\t\t\t\t\tTelephone\t\t\t\t\t\t\t<\/label>\n\t\t\t\t\t\t\t\t<input size=\"1\" type=\"tel\" name=\"form_fields[field_9db54a7]\" id=\"form-field-field_9db54a7\" class=\"elementor-field elementor-size-sm  elementor-field-textual\" placeholder=\"Please provide a telephone number\" required=\"required\" pattern=\"[0-9()#&amp;+*-=.]+\" title=\"Only numbers and phone characters (#, -, *, etc) are accepted.\">\n\n\t\t\t\t\t\t<\/div>\n\t\t\t\t\t\t\t\t<div class=\"elementor-field-type-text elementor-field-group elementor-column elementor-field-group-field_f7bac66 elementor-col-100\">\n\t\t\t\t\t\t\t\t\t\t\t\t<label for=\"form-field-field_f7bac66\" class=\"elementor-field-label\">\n\t\t\t\t\t\t\t\tRMA\t\t\t\t\t\t\t<\/label>\n\t\t\t\t\t\t\t\t\t\t\t\t\t\t<input size=\"1\" type=\"text\" name=\"form_fields[field_f7bac66]\" id=\"form-field-field_f7bac66\" class=\"elementor-field elementor-size-sm  elementor-field-textual\" placeholder=\"RMA number if you have a current file\">\n\t\t\t\t\t\t\t\t\t\t\t<\/div>\n\t\t\t\t\t\t\t\t<div class=\"elementor-field-type-upload elementor-field-group elementor-column elementor-field-group-field_419abc1 elementor-col-100\">\n\t\t\t\t\t\t\t\t\t\t\t\t<label for=\"form-field-field_419abc1\" class=\"elementor-field-label\">\n\t\t\t\t\t\t\t\tPurchase invoice\t\t\t\t\t\t\t<\/label>\n\t\t\t\t\t\t\t\t<input type=\"file\" name=\"form_fields[field_419abc1]\" id=\"form-field-field_419abc1\" class=\"elementor-field elementor-size-sm  elementor-upload-field\">\n\n\t\t\t\t\t\t<\/div>\n\t\t\t\t\t\t\t\t<div class=\"elementor-field-group elementor-column elementor-field-type-submit elementor-col-100 e-form__buttons\">\n\t\t\t\t\t<button class=\"elementor-button elementor-size-md\" type=\"submit\">\n\t\t\t\t\t\t<span class=\"elementor-button-content-wrapper\">\n\t\t\t\t\t\t\t\t\t\t\t\t\t\t\t\t\t\t\t\t\t\t<span class=\"elementor-button-text\">SEND<\/span>\n\t\t\t\t\t\t\t\t\t\t\t\t\t<\/span>\n\t\t\t\t\t<\/button>\n\t\t\t\t<\/div>\n\t\t\t<\/div>\n\t\t<\/form>\n\t\t\t\t\t\t<\/div>\n\t\t\t\t<\/div>\n\t\t\t\t\t<\/div>\n\t\t<\/div>\n\t\t\t\t\t<\/div>\n\t\t<\/section>\n\t\t\t\t<\/div>\n\t\t","protected":false},"excerpt":{"rendered":"<p>Reseller contact In order to process your request as quickly as possible, please fill in the information below and make [&hellip;]<\/p>\n","protected":false},"author":1,"featured_media":0,"parent":0,"menu_order":0,"comment_status":"closed","ping_status":"closed","template":"","meta":{"footnotes":""},"class_list":["post-30953","page","type-page","status-publish","hentry"],"yoast_head":"<!-- This site is optimized with the Yoast SEO plugin v27.1.1 - https:\/\/yoast.com\/product\/yoast-seo-wordpress\/ -->\n<title>Reseller contact - UrbanGlide<\/title>\n<meta name=\"robots\" content=\"index, follow, max-snippet:-1, max-image-preview:large, max-video-preview:-1\" \/>\n<link rel=\"canonical\" href=\"https:\/\/urbanglide.com\/contact-revendeurs\/\" \/>\n<meta property=\"og:locale\" content=\"en_US\" \/>\n<meta property=\"og:type\" content=\"article\" \/>\n<meta property=\"og:title\" content=\"Reseller contact - UrbanGlide\" \/>\n<meta property=\"og:description\" content=\"Reseller contact In order to process your request as quickly as possible, please fill in the information below and make [&hellip;]\" \/>\n<meta property=\"og:url\" content=\"https:\/\/urbanglide.com\/contact-revendeurs\/\" \/>\n<meta property=\"og:site_name\" content=\"UrbanGlide\" \/>\n<meta property=\"article:modified_time\" content=\"2023-03-10T09:37:32+00:00\" \/>\n<meta name=\"twitter:card\" content=\"summary_large_image\" \/>\n<script type=\"application\/ld+json\" class=\"yoast-schema-graph\">{\"@context\":\"https:\/\/schema.org\",\"@graph\":[{\"@type\":\"WebPage\",\"@id\":\"https:\/\/urbanglide.com\/contact-revendeurs\/\",\"url\":\"https:\/\/urbanglide.com\/contact-revendeurs\/\",\"name\":\"Reseller contact - UrbanGlide\",\"isPartOf\":{\"@id\":\"https:\/\/urbanglide.com\/#website\"},\"datePublished\":\"2022-05-27T13:18:23+00:00\",\"dateModified\":\"2023-03-10T09:37:32+00:00\",\"breadcrumb\":{\"@id\":\"https:\/\/urbanglide.com\/contact-revendeurs\/#breadcrumb\"},\"inLanguage\":\"en-US\",\"potentialAction\":[{\"@type\":\"ReadAction\",\"target\":[\"https:\/\/urbanglide.com\/contact-revendeurs\/\"]}]},{\"@type\":\"BreadcrumbList\",\"@id\":\"https:\/\/urbanglide.com\/contact-revendeurs\/#breadcrumb\",\"itemListElement\":[{\"@type\":\"ListItem\",\"position\":1,\"name\":\"Accueil\",\"item\":\"https:\/\/urbanglide.com\/en\/homepage-urbanglide-new-version\/\"},{\"@type\":\"ListItem\",\"position\":2,\"name\":\"Reseller contact\"}]},{\"@type\":\"WebSite\",\"@id\":\"https:\/\/urbanglide.com\/#website\",\"url\":\"https:\/\/urbanglide.com\/\",\"name\":\"Urbanglide\",\"description\":\"Expert fran\u00e7ais de la mobilit\u00e9 \u00e9lectrique\",\"potentialAction\":[{\"@type\":\"SearchAction\",\"target\":{\"@type\":\"EntryPoint\",\"urlTemplate\":\"https:\/\/urbanglide.com\/?s={search_term_string}\"},\"query-input\":{\"@type\":\"PropertyValueSpecification\",\"valueRequired\":true,\"valueName\":\"search_term_string\"}}],\"inLanguage\":\"en-US\"}]}<\/script>\n<!-- \/ Yoast SEO plugin. -->","yoast_head_json":{"title":"Reseller contact - UrbanGlide","robots":{"index":"index","follow":"follow","max-snippet":"max-snippet:-1","max-image-preview":"max-image-preview:large","max-video-preview":"max-video-preview:-1"},"canonical":"https:\/\/urbanglide.com\/contact-revendeurs\/","og_locale":"en_US","og_type":"article","og_title":"Reseller contact - UrbanGlide","og_description":"Reseller contact In order to process your request as quickly as possible, please fill in the information below and make [&hellip;]","og_url":"https:\/\/urbanglide.com\/contact-revendeurs\/","og_site_name":"UrbanGlide","article_modified_time":"2023-03-10T09:37:32+00:00","twitter_card":"summary_large_image","schema":{"@context":"https:\/\/schema.org","@graph":[{"@type":"WebPage","@id":"https:\/\/urbanglide.com\/contact-revendeurs\/","url":"https:\/\/urbanglide.com\/contact-revendeurs\/","name":"Reseller contact - UrbanGlide","isPartOf":{"@id":"https:\/\/urbanglide.com\/#website"},"datePublished":"2022-05-27T13:18:23+00:00","dateModified":"2023-03-10T09:37:32+00:00","breadcrumb":{"@id":"https:\/\/urbanglide.com\/contact-revendeurs\/#breadcrumb"},"inLanguage":"en-US","potentialAction":[{"@type":"ReadAction","target":["https:\/\/urbanglide.com\/contact-revendeurs\/"]}]},{"@type":"BreadcrumbList","@id":"https:\/\/urbanglide.com\/contact-revendeurs\/#breadcrumb","itemListElement":[{"@type":"ListItem","position":1,"name":"Accueil","item":"https:\/\/urbanglide.com\/en\/homepage-urbanglide-new-version\/"},{"@type":"ListItem","position":2,"name":"Reseller contact"}]},{"@type":"WebSite","@id":"https:\/\/urbanglide.com\/#website","url":"https:\/\/urbanglide.com\/","name":"Urbanglide","description":"Expert fran\u00e7ais de la mobilit\u00e9 \u00e9lectrique","potentialAction":[{"@type":"SearchAction","target":{"@type":"EntryPoint","urlTemplate":"https:\/\/urbanglide.com\/?s={search_term_string}"},"query-input":{"@type":"PropertyValueSpecification","valueRequired":true,"valueName":"search_term_string"}}],"inLanguage":"en-US"}]}},"_links":{"self":[{"href":"https:\/\/urbanglide.com\/en\/wp-json\/wp\/v2\/pages\/30953","targetHints":{"allow":["GET"]}}],"collection":[{"href":"https:\/\/urbanglide.com\/en\/wp-json\/wp\/v2\/pages"}],"about":[{"href":"https:\/\/urbanglide.com\/en\/wp-json\/wp\/v2\/types\/page"}],"author":[{"embeddable":true,"href":"https:\/\/urbanglide.com\/en\/wp-json\/wp\/v2\/users\/1"}],"replies":[{"embeddable":true,"href":"https:\/\/urbanglide.com\/en\/wp-json\/wp\/v2\/comments?post=30953"}],"version-history":[{"count":0,"href":"https:\/\/urbanglide.com\/en\/wp-json\/wp\/v2\/pages\/30953\/revisions"}],"wp:attachment":[{"href":"https:\/\/urbanglide.com\/en\/wp-json\/wp\/v2\/media?parent=30953"}],"curies":[{"name":"wp","href":"https:\/\/api.w.org\/{rel}","templated":true}]}}