{"id":30956,"date":"2022-05-20T07:10:29","date_gmt":"2022-05-20T07:10:29","guid":{"rendered":"https:\/\/urbanglide.com\/paiement-securise\/"},"modified":"2023-03-10T14:17:22","modified_gmt":"2023-03-10T14:17:22","slug":"paiement-securise","status":"publish","type":"page","link":"https:\/\/urbanglide.com\/en\/paiement-securise\/","title":{"rendered":"Secure payment"},"content":{"rendered":"\n<h1 class=\"wp-block-heading\">Paiement s\u00e9curis\u00e9<\/h1>\n\n\n\n<h2 class=\"wp-block-heading\"><strong>Validation<\/strong><\/h2>\n\n\n\n<p>La commande valid\u00e9e par l\u2019Acheteur ne sera consid\u00e9r\u00e9e effective par urbanglide.com que lorsque les centres de paiement bancaire concern\u00e9s auront donn\u00e9 leur accord. En cas de refus des dits centres, la commande sera automatiquement annul\u00e9e et l\u2019Acheteur sera pr\u00e9venu par t\u00e9l\u00e9phone, par courrier ou par mail. Par ailleurs, urbanglide.com se r\u00e9serve le droit de refuser toute commande provenant d\u2019un Acheteur avec lequel existerait un litige. L\u2019acceptation de la commande reste sous r\u00e9serve de la disponibilit\u00e9 de la marchandise jusqu\u2019au r\u00e8glement total de la commande. Le prix est exigible \u00e0 la commande. urbanglide.com a mis en place, une proc\u00e9dure de v\u00e9rification des commandes, destin\u00e9e \u00e0 assurer qu\u2019aucune personne n\u2019utilise les coordonn\u00e9es bancaires et postales d\u2019une autre personne \u00e0 son insu, \u00e0 partir d\u2019un montant sup\u00e9rieur \u00e0 un plafond fix\u00e9 par urbanglide.com. Dans le cadre de cette v\u00e9rification, il peut \u00eatre demand\u00e9 au client d\u2019adresser par fax ou par mail, une copie d\u2019une pi\u00e8ce d\u2019identit\u00e9 ainsi qu\u2019un justificatif de domicile de l\u2019adresse de facturation et de livraison (Facture, quittance, etc) fournies par l\u2019acheteur. La commande ne sera alors valid\u00e9e qu\u2019apr\u00e8s r\u00e9ception et v\u00e9rification par nos services des pi\u00e8ces envoy\u00e9es.<\/p>\n\n\n\n<h2 class=\"wp-block-heading\"><strong>Modes de paiement<\/strong><\/h2>\n\n\n\n<p>Vous pouvez effectuer le r\u00e8glement :<\/p>\n\n\n\n<p>Soit par carte bancaire :&nbsp;<strong>Carte Bleue Visa, MasterCard sur le site de PAYPAL<\/strong><\/p>\n\n\n\n<p>Le paiement s\u2019effectue sur le serveur PAYPAL via leur syst\u00e8me s\u00e9curis\u00e9. Le N\u00b0 de la carte et la date d\u2019expiration sont crypt\u00e9s et transmis de fa\u00e7on s\u00e9curis\u00e9e (SSL) \u00e0 la banque et ne sont jamais communiqu\u00e9s \u00e0 urbanglide.com. Les cartes \u00e9mises par des banques domicili\u00e9es hors de France doivent obligatoirement \u00eatre des cartes bancaires internationales. urbanglide.com se r\u00e9serve le droit de demander une copie d\u2019une pi\u00e8ce d\u2019identit\u00e9 ou d\u2019un justificatif de domicile de l\u2019Acheteur pour tout paiement par carte bancaire.<\/p>\n\n\n\n<p>Soit avec un&nbsp;<strong>compte PayPal<\/strong>, enregistr\u00e9 directement depuis le site urbanglide.com<\/p>\n\n\n\n<p>Le paiement s\u2019effectue sur le serveur de notre partenaire PayPal via le syst\u00e8me s\u00e9curis\u00e9 de ce dernier. Veuillez vous munir de votre email de compte Paypal et l\u2019ins\u00e9rer dans le cadre pr\u00e9vu \u00e0 cet effet. N\u2019oubliez pas de confirmer le paiement pour enregistrement et validation de votre commande. urbanglide.com se r\u00e9serve le droit de demander une copie d\u2019une pi\u00e8ce d\u2019identit\u00e9 ou d\u2019un justificatif de domicile de l\u2019Acheteur pour tout paiement par PayPal.<\/p>\n\n\n\n<h2 class=\"wp-block-heading\"><strong>Int\u00e9gralit\u00e9 du paiement<\/strong><\/h2>\n\n\n\n<p>Le paiement de la totalit\u00e9 du prix doit \u00eatre r\u00e9alis\u00e9 lors de la commande par l\u2019acheteur. \u00c0 aucun moment, les sommes vers\u00e9es ne pourront \u00eatre consid\u00e9r\u00e9es comme des arrhes ou acomptes. L\u2019encaissement de la totalit\u00e9 du montant de la commande sera effectu\u00e9 par urbanglide.com au moment de la validation de la commande.<\/p>\n\n\n\n<h2 class=\"wp-block-heading\"><strong>Obligations de l\u2019acheteur<\/strong><\/h2>\n\n\n\n<p>L\u2019Acheteur garantit \u00e0 urbanglide.com qu\u2019il dispose des autorisations \u00e9ventuellement n\u00e9cessaires pour utiliser le mode de paiement qu\u2019il aura choisi, lors de l\u2019enregistrement du bon de commande.<\/p>\n\n\n\n<h2 class=\"wp-block-heading\"><strong>Obligations de urbanglide.com<\/strong><\/h2>\n\n\n\n<p>urbanglide.com se r\u00e9serve le droit de suspendre ou d\u2019annuler toute commande et\/ou livraison, quels que soient leur nature et niveau d\u2019ex\u00e9cution, en cas de non-paiement de toute somme qui serait due par l\u2019Acheteur, ou en cas d\u2019incident de paiement. Dans le cadre de la lutte contre les fraudes sur Internet, les informations relatives \u00e0 votre commande pourront \u00eatre transmises \u00e0 tout tiers pour v\u00e9rification. \u00c0 la demande de l\u2019Acheteur, une facture lui sera adress\u00e9e sur papier faisant ressortir la TVA. Toutefois, une facture par mail lui sera automatiquement envoy\u00e9e.<\/p>\n\n\n\n<h2 class=\"wp-block-heading\"><strong>Information<\/strong><\/h2>\n\n\n\n<p>Toute commande, effectu\u00e9e par carte bancaire ou paiement Paypal, sera confirm\u00e9e par retour de mail.<\/p>\n\n\n\n<h2 class=\"wp-block-heading\"><strong>S\u00e9curit\u00e9 des paiements<\/strong><\/h2>\n\n\n\n<p>Lors de paiement en ligne par CB s\u00e9curis\u00e9, urbanglide.com ne re\u00e7oit pas de copie du num\u00e9ro de la carte de cr\u00e9dit utilis\u00e9e, celui-ci reste confidentiel entre l\u2019acheteur et la banque.<\/p>\n\n\n\n<div class=\"wp-block-buttons is-layout-flex wp-block-buttons-is-layout-flex\">\n<div class=\"wp-block-button has-custom-font-size dug_wp_editor_btn has-medium-font-size\"><a class=\"wp-block-button__link has-background\" href=\"\/contact-tutoriels\/\" style=\"border-radius:5px;background-color:#d21116\">Contactez nous<\/a><\/div>\n<\/div>\n\n\n\n<div class=\"wp-block-buttons is-layout-flex wp-block-buttons-is-layout-flex\"><\/div>\n\n\n\n<div class=\"wp-block-buttons is-layout-flex wp-block-buttons-is-layout-flex\"><\/div>\n","protected":false},"excerpt":{"rendered":"<p>Paiement s\u00e9curis\u00e9 Validation La commande valid\u00e9e par l\u2019Acheteur ne sera consid\u00e9r\u00e9e effective par urbanglide.com que lorsque les centres de paiement [&hellip;]<\/p>\n","protected":false},"author":1,"featured_media":0,"parent":0,"menu_order":0,"comment_status":"closed","ping_status":"closed","template":"","meta":{"footnotes":""},"class_list":["post-30956","page","type-page","status-publish","hentry"],"yoast_head":"<!-- This site is optimized with the Yoast SEO plugin v27.1.1 - https:\/\/yoast.com\/product\/yoast-seo-wordpress\/ -->\n<title>Secure payment - UrbanGlide<\/title>\n<meta name=\"robots\" content=\"index, follow, max-snippet:-1, max-image-preview:large, max-video-preview:-1\" \/>\n<link rel=\"canonical\" href=\"https:\/\/urbanglide.com\/paiement-securise\/\" \/>\n<meta property=\"og:locale\" content=\"en_US\" \/>\n<meta property=\"og:type\" content=\"article\" \/>\n<meta property=\"og:title\" content=\"Secure payment - UrbanGlide\" \/>\n<meta property=\"og:description\" content=\"Paiement s\u00e9curis\u00e9 Validation La commande valid\u00e9e par l\u2019Acheteur ne sera consid\u00e9r\u00e9e effective par urbanglide.com que lorsque les centres de paiement [&hellip;]\" \/>\n<meta property=\"og:url\" content=\"https:\/\/urbanglide.com\/paiement-securise\/\" \/>\n<meta property=\"og:site_name\" content=\"UrbanGlide\" \/>\n<meta property=\"article:modified_time\" content=\"2023-03-10T14:17:22+00:00\" \/>\n<meta name=\"twitter:card\" content=\"summary_large_image\" \/>\n<meta name=\"twitter:label1\" content=\"Est. reading time\" \/>\n\t<meta name=\"twitter:data1\" content=\"4 minutes\" \/>\n<script type=\"application\/ld+json\" class=\"yoast-schema-graph\">{\"@context\":\"https:\/\/schema.org\",\"@graph\":[{\"@type\":\"WebPage\",\"@id\":\"https:\/\/urbanglide.com\/paiement-securise\/\",\"url\":\"https:\/\/urbanglide.com\/paiement-securise\/\",\"name\":\"Secure payment - UrbanGlide\",\"isPartOf\":{\"@id\":\"https:\/\/urbanglide.com\/#website\"},\"datePublished\":\"2022-05-20T07:10:29+00:00\",\"dateModified\":\"2023-03-10T14:17:22+00:00\",\"breadcrumb\":{\"@id\":\"https:\/\/urbanglide.com\/paiement-securise\/#breadcrumb\"},\"inLanguage\":\"en-US\",\"potentialAction\":[{\"@type\":\"ReadAction\",\"target\":[\"https:\/\/urbanglide.com\/paiement-securise\/\"]}]},{\"@type\":\"BreadcrumbList\",\"@id\":\"https:\/\/urbanglide.com\/paiement-securise\/#breadcrumb\",\"itemListElement\":[{\"@type\":\"ListItem\",\"position\":1,\"name\":\"Accueil\",\"item\":\"https:\/\/urbanglide.com\/en\/homepage-urbanglide-new-version\/\"},{\"@type\":\"ListItem\",\"position\":2,\"name\":\"Secure payment\"}]},{\"@type\":\"WebSite\",\"@id\":\"https:\/\/urbanglide.com\/#website\",\"url\":\"https:\/\/urbanglide.com\/\",\"name\":\"Urbanglide\",\"description\":\"Expert fran\u00e7ais de la mobilit\u00e9 \u00e9lectrique\",\"potentialAction\":[{\"@type\":\"SearchAction\",\"target\":{\"@type\":\"EntryPoint\",\"urlTemplate\":\"https:\/\/urbanglide.com\/?s={search_term_string}\"},\"query-input\":{\"@type\":\"PropertyValueSpecification\",\"valueRequired\":true,\"valueName\":\"search_term_string\"}}],\"inLanguage\":\"en-US\"}]}<\/script>\n<!-- \/ Yoast SEO plugin. -->","yoast_head_json":{"title":"Secure payment - UrbanGlide","robots":{"index":"index","follow":"follow","max-snippet":"max-snippet:-1","max-image-preview":"max-image-preview:large","max-video-preview":"max-video-preview:-1"},"canonical":"https:\/\/urbanglide.com\/paiement-securise\/","og_locale":"en_US","og_type":"article","og_title":"Secure payment - UrbanGlide","og_description":"Paiement s\u00e9curis\u00e9 Validation La commande valid\u00e9e par l\u2019Acheteur ne sera consid\u00e9r\u00e9e effective par urbanglide.com que lorsque les centres de paiement [&hellip;]","og_url":"https:\/\/urbanglide.com\/paiement-securise\/","og_site_name":"UrbanGlide","article_modified_time":"2023-03-10T14:17:22+00:00","twitter_card":"summary_large_image","twitter_misc":{"Est. reading time":"4 minutes"},"schema":{"@context":"https:\/\/schema.org","@graph":[{"@type":"WebPage","@id":"https:\/\/urbanglide.com\/paiement-securise\/","url":"https:\/\/urbanglide.com\/paiement-securise\/","name":"Secure payment - UrbanGlide","isPartOf":{"@id":"https:\/\/urbanglide.com\/#website"},"datePublished":"2022-05-20T07:10:29+00:00","dateModified":"2023-03-10T14:17:22+00:00","breadcrumb":{"@id":"https:\/\/urbanglide.com\/paiement-securise\/#breadcrumb"},"inLanguage":"en-US","potentialAction":[{"@type":"ReadAction","target":["https:\/\/urbanglide.com\/paiement-securise\/"]}]},{"@type":"BreadcrumbList","@id":"https:\/\/urbanglide.com\/paiement-securise\/#breadcrumb","itemListElement":[{"@type":"ListItem","position":1,"name":"Accueil","item":"https:\/\/urbanglide.com\/en\/homepage-urbanglide-new-version\/"},{"@type":"ListItem","position":2,"name":"Secure payment"}]},{"@type":"WebSite","@id":"https:\/\/urbanglide.com\/#website","url":"https:\/\/urbanglide.com\/","name":"Urbanglide","description":"Expert fran\u00e7ais de la mobilit\u00e9 \u00e9lectrique","potentialAction":[{"@type":"SearchAction","target":{"@type":"EntryPoint","urlTemplate":"https:\/\/urbanglide.com\/?s={search_term_string}"},"query-input":{"@type":"PropertyValueSpecification","valueRequired":true,"valueName":"search_term_string"}}],"inLanguage":"en-US"}]}},"_links":{"self":[{"href":"https:\/\/urbanglide.com\/en\/wp-json\/wp\/v2\/pages\/30956","targetHints":{"allow":["GET"]}}],"collection":[{"href":"https:\/\/urbanglide.com\/en\/wp-json\/wp\/v2\/pages"}],"about":[{"href":"https:\/\/urbanglide.com\/en\/wp-json\/wp\/v2\/types\/page"}],"author":[{"embeddable":true,"href":"https:\/\/urbanglide.com\/en\/wp-json\/wp\/v2\/users\/1"}],"replies":[{"embeddable":true,"href":"https:\/\/urbanglide.com\/en\/wp-json\/wp\/v2\/comments?post=30956"}],"version-history":[{"count":0,"href":"https:\/\/urbanglide.com\/en\/wp-json\/wp\/v2\/pages\/30956\/revisions"}],"wp:attachment":[{"href":"https:\/\/urbanglide.com\/en\/wp-json\/wp\/v2\/media?parent=30956"}],"curies":[{"name":"wp","href":"https:\/\/api.w.org\/{rel}","templated":true}]}}