{"id":48496,"date":"2023-12-15T15:32:40","date_gmt":"2023-12-15T15:32:40","guid":{"rendered":"https:\/\/urbanglide.com\/?page_id=48496"},"modified":"2025-06-11T05:55:48","modified_gmt":"2025-06-11T05:55:48","slug":"maintenance","status":"publish","type":"page","link":"https:\/\/urbanglide.com\/en\/maintenance\/","title":{"rendered":"MAINTENANCE"},"content":{"rendered":"\t\t<div data-elementor-type=\"wp-page\" data-elementor-id=\"48496\" class=\"elementor elementor-48496 elementor-48495\" data-elementor-post-type=\"page\">\n\t\t\t\t\t\t<section class=\"elementor-section elementor-top-section elementor-element elementor-element-aa164e0 elementor-section-boxed elementor-section-height-default elementor-section-height-default\" data-id=\"aa164e0\" data-element_type=\"section\" data-e-type=\"section\">\n\t\t\t\t\t\t<div class=\"elementor-container elementor-column-gap-default\">\n\t\t\t\t\t<div class=\"elementor-column elementor-col-100 elementor-top-column elementor-element elementor-element-29abfab\" data-id=\"29abfab\" data-element_type=\"column\" data-e-type=\"column\">\n\t\t\t<div class=\"elementor-widget-wrap elementor-element-populated\">\n\t\t\t\t\t\t<div class=\"elementor-element elementor-element-d5f0534 elementor-widget elementor-widget-spacer\" data-id=\"d5f0534\" data-element_type=\"widget\" data-e-type=\"widget\" data-widget_type=\"spacer.default\">\n\t\t\t\t<div class=\"elementor-widget-container\">\n\t\t\t\t\t\t\t<div class=\"elementor-spacer\">\n\t\t\t<div class=\"elementor-spacer-inner\"><\/div>\n\t\t<\/div>\n\t\t\t\t\t\t<\/div>\n\t\t\t\t<\/div>\n\t\t\t\t<div class=\"elementor-element elementor-element-73d76fb elementor-widget elementor-widget-heading\" data-id=\"73d76fb\" data-element_type=\"widget\" data-e-type=\"widget\" data-widget_type=\"heading.default\">\n\t\t\t\t<div class=\"elementor-widget-container\">\n\t\t\t\t\t<h1 class=\"elementor-heading-title elementor-size-default\">REPAIR TUTORIAL<\/h1>\t\t\t\t<\/div>\n\t\t\t\t<\/div>\n\t\t\t\t<div class=\"elementor-element elementor-element-d9cc2b3 elementor-widget elementor-widget-text-editor\" data-id=\"d9cc2b3\" data-element_type=\"widget\" data-e-type=\"widget\" data-widget_type=\"text-editor.default\">\n\t\t\t\t<div class=\"elementor-widget-container\">\n\t\t\t\t\t\t\t\t\t<p><span style=\"font-weight: 400; word-spacing: normal; font-size: 16px;\">To guarantee your product&#8217;s performance and ensure safe riding, be sure to maintain your scooter regularly and solve any problems as they arise.<\/span><\/p><p style=\"font-weight: 400;\"><strong>Before each use :<\/strong><\/p><ul><li><p>Check tire pressure<\/p><\/li><li><p>Check that wheels and handlebars turn smoothly<\/p><\/li><li><p>Check that fasteners are properly tightened<\/p><\/li><li><p>Check light operation<\/p><\/li><\/ul><p style=\"font-weight: 400;\"><strong>Every month :<\/strong><\/p><ul><li><p>Check tires for damage<\/p><\/li><li><p>Check product cables for damage<\/p><\/li><\/ul><p style=\"font-weight: 400;\"><strong>Every six months:<\/strong><\/p><ul><li><p>Adjust the brakes<\/p><\/li><li><p>Check chassis and fork for damage<\/p><\/li><\/ul><p style=\"font-weight: 400;\"><strong>Once a year :<\/strong><\/p><ul><li><p>Check headset and wheel bearings for damage<\/p><\/li><li><p>Maintain all bending points and grease as necessary<\/p><\/li><\/ul>\t\t\t\t\t\t\t\t<\/div>\n\t\t\t\t<\/div>\n\t\t\t\t\t<\/div>\n\t\t<\/div>\n\t\t\t\t\t<\/div>\n\t\t<\/section>\n\t\t\t\t<section class=\"elementor-section elementor-top-section elementor-element elementor-element-f4aeab1 elementor-section-boxed elementor-section-height-default elementor-section-height-default\" data-id=\"f4aeab1\" data-element_type=\"section\" data-e-type=\"section\">\n\t\t\t\t\t\t<div class=\"elementor-container elementor-column-gap-default\">\n\t\t\t\t\t<div class=\"elementor-column elementor-col-50 elementor-top-column elementor-element elementor-element-9449712\" data-id=\"9449712\" data-element_type=\"column\" data-e-type=\"column\">\n\t\t\t<div class=\"elementor-widget-wrap elementor-element-populated\">\n\t\t\t\t\t\t<div class=\"elementor-element elementor-element-312f444 elementor-widget elementor-widget-heading\" data-id=\"312f444\" data-element_type=\"widget\" data-e-type=\"widget\" data-widget_type=\"heading.default\">\n\t\t\t\t<div class=\"elementor-widget-container\">\n\t\t\t\t\t<h3 class=\"elementor-heading-title elementor-size-default\">SUBSCRIBE TO OUR YOUTUBE CHANNEL<\/h3>\t\t\t\t<\/div>\n\t\t\t\t<\/div>\n\t\t\t\t<div class=\"elementor-element elementor-element-75f897b elementor-widget elementor-widget-text-editor\" data-id=\"75f897b\" data-element_type=\"widget\" data-e-type=\"widget\" data-widget_type=\"text-editor.default\">\n\t\t\t\t<div class=\"elementor-widget-container\">\n\t\t\t\t\t\t\t\t\t<p>Introductory videos, user guides and tutorials&#8230; Detailed content to guide you through every step of the repair process. <\/p>\t\t\t\t\t\t\t\t<\/div>\n\t\t\t\t<\/div>\n\t\t\t\t\t<\/div>\n\t\t<\/div>\n\t\t\t\t<div class=\"elementor-column elementor-col-50 elementor-top-column elementor-element elementor-element-778011d\" data-id=\"778011d\" data-element_type=\"column\" data-e-type=\"column\">\n\t\t\t<div class=\"elementor-widget-wrap elementor-element-populated\">\n\t\t\t\t\t\t<div class=\"elementor-element elementor-element-95d7cc0 elementor-widget elementor-widget-image\" data-id=\"95d7cc0\" data-element_type=\"widget\" data-e-type=\"widget\" data-widget_type=\"image.default\">\n\t\t\t\t<div class=\"elementor-widget-container\">\n\t\t\t\t\t\t\t\t\t\t\t\t\t\t\t<img decoding=\"async\" width=\"150\" height=\"150\" src=\"https:\/\/urbanglide.com\/wp-content\/uploads\/2023\/12\/Logo-Urbanglide_2023-rouge-G512x512px-1-150x150.png\" class=\"attachment-thumbnail size-thumbnail wp-image-48585\" alt=\"\" srcset=\"https:\/\/urbanglide.com\/wp-content\/uploads\/2023\/12\/Logo-Urbanglide_2023-rouge-G512x512px-1-150x150.png 150w, https:\/\/urbanglide.com\/wp-content\/uploads\/2023\/12\/Logo-Urbanglide_2023-rouge-G512x512px-1-300x300.png 300w, https:\/\/urbanglide.com\/wp-content\/uploads\/2023\/12\/Logo-Urbanglide_2023-rouge-G512x512px-1-500x500.png 500w, https:\/\/urbanglide.com\/wp-content\/uploads\/2023\/12\/Logo-Urbanglide_2023-rouge-G512x512px-1-100x100.png 100w, https:\/\/urbanglide.com\/wp-content\/uploads\/2023\/12\/Logo-Urbanglide_2023-rouge-G512x512px-1.png 512w\" sizes=\"(max-width: 150px) 100vw, 150px\" \/>\t\t\t\t\t\t\t\t\t\t\t\t\t\t\t<\/div>\n\t\t\t\t<\/div>\n\t\t\t\t<div class=\"elementor-element elementor-element-f0810d0 elementor-align-center elementor-widget__width-initial elementor-widget elementor-widget-button\" data-id=\"f0810d0\" data-element_type=\"widget\" data-e-type=\"widget\" data-widget_type=\"button.default\">\n\t\t\t\t<div class=\"elementor-widget-container\">\n\t\t\t\t\t\t\t\t\t<div class=\"elementor-button-wrapper\">\n\t\t\t\t\t<a class=\"elementor-button elementor-button-link elementor-size-sm elementor-animation-shrink\" href=\"https:\/\/www.youtube.com\/channel\/UCt6QRSjE2OopZb9m_j7AwMQ\" target=\"_blank\">\n\t\t\t\t\t\t<span class=\"elementor-button-content-wrapper\">\n\t\t\t\t\t\t<span class=\"elementor-button-icon\">\n\t\t\t\t<i aria-hidden=\"true\" class=\"fab fa-youtube\"><\/i>\t\t\t<\/span>\n\t\t\t\t\t\t\t\t\t<span class=\"elementor-button-text\">UrbanGlide<\/span>\n\t\t\t\t\t<\/span>\n\t\t\t\t\t<\/a>\n\t\t\t\t<\/div>\n\t\t\t\t\t\t\t\t<\/div>\n\t\t\t\t<\/div>\n\t\t\t\t\t<\/div>\n\t\t<\/div>\n\t\t\t\t\t<\/div>\n\t\t<\/section>\n\t\t\t\t<section class=\"elementor-section elementor-top-section elementor-element elementor-element-bda3c18 elementor-section-full_width elementor-section-height-default elementor-section-height-default\" data-id=\"bda3c18\" data-element_type=\"section\" data-e-type=\"section\">\n\t\t\t\t\t\t<div class=\"elementor-container elementor-column-gap-default\">\n\t\t\t\t\t<div class=\"elementor-column elementor-col-100 elementor-top-column elementor-element elementor-element-22dfff7\" data-id=\"22dfff7\" data-element_type=\"column\" data-e-type=\"column\">\n\t\t\t<div class=\"elementor-widget-wrap elementor-element-populated\">\n\t\t\t\t\t\t<div class=\"elementor-element elementor-element-2dd28e7 elementor-skin-carousel elementor-arrows-yes elementor-pagination-type-bullets elementor-pagination-position-outside elementor-invisible elementor-widget elementor-widget-media-carousel\" data-id=\"2dd28e7\" data-element_type=\"widget\" data-e-type=\"widget\" data-settings=\"{&quot;slides_per_view&quot;:&quot;3&quot;,&quot;lazyload&quot;:&quot;yes&quot;,&quot;_animation&quot;:&quot;slideInRight&quot;,&quot;slides_to_scroll&quot;:&quot;3&quot;,&quot;skin&quot;:&quot;carousel&quot;,&quot;effect&quot;:&quot;slide&quot;,&quot;show_arrows&quot;:&quot;yes&quot;,&quot;pagination&quot;:&quot;bullets&quot;,&quot;speed&quot;:500,&quot;autoplay&quot;:&quot;yes&quot;,&quot;autoplay_speed&quot;:5000,&quot;loop&quot;:&quot;yes&quot;,&quot;pause_on_hover&quot;:&quot;yes&quot;,&quot;pause_on_interaction&quot;:&quot;yes&quot;,&quot;space_between&quot;:{&quot;unit&quot;:&quot;px&quot;,&quot;size&quot;:10,&quot;sizes&quot;:[]},&quot;space_between_laptop&quot;:{&quot;unit&quot;:&quot;px&quot;,&quot;size&quot;:10,&quot;sizes&quot;:[]},&quot;space_between_tablet&quot;:{&quot;unit&quot;:&quot;px&quot;,&quot;size&quot;:10,&quot;sizes&quot;:[]},&quot;space_between_mobile&quot;:{&quot;unit&quot;:&quot;px&quot;,&quot;size&quot;:10,&quot;sizes&quot;:[]}}\" data-widget_type=\"media-carousel.default\">\n\t\t\t\t<div class=\"elementor-widget-container\">\n\t\t\t\t\t\t\t\t\t<div class=\"elementor-swiper\">\n\t\t\t\t\t<div class=\"elementor-main-swiper swiper\" role=\"region\" aria-roledescription=\"carousel\" aria-label=\"Diapositives\">\n\t\t\t\t<div class=\"swiper-wrapper\">\n\t\t\t\t\t\t\t\t\t\t\t<div class=\"swiper-slide\" role=\"group\" aria-roledescription=\"slide\">\n\t\t\t\t\t\t\t<a href=\"https:\/\/www.youtube.com\/watch?v=CnHvPq6QhqU&#038;t=1s\">\t\t<div class=\"elementor-carousel-image swiper-lazy\" role=\"img\" aria-label=\"RIDE 80XL-PRO changement de l&#039;afficheur\" data-background=\"https:\/\/urbanglide.com\/wp-content\/uploads\/2023\/06\/RIDE-80XL-PRO-changement-de-lafficheur.png\">\n\n\t\t\t\t\t\t\t<div class=\"swiper-lazy-preloader\"><\/div>\n\t\t\t\n\t\t\t\t\t<\/div>\n\t\t<\/a>\t\t\t\t\t\t<\/div>\n\t\t\t\t\t\t\t\t\t\t\t<div class=\"swiper-slide\" role=\"group\" aria-roledescription=\"slide\">\n\t\t\t\t\t\t\t<a href=\"https:\/\/www.youtube.com\/watch?v=j2UGFf8vd1o&#038;t=15s\">\t\t<div class=\"elementor-carousel-image swiper-lazy\" role=\"img\" aria-label=\"RIDE 100XS-S changement du garde boue arri\u00e8re\" data-background=\"https:\/\/urbanglide.com\/wp-content\/uploads\/2023\/06\/RIDE-100XS-S-changement-du-garde-boue-arriere-768x436.png\">\n\n\t\t\t\t\t\t\t<div class=\"swiper-lazy-preloader\"><\/div>\n\t\t\t\n\t\t\t\t\t<\/div>\n\t\t<\/a>\t\t\t\t\t\t<\/div>\n\t\t\t\t\t\t\t\t\t\t\t<div class=\"swiper-slide\" role=\"group\" aria-roledescription=\"slide\">\n\t\t\t\t\t\t\t<a href=\"https:\/\/www.youtube.com\/watch?v=IRIIFivMjrQ&#038;t=18s\">\t\t<div class=\"elementor-carousel-image swiper-lazy\" role=\"img\" aria-label=\"RIDE 100_100 PRO changement de la chambre \u00e0 air\" data-background=\"https:\/\/urbanglide.com\/wp-content\/uploads\/2023\/06\/RIDE-100_100-PRO-changement-de-la-chambre-a-air--768x431.png\">\n\n\t\t\t\t\t\t\t<div class=\"swiper-lazy-preloader\"><\/div>\n\t\t\t\n\t\t\t\t\t<\/div>\n\t\t<\/a>\t\t\t\t\t\t<\/div>\n\t\t\t\t\t\t\t\t\t\t\t<div class=\"swiper-slide\" role=\"group\" aria-roledescription=\"slide\">\n\t\t\t\t\t\t\t<a href=\"https:\/\/www.youtube.com\/watch?v=g_tmCb3RpvI&#038;t=26s\">\t\t<div class=\"elementor-carousel-image swiper-lazy\" role=\"img\" aria-label=\"BIKE 140 changement de la roue arri\u00e8re\" data-background=\"https:\/\/urbanglide.com\/wp-content\/uploads\/2023\/06\/BIKE-140-changement-de-la-roue-arriere.png\">\n\n\t\t\t\t\t\t\t<div class=\"swiper-lazy-preloader\"><\/div>\n\t\t\t\n\t\t\t\t\t<\/div>\n\t\t<\/a>\t\t\t\t\t\t<\/div>\n\t\t\t\t\t\t\t\t\t\t\t<div class=\"swiper-slide\" role=\"group\" aria-roledescription=\"slide\">\n\t\t\t\t\t\t\t<a href=\"https:\/\/www.youtube.com\/watch?v=2p339Jqn-GA&#038;t=12s\">\t\t<div class=\"elementor-carousel-image swiper-lazy\" role=\"img\" aria-label=\"RIDE 100S_XS R\u00e9glage du syst\u00e8me de pliage\" data-background=\"https:\/\/urbanglide.com\/wp-content\/uploads\/2023\/06\/RIDE-100S_XS-Reglage-du-systeme-de-pliage-768x432.png\">\n\n\t\t\t\t\t\t\t<div class=\"swiper-lazy-preloader\"><\/div>\n\t\t\t\n\t\t\t\t\t<\/div>\n\t\t<\/a>\t\t\t\t\t\t<\/div>\n\t\t\t\t\t\t\t\t\t\t\t<div class=\"swiper-slide\" role=\"group\" aria-roledescription=\"slide\">\n\t\t\t\t\t\t\t<a href=\"https:\/\/www.youtube.com\/watch?v=jjK14YvR--E&#038;t=195s\">\t\t<div class=\"elementor-carousel-image swiper-lazy\" role=\"img\" aria-label=\"E-CROSS MAX 2x2 Changement de la chambre \u00e0 air AVANT\" data-background=\"https:\/\/urbanglide.com\/wp-content\/uploads\/2022\/05\/E-CROSS-MAX-2x2-Changement-de-la-chambre-a-air-AVANT-768x431.png\">\n\n\t\t\t\t\t\t\t<div class=\"swiper-lazy-preloader\"><\/div>\n\t\t\t\n\t\t\t\t\t<\/div>\n\t\t<\/a>\t\t\t\t\t\t<\/div>\n\t\t\t\t\t\t\t\t\t\t\t<div class=\"swiper-slide\" role=\"group\" aria-roledescription=\"slide\">\n\t\t\t\t\t\t\t<a href=\"https:\/\/www.youtube.com\/watch?v=WqgZ_HP8HzI&#038;t=3s\">\t\t<div class=\"elementor-carousel-image swiper-lazy\" role=\"img\" aria-label=\"RIDE 85XL changement de l&#039;afficheur\" data-background=\"https:\/\/urbanglide.com\/wp-content\/uploads\/2023\/06\/RIDE-85XL-changement-de-lafficheur--768x431.png\">\n\n\t\t\t\t\t\t\t<div class=\"swiper-lazy-preloader\"><\/div>\n\t\t\t\n\t\t\t\t\t<\/div>\n\t\t<\/a>\t\t\t\t\t\t<\/div>\n\t\t\t\t\t\t\t\t\t\t\t<div class=\"swiper-slide\" role=\"group\" aria-roledescription=\"slide\">\n\t\t\t\t\t\t\t<a href=\"https:\/\/www.youtube.com\/watch?v=Kf2yphFUfVs&#038;t=4s\">\t\t<div class=\"elementor-carousel-image swiper-lazy\" role=\"img\" aria-label=\"BIKE 140 changement du frein \u00e0 disque\" data-background=\"https:\/\/urbanglide.com\/wp-content\/uploads\/2023\/06\/BIKE-140-changement-du-frein-a-disque--768x431.png\">\n\n\t\t\t\t\t\t\t<div class=\"swiper-lazy-preloader\"><\/div>\n\t\t\t\n\t\t\t\t\t<\/div>\n\t\t<\/a>\t\t\t\t\t\t<\/div>\n\t\t\t\t\t\t\t\t\t\t\t<div class=\"swiper-slide\" role=\"group\" aria-roledescription=\"slide\">\n\t\t\t\t\t\t\t<a href=\"https:\/\/www.youtube.com\/watch?v=LWxJJEHJ8X4&#038;t=21s\">\t\t<div class=\"elementor-carousel-image swiper-lazy\" role=\"img\" aria-label=\"RIDE 80XL-PRO Changement de la LED\" data-background=\"https:\/\/urbanglide.com\/wp-content\/uploads\/2023\/06\/RIDE-80XL-PRO-Changement-de-la-LED.png\">\n\n\t\t\t\t\t\t\t<div class=\"swiper-lazy-preloader\"><\/div>\n\t\t\t\n\t\t\t\t\t<\/div>\n\t\t<\/a>\t\t\t\t\t\t<\/div>\n\t\t\t\t\t\t\t\t\t\t\t<div class=\"swiper-slide\" role=\"group\" aria-roledescription=\"slide\">\n\t\t\t\t\t\t\t<a href=\"https:\/\/www.youtube.com\/watch?v=RT2M4Nljq2U&#038;t=2s\">\t\t<div class=\"elementor-carousel-image swiper-lazy\" role=\"img\" aria-label=\"RIDE 80XL-PRO changement de la gachette d&#039;acc\u00e9leration et de frein\" data-background=\"https:\/\/urbanglide.com\/wp-content\/uploads\/2022\/05\/RIDE-80XL-PRO-changement-de-la-gachette-dacceleration-et-de-frein--768x432.png\">\n\n\t\t\t\t\t\t\t<div class=\"swiper-lazy-preloader\"><\/div>\n\t\t\t\n\t\t\t\t\t<\/div>\n\t\t<\/a>\t\t\t\t\t\t<\/div>\n\t\t\t\t\t\t\t\t\t\t\t<div class=\"swiper-slide\" role=\"group\" aria-roledescription=\"slide\">\n\t\t\t\t\t\t\t<a href=\"https:\/\/www.youtube.com\/watch?v=INTneEMgtpY\">\t\t<div class=\"elementor-carousel-image swiper-lazy\" role=\"img\" aria-label=\"RIDE 62S Montage des poign\u00e9es et des g\u00e2chettes\" data-background=\"https:\/\/urbanglide.com\/wp-content\/uploads\/2022\/05\/RIDE-62S-Montage-des-poignees-et-des-gachettes-1-768x432.png\">\n\n\t\t\t\t\t\t\t<div class=\"swiper-lazy-preloader\"><\/div>\n\t\t\t\n\t\t\t\t\t<\/div>\n\t\t<\/a>\t\t\t\t\t\t<\/div>\n\t\t\t\t\t\t\t\t\t\t\t<div class=\"swiper-slide\" role=\"group\" aria-roledescription=\"slide\">\n\t\t\t\t\t\t\t<a href=\"https:\/\/www.youtube.com\/watch?v=kK2W2PlNEt4\">\t\t<div class=\"elementor-carousel-image swiper-lazy\" role=\"img\" aria-label=\"RIDE 100S_XS Montage du guidon\" data-background=\"https:\/\/urbanglide.com\/wp-content\/uploads\/2023\/06\/RIDE-100S_XS-Montage-du-guidon.png\">\n\n\t\t\t\t\t\t\t<div class=\"swiper-lazy-preloader\"><\/div>\n\t\t\t\n\t\t\t\t\t<\/div>\n\t\t<\/a>\t\t\t\t\t\t<\/div>\n\t\t\t\t\t\t\t\t\t\t\t<div class=\"swiper-slide\" role=\"group\" aria-roledescription=\"slide\">\n\t\t\t\t\t\t\t<a href=\"https:\/\/www.youtube.com\/watch?v=DfD-XedDj3Y\">\t\t<div class=\"elementor-carousel-image swiper-lazy\" role=\"img\" aria-label=\"XS D\u00e9verouillage de la trott\" data-background=\"https:\/\/urbanglide.com\/wp-content\/uploads\/2022\/05\/XS-Deverouillage-de-la-trott-768x432.png\">\n\n\t\t\t\t\t\t\t<div class=\"swiper-lazy-preloader\"><\/div>\n\t\t\t\n\t\t\t\t\t<\/div>\n\t\t<\/a>\t\t\t\t\t\t<\/div>\n\t\t\t\t\t\t\t\t\t<\/div>\n\t\t\t\t\t\t\t\t\t\t\t\t\t\t\t<div class=\"elementor-swiper-button elementor-swiper-button-prev\" role=\"button\" tabindex=\"0\" aria-label=\"Previous\">\n\t\t\t\t\t\t\t<i aria-hidden=\"true\" class=\"eicon-chevron-left\"><\/i>\t\t\t\t\t\t<\/div>\n\t\t\t\t\t\t<div class=\"elementor-swiper-button elementor-swiper-button-next\" role=\"button\" tabindex=\"0\" aria-label=\"Next\">\n\t\t\t\t\t\t\t<i aria-hidden=\"true\" class=\"eicon-chevron-right\"><\/i>\t\t\t\t\t\t<\/div>\n\t\t\t\t\t\t\t\t\t\t\t\t\t\t\t\t<div class=\"swiper-pagination\"><\/div>\n\t\t\t\t\t\t\t\t\t\t\t\t<\/div>\n\t\t\t\t<\/div>\n\t\t\t\t\t\t\t\t<\/div>\n\t\t\t\t<\/div>\n\t\t\t\t\t<\/div>\n\t\t<\/div>\n\t\t\t\t\t<\/div>\n\t\t<\/section>\n\t\t\t\t<\/div>\n\t\t","protected":false},"excerpt":{"rendered":"<p>REPAIR TUTORIAL To guarantee your product&#8217;s performance and ensure safe riding, be sure to maintain your scooter regularly and solve [&hellip;]<\/p>\n","protected":false},"author":13701,"featured_media":0,"parent":0,"menu_order":0,"comment_status":"closed","ping_status":"closed","template":"","meta":{"footnotes":""},"class_list":["post-48496","page","type-page","status-publish","hentry"],"yoast_head":"<!-- This site is optimized with the Yoast SEO plugin v27.1.1 - https:\/\/yoast.com\/product\/yoast-seo-wordpress\/ -->\n<title>MAINTENANCE - UrbanGlide<\/title>\n<meta name=\"robots\" content=\"index, follow, max-snippet:-1, max-image-preview:large, max-video-preview:-1\" \/>\n<link rel=\"canonical\" href=\"https:\/\/urbanglide.com\/en\/maintenance\/\" \/>\n<meta property=\"og:locale\" content=\"en_US\" \/>\n<meta property=\"og:type\" content=\"article\" \/>\n<meta property=\"og:title\" content=\"MAINTENANCE - UrbanGlide\" \/>\n<meta property=\"og:description\" content=\"REPAIR TUTORIAL To guarantee your product&#8217;s performance and ensure safe riding, be sure to maintain your scooter regularly and solve [&hellip;]\" \/>\n<meta property=\"og:url\" content=\"https:\/\/urbanglide.com\/en\/maintenance\/\" \/>\n<meta property=\"og:site_name\" content=\"UrbanGlide\" \/>\n<meta property=\"article:modified_time\" content=\"2025-06-11T05:55:48+00:00\" \/>\n<meta property=\"og:image\" content=\"https:\/\/urbanglide.com\/wp-content\/uploads\/2023\/12\/Logo-Urbanglide_2023-rouge-G512x512px-1.png\" \/>\n\t<meta property=\"og:image:width\" content=\"512\" \/>\n\t<meta property=\"og:image:height\" content=\"512\" \/>\n\t<meta property=\"og:image:type\" content=\"image\/png\" \/>\n<meta name=\"twitter:card\" content=\"summary_large_image\" \/>\n<meta name=\"twitter:label1\" content=\"Est. reading time\" \/>\n\t<meta name=\"twitter:data1\" content=\"1 minute\" \/>\n<script type=\"application\/ld+json\" class=\"yoast-schema-graph\">{\"@context\":\"https:\/\/schema.org\",\"@graph\":[{\"@type\":\"WebPage\",\"@id\":\"https:\/\/urbanglide.com\/en\/maintenance\/\",\"url\":\"https:\/\/urbanglide.com\/en\/maintenance\/\",\"name\":\"MAINTENANCE - UrbanGlide\",\"isPartOf\":{\"@id\":\"https:\/\/urbanglide.com\/#website\"},\"primaryImageOfPage\":{\"@id\":\"https:\/\/urbanglide.com\/en\/maintenance\/#primaryimage\"},\"image\":{\"@id\":\"https:\/\/urbanglide.com\/en\/maintenance\/#primaryimage\"},\"thumbnailUrl\":\"https:\/\/urbanglide.com\/wp-content\/uploads\/2023\/12\/Logo-Urbanglide_2023-rouge-G512x512px-1-150x150.png\",\"datePublished\":\"2023-12-15T15:32:40+00:00\",\"dateModified\":\"2025-06-11T05:55:48+00:00\",\"breadcrumb\":{\"@id\":\"https:\/\/urbanglide.com\/en\/maintenance\/#breadcrumb\"},\"inLanguage\":\"en-US\",\"potentialAction\":[{\"@type\":\"ReadAction\",\"target\":[\"https:\/\/urbanglide.com\/en\/maintenance\/\"]}]},{\"@type\":\"ImageObject\",\"inLanguage\":\"en-US\",\"@id\":\"https:\/\/urbanglide.com\/en\/maintenance\/#primaryimage\",\"url\":\"https:\/\/urbanglide.com\/wp-content\/uploads\/2023\/12\/Logo-Urbanglide_2023-rouge-G512x512px-1-150x150.png\",\"contentUrl\":\"https:\/\/urbanglide.com\/wp-content\/uploads\/2023\/12\/Logo-Urbanglide_2023-rouge-G512x512px-1-150x150.png\"},{\"@type\":\"BreadcrumbList\",\"@id\":\"https:\/\/urbanglide.com\/en\/maintenance\/#breadcrumb\",\"itemListElement\":[{\"@type\":\"ListItem\",\"position\":1,\"name\":\"Accueil\",\"item\":\"https:\/\/urbanglide.com\/en\/homepage-urbanglide-new-version\/\"},{\"@type\":\"ListItem\",\"position\":2,\"name\":\"MAINTENANCE\"}]},{\"@type\":\"WebSite\",\"@id\":\"https:\/\/urbanglide.com\/#website\",\"url\":\"https:\/\/urbanglide.com\/\",\"name\":\"Urbanglide\",\"description\":\"Expert fran\u00e7ais de la mobilit\u00e9 \u00e9lectrique\",\"potentialAction\":[{\"@type\":\"SearchAction\",\"target\":{\"@type\":\"EntryPoint\",\"urlTemplate\":\"https:\/\/urbanglide.com\/?s={search_term_string}\"},\"query-input\":{\"@type\":\"PropertyValueSpecification\",\"valueRequired\":true,\"valueName\":\"search_term_string\"}}],\"inLanguage\":\"en-US\"}]}<\/script>\n<!-- \/ Yoast SEO plugin. -->","yoast_head_json":{"title":"MAINTENANCE - UrbanGlide","robots":{"index":"index","follow":"follow","max-snippet":"max-snippet:-1","max-image-preview":"max-image-preview:large","max-video-preview":"max-video-preview:-1"},"canonical":"https:\/\/urbanglide.com\/en\/maintenance\/","og_locale":"en_US","og_type":"article","og_title":"MAINTENANCE - UrbanGlide","og_description":"REPAIR TUTORIAL To guarantee your product&#8217;s performance and ensure safe riding, be sure to maintain your scooter regularly and solve [&hellip;]","og_url":"https:\/\/urbanglide.com\/en\/maintenance\/","og_site_name":"UrbanGlide","article_modified_time":"2025-06-11T05:55:48+00:00","og_image":[{"width":512,"height":512,"url":"https:\/\/urbanglide.com\/wp-content\/uploads\/2023\/12\/Logo-Urbanglide_2023-rouge-G512x512px-1.png","type":"image\/png"}],"twitter_card":"summary_large_image","twitter_misc":{"Est. reading time":"1 minute"},"schema":{"@context":"https:\/\/schema.org","@graph":[{"@type":"WebPage","@id":"https:\/\/urbanglide.com\/en\/maintenance\/","url":"https:\/\/urbanglide.com\/en\/maintenance\/","name":"MAINTENANCE - UrbanGlide","isPartOf":{"@id":"https:\/\/urbanglide.com\/#website"},"primaryImageOfPage":{"@id":"https:\/\/urbanglide.com\/en\/maintenance\/#primaryimage"},"image":{"@id":"https:\/\/urbanglide.com\/en\/maintenance\/#primaryimage"},"thumbnailUrl":"https:\/\/urbanglide.com\/wp-content\/uploads\/2023\/12\/Logo-Urbanglide_2023-rouge-G512x512px-1-150x150.png","datePublished":"2023-12-15T15:32:40+00:00","dateModified":"2025-06-11T05:55:48+00:00","breadcrumb":{"@id":"https:\/\/urbanglide.com\/en\/maintenance\/#breadcrumb"},"inLanguage":"en-US","potentialAction":[{"@type":"ReadAction","target":["https:\/\/urbanglide.com\/en\/maintenance\/"]}]},{"@type":"ImageObject","inLanguage":"en-US","@id":"https:\/\/urbanglide.com\/en\/maintenance\/#primaryimage","url":"https:\/\/urbanglide.com\/wp-content\/uploads\/2023\/12\/Logo-Urbanglide_2023-rouge-G512x512px-1-150x150.png","contentUrl":"https:\/\/urbanglide.com\/wp-content\/uploads\/2023\/12\/Logo-Urbanglide_2023-rouge-G512x512px-1-150x150.png"},{"@type":"BreadcrumbList","@id":"https:\/\/urbanglide.com\/en\/maintenance\/#breadcrumb","itemListElement":[{"@type":"ListItem","position":1,"name":"Accueil","item":"https:\/\/urbanglide.com\/en\/homepage-urbanglide-new-version\/"},{"@type":"ListItem","position":2,"name":"MAINTENANCE"}]},{"@type":"WebSite","@id":"https:\/\/urbanglide.com\/#website","url":"https:\/\/urbanglide.com\/","name":"Urbanglide","description":"Expert fran\u00e7ais de la mobilit\u00e9 \u00e9lectrique","potentialAction":[{"@type":"SearchAction","target":{"@type":"EntryPoint","urlTemplate":"https:\/\/urbanglide.com\/?s={search_term_string}"},"query-input":{"@type":"PropertyValueSpecification","valueRequired":true,"valueName":"search_term_string"}}],"inLanguage":"en-US"}]}},"_links":{"self":[{"href":"https:\/\/urbanglide.com\/en\/wp-json\/wp\/v2\/pages\/48496","targetHints":{"allow":["GET"]}}],"collection":[{"href":"https:\/\/urbanglide.com\/en\/wp-json\/wp\/v2\/pages"}],"about":[{"href":"https:\/\/urbanglide.com\/en\/wp-json\/wp\/v2\/types\/page"}],"author":[{"embeddable":true,"href":"https:\/\/urbanglide.com\/en\/wp-json\/wp\/v2\/users\/13701"}],"replies":[{"embeddable":true,"href":"https:\/\/urbanglide.com\/en\/wp-json\/wp\/v2\/comments?post=48496"}],"version-history":[{"count":0,"href":"https:\/\/urbanglide.com\/en\/wp-json\/wp\/v2\/pages\/48496\/revisions"}],"wp:attachment":[{"href":"https:\/\/urbanglide.com\/en\/wp-json\/wp\/v2\/media?parent=48496"}],"curies":[{"name":"wp","href":"https:\/\/api.w.org\/{rel}","templated":true}]}}