{"id":80856,"date":"2023-12-15T14:20:17","date_gmt":"2023-12-15T14:20:17","guid":{"rendered":"https:\/\/urbanglide.com\/electric-scooter-warranty\/"},"modified":"2026-02-16T08:13:26","modified_gmt":"2026-02-16T08:13:26","slug":"electric-scooter-warranty","status":"publish","type":"page","link":"https:\/\/urbanglide.com\/en\/electric-scooter-warranty\/","title":{"rendered":"Electric scooter warranty"},"content":{"rendered":"\t\t<div data-elementor-type=\"wp-page\" data-elementor-id=\"80856\" class=\"elementor elementor-80856 elementor-48478\" data-elementor-post-type=\"page\">\n\t\t\t\t\t\t<section class=\"elementor-section elementor-top-section elementor-element elementor-element-9edc1c7 elementor-section-boxed elementor-section-height-default elementor-section-height-default\" data-id=\"9edc1c7\" data-element_type=\"section\" data-e-type=\"section\">\n\t\t\t\t\t\t<div class=\"elementor-container elementor-column-gap-default\">\n\t\t\t\t\t<div class=\"elementor-column elementor-col-100 elementor-top-column elementor-element elementor-element-332803d\" data-id=\"332803d\" data-element_type=\"column\" data-e-type=\"column\">\n\t\t\t<div class=\"elementor-widget-wrap elementor-element-populated\">\n\t\t\t\t\t\t<div class=\"elementor-element elementor-element-4dfc6d2 elementor-widget elementor-widget-spacer\" data-id=\"4dfc6d2\" data-element_type=\"widget\" data-e-type=\"widget\" data-widget_type=\"spacer.default\">\n\t\t\t\t<div class=\"elementor-widget-container\">\n\t\t\t\t\t\t\t<div class=\"elementor-spacer\">\n\t\t\t<div class=\"elementor-spacer-inner\"><\/div>\n\t\t<\/div>\n\t\t\t\t\t\t<\/div>\n\t\t\t\t<\/div>\n\t\t\t\t\t<\/div>\n\t\t<\/div>\n\t\t\t\t\t<\/div>\n\t\t<\/section>\n\t\t\t\t<section class=\"elementor-section elementor-top-section elementor-element elementor-element-929ea4c elementor-section-boxed elementor-section-height-default elementor-section-height-default\" data-id=\"929ea4c\" data-element_type=\"section\" data-e-type=\"section\">\n\t\t\t\t\t\t<div class=\"elementor-container elementor-column-gap-default\">\n\t\t\t\t\t<div class=\"elementor-column elementor-col-100 elementor-top-column elementor-element elementor-element-94bfc00\" data-id=\"94bfc00\" data-element_type=\"column\" data-e-type=\"column\">\n\t\t\t<div class=\"elementor-widget-wrap elementor-element-populated\">\n\t\t\t\t\t\t<div class=\"elementor-element elementor-element-1ca296e elementor-widget elementor-widget-heading\" data-id=\"1ca296e\" data-element_type=\"widget\" data-e-type=\"widget\" data-widget_type=\"heading.default\">\n\t\t\t\t<div class=\"elementor-widget-container\">\n\t\t\t\t\t<h2 class=\"elementor-heading-title elementor-size-xl\">WARRANTY INFORMATION<br> ELECTRIC SCOOTERS<\/h2>\t\t\t\t<\/div>\n\t\t\t\t<\/div>\n\t\t\t\t\t<\/div>\n\t\t<\/div>\n\t\t\t\t\t<\/div>\n\t\t<\/section>\n\t\t\t\t<section class=\"elementor-section elementor-top-section elementor-element elementor-element-fb9264f elementor-section-boxed elementor-section-height-default elementor-section-height-default\" data-id=\"fb9264f\" data-element_type=\"section\" data-e-type=\"section\">\n\t\t\t\t\t\t<div class=\"elementor-container elementor-column-gap-default\">\n\t\t\t\t\t<div class=\"elementor-column elementor-col-100 elementor-top-column elementor-element elementor-element-f10dd57\" data-id=\"f10dd57\" data-element_type=\"column\" data-e-type=\"column\">\n\t\t\t<div class=\"elementor-widget-wrap elementor-element-populated\">\n\t\t\t\t\t\t<div class=\"elementor-element elementor-element-4bc8989 elementor-widget elementor-widget-text-editor\" data-id=\"4bc8989\" data-element_type=\"widget\" data-e-type=\"widget\" data-widget_type=\"text-editor.default\">\n\t\t\t\t<div class=\"elementor-widget-container\">\n\t\t\t\t\t\t\t\t\t<p>You benefit from a <strong>2-year<\/strong> <strong>warranty<\/strong> valid from the date of receipt of your product. All warranty repairs are subject to use of the product as recommended in your user manual. <\/p><p>Remember to keep your <strong>proof of purchase<\/strong>.<\/p><p><strong>Terms<\/strong><b> &amp; Conditions<\/b><\/p><div><p>The warranty is included in the following cases:<\/p><ul><li>Use of products under normal conditions.<\/li><\/ul><ul><li>Use in light rain or when crossing puddles on the ground.<\/li><\/ul><p>The warranty is excluded in the following cases (non-exhaustive list):<\/p><ul><li>The scooter has been opened, disassembled or modified using unauthorized or non-original parts or by an unauthorized person (e.g. unbridling, replacement of non-original spare parts, etc.).<\/li><\/ul><ul><li>The repair required concerns consumable items or adjustments that fall within the scope of product maintenance (e.g. battery, tire, rims, brake pads and discs, cables and gains, bulbs, etc.).<\/li><\/ul><ul><li>The item sent in for repair shows signs of having been used in a way that does not comply with the product&#8217;s instructions for use, or of having been handled in a way that does not comply with the instructions described in the manual (e.g. overweight, oxidation, plugging in, failure to follow <a href=\"https:\/\/urbanglide.com\/en\/?page_id=48496\">maintenance instructions<\/a>, etc.). <\/li><\/ul><ul><li>Battery damage caused by incorrect charging, overcharging, improper storage or prolonged non-use.<\/li><\/ul><ul><li>Scratches, dents or other cosmetic damage that does not affect the scooter&#8217;s functionality.<\/li><\/ul><ul><li>The repair work requested is required because the scooter has been damaged voluntarily\/involuntarily (e.g. damage resulting from falls, accidents, breakage, vandalism, fire, flood, etc.).<\/li><\/ul><ul><li>Use the scooter in extreme weather conditions, on unsuitable terrain, in hazardous environments or in contact with chemical or corrosive substances.<\/li><\/ul><ul><li>The product is received unpackaged or in packaging unsuitable for protecting the item during transport.<\/li><\/ul><ul><li>Lack of proof of purchase.<\/li><\/ul><p><strong>N.B :<\/strong> <strong>After-sales service may require the product to be reset to factory settings before being returned to the customer. <\/strong> <\/p><\/div>\t\t\t\t\t\t\t\t<\/div>\n\t\t\t\t<\/div>\n\t\t\t\t\t<\/div>\n\t\t<\/div>\n\t\t\t\t\t<\/div>\n\t\t<\/section>\n\t\t\t\t<\/div>\n\t\t","protected":false},"excerpt":{"rendered":"<p>WARRANTY INFORMATION ELECTRIC SCOOTERS You benefit from a 2-year warranty valid from the date of receipt of your product. All [&hellip;]<\/p>\n","protected":false},"author":13701,"featured_media":0,"parent":0,"menu_order":0,"comment_status":"closed","ping_status":"closed","template":"","meta":{"footnotes":""},"class_list":["post-80856","page","type-page","status-publish","hentry"],"yoast_head":"<!-- This site is optimized with the Yoast SEO plugin v27.1.1 - https:\/\/yoast.com\/product\/yoast-seo-wordpress\/ -->\n<title>Electric scooter warranty - UrbanGlide<\/title>\n<meta name=\"robots\" content=\"index, follow, max-snippet:-1, max-image-preview:large, max-video-preview:-1\" \/>\n<link rel=\"canonical\" href=\"https:\/\/urbanglide.com\/en\/electric-scooter-warranty\/\" \/>\n<meta property=\"og:locale\" content=\"en_US\" \/>\n<meta property=\"og:type\" content=\"article\" \/>\n<meta property=\"og:title\" content=\"Electric scooter warranty - UrbanGlide\" \/>\n<meta property=\"og:description\" content=\"WARRANTY INFORMATION ELECTRIC SCOOTERS You benefit from a 2-year warranty valid from the date of receipt of your product. All [&hellip;]\" \/>\n<meta property=\"og:url\" content=\"https:\/\/urbanglide.com\/en\/electric-scooter-warranty\/\" \/>\n<meta property=\"og:site_name\" content=\"UrbanGlide\" \/>\n<meta property=\"article:modified_time\" content=\"2026-02-16T08:13:26+00:00\" \/>\n<meta name=\"twitter:card\" content=\"summary_large_image\" \/>\n<meta name=\"twitter:label1\" content=\"Est. reading time\" \/>\n\t<meta name=\"twitter:data1\" content=\"2 minutes\" \/>\n<script type=\"application\/ld+json\" class=\"yoast-schema-graph\">{\"@context\":\"https:\/\/schema.org\",\"@graph\":[{\"@type\":\"WebPage\",\"@id\":\"https:\/\/urbanglide.com\/en\/electric-scooter-warranty\/\",\"url\":\"https:\/\/urbanglide.com\/en\/electric-scooter-warranty\/\",\"name\":\"Electric scooter warranty - UrbanGlide\",\"isPartOf\":{\"@id\":\"https:\/\/urbanglide.com\/#website\"},\"datePublished\":\"2023-12-15T14:20:17+00:00\",\"dateModified\":\"2026-02-16T08:13:26+00:00\",\"breadcrumb\":{\"@id\":\"https:\/\/urbanglide.com\/en\/electric-scooter-warranty\/#breadcrumb\"},\"inLanguage\":\"en-US\",\"potentialAction\":[{\"@type\":\"ReadAction\",\"target\":[\"https:\/\/urbanglide.com\/en\/electric-scooter-warranty\/\"]}]},{\"@type\":\"BreadcrumbList\",\"@id\":\"https:\/\/urbanglide.com\/en\/electric-scooter-warranty\/#breadcrumb\",\"itemListElement\":[{\"@type\":\"ListItem\",\"position\":1,\"name\":\"Accueil\",\"item\":\"https:\/\/urbanglide.com\/en\/homepage-urbanglide-new-version\/\"},{\"@type\":\"ListItem\",\"position\":2,\"name\":\"Electric scooter warranty\"}]},{\"@type\":\"WebSite\",\"@id\":\"https:\/\/urbanglide.com\/#website\",\"url\":\"https:\/\/urbanglide.com\/\",\"name\":\"Urbanglide\",\"description\":\"Expert fran\u00e7ais de la mobilit\u00e9 \u00e9lectrique\",\"potentialAction\":[{\"@type\":\"SearchAction\",\"target\":{\"@type\":\"EntryPoint\",\"urlTemplate\":\"https:\/\/urbanglide.com\/?s={search_term_string}\"},\"query-input\":{\"@type\":\"PropertyValueSpecification\",\"valueRequired\":true,\"valueName\":\"search_term_string\"}}],\"inLanguage\":\"en-US\"}]}<\/script>\n<!-- \/ Yoast SEO plugin. -->","yoast_head_json":{"title":"Electric scooter warranty - UrbanGlide","robots":{"index":"index","follow":"follow","max-snippet":"max-snippet:-1","max-image-preview":"max-image-preview:large","max-video-preview":"max-video-preview:-1"},"canonical":"https:\/\/urbanglide.com\/en\/electric-scooter-warranty\/","og_locale":"en_US","og_type":"article","og_title":"Electric scooter warranty - UrbanGlide","og_description":"WARRANTY INFORMATION ELECTRIC SCOOTERS You benefit from a 2-year warranty valid from the date of receipt of your product. All [&hellip;]","og_url":"https:\/\/urbanglide.com\/en\/electric-scooter-warranty\/","og_site_name":"UrbanGlide","article_modified_time":"2026-02-16T08:13:26+00:00","twitter_card":"summary_large_image","twitter_misc":{"Est. reading time":"2 minutes"},"schema":{"@context":"https:\/\/schema.org","@graph":[{"@type":"WebPage","@id":"https:\/\/urbanglide.com\/en\/electric-scooter-warranty\/","url":"https:\/\/urbanglide.com\/en\/electric-scooter-warranty\/","name":"Electric scooter warranty - UrbanGlide","isPartOf":{"@id":"https:\/\/urbanglide.com\/#website"},"datePublished":"2023-12-15T14:20:17+00:00","dateModified":"2026-02-16T08:13:26+00:00","breadcrumb":{"@id":"https:\/\/urbanglide.com\/en\/electric-scooter-warranty\/#breadcrumb"},"inLanguage":"en-US","potentialAction":[{"@type":"ReadAction","target":["https:\/\/urbanglide.com\/en\/electric-scooter-warranty\/"]}]},{"@type":"BreadcrumbList","@id":"https:\/\/urbanglide.com\/en\/electric-scooter-warranty\/#breadcrumb","itemListElement":[{"@type":"ListItem","position":1,"name":"Accueil","item":"https:\/\/urbanglide.com\/en\/homepage-urbanglide-new-version\/"},{"@type":"ListItem","position":2,"name":"Electric scooter warranty"}]},{"@type":"WebSite","@id":"https:\/\/urbanglide.com\/#website","url":"https:\/\/urbanglide.com\/","name":"Urbanglide","description":"Expert fran\u00e7ais de la mobilit\u00e9 \u00e9lectrique","potentialAction":[{"@type":"SearchAction","target":{"@type":"EntryPoint","urlTemplate":"https:\/\/urbanglide.com\/?s={search_term_string}"},"query-input":{"@type":"PropertyValueSpecification","valueRequired":true,"valueName":"search_term_string"}}],"inLanguage":"en-US"}]}},"_links":{"self":[{"href":"https:\/\/urbanglide.com\/en\/wp-json\/wp\/v2\/pages\/80856","targetHints":{"allow":["GET"]}}],"collection":[{"href":"https:\/\/urbanglide.com\/en\/wp-json\/wp\/v2\/pages"}],"about":[{"href":"https:\/\/urbanglide.com\/en\/wp-json\/wp\/v2\/types\/page"}],"author":[{"embeddable":true,"href":"https:\/\/urbanglide.com\/en\/wp-json\/wp\/v2\/users\/13701"}],"replies":[{"embeddable":true,"href":"https:\/\/urbanglide.com\/en\/wp-json\/wp\/v2\/comments?post=80856"}],"version-history":[{"count":2,"href":"https:\/\/urbanglide.com\/en\/wp-json\/wp\/v2\/pages\/80856\/revisions"}],"predecessor-version":[{"id":99295,"href":"https:\/\/urbanglide.com\/en\/wp-json\/wp\/v2\/pages\/80856\/revisions\/99295"}],"wp:attachment":[{"href":"https:\/\/urbanglide.com\/en\/wp-json\/wp\/v2\/media?parent=80856"}],"curies":[{"name":"wp","href":"https:\/\/api.w.org\/{rel}","templated":true}]}}