{"id":32033,"date":"2022-05-10T09:05:58","date_gmt":"2022-05-10T09:05:58","guid":{"rendered":"https:\/\/urbanglide.com\/produit\/e-bike-160-black\/"},"modified":"2025-06-03T10:09:55","modified_gmt":"2025-06-03T10:09:55","slug":"balance-bike-160","status":"publish","type":"product","link":"https:\/\/urbanglide.com\/en\/produit\/balance-bike-160\/","title":{"rendered":"BIKE 160"},"content":{"rendered":"<p>Connected, foldable and compact 16-inch electric scooter. Equipped with a 350W motor and a maximum speed of 25km\/h, it&#8217;s ideal for your outings. Its adjustable seat ensures optimum comfort.<\/p>\n<p>Ride in complete safety thanks to its lights, which make you visible at night, and its dual disc brakes for immediate, precise braking.<\/p>\n<p>Connect your smartphone and display all the information you need for your journey. It also features a built-in immobilizer. Thanks to its rechargeable battery, which takes around 5 hours to charge, you can cover distances of up to 25km.<\/p>\n","protected":false},"excerpt":{"rendered":"<p>Connected, foldable and compact 16-inch electric scooter. Equipped with a 350W motor and a maximum speed of 25km\/h, it&#8217;s ideal [&hellip;]<\/p>\n","protected":false},"featured_media":19856,"template":"","meta":[],"product_brand":[],"product_cat":[230],"product_tag":[],"class_list":{"0":"post-32033","1":"product","2":"type-product","3":"status-publish","4":"has-post-thumbnail","6":"product_cat-balance-bikes","7":"product_shipping_class-17-kg-en","9":"first","10":"instock","11":"taxable","12":"shipping-taxable","13":"purchasable","14":"product-type-simple"},"yoast_head":"<!-- This site is optimized with the Yoast SEO plugin v27.1.1 - https:\/\/yoast.com\/product\/yoast-seo-wordpress\/ -->\n<title>BIKE 160 - UrbanGlide<\/title>\n<meta name=\"description\" content=\"Product information BIKE 160 : Range up to 25km. 350W motor power. 16-inches inner tube tires. Disc brake. Foldable handlebar.\" \/>\n<meta name=\"robots\" content=\"index, follow, max-snippet:-1, max-image-preview:large, max-video-preview:-1\" \/>\n<link rel=\"canonical\" href=\"https:\/\/urbanglide.com\/en\/produit\/balance-bike-160\/\" \/>\n<meta property=\"og:locale\" content=\"en_US\" \/>\n<meta property=\"og:type\" content=\"article\" \/>\n<meta property=\"og:title\" content=\"BIKE 160 - UrbanGlide\" \/>\n<meta property=\"og:description\" content=\"Product information BIKE 160 : Range up to 25km. 350W motor power. 16-inches inner tube tires. Disc brake. Foldable handlebar.\" \/>\n<meta property=\"og:url\" content=\"https:\/\/urbanglide.com\/en\/produit\/balance-bike-160\/\" \/>\n<meta property=\"og:site_name\" content=\"UrbanGlide\" \/>\n<meta property=\"article:modified_time\" content=\"2025-06-03T10:09:55+00:00\" \/>\n<meta property=\"og:image\" content=\"https:\/\/urbanglide.com\/wp-content\/uploads\/2022\/05\/BIKE-160-1.png\" \/>\n\t<meta property=\"og:image:width\" content=\"1000\" \/>\n\t<meta property=\"og:image:height\" content=\"1000\" \/>\n\t<meta property=\"og:image:type\" content=\"image\/png\" \/>\n<meta name=\"twitter:card\" content=\"summary_large_image\" \/>\n<meta name=\"twitter:label1\" content=\"Est. reading time\" \/>\n\t<meta name=\"twitter:data1\" content=\"1 minute\" \/>\n<script type=\"application\/ld+json\" class=\"yoast-schema-graph\">{\"@context\":\"https:\/\/schema.org\",\"@graph\":[{\"@type\":\"WebPage\",\"@id\":\"https:\/\/urbanglide.com\/en\/produit\/balance-bike-160\/\",\"url\":\"https:\/\/urbanglide.com\/en\/produit\/balance-bike-160\/\",\"name\":\"BIKE 160 - UrbanGlide\",\"isPartOf\":{\"@id\":\"https:\/\/urbanglide.com\/#website\"},\"primaryImageOfPage\":{\"@id\":\"https:\/\/urbanglide.com\/en\/produit\/balance-bike-160\/#primaryimage\"},\"image\":{\"@id\":\"https:\/\/urbanglide.com\/en\/produit\/balance-bike-160\/#primaryimage\"},\"thumbnailUrl\":\"https:\/\/urbanglide.com\/wp-content\/uploads\/2022\/05\/BIKE-160.png\",\"datePublished\":\"2022-05-10T09:05:58+00:00\",\"dateModified\":\"2025-06-03T10:09:55+00:00\",\"description\":\"Product information BIKE 160 : Range up to 25km. 350W motor power. 16-inches inner tube tires. Disc brake. Foldable handlebar.\",\"breadcrumb\":{\"@id\":\"https:\/\/urbanglide.com\/en\/produit\/balance-bike-160\/#breadcrumb\"},\"inLanguage\":\"en-US\",\"potentialAction\":[{\"@type\":\"ReadAction\",\"target\":[\"https:\/\/urbanglide.com\/en\/produit\/balance-bike-160\/\"]}]},{\"@type\":\"ImageObject\",\"inLanguage\":\"en-US\",\"@id\":\"https:\/\/urbanglide.com\/en\/produit\/balance-bike-160\/#primaryimage\",\"url\":\"https:\/\/urbanglide.com\/wp-content\/uploads\/2022\/05\/BIKE-160.png\",\"contentUrl\":\"https:\/\/urbanglide.com\/wp-content\/uploads\/2022\/05\/BIKE-160.png\",\"width\":3030,\"height\":3029},{\"@type\":\"BreadcrumbList\",\"@id\":\"https:\/\/urbanglide.com\/en\/produit\/balance-bike-160\/#breadcrumb\",\"itemListElement\":[{\"@type\":\"ListItem\",\"position\":1,\"name\":\"Accueil\",\"item\":\"https:\/\/urbanglide.com\/en\/homepage-urbanglide-new-version\/\"},{\"@type\":\"ListItem\",\"position\":2,\"name\":\"Online shop\",\"item\":\"https:\/\/urbanglide.com\/en\/boutique\/\"},{\"@type\":\"ListItem\",\"position\":3,\"name\":\"BIKE 160\"}]},{\"@type\":\"WebSite\",\"@id\":\"https:\/\/urbanglide.com\/#website\",\"url\":\"https:\/\/urbanglide.com\/\",\"name\":\"Urbanglide\",\"description\":\"Expert fran\u00e7ais de la mobilit\u00e9 \u00e9lectrique\",\"potentialAction\":[{\"@type\":\"SearchAction\",\"target\":{\"@type\":\"EntryPoint\",\"urlTemplate\":\"https:\/\/urbanglide.com\/?s={search_term_string}\"},\"query-input\":{\"@type\":\"PropertyValueSpecification\",\"valueRequired\":true,\"valueName\":\"search_term_string\"}}],\"inLanguage\":\"en-US\"}]}<\/script>\n<!-- \/ Yoast SEO plugin. -->","yoast_head_json":{"title":"BIKE 160 - UrbanGlide","description":"Product information BIKE 160 : Range up to 25km. 350W motor power. 16-inches inner tube tires. Disc brake. Foldable handlebar.","robots":{"index":"index","follow":"follow","max-snippet":"max-snippet:-1","max-image-preview":"max-image-preview:large","max-video-preview":"max-video-preview:-1"},"canonical":"https:\/\/urbanglide.com\/en\/produit\/balance-bike-160\/","og_locale":"en_US","og_type":"article","og_title":"BIKE 160 - UrbanGlide","og_description":"Product information BIKE 160 : Range up to 25km. 350W motor power. 16-inches inner tube tires. Disc brake. Foldable handlebar.","og_url":"https:\/\/urbanglide.com\/en\/produit\/balance-bike-160\/","og_site_name":"UrbanGlide","article_modified_time":"2025-06-03T10:09:55+00:00","og_image":[{"width":1000,"height":1000,"url":"https:\/\/urbanglide.com\/wp-content\/uploads\/2022\/05\/BIKE-160-1.png","type":"image\/png"}],"twitter_card":"summary_large_image","twitter_misc":{"Est. reading time":"1 minute"},"schema":{"@context":"https:\/\/schema.org","@graph":[{"@type":"WebPage","@id":"https:\/\/urbanglide.com\/en\/produit\/balance-bike-160\/","url":"https:\/\/urbanglide.com\/en\/produit\/balance-bike-160\/","name":"BIKE 160 - UrbanGlide","isPartOf":{"@id":"https:\/\/urbanglide.com\/#website"},"primaryImageOfPage":{"@id":"https:\/\/urbanglide.com\/en\/produit\/balance-bike-160\/#primaryimage"},"image":{"@id":"https:\/\/urbanglide.com\/en\/produit\/balance-bike-160\/#primaryimage"},"thumbnailUrl":"https:\/\/urbanglide.com\/wp-content\/uploads\/2022\/05\/BIKE-160.png","datePublished":"2022-05-10T09:05:58+00:00","dateModified":"2025-06-03T10:09:55+00:00","description":"Product information BIKE 160 : Range up to 25km. 350W motor power. 16-inches inner tube tires. Disc brake. Foldable handlebar.","breadcrumb":{"@id":"https:\/\/urbanglide.com\/en\/produit\/balance-bike-160\/#breadcrumb"},"inLanguage":"en-US","potentialAction":[{"@type":"ReadAction","target":["https:\/\/urbanglide.com\/en\/produit\/balance-bike-160\/"]}]},{"@type":"ImageObject","inLanguage":"en-US","@id":"https:\/\/urbanglide.com\/en\/produit\/balance-bike-160\/#primaryimage","url":"https:\/\/urbanglide.com\/wp-content\/uploads\/2022\/05\/BIKE-160.png","contentUrl":"https:\/\/urbanglide.com\/wp-content\/uploads\/2022\/05\/BIKE-160.png","width":3030,"height":3029},{"@type":"BreadcrumbList","@id":"https:\/\/urbanglide.com\/en\/produit\/balance-bike-160\/#breadcrumb","itemListElement":[{"@type":"ListItem","position":1,"name":"Accueil","item":"https:\/\/urbanglide.com\/en\/homepage-urbanglide-new-version\/"},{"@type":"ListItem","position":2,"name":"Online shop","item":"https:\/\/urbanglide.com\/en\/boutique\/"},{"@type":"ListItem","position":3,"name":"BIKE 160"}]},{"@type":"WebSite","@id":"https:\/\/urbanglide.com\/#website","url":"https:\/\/urbanglide.com\/","name":"Urbanglide","description":"Expert fran\u00e7ais de la mobilit\u00e9 \u00e9lectrique","potentialAction":[{"@type":"SearchAction","target":{"@type":"EntryPoint","urlTemplate":"https:\/\/urbanglide.com\/?s={search_term_string}"},"query-input":{"@type":"PropertyValueSpecification","valueRequired":true,"valueName":"search_term_string"}}],"inLanguage":"en-US"}]}},"_links":{"self":[{"href":"https:\/\/urbanglide.com\/en\/wp-json\/wp\/v2\/product\/32033","targetHints":{"allow":["GET"]}}],"collection":[{"href":"https:\/\/urbanglide.com\/en\/wp-json\/wp\/v2\/product"}],"about":[{"href":"https:\/\/urbanglide.com\/en\/wp-json\/wp\/v2\/types\/product"}],"version-history":[{"count":0,"href":"https:\/\/urbanglide.com\/en\/wp-json\/wp\/v2\/product\/32033\/revisions"}],"wp:featuredmedia":[{"embeddable":true,"href":"https:\/\/urbanglide.com\/en\/wp-json\/wp\/v2\/media\/19856"}],"wp:attachment":[{"href":"https:\/\/urbanglide.com\/en\/wp-json\/wp\/v2\/media?parent=32033"}],"wp:term":[{"taxonomy":"product_brand","embeddable":true,"href":"https:\/\/urbanglide.com\/en\/wp-json\/wp\/v2\/product_brand?post=32033"},{"taxonomy":"product_cat","embeddable":true,"href":"https:\/\/urbanglide.com\/en\/wp-json\/wp\/v2\/product_cat?post=32033"},{"taxonomy":"product_tag","embeddable":true,"href":"https:\/\/urbanglide.com\/en\/wp-json\/wp\/v2\/product_tag?post=32033"}],"curies":[{"name":"wp","href":"https:\/\/api.w.org\/{rel}","templated":true}]}}