{"id":32034,"date":"2024-10-10T08:59:07","date_gmt":"2024-10-10T08:59:07","guid":{"rendered":"https:\/\/urbanglide.com\/produit\/bike-140\/"},"modified":"2025-07-17T07:14:27","modified_gmt":"2025-07-17T07:14:27","slug":"draisienne-bike-140","status":"publish","type":"product","link":"https:\/\/urbanglide.com\/en\/produit\/draisienne-bike-140\/","title":{"rendered":"BIKE 140"},"content":{"rendered":"<p>The BIKE 140 is the most complete electric wheelchair of its generation.<\/p>\n<p>Its design and ergonomic dial make it a unique product. Its double disc brake system, its footrest and its 14 inches inflatable wheels allow a stability and a comfort to all tests. Use its front LED to light your way, and the kickstand to stabilize your product.<\/p>\n<p>Carry your draisienne easily thanks to its folding handlebars and its ergonomic handle.<\/p>\n<p>An application is available to know the details of your product, as well as to lock and unlock your bike remotely and a phone holder is provided with your BIKE 140.<\/p>\n","protected":false},"excerpt":{"rendered":"<p>Stability &amp; comfort<\/p>\n","protected":false},"featured_media":23276,"template":"","meta":[],"product_brand":[],"product_cat":[230,261],"product_tag":[],"class_list":{"0":"post-32034","1":"product","2":"type-product","3":"status-publish","4":"has-post-thumbnail","6":"product_cat-balance-bikes","7":"product_cat-promotional-offer","8":"product_shipping_class-17-kg-en","10":"first","11":"instock","12":"taxable","13":"shipping-taxable","14":"purchasable","15":"product-type-simple"},"yoast_head":"<!-- This site is optimized with the Yoast SEO plugin v27.1.1 - https:\/\/yoast.com\/product\/yoast-seo-wordpress\/ -->\n<title>BIKE 140 - UrbanGlide<\/title>\n<meta name=\"description\" content=\"Adopt a new way of getting around with the electric draisienne BIKE 140 equipped with Bluetooth technology for real-time tracking.\" \/>\n<meta name=\"robots\" content=\"index, follow, max-snippet:-1, max-image-preview:large, max-video-preview:-1\" \/>\n<link rel=\"canonical\" href=\"https:\/\/urbanglide.com\/en\/produit\/draisienne-bike-140\/\" \/>\n<meta property=\"og:locale\" content=\"en_US\" \/>\n<meta property=\"og:type\" content=\"article\" \/>\n<meta property=\"og:title\" content=\"BIKE 140 - UrbanGlide\" \/>\n<meta property=\"og:description\" content=\"Adopt a new way of getting around with the electric draisienne BIKE 140 equipped with Bluetooth technology for real-time tracking.\" \/>\n<meta property=\"og:url\" content=\"https:\/\/urbanglide.com\/en\/produit\/draisienne-bike-140\/\" \/>\n<meta property=\"og:site_name\" content=\"UrbanGlide\" \/>\n<meta property=\"article:modified_time\" content=\"2025-07-17T07:14:27+00:00\" \/>\n<meta property=\"og:image\" content=\"https:\/\/urbanglide.com\/wp-content\/uploads\/2022\/10\/BIKE-140.png\" \/>\n\t<meta property=\"og:image:width\" content=\"1000\" \/>\n\t<meta property=\"og:image:height\" content=\"1000\" \/>\n\t<meta property=\"og:image:type\" content=\"image\/png\" \/>\n<meta name=\"twitter:card\" content=\"summary_large_image\" \/>\n<meta name=\"twitter:label1\" content=\"Est. reading time\" \/>\n\t<meta name=\"twitter:data1\" content=\"1 minute\" \/>\n<script type=\"application\/ld+json\" class=\"yoast-schema-graph\">{\"@context\":\"https:\/\/schema.org\",\"@graph\":[{\"@type\":\"WebPage\",\"@id\":\"https:\/\/urbanglide.com\/en\/produit\/draisienne-bike-140\/\",\"url\":\"https:\/\/urbanglide.com\/en\/produit\/draisienne-bike-140\/\",\"name\":\"BIKE 140 - UrbanGlide\",\"isPartOf\":{\"@id\":\"https:\/\/urbanglide.com\/#website\"},\"primaryImageOfPage\":{\"@id\":\"https:\/\/urbanglide.com\/en\/produit\/draisienne-bike-140\/#primaryimage\"},\"image\":{\"@id\":\"https:\/\/urbanglide.com\/en\/produit\/draisienne-bike-140\/#primaryimage\"},\"thumbnailUrl\":\"https:\/\/urbanglide.com\/wp-content\/uploads\/2022\/10\/BIKE-140.png\",\"datePublished\":\"2024-10-10T08:59:07+00:00\",\"dateModified\":\"2025-07-17T07:14:27+00:00\",\"description\":\"Adopt a new way of getting around with the electric draisienne BIKE 140 equipped with Bluetooth technology for real-time tracking.\",\"breadcrumb\":{\"@id\":\"https:\/\/urbanglide.com\/en\/produit\/draisienne-bike-140\/#breadcrumb\"},\"inLanguage\":\"en-US\",\"potentialAction\":[{\"@type\":\"ReadAction\",\"target\":[\"https:\/\/urbanglide.com\/en\/produit\/draisienne-bike-140\/\"]}]},{\"@type\":\"ImageObject\",\"inLanguage\":\"en-US\",\"@id\":\"https:\/\/urbanglide.com\/en\/produit\/draisienne-bike-140\/#primaryimage\",\"url\":\"https:\/\/urbanglide.com\/wp-content\/uploads\/2022\/10\/BIKE-140.png\",\"contentUrl\":\"https:\/\/urbanglide.com\/wp-content\/uploads\/2022\/10\/BIKE-140.png\",\"width\":1000,\"height\":1000},{\"@type\":\"BreadcrumbList\",\"@id\":\"https:\/\/urbanglide.com\/en\/produit\/draisienne-bike-140\/#breadcrumb\",\"itemListElement\":[{\"@type\":\"ListItem\",\"position\":1,\"name\":\"Accueil\",\"item\":\"https:\/\/urbanglide.com\/en\/homepage-urbanglide-new-version\/\"},{\"@type\":\"ListItem\",\"position\":2,\"name\":\"Online shop\",\"item\":\"https:\/\/urbanglide.com\/en\/boutique\/\"},{\"@type\":\"ListItem\",\"position\":3,\"name\":\"BIKE 140\"}]},{\"@type\":\"WebSite\",\"@id\":\"https:\/\/urbanglide.com\/#website\",\"url\":\"https:\/\/urbanglide.com\/\",\"name\":\"Urbanglide\",\"description\":\"Expert fran\u00e7ais de la mobilit\u00e9 \u00e9lectrique\",\"potentialAction\":[{\"@type\":\"SearchAction\",\"target\":{\"@type\":\"EntryPoint\",\"urlTemplate\":\"https:\/\/urbanglide.com\/?s={search_term_string}\"},\"query-input\":{\"@type\":\"PropertyValueSpecification\",\"valueRequired\":true,\"valueName\":\"search_term_string\"}}],\"inLanguage\":\"en-US\"}]}<\/script>\n<!-- \/ Yoast SEO plugin. -->","yoast_head_json":{"title":"BIKE 140 - UrbanGlide","description":"Adopt a new way of getting around with the electric draisienne BIKE 140 equipped with Bluetooth technology for real-time tracking.","robots":{"index":"index","follow":"follow","max-snippet":"max-snippet:-1","max-image-preview":"max-image-preview:large","max-video-preview":"max-video-preview:-1"},"canonical":"https:\/\/urbanglide.com\/en\/produit\/draisienne-bike-140\/","og_locale":"en_US","og_type":"article","og_title":"BIKE 140 - UrbanGlide","og_description":"Adopt a new way of getting around with the electric draisienne BIKE 140 equipped with Bluetooth technology for real-time tracking.","og_url":"https:\/\/urbanglide.com\/en\/produit\/draisienne-bike-140\/","og_site_name":"UrbanGlide","article_modified_time":"2025-07-17T07:14:27+00:00","og_image":[{"width":1000,"height":1000,"url":"https:\/\/urbanglide.com\/wp-content\/uploads\/2022\/10\/BIKE-140.png","type":"image\/png"}],"twitter_card":"summary_large_image","twitter_misc":{"Est. reading time":"1 minute"},"schema":{"@context":"https:\/\/schema.org","@graph":[{"@type":"WebPage","@id":"https:\/\/urbanglide.com\/en\/produit\/draisienne-bike-140\/","url":"https:\/\/urbanglide.com\/en\/produit\/draisienne-bike-140\/","name":"BIKE 140 - UrbanGlide","isPartOf":{"@id":"https:\/\/urbanglide.com\/#website"},"primaryImageOfPage":{"@id":"https:\/\/urbanglide.com\/en\/produit\/draisienne-bike-140\/#primaryimage"},"image":{"@id":"https:\/\/urbanglide.com\/en\/produit\/draisienne-bike-140\/#primaryimage"},"thumbnailUrl":"https:\/\/urbanglide.com\/wp-content\/uploads\/2022\/10\/BIKE-140.png","datePublished":"2024-10-10T08:59:07+00:00","dateModified":"2025-07-17T07:14:27+00:00","description":"Adopt a new way of getting around with the electric draisienne BIKE 140 equipped with Bluetooth technology for real-time tracking.","breadcrumb":{"@id":"https:\/\/urbanglide.com\/en\/produit\/draisienne-bike-140\/#breadcrumb"},"inLanguage":"en-US","potentialAction":[{"@type":"ReadAction","target":["https:\/\/urbanglide.com\/en\/produit\/draisienne-bike-140\/"]}]},{"@type":"ImageObject","inLanguage":"en-US","@id":"https:\/\/urbanglide.com\/en\/produit\/draisienne-bike-140\/#primaryimage","url":"https:\/\/urbanglide.com\/wp-content\/uploads\/2022\/10\/BIKE-140.png","contentUrl":"https:\/\/urbanglide.com\/wp-content\/uploads\/2022\/10\/BIKE-140.png","width":1000,"height":1000},{"@type":"BreadcrumbList","@id":"https:\/\/urbanglide.com\/en\/produit\/draisienne-bike-140\/#breadcrumb","itemListElement":[{"@type":"ListItem","position":1,"name":"Accueil","item":"https:\/\/urbanglide.com\/en\/homepage-urbanglide-new-version\/"},{"@type":"ListItem","position":2,"name":"Online shop","item":"https:\/\/urbanglide.com\/en\/boutique\/"},{"@type":"ListItem","position":3,"name":"BIKE 140"}]},{"@type":"WebSite","@id":"https:\/\/urbanglide.com\/#website","url":"https:\/\/urbanglide.com\/","name":"Urbanglide","description":"Expert fran\u00e7ais de la mobilit\u00e9 \u00e9lectrique","potentialAction":[{"@type":"SearchAction","target":{"@type":"EntryPoint","urlTemplate":"https:\/\/urbanglide.com\/?s={search_term_string}"},"query-input":{"@type":"PropertyValueSpecification","valueRequired":true,"valueName":"search_term_string"}}],"inLanguage":"en-US"}]}},"_links":{"self":[{"href":"https:\/\/urbanglide.com\/en\/wp-json\/wp\/v2\/product\/32034","targetHints":{"allow":["GET"]}}],"collection":[{"href":"https:\/\/urbanglide.com\/en\/wp-json\/wp\/v2\/product"}],"about":[{"href":"https:\/\/urbanglide.com\/en\/wp-json\/wp\/v2\/types\/product"}],"version-history":[{"count":0,"href":"https:\/\/urbanglide.com\/en\/wp-json\/wp\/v2\/product\/32034\/revisions"}],"wp:featuredmedia":[{"embeddable":true,"href":"https:\/\/urbanglide.com\/en\/wp-json\/wp\/v2\/media\/23276"}],"wp:attachment":[{"href":"https:\/\/urbanglide.com\/en\/wp-json\/wp\/v2\/media?parent=32034"}],"wp:term":[{"taxonomy":"product_brand","embeddable":true,"href":"https:\/\/urbanglide.com\/en\/wp-json\/wp\/v2\/product_brand?post=32034"},{"taxonomy":"product_cat","embeddable":true,"href":"https:\/\/urbanglide.com\/en\/wp-json\/wp\/v2\/product_cat?post=32034"},{"taxonomy":"product_tag","embeddable":true,"href":"https:\/\/urbanglide.com\/en\/wp-json\/wp\/v2\/product_tag?post=32034"}],"curies":[{"name":"wp","href":"https:\/\/api.w.org\/{rel}","templated":true}]}}