{"id":32049,"date":"2022-06-14T09:02:35","date_gmt":"2022-06-14T09:02:35","guid":{"rendered":"https:\/\/urbanglide.com\/produit\/all-road-5\/"},"modified":"2024-02-08T15:07:58","modified_gmt":"2024-02-08T15:07:58","slug":"scooter-all-road-5","status":"publish","type":"product","link":"https:\/\/urbanglide.com\/en\/produit\/scooter-all-road-5\/","title":{"rendered":"ALL ROAD 5"},"content":{"rendered":"<p>Attractive design that doesn&#8217;t go unnoticed, paired with 10&#8243; tubeless tires ensuring optimal grip on all surfaces.<\/p>\n<p>Glide through the city with style and confidence<\/p>\n","protected":false},"excerpt":{"rendered":"<p>ELEGANCE IN MOTION.<\/p>\n","protected":false},"featured_media":67070,"template":"","meta":[],"product_brand":[],"product_cat":[268],"product_tag":[],"class_list":{"0":"post-32049","1":"product","2":"type-product","3":"status-publish","4":"has-post-thumbnail","6":"product_cat-not-classified","7":"product_shipping_class-41-kg-en","9":"first","10":"outofstock","11":"taxable","12":"shipping-taxable","13":"product-type-simple"},"yoast_head":"<!-- This site is optimized with the Yoast SEO plugin v27.1.1 - https:\/\/yoast.com\/product\/yoast-seo-wordpress\/ -->\n<title>ALL ROAD 5 - UrbanGlide<\/title>\n<meta name=\"description\" content=\"Enjoy outstanding performance with the ALL ROAD 5 scooter: up to 40km of range, front and rear suspensions, and dual disc brakes.\" \/>\n<meta name=\"robots\" content=\"index, follow, max-snippet:-1, max-image-preview:large, max-video-preview:-1\" \/>\n<link rel=\"canonical\" href=\"https:\/\/urbanglide.com\/en\/produit\/scooter-all-road-5\/\" \/>\n<meta property=\"og:locale\" content=\"en_US\" \/>\n<meta property=\"og:type\" content=\"article\" \/>\n<meta property=\"og:title\" content=\"ALL ROAD 5 - UrbanGlide\" \/>\n<meta property=\"og:description\" content=\"Enjoy outstanding performance with the ALL ROAD 5 scooter: up to 40km of range, front and rear suspensions, and dual disc brakes.\" \/>\n<meta property=\"og:url\" content=\"https:\/\/urbanglide.com\/en\/produit\/scooter-all-road-5\/\" \/>\n<meta property=\"og:site_name\" content=\"UrbanGlide\" \/>\n<meta property=\"article:modified_time\" content=\"2024-02-08T15:07:58+00:00\" \/>\n<meta property=\"og:image\" content=\"https:\/\/urbanglide.com\/wp-content\/uploads\/2022\/06\/RIDE-AR5-1.png\" \/>\n\t<meta property=\"og:image:width\" content=\"1000\" \/>\n\t<meta property=\"og:image:height\" content=\"1000\" \/>\n\t<meta property=\"og:image:type\" content=\"image\/png\" \/>\n<meta name=\"twitter:card\" content=\"summary_large_image\" \/>\n<meta name=\"twitter:label1\" content=\"Est. reading time\" \/>\n\t<meta name=\"twitter:data1\" content=\"1 minute\" \/>\n<script type=\"application\/ld+json\" class=\"yoast-schema-graph\">{\"@context\":\"https:\/\/schema.org\",\"@graph\":[{\"@type\":\"WebPage\",\"@id\":\"https:\/\/urbanglide.com\/en\/produit\/scooter-all-road-5\/\",\"url\":\"https:\/\/urbanglide.com\/en\/produit\/scooter-all-road-5\/\",\"name\":\"ALL ROAD 5 - UrbanGlide\",\"isPartOf\":{\"@id\":\"https:\/\/urbanglide.com\/#website\"},\"primaryImageOfPage\":{\"@id\":\"https:\/\/urbanglide.com\/en\/produit\/scooter-all-road-5\/#primaryimage\"},\"image\":{\"@id\":\"https:\/\/urbanglide.com\/en\/produit\/scooter-all-road-5\/#primaryimage\"},\"thumbnailUrl\":\"https:\/\/urbanglide.com\/wp-content\/uploads\/2022\/06\/RIDE-AR5-2.png\",\"datePublished\":\"2022-06-14T09:02:35+00:00\",\"dateModified\":\"2024-02-08T15:07:58+00:00\",\"description\":\"Enjoy outstanding performance with the ALL ROAD 5 scooter: up to 40km of range, front and rear suspensions, and dual disc brakes.\",\"breadcrumb\":{\"@id\":\"https:\/\/urbanglide.com\/en\/produit\/scooter-all-road-5\/#breadcrumb\"},\"inLanguage\":\"en-US\",\"potentialAction\":[{\"@type\":\"ReadAction\",\"target\":[\"https:\/\/urbanglide.com\/en\/produit\/scooter-all-road-5\/\"]}]},{\"@type\":\"ImageObject\",\"inLanguage\":\"en-US\",\"@id\":\"https:\/\/urbanglide.com\/en\/produit\/scooter-all-road-5\/#primaryimage\",\"url\":\"https:\/\/urbanglide.com\/wp-content\/uploads\/2022\/06\/RIDE-AR5-2.png\",\"contentUrl\":\"https:\/\/urbanglide.com\/wp-content\/uploads\/2022\/06\/RIDE-AR5-2.png\",\"width\":1000,\"height\":1000},{\"@type\":\"BreadcrumbList\",\"@id\":\"https:\/\/urbanglide.com\/en\/produit\/scooter-all-road-5\/#breadcrumb\",\"itemListElement\":[{\"@type\":\"ListItem\",\"position\":1,\"name\":\"Accueil\",\"item\":\"https:\/\/urbanglide.com\/en\/homepage-urbanglide-new-version\/\"},{\"@type\":\"ListItem\",\"position\":2,\"name\":\"Online shop\",\"item\":\"https:\/\/urbanglide.com\/en\/boutique\/\"},{\"@type\":\"ListItem\",\"position\":3,\"name\":\"ALL ROAD 5\"}]},{\"@type\":\"WebSite\",\"@id\":\"https:\/\/urbanglide.com\/#website\",\"url\":\"https:\/\/urbanglide.com\/\",\"name\":\"Urbanglide\",\"description\":\"Expert fran\u00e7ais de la mobilit\u00e9 \u00e9lectrique\",\"potentialAction\":[{\"@type\":\"SearchAction\",\"target\":{\"@type\":\"EntryPoint\",\"urlTemplate\":\"https:\/\/urbanglide.com\/?s={search_term_string}\"},\"query-input\":{\"@type\":\"PropertyValueSpecification\",\"valueRequired\":true,\"valueName\":\"search_term_string\"}}],\"inLanguage\":\"en-US\"}]}<\/script>\n<!-- \/ Yoast SEO plugin. -->","yoast_head_json":{"title":"ALL ROAD 5 - UrbanGlide","description":"Enjoy outstanding performance with the ALL ROAD 5 scooter: up to 40km of range, front and rear suspensions, and dual disc brakes.","robots":{"index":"index","follow":"follow","max-snippet":"max-snippet:-1","max-image-preview":"max-image-preview:large","max-video-preview":"max-video-preview:-1"},"canonical":"https:\/\/urbanglide.com\/en\/produit\/scooter-all-road-5\/","og_locale":"en_US","og_type":"article","og_title":"ALL ROAD 5 - UrbanGlide","og_description":"Enjoy outstanding performance with the ALL ROAD 5 scooter: up to 40km of range, front and rear suspensions, and dual disc brakes.","og_url":"https:\/\/urbanglide.com\/en\/produit\/scooter-all-road-5\/","og_site_name":"UrbanGlide","article_modified_time":"2024-02-08T15:07:58+00:00","og_image":[{"width":1000,"height":1000,"url":"https:\/\/urbanglide.com\/wp-content\/uploads\/2022\/06\/RIDE-AR5-1.png","type":"image\/png"}],"twitter_card":"summary_large_image","twitter_misc":{"Est. reading time":"1 minute"},"schema":{"@context":"https:\/\/schema.org","@graph":[{"@type":"WebPage","@id":"https:\/\/urbanglide.com\/en\/produit\/scooter-all-road-5\/","url":"https:\/\/urbanglide.com\/en\/produit\/scooter-all-road-5\/","name":"ALL ROAD 5 - UrbanGlide","isPartOf":{"@id":"https:\/\/urbanglide.com\/#website"},"primaryImageOfPage":{"@id":"https:\/\/urbanglide.com\/en\/produit\/scooter-all-road-5\/#primaryimage"},"image":{"@id":"https:\/\/urbanglide.com\/en\/produit\/scooter-all-road-5\/#primaryimage"},"thumbnailUrl":"https:\/\/urbanglide.com\/wp-content\/uploads\/2022\/06\/RIDE-AR5-2.png","datePublished":"2022-06-14T09:02:35+00:00","dateModified":"2024-02-08T15:07:58+00:00","description":"Enjoy outstanding performance with the ALL ROAD 5 scooter: up to 40km of range, front and rear suspensions, and dual disc brakes.","breadcrumb":{"@id":"https:\/\/urbanglide.com\/en\/produit\/scooter-all-road-5\/#breadcrumb"},"inLanguage":"en-US","potentialAction":[{"@type":"ReadAction","target":["https:\/\/urbanglide.com\/en\/produit\/scooter-all-road-5\/"]}]},{"@type":"ImageObject","inLanguage":"en-US","@id":"https:\/\/urbanglide.com\/en\/produit\/scooter-all-road-5\/#primaryimage","url":"https:\/\/urbanglide.com\/wp-content\/uploads\/2022\/06\/RIDE-AR5-2.png","contentUrl":"https:\/\/urbanglide.com\/wp-content\/uploads\/2022\/06\/RIDE-AR5-2.png","width":1000,"height":1000},{"@type":"BreadcrumbList","@id":"https:\/\/urbanglide.com\/en\/produit\/scooter-all-road-5\/#breadcrumb","itemListElement":[{"@type":"ListItem","position":1,"name":"Accueil","item":"https:\/\/urbanglide.com\/en\/homepage-urbanglide-new-version\/"},{"@type":"ListItem","position":2,"name":"Online shop","item":"https:\/\/urbanglide.com\/en\/boutique\/"},{"@type":"ListItem","position":3,"name":"ALL ROAD 5"}]},{"@type":"WebSite","@id":"https:\/\/urbanglide.com\/#website","url":"https:\/\/urbanglide.com\/","name":"Urbanglide","description":"Expert fran\u00e7ais de la mobilit\u00e9 \u00e9lectrique","potentialAction":[{"@type":"SearchAction","target":{"@type":"EntryPoint","urlTemplate":"https:\/\/urbanglide.com\/?s={search_term_string}"},"query-input":{"@type":"PropertyValueSpecification","valueRequired":true,"valueName":"search_term_string"}}],"inLanguage":"en-US"}]}},"_links":{"self":[{"href":"https:\/\/urbanglide.com\/en\/wp-json\/wp\/v2\/product\/32049","targetHints":{"allow":["GET"]}}],"collection":[{"href":"https:\/\/urbanglide.com\/en\/wp-json\/wp\/v2\/product"}],"about":[{"href":"https:\/\/urbanglide.com\/en\/wp-json\/wp\/v2\/types\/product"}],"version-history":[{"count":0,"href":"https:\/\/urbanglide.com\/en\/wp-json\/wp\/v2\/product\/32049\/revisions"}],"wp:featuredmedia":[{"embeddable":true,"href":"https:\/\/urbanglide.com\/en\/wp-json\/wp\/v2\/media\/67070"}],"wp:attachment":[{"href":"https:\/\/urbanglide.com\/en\/wp-json\/wp\/v2\/media?parent=32049"}],"wp:term":[{"taxonomy":"product_brand","embeddable":true,"href":"https:\/\/urbanglide.com\/en\/wp-json\/wp\/v2\/product_brand?post=32049"},{"taxonomy":"product_cat","embeddable":true,"href":"https:\/\/urbanglide.com\/en\/wp-json\/wp\/v2\/product_cat?post=32049"},{"taxonomy":"product_tag","embeddable":true,"href":"https:\/\/urbanglide.com\/en\/wp-json\/wp\/v2\/product_tag?post=32049"}],"curies":[{"name":"wp","href":"https:\/\/api.w.org\/{rel}","templated":true}]}}