{"id":38026,"date":"2025-07-11T13:15:22","date_gmt":"2025-07-11T13:15:22","guid":{"rendered":"https:\/\/urbanglide.com\/produit\/bike-140-reborn\/"},"modified":"2024-01-31T09:39:34","modified_gmt":"2024-01-31T09:39:34","slug":"bike-140-reborn","status":"publish","type":"product","link":"https:\/\/urbanglide.com\/en\/produit\/bike-140-reborn\/","title":{"rendered":"BIKE 140 REBORN"},"content":{"rendered":"<p>Dive into a new era of electric mobility with the BIKE 140 featuring Bluetooth technology. Control your balance bike remotely, keep track of your riding statistics and receive important notifications directly on your smartphone. Stay connected to the world around you while you&#8217;re on the move.<\/p>\n<p>Its dual disc brake system, footbraces and 14-inch inflatable wheels ensure stability and comfort at all times!<\/p>\n","protected":false},"excerpt":{"rendered":"<p>STABILITY AND COMFORT<\/p>\n","protected":false},"featured_media":19927,"template":"","meta":[],"product_brand":[],"product_cat":[463],"product_tag":[],"class_list":{"0":"post-38026","1":"product","2":"type-product","3":"status-publish","4":"has-post-thumbnail","6":"product_cat-reborn-en","7":"product_shipping_class-17-kg-en","9":"first","10":"instock","11":"taxable","12":"shipping-taxable","13":"purchasable","14":"product-type-simple"},"yoast_head":"<!-- This site is optimized with the Yoast SEO plugin v27.1.1 - https:\/\/yoast.com\/product\/yoast-seo-wordpress\/ -->\n<title>BIKE 140 REBORN - UrbanGlide<\/title>\n<meta name=\"description\" content=\"Product overview refurbished balance bike BIKE 140 REBORN: Range up to 18km. Motor power of 350W. 14&#039;&#039; inner tube tires. Disc brake.\" \/>\n<meta name=\"robots\" content=\"index, follow, max-snippet:-1, max-image-preview:large, max-video-preview:-1\" \/>\n<link rel=\"canonical\" href=\"https:\/\/urbanglide.com\/en\/produit\/bike-140-reborn\/\" \/>\n<meta property=\"og:locale\" content=\"en_US\" \/>\n<meta property=\"og:type\" content=\"article\" \/>\n<meta property=\"og:title\" content=\"BIKE 140 REBORN - UrbanGlide\" \/>\n<meta property=\"og:description\" content=\"Product overview refurbished balance bike BIKE 140 REBORN: Range up to 18km. Motor power of 350W. 14&#039;&#039; inner tube tires. Disc brake.\" \/>\n<meta property=\"og:url\" content=\"https:\/\/urbanglide.com\/en\/produit\/bike-140-reborn\/\" \/>\n<meta property=\"og:site_name\" content=\"UrbanGlide\" \/>\n<meta property=\"og:image\" content=\"https:\/\/urbanglide.com\/wp-content\/uploads\/2022\/10\/BIKE-140.png\" \/>\n\t<meta property=\"og:image:width\" content=\"1000\" \/>\n\t<meta property=\"og:image:height\" content=\"1000\" \/>\n\t<meta property=\"og:image:type\" content=\"image\/png\" \/>\n<meta name=\"twitter:card\" content=\"summary_large_image\" \/>\n<meta name=\"twitter:label1\" content=\"Est. reading time\" \/>\n\t<meta name=\"twitter:data1\" content=\"1 minute\" \/>\n<script type=\"application\/ld+json\" class=\"yoast-schema-graph\">{\"@context\":\"https:\/\/schema.org\",\"@graph\":[{\"@type\":\"WebPage\",\"@id\":\"https:\/\/urbanglide.com\/en\/produit\/bike-140-reborn\/\",\"url\":\"https:\/\/urbanglide.com\/en\/produit\/bike-140-reborn\/\",\"name\":\"BIKE 140 REBORN - UrbanGlide\",\"isPartOf\":{\"@id\":\"https:\/\/urbanglide.com\/#website\"},\"primaryImageOfPage\":{\"@id\":\"https:\/\/urbanglide.com\/en\/produit\/bike-140-reborn\/#primaryimage\"},\"image\":{\"@id\":\"https:\/\/urbanglide.com\/en\/produit\/bike-140-reborn\/#primaryimage\"},\"thumbnailUrl\":\"https:\/\/urbanglide.com\/wp-content\/uploads\/2022\/05\/BIKE-140.png\",\"datePublished\":\"2025-07-11T13:15:22+00:00\",\"description\":\"Product overview refurbished balance bike BIKE 140 REBORN: Range up to 18km. Motor power of 350W. 14'' inner tube tires. Disc brake.\",\"breadcrumb\":{\"@id\":\"https:\/\/urbanglide.com\/en\/produit\/bike-140-reborn\/#breadcrumb\"},\"inLanguage\":\"en-US\",\"potentialAction\":[{\"@type\":\"ReadAction\",\"target\":[\"https:\/\/urbanglide.com\/en\/produit\/bike-140-reborn\/\"]}]},{\"@type\":\"ImageObject\",\"inLanguage\":\"en-US\",\"@id\":\"https:\/\/urbanglide.com\/en\/produit\/bike-140-reborn\/#primaryimage\",\"url\":\"https:\/\/urbanglide.com\/wp-content\/uploads\/2022\/05\/BIKE-140.png\",\"contentUrl\":\"https:\/\/urbanglide.com\/wp-content\/uploads\/2022\/05\/BIKE-140.png\",\"width\":1000,\"height\":1000},{\"@type\":\"BreadcrumbList\",\"@id\":\"https:\/\/urbanglide.com\/en\/produit\/bike-140-reborn\/#breadcrumb\",\"itemListElement\":[{\"@type\":\"ListItem\",\"position\":1,\"name\":\"Accueil\",\"item\":\"https:\/\/urbanglide.com\/en\/homepage-urbanglide-new-version\/\"},{\"@type\":\"ListItem\",\"position\":2,\"name\":\"Online shop\",\"item\":\"https:\/\/urbanglide.com\/en\/boutique\/\"},{\"@type\":\"ListItem\",\"position\":3,\"name\":\"BIKE 140 REBORN\"}]},{\"@type\":\"WebSite\",\"@id\":\"https:\/\/urbanglide.com\/#website\",\"url\":\"https:\/\/urbanglide.com\/\",\"name\":\"Urbanglide\",\"description\":\"Expert fran\u00e7ais de la mobilit\u00e9 \u00e9lectrique\",\"potentialAction\":[{\"@type\":\"SearchAction\",\"target\":{\"@type\":\"EntryPoint\",\"urlTemplate\":\"https:\/\/urbanglide.com\/?s={search_term_string}\"},\"query-input\":{\"@type\":\"PropertyValueSpecification\",\"valueRequired\":true,\"valueName\":\"search_term_string\"}}],\"inLanguage\":\"en-US\"}]}<\/script>\n<!-- \/ Yoast SEO plugin. -->","yoast_head_json":{"title":"BIKE 140 REBORN - UrbanGlide","description":"Product overview refurbished balance bike BIKE 140 REBORN: Range up to 18km. Motor power of 350W. 14'' inner tube tires. Disc brake.","robots":{"index":"index","follow":"follow","max-snippet":"max-snippet:-1","max-image-preview":"max-image-preview:large","max-video-preview":"max-video-preview:-1"},"canonical":"https:\/\/urbanglide.com\/en\/produit\/bike-140-reborn\/","og_locale":"en_US","og_type":"article","og_title":"BIKE 140 REBORN - UrbanGlide","og_description":"Product overview refurbished balance bike BIKE 140 REBORN: Range up to 18km. Motor power of 350W. 14'' inner tube tires. Disc brake.","og_url":"https:\/\/urbanglide.com\/en\/produit\/bike-140-reborn\/","og_site_name":"UrbanGlide","og_image":[{"width":1000,"height":1000,"url":"https:\/\/urbanglide.com\/wp-content\/uploads\/2022\/10\/BIKE-140.png","type":"image\/png"}],"twitter_card":"summary_large_image","twitter_misc":{"Est. reading time":"1 minute"},"schema":{"@context":"https:\/\/schema.org","@graph":[{"@type":"WebPage","@id":"https:\/\/urbanglide.com\/en\/produit\/bike-140-reborn\/","url":"https:\/\/urbanglide.com\/en\/produit\/bike-140-reborn\/","name":"BIKE 140 REBORN - UrbanGlide","isPartOf":{"@id":"https:\/\/urbanglide.com\/#website"},"primaryImageOfPage":{"@id":"https:\/\/urbanglide.com\/en\/produit\/bike-140-reborn\/#primaryimage"},"image":{"@id":"https:\/\/urbanglide.com\/en\/produit\/bike-140-reborn\/#primaryimage"},"thumbnailUrl":"https:\/\/urbanglide.com\/wp-content\/uploads\/2022\/05\/BIKE-140.png","datePublished":"2025-07-11T13:15:22+00:00","description":"Product overview refurbished balance bike BIKE 140 REBORN: Range up to 18km. Motor power of 350W. 14'' inner tube tires. Disc brake.","breadcrumb":{"@id":"https:\/\/urbanglide.com\/en\/produit\/bike-140-reborn\/#breadcrumb"},"inLanguage":"en-US","potentialAction":[{"@type":"ReadAction","target":["https:\/\/urbanglide.com\/en\/produit\/bike-140-reborn\/"]}]},{"@type":"ImageObject","inLanguage":"en-US","@id":"https:\/\/urbanglide.com\/en\/produit\/bike-140-reborn\/#primaryimage","url":"https:\/\/urbanglide.com\/wp-content\/uploads\/2022\/05\/BIKE-140.png","contentUrl":"https:\/\/urbanglide.com\/wp-content\/uploads\/2022\/05\/BIKE-140.png","width":1000,"height":1000},{"@type":"BreadcrumbList","@id":"https:\/\/urbanglide.com\/en\/produit\/bike-140-reborn\/#breadcrumb","itemListElement":[{"@type":"ListItem","position":1,"name":"Accueil","item":"https:\/\/urbanglide.com\/en\/homepage-urbanglide-new-version\/"},{"@type":"ListItem","position":2,"name":"Online shop","item":"https:\/\/urbanglide.com\/en\/boutique\/"},{"@type":"ListItem","position":3,"name":"BIKE 140 REBORN"}]},{"@type":"WebSite","@id":"https:\/\/urbanglide.com\/#website","url":"https:\/\/urbanglide.com\/","name":"Urbanglide","description":"Expert fran\u00e7ais de la mobilit\u00e9 \u00e9lectrique","potentialAction":[{"@type":"SearchAction","target":{"@type":"EntryPoint","urlTemplate":"https:\/\/urbanglide.com\/?s={search_term_string}"},"query-input":{"@type":"PropertyValueSpecification","valueRequired":true,"valueName":"search_term_string"}}],"inLanguage":"en-US"}]}},"_links":{"self":[{"href":"https:\/\/urbanglide.com\/en\/wp-json\/wp\/v2\/product\/38026","targetHints":{"allow":["GET"]}}],"collection":[{"href":"https:\/\/urbanglide.com\/en\/wp-json\/wp\/v2\/product"}],"about":[{"href":"https:\/\/urbanglide.com\/en\/wp-json\/wp\/v2\/types\/product"}],"version-history":[{"count":0,"href":"https:\/\/urbanglide.com\/en\/wp-json\/wp\/v2\/product\/38026\/revisions"}],"wp:featuredmedia":[{"embeddable":true,"href":"https:\/\/urbanglide.com\/en\/wp-json\/wp\/v2\/media\/19927"}],"wp:attachment":[{"href":"https:\/\/urbanglide.com\/en\/wp-json\/wp\/v2\/media?parent=38026"}],"wp:term":[{"taxonomy":"product_brand","embeddable":true,"href":"https:\/\/urbanglide.com\/en\/wp-json\/wp\/v2\/product_brand?post=38026"},{"taxonomy":"product_cat","embeddable":true,"href":"https:\/\/urbanglide.com\/en\/wp-json\/wp\/v2\/product_cat?post=38026"},{"taxonomy":"product_tag","embeddable":true,"href":"https:\/\/urbanglide.com\/en\/wp-json\/wp\/v2\/product_tag?post=38026"}],"curies":[{"name":"wp","href":"https:\/\/api.w.org\/{rel}","templated":true}]}}