{"id":38031,"date":"2025-07-11T12:16:16","date_gmt":"2025-07-11T12:16:16","guid":{"rendered":"https:\/\/urbanglide.com\/produit\/e-cross-pro-reborn\/"},"modified":"2024-01-30T13:06:29","modified_gmt":"2024-01-30T13:06:29","slug":"e-cross-pro-reborn","status":"publish","type":"product","link":"https:\/\/urbanglide.com\/en\/produit\/e-cross-pro-reborn\/","title":{"rendered":"E-CROSS PRO REBORN"},"content":{"rendered":"<p>The Ecross Pro combines performance, comfort and safety in a breathtaking design. An electrifying ride that propels you to new horizons<\/p>\n","protected":false},"excerpt":{"rendered":"<p>EXPERT ON ANY ITINERARY<\/p>\n","protected":false},"featured_media":23256,"template":"","meta":[],"product_brand":[],"product_cat":[463,236],"product_tag":[],"class_list":{"0":"post-38031","1":"product","2":"type-product","3":"status-publish","4":"has-post-thumbnail","6":"product_cat-reborn-en","7":"product_cat-scooters","8":"product_shipping_class-2528-kg-en","10":"first","11":"outofstock","12":"taxable","13":"shipping-taxable","14":"purchasable","15":"product-type-simple"},"yoast_head":"<!-- This site is optimized with the Yoast SEO plugin v27.1.1 - https:\/\/yoast.com\/product\/yoast-seo-wordpress\/ -->\n<title>E-CROSS PRO REBORN - UrbanGlide<\/title>\n<meta name=\"description\" content=\"Experience an electrifying ride with the reconditioned E-CROSS PRO REBORN scooter, combining performance, comfort, and safety all in one.\" \/>\n<meta name=\"robots\" content=\"index, follow, max-snippet:-1, max-image-preview:large, max-video-preview:-1\" \/>\n<link rel=\"canonical\" href=\"https:\/\/urbanglide.com\/en\/produit\/e-cross-pro-reborn\/\" \/>\n<meta property=\"og:locale\" content=\"en_US\" \/>\n<meta property=\"og:type\" content=\"article\" \/>\n<meta property=\"og:title\" content=\"E-CROSS PRO REBORN - UrbanGlide\" \/>\n<meta property=\"og:description\" content=\"Experience an electrifying ride with the reconditioned E-CROSS PRO REBORN scooter, combining performance, comfort, and safety all in one.\" \/>\n<meta property=\"og:url\" content=\"https:\/\/urbanglide.com\/en\/produit\/e-cross-pro-reborn\/\" \/>\n<meta property=\"og:site_name\" content=\"UrbanGlide\" \/>\n<meta property=\"og:image\" content=\"https:\/\/urbanglide.com\/wp-content\/uploads\/2022\/09\/RIDE-ecross-pro.png\" \/>\n\t<meta property=\"og:image:width\" content=\"1000\" \/>\n\t<meta property=\"og:image:height\" content=\"1000\" \/>\n\t<meta property=\"og:image:type\" content=\"image\/png\" \/>\n<meta name=\"twitter:card\" content=\"summary_large_image\" \/>\n<meta name=\"twitter:label1\" content=\"Est. reading time\" \/>\n\t<meta name=\"twitter:data1\" content=\"1 minute\" \/>\n<script type=\"application\/ld+json\" class=\"yoast-schema-graph\">{\"@context\":\"https:\/\/schema.org\",\"@graph\":[{\"@type\":\"WebPage\",\"@id\":\"https:\/\/urbanglide.com\/en\/produit\/e-cross-pro-reborn\/\",\"url\":\"https:\/\/urbanglide.com\/en\/produit\/e-cross-pro-reborn\/\",\"name\":\"E-CROSS PRO REBORN - UrbanGlide\",\"isPartOf\":{\"@id\":\"https:\/\/urbanglide.com\/#website\"},\"primaryImageOfPage\":{\"@id\":\"https:\/\/urbanglide.com\/en\/produit\/e-cross-pro-reborn\/#primaryimage\"},\"image\":{\"@id\":\"https:\/\/urbanglide.com\/en\/produit\/e-cross-pro-reborn\/#primaryimage\"},\"thumbnailUrl\":\"https:\/\/urbanglide.com\/wp-content\/uploads\/2022\/09\/RIDE-ecross-pro.png\",\"datePublished\":\"2025-07-11T12:16:16+00:00\",\"description\":\"Experience an electrifying ride with the reconditioned E-CROSS PRO REBORN scooter, combining performance, comfort, and safety all in one.\",\"breadcrumb\":{\"@id\":\"https:\/\/urbanglide.com\/en\/produit\/e-cross-pro-reborn\/#breadcrumb\"},\"inLanguage\":\"en-US\",\"potentialAction\":[{\"@type\":\"ReadAction\",\"target\":[\"https:\/\/urbanglide.com\/en\/produit\/e-cross-pro-reborn\/\"]}]},{\"@type\":\"ImageObject\",\"inLanguage\":\"en-US\",\"@id\":\"https:\/\/urbanglide.com\/en\/produit\/e-cross-pro-reborn\/#primaryimage\",\"url\":\"https:\/\/urbanglide.com\/wp-content\/uploads\/2022\/09\/RIDE-ecross-pro.png\",\"contentUrl\":\"https:\/\/urbanglide.com\/wp-content\/uploads\/2022\/09\/RIDE-ecross-pro.png\",\"width\":1000,\"height\":1000},{\"@type\":\"BreadcrumbList\",\"@id\":\"https:\/\/urbanglide.com\/en\/produit\/e-cross-pro-reborn\/#breadcrumb\",\"itemListElement\":[{\"@type\":\"ListItem\",\"position\":1,\"name\":\"Accueil\",\"item\":\"https:\/\/urbanglide.com\/en\/homepage-urbanglide-new-version\/\"},{\"@type\":\"ListItem\",\"position\":2,\"name\":\"Online shop\",\"item\":\"https:\/\/urbanglide.com\/en\/boutique\/\"},{\"@type\":\"ListItem\",\"position\":3,\"name\":\"E-CROSS PRO REBORN\"}]},{\"@type\":\"WebSite\",\"@id\":\"https:\/\/urbanglide.com\/#website\",\"url\":\"https:\/\/urbanglide.com\/\",\"name\":\"Urbanglide\",\"description\":\"Expert fran\u00e7ais de la mobilit\u00e9 \u00e9lectrique\",\"potentialAction\":[{\"@type\":\"SearchAction\",\"target\":{\"@type\":\"EntryPoint\",\"urlTemplate\":\"https:\/\/urbanglide.com\/?s={search_term_string}\"},\"query-input\":{\"@type\":\"PropertyValueSpecification\",\"valueRequired\":true,\"valueName\":\"search_term_string\"}}],\"inLanguage\":\"en-US\"}]}<\/script>\n<!-- \/ Yoast SEO plugin. -->","yoast_head_json":{"title":"E-CROSS PRO REBORN - UrbanGlide","description":"Experience an electrifying ride with the reconditioned E-CROSS PRO REBORN scooter, combining performance, comfort, and safety all in one.","robots":{"index":"index","follow":"follow","max-snippet":"max-snippet:-1","max-image-preview":"max-image-preview:large","max-video-preview":"max-video-preview:-1"},"canonical":"https:\/\/urbanglide.com\/en\/produit\/e-cross-pro-reborn\/","og_locale":"en_US","og_type":"article","og_title":"E-CROSS PRO REBORN - UrbanGlide","og_description":"Experience an electrifying ride with the reconditioned E-CROSS PRO REBORN scooter, combining performance, comfort, and safety all in one.","og_url":"https:\/\/urbanglide.com\/en\/produit\/e-cross-pro-reborn\/","og_site_name":"UrbanGlide","og_image":[{"width":1000,"height":1000,"url":"https:\/\/urbanglide.com\/wp-content\/uploads\/2022\/09\/RIDE-ecross-pro.png","type":"image\/png"}],"twitter_card":"summary_large_image","twitter_misc":{"Est. reading time":"1 minute"},"schema":{"@context":"https:\/\/schema.org","@graph":[{"@type":"WebPage","@id":"https:\/\/urbanglide.com\/en\/produit\/e-cross-pro-reborn\/","url":"https:\/\/urbanglide.com\/en\/produit\/e-cross-pro-reborn\/","name":"E-CROSS PRO REBORN - UrbanGlide","isPartOf":{"@id":"https:\/\/urbanglide.com\/#website"},"primaryImageOfPage":{"@id":"https:\/\/urbanglide.com\/en\/produit\/e-cross-pro-reborn\/#primaryimage"},"image":{"@id":"https:\/\/urbanglide.com\/en\/produit\/e-cross-pro-reborn\/#primaryimage"},"thumbnailUrl":"https:\/\/urbanglide.com\/wp-content\/uploads\/2022\/09\/RIDE-ecross-pro.png","datePublished":"2025-07-11T12:16:16+00:00","description":"Experience an electrifying ride with the reconditioned E-CROSS PRO REBORN scooter, combining performance, comfort, and safety all in one.","breadcrumb":{"@id":"https:\/\/urbanglide.com\/en\/produit\/e-cross-pro-reborn\/#breadcrumb"},"inLanguage":"en-US","potentialAction":[{"@type":"ReadAction","target":["https:\/\/urbanglide.com\/en\/produit\/e-cross-pro-reborn\/"]}]},{"@type":"ImageObject","inLanguage":"en-US","@id":"https:\/\/urbanglide.com\/en\/produit\/e-cross-pro-reborn\/#primaryimage","url":"https:\/\/urbanglide.com\/wp-content\/uploads\/2022\/09\/RIDE-ecross-pro.png","contentUrl":"https:\/\/urbanglide.com\/wp-content\/uploads\/2022\/09\/RIDE-ecross-pro.png","width":1000,"height":1000},{"@type":"BreadcrumbList","@id":"https:\/\/urbanglide.com\/en\/produit\/e-cross-pro-reborn\/#breadcrumb","itemListElement":[{"@type":"ListItem","position":1,"name":"Accueil","item":"https:\/\/urbanglide.com\/en\/homepage-urbanglide-new-version\/"},{"@type":"ListItem","position":2,"name":"Online shop","item":"https:\/\/urbanglide.com\/en\/boutique\/"},{"@type":"ListItem","position":3,"name":"E-CROSS PRO REBORN"}]},{"@type":"WebSite","@id":"https:\/\/urbanglide.com\/#website","url":"https:\/\/urbanglide.com\/","name":"Urbanglide","description":"Expert fran\u00e7ais de la mobilit\u00e9 \u00e9lectrique","potentialAction":[{"@type":"SearchAction","target":{"@type":"EntryPoint","urlTemplate":"https:\/\/urbanglide.com\/?s={search_term_string}"},"query-input":{"@type":"PropertyValueSpecification","valueRequired":true,"valueName":"search_term_string"}}],"inLanguage":"en-US"}]}},"_links":{"self":[{"href":"https:\/\/urbanglide.com\/en\/wp-json\/wp\/v2\/product\/38031","targetHints":{"allow":["GET"]}}],"collection":[{"href":"https:\/\/urbanglide.com\/en\/wp-json\/wp\/v2\/product"}],"about":[{"href":"https:\/\/urbanglide.com\/en\/wp-json\/wp\/v2\/types\/product"}],"version-history":[{"count":0,"href":"https:\/\/urbanglide.com\/en\/wp-json\/wp\/v2\/product\/38031\/revisions"}],"wp:featuredmedia":[{"embeddable":true,"href":"https:\/\/urbanglide.com\/en\/wp-json\/wp\/v2\/media\/23256"}],"wp:attachment":[{"href":"https:\/\/urbanglide.com\/en\/wp-json\/wp\/v2\/media?parent=38031"}],"wp:term":[{"taxonomy":"product_brand","embeddable":true,"href":"https:\/\/urbanglide.com\/en\/wp-json\/wp\/v2\/product_brand?post=38031"},{"taxonomy":"product_cat","embeddable":true,"href":"https:\/\/urbanglide.com\/en\/wp-json\/wp\/v2\/product_cat?post=38031"},{"taxonomy":"product_tag","embeddable":true,"href":"https:\/\/urbanglide.com\/en\/wp-json\/wp\/v2\/product_tag?post=38031"}],"curies":[{"name":"wp","href":"https:\/\/api.w.org\/{rel}","templated":true}]}}