{"id":47375,"date":"2024-11-30T16:24:38","date_gmt":"2024-11-30T16:24:38","guid":{"rendered":"https:\/\/urbanglide.com\/?post_type=product&#038;p=47375"},"modified":"2025-12-03T00:40:17","modified_gmt":"2025-12-03T00:40:17","slug":"scooter-ride-500ct","status":"publish","type":"product","link":"https:\/\/urbanglide.com\/en\/produit\/scooter-ride-500ct\/","title":{"rendered":"500CT"},"content":{"rendered":"<div class=\"ewa-rteLine\">\n<p>Attractive design that doesn&#8217;t go unnoticed, paired with treaded tires, ensuring optimal grip on all surfaces.<\/p>\n<p>Glide through the city with style and confidence. Turn heads at every bend!<\/p>\n<\/div>\n<div class=\"ewa-rteLine\"><\/div>\n","protected":false},"excerpt":{"rendered":"<p>TAME THE URBAN JUNGLE<\/p>\n","protected":false},"featured_media":67198,"template":"","meta":[],"product_brand":[],"product_cat":[236,626],"product_tag":[],"class_list":{"0":"post-47375","1":"product","2":"type-product","3":"status-publish","4":"has-post-thumbnail","6":"product_cat-scooters","7":"product_cat-city","8":"product_shipping_class-41-kg-en","10":"first","11":"outofstock","12":"taxable","13":"shipping-taxable","14":"purchasable","15":"product-type-simple"},"yoast_head":"<!-- This site is optimized with the Yoast SEO plugin v27.1.1 - https:\/\/yoast.com\/product\/yoast-seo-wordpress\/ -->\n<title>500CT - UrbanGlide<\/title>\n<meta name=\"description\" content=\"Discover a thrilling ride thanks to the scooter&#039;s 800W motor 500CT. With its dual suspension, enjoy a smooth ride.\" \/>\n<meta name=\"robots\" content=\"index, follow, max-snippet:-1, max-image-preview:large, max-video-preview:-1\" \/>\n<link rel=\"canonical\" href=\"https:\/\/urbanglide.com\/en\/produit\/scooter-ride-500ct\/\" \/>\n<meta property=\"og:locale\" content=\"en_US\" \/>\n<meta property=\"og:type\" content=\"article\" \/>\n<meta property=\"og:title\" content=\"500CT - UrbanGlide\" \/>\n<meta property=\"og:description\" content=\"Discover a thrilling ride thanks to the scooter&#039;s 800W motor 500CT. With its dual suspension, enjoy a smooth ride.\" \/>\n<meta property=\"og:url\" content=\"https:\/\/urbanglide.com\/en\/produit\/scooter-ride-500ct\/\" \/>\n<meta property=\"og:site_name\" content=\"UrbanGlide\" \/>\n<meta property=\"article:modified_time\" content=\"2025-12-03T00:40:17+00:00\" \/>\n<meta property=\"og:image\" content=\"https:\/\/urbanglide.com\/wp-content\/uploads\/2025\/03\/RIDE-500CT-exclu.png\" \/>\n\t<meta property=\"og:image:width\" content=\"1000\" \/>\n\t<meta property=\"og:image:height\" content=\"1000\" \/>\n\t<meta property=\"og:image:type\" content=\"image\/png\" \/>\n<meta name=\"twitter:card\" content=\"summary_large_image\" \/>\n<meta name=\"twitter:label1\" content=\"Est. reading time\" \/>\n\t<meta name=\"twitter:data1\" content=\"1 minute\" \/>\n<script type=\"application\/ld+json\" class=\"yoast-schema-graph\">{\"@context\":\"https:\/\/schema.org\",\"@graph\":[{\"@type\":\"WebPage\",\"@id\":\"https:\/\/urbanglide.com\/en\/produit\/scooter-ride-500ct\/\",\"url\":\"https:\/\/urbanglide.com\/en\/produit\/scooter-ride-500ct\/\",\"name\":\"500CT - UrbanGlide\",\"isPartOf\":{\"@id\":\"https:\/\/urbanglide.com\/#website\"},\"primaryImageOfPage\":{\"@id\":\"https:\/\/urbanglide.com\/en\/produit\/scooter-ride-500ct\/#primaryimage\"},\"image\":{\"@id\":\"https:\/\/urbanglide.com\/en\/produit\/scooter-ride-500ct\/#primaryimage\"},\"thumbnailUrl\":\"https:\/\/urbanglide.com\/wp-content\/uploads\/2023\/11\/RIDE-500CT-2.png\",\"datePublished\":\"2024-11-30T16:24:38+00:00\",\"dateModified\":\"2025-12-03T00:40:17+00:00\",\"description\":\"Discover a thrilling ride thanks to the scooter's 800W motor 500CT. With its dual suspension, enjoy a smooth ride.\",\"breadcrumb\":{\"@id\":\"https:\/\/urbanglide.com\/en\/produit\/scooter-ride-500ct\/#breadcrumb\"},\"inLanguage\":\"en-US\",\"potentialAction\":[{\"@type\":\"ReadAction\",\"target\":[\"https:\/\/urbanglide.com\/en\/produit\/scooter-ride-500ct\/\"]}]},{\"@type\":\"ImageObject\",\"inLanguage\":\"en-US\",\"@id\":\"https:\/\/urbanglide.com\/en\/produit\/scooter-ride-500ct\/#primaryimage\",\"url\":\"https:\/\/urbanglide.com\/wp-content\/uploads\/2023\/11\/RIDE-500CT-2.png\",\"contentUrl\":\"https:\/\/urbanglide.com\/wp-content\/uploads\/2023\/11\/RIDE-500CT-2.png\",\"width\":1000,\"height\":1000},{\"@type\":\"BreadcrumbList\",\"@id\":\"https:\/\/urbanglide.com\/en\/produit\/scooter-ride-500ct\/#breadcrumb\",\"itemListElement\":[{\"@type\":\"ListItem\",\"position\":1,\"name\":\"Accueil\",\"item\":\"https:\/\/urbanglide.com\/en\/homepage-urbanglide-new-version\/\"},{\"@type\":\"ListItem\",\"position\":2,\"name\":\"Online shop\",\"item\":\"https:\/\/urbanglide.com\/en\/boutique\/\"},{\"@type\":\"ListItem\",\"position\":3,\"name\":\"500CT\"}]},{\"@type\":\"WebSite\",\"@id\":\"https:\/\/urbanglide.com\/#website\",\"url\":\"https:\/\/urbanglide.com\/\",\"name\":\"Urbanglide\",\"description\":\"Expert fran\u00e7ais de la mobilit\u00e9 \u00e9lectrique\",\"potentialAction\":[{\"@type\":\"SearchAction\",\"target\":{\"@type\":\"EntryPoint\",\"urlTemplate\":\"https:\/\/urbanglide.com\/?s={search_term_string}\"},\"query-input\":{\"@type\":\"PropertyValueSpecification\",\"valueRequired\":true,\"valueName\":\"search_term_string\"}}],\"inLanguage\":\"en-US\"}]}<\/script>\n<!-- \/ Yoast SEO plugin. -->","yoast_head_json":{"title":"500CT - UrbanGlide","description":"Discover a thrilling ride thanks to the scooter's 800W motor 500CT. With its dual suspension, enjoy a smooth ride.","robots":{"index":"index","follow":"follow","max-snippet":"max-snippet:-1","max-image-preview":"max-image-preview:large","max-video-preview":"max-video-preview:-1"},"canonical":"https:\/\/urbanglide.com\/en\/produit\/scooter-ride-500ct\/","og_locale":"en_US","og_type":"article","og_title":"500CT - UrbanGlide","og_description":"Discover a thrilling ride thanks to the scooter's 800W motor 500CT. With its dual suspension, enjoy a smooth ride.","og_url":"https:\/\/urbanglide.com\/en\/produit\/scooter-ride-500ct\/","og_site_name":"UrbanGlide","article_modified_time":"2025-12-03T00:40:17+00:00","og_image":[{"width":1000,"height":1000,"url":"https:\/\/urbanglide.com\/wp-content\/uploads\/2025\/03\/RIDE-500CT-exclu.png","type":"image\/png"}],"twitter_card":"summary_large_image","twitter_misc":{"Est. reading time":"1 minute"},"schema":{"@context":"https:\/\/schema.org","@graph":[{"@type":"WebPage","@id":"https:\/\/urbanglide.com\/en\/produit\/scooter-ride-500ct\/","url":"https:\/\/urbanglide.com\/en\/produit\/scooter-ride-500ct\/","name":"500CT - UrbanGlide","isPartOf":{"@id":"https:\/\/urbanglide.com\/#website"},"primaryImageOfPage":{"@id":"https:\/\/urbanglide.com\/en\/produit\/scooter-ride-500ct\/#primaryimage"},"image":{"@id":"https:\/\/urbanglide.com\/en\/produit\/scooter-ride-500ct\/#primaryimage"},"thumbnailUrl":"https:\/\/urbanglide.com\/wp-content\/uploads\/2023\/11\/RIDE-500CT-2.png","datePublished":"2024-11-30T16:24:38+00:00","dateModified":"2025-12-03T00:40:17+00:00","description":"Discover a thrilling ride thanks to the scooter's 800W motor 500CT. With its dual suspension, enjoy a smooth ride.","breadcrumb":{"@id":"https:\/\/urbanglide.com\/en\/produit\/scooter-ride-500ct\/#breadcrumb"},"inLanguage":"en-US","potentialAction":[{"@type":"ReadAction","target":["https:\/\/urbanglide.com\/en\/produit\/scooter-ride-500ct\/"]}]},{"@type":"ImageObject","inLanguage":"en-US","@id":"https:\/\/urbanglide.com\/en\/produit\/scooter-ride-500ct\/#primaryimage","url":"https:\/\/urbanglide.com\/wp-content\/uploads\/2023\/11\/RIDE-500CT-2.png","contentUrl":"https:\/\/urbanglide.com\/wp-content\/uploads\/2023\/11\/RIDE-500CT-2.png","width":1000,"height":1000},{"@type":"BreadcrumbList","@id":"https:\/\/urbanglide.com\/en\/produit\/scooter-ride-500ct\/#breadcrumb","itemListElement":[{"@type":"ListItem","position":1,"name":"Accueil","item":"https:\/\/urbanglide.com\/en\/homepage-urbanglide-new-version\/"},{"@type":"ListItem","position":2,"name":"Online shop","item":"https:\/\/urbanglide.com\/en\/boutique\/"},{"@type":"ListItem","position":3,"name":"500CT"}]},{"@type":"WebSite","@id":"https:\/\/urbanglide.com\/#website","url":"https:\/\/urbanglide.com\/","name":"Urbanglide","description":"Expert fran\u00e7ais de la mobilit\u00e9 \u00e9lectrique","potentialAction":[{"@type":"SearchAction","target":{"@type":"EntryPoint","urlTemplate":"https:\/\/urbanglide.com\/?s={search_term_string}"},"query-input":{"@type":"PropertyValueSpecification","valueRequired":true,"valueName":"search_term_string"}}],"inLanguage":"en-US"}]}},"_links":{"self":[{"href":"https:\/\/urbanglide.com\/en\/wp-json\/wp\/v2\/product\/47375","targetHints":{"allow":["GET"]}}],"collection":[{"href":"https:\/\/urbanglide.com\/en\/wp-json\/wp\/v2\/product"}],"about":[{"href":"https:\/\/urbanglide.com\/en\/wp-json\/wp\/v2\/types\/product"}],"version-history":[{"count":0,"href":"https:\/\/urbanglide.com\/en\/wp-json\/wp\/v2\/product\/47375\/revisions"}],"wp:featuredmedia":[{"embeddable":true,"href":"https:\/\/urbanglide.com\/en\/wp-json\/wp\/v2\/media\/67198"}],"wp:attachment":[{"href":"https:\/\/urbanglide.com\/en\/wp-json\/wp\/v2\/media?parent=47375"}],"wp:term":[{"taxonomy":"product_brand","embeddable":true,"href":"https:\/\/urbanglide.com\/en\/wp-json\/wp\/v2\/product_brand?post=47375"},{"taxonomy":"product_cat","embeddable":true,"href":"https:\/\/urbanglide.com\/en\/wp-json\/wp\/v2\/product_cat?post=47375"},{"taxonomy":"product_tag","embeddable":true,"href":"https:\/\/urbanglide.com\/en\/wp-json\/wp\/v2\/product_tag?post=47375"}],"curies":[{"name":"wp","href":"https:\/\/api.w.org\/{rel}","templated":true}]}}