{"id":47405,"date":"2024-12-01T09:22:44","date_gmt":"2024-12-01T09:22:44","guid":{"rendered":"https:\/\/urbanglide.com\/?post_type=product&#038;p=47405"},"modified":"2024-02-08T13:49:38","modified_gmt":"2024-02-08T13:49:38","slug":"scooter-ride-85-city","status":"publish","type":"product","link":"https:\/\/urbanglide.com\/en\/produit\/scooter-ride-85-city\/","title":{"rendered":"85 CITY"},"content":{"rendered":"<p>Perfect for experienced users as well as for first-time electric scooter riders, the 85 CITY will charm you with its exclusive, ergonomic design and modern features<\/p>\n","protected":false},"excerpt":{"rendered":"<p>THE CITY IS YOURS<\/p>\n","protected":false},"featured_media":66985,"template":"","meta":[],"product_brand":[],"product_cat":[15],"product_tag":[],"class_list":{"0":"post-47405","1":"product","2":"type-product","3":"status-publish","4":"has-post-thumbnail","6":"product_cat-non-classe","7":"product_shipping_class-17-kg-en","9":"first","10":"outofstock","11":"taxable","12":"shipping-taxable","13":"product-type-simple"},"yoast_head":"<!-- This site is optimized with the Yoast SEO plugin v27.1.1 - https:\/\/yoast.com\/product\/yoast-seo-wordpress\/ -->\n<title>85 CITY - UrbanGlide<\/title>\n<meta name=\"description\" content=\"Product overview scooter 85 CITY : Range up to 20 km. Maximum motor power 450W. 8,5- inches inner tube tyres. Disc brake.\" \/>\n<meta name=\"robots\" content=\"index, follow, max-snippet:-1, max-image-preview:large, max-video-preview:-1\" \/>\n<link rel=\"canonical\" href=\"https:\/\/urbanglide.com\/en\/produit\/scooter-ride-85-city\/\" \/>\n<meta property=\"og:locale\" content=\"en_US\" \/>\n<meta property=\"og:type\" content=\"article\" \/>\n<meta property=\"og:title\" content=\"85 CITY - UrbanGlide\" \/>\n<meta property=\"og:description\" content=\"Product overview scooter 85 CITY : Range up to 20 km. Maximum motor power 450W. 8,5- inches inner tube tyres. Disc brake.\" \/>\n<meta property=\"og:url\" content=\"https:\/\/urbanglide.com\/en\/produit\/scooter-ride-85-city\/\" \/>\n<meta property=\"og:site_name\" content=\"UrbanGlide\" \/>\n<meta property=\"og:image\" content=\"https:\/\/urbanglide.com\/wp-content\/uploads\/2023\/12\/RIDE-85CITY-2.png\" \/>\n\t<meta property=\"og:image:width\" content=\"1000\" \/>\n\t<meta property=\"og:image:height\" content=\"1000\" \/>\n\t<meta property=\"og:image:type\" content=\"image\/png\" \/>\n<meta name=\"twitter:card\" content=\"summary_large_image\" \/>\n<meta name=\"twitter:label1\" content=\"Est. reading time\" \/>\n\t<meta name=\"twitter:data1\" content=\"1 minute\" \/>\n<script type=\"application\/ld+json\" class=\"yoast-schema-graph\">{\"@context\":\"https:\/\/schema.org\",\"@graph\":[{\"@type\":\"WebPage\",\"@id\":\"https:\/\/urbanglide.com\/en\/produit\/scooter-ride-85-city\/\",\"url\":\"https:\/\/urbanglide.com\/en\/produit\/scooter-ride-85-city\/\",\"name\":\"85 CITY - UrbanGlide\",\"isPartOf\":{\"@id\":\"https:\/\/urbanglide.com\/#website\"},\"primaryImageOfPage\":{\"@id\":\"https:\/\/urbanglide.com\/en\/produit\/scooter-ride-85-city\/#primaryimage\"},\"image\":{\"@id\":\"https:\/\/urbanglide.com\/en\/produit\/scooter-ride-85-city\/#primaryimage\"},\"thumbnailUrl\":\"https:\/\/urbanglide.com\/wp-content\/uploads\/2023\/12\/RIDE-85CITY-2.png\",\"datePublished\":\"2024-12-01T09:22:44+00:00\",\"description\":\"Product overview scooter 85 CITY : Range up to 20 km. Maximum motor power 450W. 8,5- inches inner tube tyres. Disc brake.\",\"breadcrumb\":{\"@id\":\"https:\/\/urbanglide.com\/en\/produit\/scooter-ride-85-city\/#breadcrumb\"},\"inLanguage\":\"en-US\",\"potentialAction\":[{\"@type\":\"ReadAction\",\"target\":[\"https:\/\/urbanglide.com\/en\/produit\/scooter-ride-85-city\/\"]}]},{\"@type\":\"ImageObject\",\"inLanguage\":\"en-US\",\"@id\":\"https:\/\/urbanglide.com\/en\/produit\/scooter-ride-85-city\/#primaryimage\",\"url\":\"https:\/\/urbanglide.com\/wp-content\/uploads\/2023\/12\/RIDE-85CITY-2.png\",\"contentUrl\":\"https:\/\/urbanglide.com\/wp-content\/uploads\/2023\/12\/RIDE-85CITY-2.png\",\"width\":1000,\"height\":1000},{\"@type\":\"BreadcrumbList\",\"@id\":\"https:\/\/urbanglide.com\/en\/produit\/scooter-ride-85-city\/#breadcrumb\",\"itemListElement\":[{\"@type\":\"ListItem\",\"position\":1,\"name\":\"Accueil\",\"item\":\"https:\/\/urbanglide.com\/en\/homepage-urbanglide-new-version\/\"},{\"@type\":\"ListItem\",\"position\":2,\"name\":\"Online shop\",\"item\":\"https:\/\/urbanglide.com\/en\/boutique\/\"},{\"@type\":\"ListItem\",\"position\":3,\"name\":\"85 CITY\"}]},{\"@type\":\"WebSite\",\"@id\":\"https:\/\/urbanglide.com\/#website\",\"url\":\"https:\/\/urbanglide.com\/\",\"name\":\"Urbanglide\",\"description\":\"Expert fran\u00e7ais de la mobilit\u00e9 \u00e9lectrique\",\"potentialAction\":[{\"@type\":\"SearchAction\",\"target\":{\"@type\":\"EntryPoint\",\"urlTemplate\":\"https:\/\/urbanglide.com\/?s={search_term_string}\"},\"query-input\":{\"@type\":\"PropertyValueSpecification\",\"valueRequired\":true,\"valueName\":\"search_term_string\"}}],\"inLanguage\":\"en-US\"}]}<\/script>\n<!-- \/ Yoast SEO plugin. -->","yoast_head_json":{"title":"85 CITY - UrbanGlide","description":"Product overview scooter 85 CITY : Range up to 20 km. Maximum motor power 450W. 8,5- inches inner tube tyres. Disc brake.","robots":{"index":"index","follow":"follow","max-snippet":"max-snippet:-1","max-image-preview":"max-image-preview:large","max-video-preview":"max-video-preview:-1"},"canonical":"https:\/\/urbanglide.com\/en\/produit\/scooter-ride-85-city\/","og_locale":"en_US","og_type":"article","og_title":"85 CITY - UrbanGlide","og_description":"Product overview scooter 85 CITY : Range up to 20 km. Maximum motor power 450W. 8,5- inches inner tube tyres. Disc brake.","og_url":"https:\/\/urbanglide.com\/en\/produit\/scooter-ride-85-city\/","og_site_name":"UrbanGlide","og_image":[{"width":1000,"height":1000,"url":"https:\/\/urbanglide.com\/wp-content\/uploads\/2023\/12\/RIDE-85CITY-2.png","type":"image\/png"}],"twitter_card":"summary_large_image","twitter_misc":{"Est. reading time":"1 minute"},"schema":{"@context":"https:\/\/schema.org","@graph":[{"@type":"WebPage","@id":"https:\/\/urbanglide.com\/en\/produit\/scooter-ride-85-city\/","url":"https:\/\/urbanglide.com\/en\/produit\/scooter-ride-85-city\/","name":"85 CITY - UrbanGlide","isPartOf":{"@id":"https:\/\/urbanglide.com\/#website"},"primaryImageOfPage":{"@id":"https:\/\/urbanglide.com\/en\/produit\/scooter-ride-85-city\/#primaryimage"},"image":{"@id":"https:\/\/urbanglide.com\/en\/produit\/scooter-ride-85-city\/#primaryimage"},"thumbnailUrl":"https:\/\/urbanglide.com\/wp-content\/uploads\/2023\/12\/RIDE-85CITY-2.png","datePublished":"2024-12-01T09:22:44+00:00","description":"Product overview scooter 85 CITY : Range up to 20 km. Maximum motor power 450W. 8,5- inches inner tube tyres. Disc brake.","breadcrumb":{"@id":"https:\/\/urbanglide.com\/en\/produit\/scooter-ride-85-city\/#breadcrumb"},"inLanguage":"en-US","potentialAction":[{"@type":"ReadAction","target":["https:\/\/urbanglide.com\/en\/produit\/scooter-ride-85-city\/"]}]},{"@type":"ImageObject","inLanguage":"en-US","@id":"https:\/\/urbanglide.com\/en\/produit\/scooter-ride-85-city\/#primaryimage","url":"https:\/\/urbanglide.com\/wp-content\/uploads\/2023\/12\/RIDE-85CITY-2.png","contentUrl":"https:\/\/urbanglide.com\/wp-content\/uploads\/2023\/12\/RIDE-85CITY-2.png","width":1000,"height":1000},{"@type":"BreadcrumbList","@id":"https:\/\/urbanglide.com\/en\/produit\/scooter-ride-85-city\/#breadcrumb","itemListElement":[{"@type":"ListItem","position":1,"name":"Accueil","item":"https:\/\/urbanglide.com\/en\/homepage-urbanglide-new-version\/"},{"@type":"ListItem","position":2,"name":"Online shop","item":"https:\/\/urbanglide.com\/en\/boutique\/"},{"@type":"ListItem","position":3,"name":"85 CITY"}]},{"@type":"WebSite","@id":"https:\/\/urbanglide.com\/#website","url":"https:\/\/urbanglide.com\/","name":"Urbanglide","description":"Expert fran\u00e7ais de la mobilit\u00e9 \u00e9lectrique","potentialAction":[{"@type":"SearchAction","target":{"@type":"EntryPoint","urlTemplate":"https:\/\/urbanglide.com\/?s={search_term_string}"},"query-input":{"@type":"PropertyValueSpecification","valueRequired":true,"valueName":"search_term_string"}}],"inLanguage":"en-US"}]}},"_links":{"self":[{"href":"https:\/\/urbanglide.com\/en\/wp-json\/wp\/v2\/product\/47405","targetHints":{"allow":["GET"]}}],"collection":[{"href":"https:\/\/urbanglide.com\/en\/wp-json\/wp\/v2\/product"}],"about":[{"href":"https:\/\/urbanglide.com\/en\/wp-json\/wp\/v2\/types\/product"}],"version-history":[{"count":0,"href":"https:\/\/urbanglide.com\/en\/wp-json\/wp\/v2\/product\/47405\/revisions"}],"wp:featuredmedia":[{"embeddable":true,"href":"https:\/\/urbanglide.com\/en\/wp-json\/wp\/v2\/media\/66985"}],"wp:attachment":[{"href":"https:\/\/urbanglide.com\/en\/wp-json\/wp\/v2\/media?parent=47405"}],"wp:term":[{"taxonomy":"product_brand","embeddable":true,"href":"https:\/\/urbanglide.com\/en\/wp-json\/wp\/v2\/product_brand?post=47405"},{"taxonomy":"product_cat","embeddable":true,"href":"https:\/\/urbanglide.com\/en\/wp-json\/wp\/v2\/product_cat?post=47405"},{"taxonomy":"product_tag","embeddable":true,"href":"https:\/\/urbanglide.com\/en\/wp-json\/wp\/v2\/product_tag?post=47405"}],"curies":[{"name":"wp","href":"https:\/\/api.w.org\/{rel}","templated":true}]}}