{"id":79635,"date":"2024-08-27T08:39:15","date_gmt":"2024-08-27T08:39:15","guid":{"rendered":"https:\/\/urbanglide.com\/produit\/100-shark-lite\/"},"modified":"2025-05-20T13:45:24","modified_gmt":"2025-05-20T13:45:24","slug":"100-shark-lite","status":"publish","type":"product","link":"https:\/\/urbanglide.com\/en\/produit\/100-shark-lite\/","title":{"rendered":"100 SHARK LITE"},"content":{"rendered":"","protected":false},"excerpt":{"rendered":"<p>Performance &amp; Style<\/p>\n","protected":false},"featured_media":66994,"template":"","meta":[],"product_brand":[],"product_cat":[261,236,626],"product_tag":[],"class_list":{"0":"post-79635","1":"product","2":"type-product","3":"status-publish","4":"has-post-thumbnail","6":"product_cat-promotional-offer","7":"product_cat-scooters","8":"product_cat-city","9":"product_shipping_class-41-kg-en","11":"first","12":"instock","13":"taxable","14":"shipping-taxable","15":"product-type-simple"},"yoast_head":"<!-- This site is optimized with the Yoast SEO plugin v27.1.1 - https:\/\/yoast.com\/product\/yoast-seo-wordpress\/ -->\n<title>100 SHARK LITE - UrbanGlide<\/title>\n<meta name=\"description\" content=\"Discover the iconic 100 SHARK LITE! The perfect balance between reliability and handling. A modern electric scooter with a C-shaped fork for optimum responsiveness.\" \/>\n<meta name=\"robots\" content=\"index, follow, max-snippet:-1, max-image-preview:large, max-video-preview:-1\" \/>\n<link rel=\"canonical\" href=\"https:\/\/urbanglide.com\/en\/produit\/100-shark-lite\/\" \/>\n<meta property=\"og:locale\" content=\"en_US\" \/>\n<meta property=\"og:type\" content=\"article\" \/>\n<meta property=\"og:title\" content=\"100 SHARK LITE - UrbanGlide\" \/>\n<meta property=\"og:description\" content=\"Discover the iconic 100 SHARK LITE! The perfect balance between reliability and handling. A modern electric scooter with a C-shaped fork for optimum responsiveness.\" \/>\n<meta property=\"og:url\" content=\"https:\/\/urbanglide.com\/en\/produit\/100-shark-lite\/\" \/>\n<meta property=\"og:site_name\" content=\"UrbanGlide\" \/>\n<meta property=\"article:modified_time\" content=\"2025-05-20T13:45:24+00:00\" \/>\n<meta property=\"og:image\" content=\"https:\/\/urbanglide.com\/wp-content\/uploads\/2024\/08\/100SHARK-1.png\" \/>\n\t<meta property=\"og:image:width\" content=\"1000\" \/>\n\t<meta property=\"og:image:height\" content=\"1000\" \/>\n\t<meta property=\"og:image:type\" content=\"image\/png\" \/>\n<meta name=\"twitter:card\" content=\"summary_large_image\" \/>\n<meta name=\"twitter:label1\" content=\"Est. reading time\" \/>\n\t<meta name=\"twitter:data1\" content=\"1 minute\" \/>\n<script type=\"application\/ld+json\" class=\"yoast-schema-graph\">{\"@context\":\"https:\/\/schema.org\",\"@graph\":[{\"@type\":\"WebPage\",\"@id\":\"https:\/\/urbanglide.com\/en\/produit\/100-shark-lite\/\",\"url\":\"https:\/\/urbanglide.com\/en\/produit\/100-shark-lite\/\",\"name\":\"100 SHARK LITE - UrbanGlide\",\"isPartOf\":{\"@id\":\"https:\/\/urbanglide.com\/#website\"},\"primaryImageOfPage\":{\"@id\":\"https:\/\/urbanglide.com\/en\/produit\/100-shark-lite\/#primaryimage\"},\"image\":{\"@id\":\"https:\/\/urbanglide.com\/en\/produit\/100-shark-lite\/#primaryimage\"},\"thumbnailUrl\":\"https:\/\/urbanglide.com\/wp-content\/uploads\/2024\/08\/100SHARK-1.png\",\"datePublished\":\"2024-08-27T08:39:15+00:00\",\"dateModified\":\"2025-05-20T13:45:24+00:00\",\"description\":\"Discover the iconic 100 SHARK LITE! The perfect balance between reliability and handling. A modern electric scooter with a C-shaped fork for optimum responsiveness.\",\"breadcrumb\":{\"@id\":\"https:\/\/urbanglide.com\/en\/produit\/100-shark-lite\/#breadcrumb\"},\"inLanguage\":\"en-US\",\"potentialAction\":[{\"@type\":\"ReadAction\",\"target\":[\"https:\/\/urbanglide.com\/en\/produit\/100-shark-lite\/\"]}]},{\"@type\":\"ImageObject\",\"inLanguage\":\"en-US\",\"@id\":\"https:\/\/urbanglide.com\/en\/produit\/100-shark-lite\/#primaryimage\",\"url\":\"https:\/\/urbanglide.com\/wp-content\/uploads\/2024\/08\/100SHARK-1.png\",\"contentUrl\":\"https:\/\/urbanglide.com\/wp-content\/uploads\/2024\/08\/100SHARK-1.png\",\"width\":1000,\"height\":1000},{\"@type\":\"BreadcrumbList\",\"@id\":\"https:\/\/urbanglide.com\/en\/produit\/100-shark-lite\/#breadcrumb\",\"itemListElement\":[{\"@type\":\"ListItem\",\"position\":1,\"name\":\"Accueil\",\"item\":\"https:\/\/urbanglide.com\/en\/homepage-urbanglide-new-version\/\"},{\"@type\":\"ListItem\",\"position\":2,\"name\":\"Online shop\",\"item\":\"https:\/\/urbanglide.com\/en\/boutique\/\"},{\"@type\":\"ListItem\",\"position\":3,\"name\":\"100 SHARK LITE\"}]},{\"@type\":\"WebSite\",\"@id\":\"https:\/\/urbanglide.com\/#website\",\"url\":\"https:\/\/urbanglide.com\/\",\"name\":\"Urbanglide\",\"description\":\"Expert fran\u00e7ais de la mobilit\u00e9 \u00e9lectrique\",\"potentialAction\":[{\"@type\":\"SearchAction\",\"target\":{\"@type\":\"EntryPoint\",\"urlTemplate\":\"https:\/\/urbanglide.com\/?s={search_term_string}\"},\"query-input\":{\"@type\":\"PropertyValueSpecification\",\"valueRequired\":true,\"valueName\":\"search_term_string\"}}],\"inLanguage\":\"en-US\"}]}<\/script>\n<!-- \/ Yoast SEO plugin. -->","yoast_head_json":{"title":"100 SHARK LITE - UrbanGlide","description":"Discover the iconic 100 SHARK LITE! The perfect balance between reliability and handling. A modern electric scooter with a C-shaped fork for optimum responsiveness.","robots":{"index":"index","follow":"follow","max-snippet":"max-snippet:-1","max-image-preview":"max-image-preview:large","max-video-preview":"max-video-preview:-1"},"canonical":"https:\/\/urbanglide.com\/en\/produit\/100-shark-lite\/","og_locale":"en_US","og_type":"article","og_title":"100 SHARK LITE - UrbanGlide","og_description":"Discover the iconic 100 SHARK LITE! The perfect balance between reliability and handling. A modern electric scooter with a C-shaped fork for optimum responsiveness.","og_url":"https:\/\/urbanglide.com\/en\/produit\/100-shark-lite\/","og_site_name":"UrbanGlide","article_modified_time":"2025-05-20T13:45:24+00:00","og_image":[{"width":1000,"height":1000,"url":"https:\/\/urbanglide.com\/wp-content\/uploads\/2024\/08\/100SHARK-1.png","type":"image\/png"}],"twitter_card":"summary_large_image","twitter_misc":{"Est. reading time":"1 minute"},"schema":{"@context":"https:\/\/schema.org","@graph":[{"@type":"WebPage","@id":"https:\/\/urbanglide.com\/en\/produit\/100-shark-lite\/","url":"https:\/\/urbanglide.com\/en\/produit\/100-shark-lite\/","name":"100 SHARK LITE - UrbanGlide","isPartOf":{"@id":"https:\/\/urbanglide.com\/#website"},"primaryImageOfPage":{"@id":"https:\/\/urbanglide.com\/en\/produit\/100-shark-lite\/#primaryimage"},"image":{"@id":"https:\/\/urbanglide.com\/en\/produit\/100-shark-lite\/#primaryimage"},"thumbnailUrl":"https:\/\/urbanglide.com\/wp-content\/uploads\/2024\/08\/100SHARK-1.png","datePublished":"2024-08-27T08:39:15+00:00","dateModified":"2025-05-20T13:45:24+00:00","description":"Discover the iconic 100 SHARK LITE! The perfect balance between reliability and handling. A modern electric scooter with a C-shaped fork for optimum responsiveness.","breadcrumb":{"@id":"https:\/\/urbanglide.com\/en\/produit\/100-shark-lite\/#breadcrumb"},"inLanguage":"en-US","potentialAction":[{"@type":"ReadAction","target":["https:\/\/urbanglide.com\/en\/produit\/100-shark-lite\/"]}]},{"@type":"ImageObject","inLanguage":"en-US","@id":"https:\/\/urbanglide.com\/en\/produit\/100-shark-lite\/#primaryimage","url":"https:\/\/urbanglide.com\/wp-content\/uploads\/2024\/08\/100SHARK-1.png","contentUrl":"https:\/\/urbanglide.com\/wp-content\/uploads\/2024\/08\/100SHARK-1.png","width":1000,"height":1000},{"@type":"BreadcrumbList","@id":"https:\/\/urbanglide.com\/en\/produit\/100-shark-lite\/#breadcrumb","itemListElement":[{"@type":"ListItem","position":1,"name":"Accueil","item":"https:\/\/urbanglide.com\/en\/homepage-urbanglide-new-version\/"},{"@type":"ListItem","position":2,"name":"Online shop","item":"https:\/\/urbanglide.com\/en\/boutique\/"},{"@type":"ListItem","position":3,"name":"100 SHARK LITE"}]},{"@type":"WebSite","@id":"https:\/\/urbanglide.com\/#website","url":"https:\/\/urbanglide.com\/","name":"Urbanglide","description":"Expert fran\u00e7ais de la mobilit\u00e9 \u00e9lectrique","potentialAction":[{"@type":"SearchAction","target":{"@type":"EntryPoint","urlTemplate":"https:\/\/urbanglide.com\/?s={search_term_string}"},"query-input":{"@type":"PropertyValueSpecification","valueRequired":true,"valueName":"search_term_string"}}],"inLanguage":"en-US"}]}},"_links":{"self":[{"href":"https:\/\/urbanglide.com\/en\/wp-json\/wp\/v2\/product\/79635","targetHints":{"allow":["GET"]}}],"collection":[{"href":"https:\/\/urbanglide.com\/en\/wp-json\/wp\/v2\/product"}],"about":[{"href":"https:\/\/urbanglide.com\/en\/wp-json\/wp\/v2\/types\/product"}],"version-history":[{"count":0,"href":"https:\/\/urbanglide.com\/en\/wp-json\/wp\/v2\/product\/79635\/revisions"}],"wp:featuredmedia":[{"embeddable":true,"href":"https:\/\/urbanglide.com\/en\/wp-json\/wp\/v2\/media\/66994"}],"wp:attachment":[{"href":"https:\/\/urbanglide.com\/en\/wp-json\/wp\/v2\/media?parent=79635"}],"wp:term":[{"taxonomy":"product_brand","embeddable":true,"href":"https:\/\/urbanglide.com\/en\/wp-json\/wp\/v2\/product_brand?post=79635"},{"taxonomy":"product_cat","embeddable":true,"href":"https:\/\/urbanglide.com\/en\/wp-json\/wp\/v2\/product_cat?post=79635"},{"taxonomy":"product_tag","embeddable":true,"href":"https:\/\/urbanglide.com\/en\/wp-json\/wp\/v2\/product_tag?post=79635"}],"curies":[{"name":"wp","href":"https:\/\/api.w.org\/{rel}","templated":true}]}}