{"id":87135,"date":"2024-11-22T10:17:59","date_gmt":"2024-11-22T10:17:59","guid":{"rendered":"https:\/\/urbanglide.com\/produit\/padlock\/"},"modified":"2025-12-03T00:40:32","modified_gmt":"2025-12-03T00:40:32","slug":"padlock","status":"publish","type":"product","link":"https:\/\/urbanglide.com\/en\/produit\/padlock\/","title":{"rendered":"Padlock"},"content":{"rendered":"<p>The UrbanGlide flexible padlock offers enhanced security thanks to its sturdy, easy-to-handle design, ideal for easily securing your scooter or bike in urban environments.<\/p>\n<p>The flexibility of the UrbanGlide padlock makes it easy to fasten around various supports, while guaranteeing optimum security.<\/p>\n","protected":false},"excerpt":{"rendered":"<p>The UrbanGlide flexible padlock offers enhanced security thanks to its sturdy, easy-to-handle design, ideal for easily securing your scooter or [&hellip;]<\/p>\n","protected":false},"featured_media":70198,"template":"","meta":[],"product_brand":[],"product_cat":[227,261],"product_tag":[],"class_list":{"0":"post-87135","1":"product","2":"type-product","3":"status-publish","4":"has-post-thumbnail","6":"product_cat-accessories","7":"product_cat-promotional-offer","8":"product_shipping_class-05-kg-en","10":"first","11":"instock","12":"taxable","13":"shipping-taxable","14":"purchasable","15":"product-type-simple"},"yoast_head":"<!-- This site is optimized with the Yoast SEO plugin v27.1.1 - https:\/\/yoast.com\/product\/yoast-seo-wordpress\/ -->\n<title>Padlock - UrbanGlide<\/title>\n<meta name=\"description\" content=\"Flexible anti-theft padlock with secure key lock. Made from PVC with a steel cable, it is cut- and saw-resistant, guaranteeing optimum protection.\" \/>\n<meta name=\"robots\" content=\"index, follow, max-snippet:-1, max-image-preview:large, max-video-preview:-1\" \/>\n<link rel=\"canonical\" href=\"https:\/\/urbanglide.com\/en\/produit\/padlock\/\" \/>\n<meta property=\"og:locale\" content=\"en_US\" \/>\n<meta property=\"og:type\" content=\"article\" \/>\n<meta property=\"og:title\" content=\"Padlock - UrbanGlide\" \/>\n<meta property=\"og:description\" content=\"Flexible anti-theft padlock with secure key lock. Made from PVC with a steel cable, it is cut- and saw-resistant, guaranteeing optimum protection.\" \/>\n<meta property=\"og:url\" content=\"https:\/\/urbanglide.com\/en\/produit\/padlock\/\" \/>\n<meta property=\"og:site_name\" content=\"UrbanGlide\" \/>\n<meta property=\"article:modified_time\" content=\"2025-12-03T00:40:32+00:00\" \/>\n<meta property=\"og:image\" content=\"https:\/\/urbanglide.com\/wp-content\/uploads\/2024\/11\/CADENAS.png\" \/>\n\t<meta property=\"og:image:width\" content=\"1000\" \/>\n\t<meta property=\"og:image:height\" content=\"1000\" \/>\n\t<meta property=\"og:image:type\" content=\"image\/png\" \/>\n<meta name=\"twitter:card\" content=\"summary_large_image\" \/>\n<meta name=\"twitter:label1\" content=\"Est. reading time\" \/>\n\t<meta name=\"twitter:data1\" content=\"1 minute\" \/>\n<script type=\"application\/ld+json\" class=\"yoast-schema-graph\">{\"@context\":\"https:\/\/schema.org\",\"@graph\":[{\"@type\":\"WebPage\",\"@id\":\"https:\/\/urbanglide.com\/en\/produit\/padlock\/\",\"url\":\"https:\/\/urbanglide.com\/en\/produit\/padlock\/\",\"name\":\"Padlock - UrbanGlide\",\"isPartOf\":{\"@id\":\"https:\/\/urbanglide.com\/#website\"},\"primaryImageOfPage\":{\"@id\":\"https:\/\/urbanglide.com\/en\/produit\/padlock\/#primaryimage\"},\"image\":{\"@id\":\"https:\/\/urbanglide.com\/en\/produit\/padlock\/#primaryimage\"},\"thumbnailUrl\":\"https:\/\/urbanglide.com\/wp-content\/uploads\/2024\/11\/CADENAS.png\",\"datePublished\":\"2024-11-22T10:17:59+00:00\",\"dateModified\":\"2025-12-03T00:40:32+00:00\",\"description\":\"Flexible anti-theft padlock with secure key lock. Made from PVC with a steel cable, it is cut- and saw-resistant, guaranteeing optimum protection.\",\"breadcrumb\":{\"@id\":\"https:\/\/urbanglide.com\/en\/produit\/padlock\/#breadcrumb\"},\"inLanguage\":\"en-US\",\"potentialAction\":[{\"@type\":\"ReadAction\",\"target\":[\"https:\/\/urbanglide.com\/en\/produit\/padlock\/\"]}]},{\"@type\":\"ImageObject\",\"inLanguage\":\"en-US\",\"@id\":\"https:\/\/urbanglide.com\/en\/produit\/padlock\/#primaryimage\",\"url\":\"https:\/\/urbanglide.com\/wp-content\/uploads\/2024\/11\/CADENAS.png\",\"contentUrl\":\"https:\/\/urbanglide.com\/wp-content\/uploads\/2024\/11\/CADENAS.png\",\"width\":1000,\"height\":1000},{\"@type\":\"BreadcrumbList\",\"@id\":\"https:\/\/urbanglide.com\/en\/produit\/padlock\/#breadcrumb\",\"itemListElement\":[{\"@type\":\"ListItem\",\"position\":1,\"name\":\"Accueil\",\"item\":\"https:\/\/urbanglide.com\/en\/homepage-urbanglide-new-version\/\"},{\"@type\":\"ListItem\",\"position\":2,\"name\":\"Online shop\",\"item\":\"https:\/\/urbanglide.com\/en\/boutique\/\"},{\"@type\":\"ListItem\",\"position\":3,\"name\":\"Padlock\"}]},{\"@type\":\"WebSite\",\"@id\":\"https:\/\/urbanglide.com\/#website\",\"url\":\"https:\/\/urbanglide.com\/\",\"name\":\"Urbanglide\",\"description\":\"Expert fran\u00e7ais de la mobilit\u00e9 \u00e9lectrique\",\"potentialAction\":[{\"@type\":\"SearchAction\",\"target\":{\"@type\":\"EntryPoint\",\"urlTemplate\":\"https:\/\/urbanglide.com\/?s={search_term_string}\"},\"query-input\":{\"@type\":\"PropertyValueSpecification\",\"valueRequired\":true,\"valueName\":\"search_term_string\"}}],\"inLanguage\":\"en-US\"}]}<\/script>\n<!-- \/ Yoast SEO plugin. -->","yoast_head_json":{"title":"Padlock - UrbanGlide","description":"Flexible anti-theft padlock with secure key lock. Made from PVC with a steel cable, it is cut- and saw-resistant, guaranteeing optimum protection.","robots":{"index":"index","follow":"follow","max-snippet":"max-snippet:-1","max-image-preview":"max-image-preview:large","max-video-preview":"max-video-preview:-1"},"canonical":"https:\/\/urbanglide.com\/en\/produit\/padlock\/","og_locale":"en_US","og_type":"article","og_title":"Padlock - UrbanGlide","og_description":"Flexible anti-theft padlock with secure key lock. Made from PVC with a steel cable, it is cut- and saw-resistant, guaranteeing optimum protection.","og_url":"https:\/\/urbanglide.com\/en\/produit\/padlock\/","og_site_name":"UrbanGlide","article_modified_time":"2025-12-03T00:40:32+00:00","og_image":[{"width":1000,"height":1000,"url":"https:\/\/urbanglide.com\/wp-content\/uploads\/2024\/11\/CADENAS.png","type":"image\/png"}],"twitter_card":"summary_large_image","twitter_misc":{"Est. reading time":"1 minute"},"schema":{"@context":"https:\/\/schema.org","@graph":[{"@type":"WebPage","@id":"https:\/\/urbanglide.com\/en\/produit\/padlock\/","url":"https:\/\/urbanglide.com\/en\/produit\/padlock\/","name":"Padlock - UrbanGlide","isPartOf":{"@id":"https:\/\/urbanglide.com\/#website"},"primaryImageOfPage":{"@id":"https:\/\/urbanglide.com\/en\/produit\/padlock\/#primaryimage"},"image":{"@id":"https:\/\/urbanglide.com\/en\/produit\/padlock\/#primaryimage"},"thumbnailUrl":"https:\/\/urbanglide.com\/wp-content\/uploads\/2024\/11\/CADENAS.png","datePublished":"2024-11-22T10:17:59+00:00","dateModified":"2025-12-03T00:40:32+00:00","description":"Flexible anti-theft padlock with secure key lock. Made from PVC with a steel cable, it is cut- and saw-resistant, guaranteeing optimum protection.","breadcrumb":{"@id":"https:\/\/urbanglide.com\/en\/produit\/padlock\/#breadcrumb"},"inLanguage":"en-US","potentialAction":[{"@type":"ReadAction","target":["https:\/\/urbanglide.com\/en\/produit\/padlock\/"]}]},{"@type":"ImageObject","inLanguage":"en-US","@id":"https:\/\/urbanglide.com\/en\/produit\/padlock\/#primaryimage","url":"https:\/\/urbanglide.com\/wp-content\/uploads\/2024\/11\/CADENAS.png","contentUrl":"https:\/\/urbanglide.com\/wp-content\/uploads\/2024\/11\/CADENAS.png","width":1000,"height":1000},{"@type":"BreadcrumbList","@id":"https:\/\/urbanglide.com\/en\/produit\/padlock\/#breadcrumb","itemListElement":[{"@type":"ListItem","position":1,"name":"Accueil","item":"https:\/\/urbanglide.com\/en\/homepage-urbanglide-new-version\/"},{"@type":"ListItem","position":2,"name":"Online shop","item":"https:\/\/urbanglide.com\/en\/boutique\/"},{"@type":"ListItem","position":3,"name":"Padlock"}]},{"@type":"WebSite","@id":"https:\/\/urbanglide.com\/#website","url":"https:\/\/urbanglide.com\/","name":"Urbanglide","description":"Expert fran\u00e7ais de la mobilit\u00e9 \u00e9lectrique","potentialAction":[{"@type":"SearchAction","target":{"@type":"EntryPoint","urlTemplate":"https:\/\/urbanglide.com\/?s={search_term_string}"},"query-input":{"@type":"PropertyValueSpecification","valueRequired":true,"valueName":"search_term_string"}}],"inLanguage":"en-US"}]}},"_links":{"self":[{"href":"https:\/\/urbanglide.com\/en\/wp-json\/wp\/v2\/product\/87135","targetHints":{"allow":["GET"]}}],"collection":[{"href":"https:\/\/urbanglide.com\/en\/wp-json\/wp\/v2\/product"}],"about":[{"href":"https:\/\/urbanglide.com\/en\/wp-json\/wp\/v2\/types\/product"}],"version-history":[{"count":0,"href":"https:\/\/urbanglide.com\/en\/wp-json\/wp\/v2\/product\/87135\/revisions"}],"wp:featuredmedia":[{"embeddable":true,"href":"https:\/\/urbanglide.com\/en\/wp-json\/wp\/v2\/media\/70198"}],"wp:attachment":[{"href":"https:\/\/urbanglide.com\/en\/wp-json\/wp\/v2\/media?parent=87135"}],"wp:term":[{"taxonomy":"product_brand","embeddable":true,"href":"https:\/\/urbanglide.com\/en\/wp-json\/wp\/v2\/product_brand?post=87135"},{"taxonomy":"product_cat","embeddable":true,"href":"https:\/\/urbanglide.com\/en\/wp-json\/wp\/v2\/product_cat?post=87135"},{"taxonomy":"product_tag","embeddable":true,"href":"https:\/\/urbanglide.com\/en\/wp-json\/wp\/v2\/product_tag?post=87135"}],"curies":[{"name":"wp","href":"https:\/\/api.w.org\/{rel}","templated":true}]}}