{"id":19587,"date":"2022-06-03T06:29:27","date_gmt":"2022-06-03T06:29:27","guid":{"rendered":"https:\/\/urbanglide.com\/pieces-detachees\/"},"modified":"2023-02-21T13:31:03","modified_gmt":"2023-02-21T13:31:03","slug":"piezas-de-recambio","status":"publish","type":"page","link":"https:\/\/urbanglide.com\/es\/piezas-de-recambio\/","title":{"rendered":"Piezas de recambio"},"content":{"rendered":"\t\t<div data-elementor-type=\"wp-page\" data-elementor-id=\"19587\" class=\"elementor elementor-19587 elementor-1697\" data-elementor-post-type=\"page\">\n\t\t\t\t\t\t<section class=\"elementor-section elementor-top-section elementor-element elementor-element-a918ce4 elementor-section-full_width elementor-section-height-default elementor-section-height-default\" data-id=\"a918ce4\" data-element_type=\"section\" data-e-type=\"section\">\n\t\t\t\t\t\t<div class=\"elementor-container elementor-column-gap-default\">\n\t\t\t\t\t<div class=\"elementor-column elementor-col-100 elementor-top-column elementor-element elementor-element-6dc4b81\" data-id=\"6dc4b81\" data-element_type=\"column\" data-e-type=\"column\">\n\t\t\t<div class=\"elementor-widget-wrap elementor-element-populated\">\n\t\t\t\t\t\t<div class=\"elementor-element elementor-element-e70ea24 elementor-widget elementor-widget-shortcode\" data-id=\"e70ea24\" data-element_type=\"widget\" data-e-type=\"widget\" data-widget_type=\"shortcode.default\">\n\t\t\t\t<div class=\"elementor-widget-container\">\n\t\t\t\t\t\t\t<div class=\"elementor-shortcode\">\n\t<section id=\"dug_product_taxonomies_shortcode\" class=\"dug_type_main\">\n\t\t\t\t\t<aside>\n\t\t\t\t<div>\n\t\t\t\t\t<h2>Categor\u00edas<\/h2>\n\t\t\t\t<\/div>\n\t\t\t<\/aside>\n\t\t\t\t\t\t\t<ul class=\"dug_grid_ptax\">\n\t\t\t\t\t\t\t\t\t<li class=\"dug_single_ptax\">\n\t<div class=\"dug_single_ptax_bg\" style=\"background-image: url('https:\/\/urbanglide.com\/wp-content\/uploads\/2022\/05\/BIKE-500x500.png')\">\n\n\t\t\n\t\t<a href=\"https:\/\/urbanglide.com\/es\/categorie\/bicicletas-electricas\/\">\n\n\t\t\t<p> <\/p>\n\n\t\t\t\n\t\t\t\t\t<\/a>\n\t\t<div class=\"dug_item_bottom_cta\">\n\t\t\t<div>\n\t\t\t\t<h3>Bicicletas el\u00e9ctricas<\/h3>\n\n\t\t\t\t\n\t\t\t\t<div class=\"dug_inline_stock_price\">\n\t\t\t\t\t\t\t\t\t\t\t\t\t\t\t\t\n\t\t\t\t\t\t\t\t\t<\/div>\n\t\t\t<\/div>\n\n\t\t\t\t\t<\/div>\n\t<\/div>\n<\/li>\n\t\t\t\t\t\t\t\t\t<li class=\"dug_single_ptax\">\n\t<div class=\"dug_single_ptax_bg\" style=\"background-image: url('https:\/\/urbanglide.com\/wp-content\/uploads\/2022\/10\/TROTT-500x500.png')\">\n\n\t\t\n\t\t<a href=\"https:\/\/urbanglide.com\/es\/categorie\/patinetes-electricos\/\">\n\n\t\t\t<p> <\/p>\n\n\t\t\t\n\t\t\t\t\t<\/a>\n\t\t<div class=\"dug_item_bottom_cta\">\n\t\t\t<div>\n\t\t\t\t<h3>Patinetes el\u00e9ctricos<\/h3>\n\n\t\t\t\t\n\t\t\t\t<div class=\"dug_inline_stock_price\">\n\t\t\t\t\t\t\t\t\t\t\t\t\t\t\t\t\n\t\t\t\t\t\t\t\t\t<\/div>\n\t\t\t<\/div>\n\n\t\t\t\t\t<\/div>\n\t<\/div>\n<\/li>\n\t\t\t\t\t\t\t\t\t<li class=\"dug_single_ptax\">\n\t<div class=\"dug_single_ptax_bg\" style=\"background-image: url('https:\/\/urbanglide.com\/wp-content\/uploads\/2022\/05\/HVB-500x500.png')\">\n\n\t\t\n\t\t<a href=\"https:\/\/urbanglide.com\/es\/categorie\/hoverboard-es\/\">\n\n\t\t\t<p> <\/p>\n\n\t\t\t\n\t\t\t\t\t<\/a>\n\t\t<div class=\"dug_item_bottom_cta\">\n\t\t\t<div>\n\t\t\t\t<h3>Hoverboard<\/h3>\n\n\t\t\t\t\n\t\t\t\t<div class=\"dug_inline_stock_price\">\n\t\t\t\t\t\t\t\t\t\t\t\t\t\t\t\t\n\t\t\t\t\t\t\t\t\t<\/div>\n\t\t\t<\/div>\n\n\t\t\t\t\t<\/div>\n\t<\/div>\n<\/li>\n\t\t\t\t\t\t\t\t\t<li class=\"dug_single_ptax\">\n\t<div class=\"dug_single_ptax_bg\" style=\"background-image: url('https:\/\/urbanglide.com\/wp-content\/uploads\/2025\/05\/header-LINX160-500x334.webp')\">\n\n\t\t\n\t\t<a href=\"https:\/\/urbanglide.com\/es\/categorie\/draisianas-es\/\">\n\n\t\t\t<p> <\/p>\n\n\t\t\t\n\t\t\t\t\t<\/a>\n\t\t<div class=\"dug_item_bottom_cta\">\n\t\t\t<div>\n\t\t\t\t<h3>Draisianas<\/h3>\n\n\t\t\t\t\n\t\t\t\t<div class=\"dug_inline_stock_price\">\n\t\t\t\t\t\t\t\t\t\t\t\t\t\t\t\t\n\t\t\t\t\t\t\t\t\t<\/div>\n\t\t\t<\/div>\n\n\t\t\t\t\t<\/div>\n\t<\/div>\n<\/li>\n\t\t\t\t\t\t\t\t\t<li class=\"dug_single_ptax\">\n\t<div class=\"dug_single_ptax_bg\" style=\"background-image: url('https:\/\/urbanglide.com\/wp-content\/uploads\/2022\/06\/KIDS-1-500x500.png')\">\n\n\t\t\n\t\t<a href=\"https:\/\/urbanglide.com\/es\/categorie\/patinetes-electricos\/kids\/\">\n\n\t\t\t<p> <\/p>\n\n\t\t\t\n\t\t\t\t\t<\/a>\n\t\t<div class=\"dug_item_bottom_cta\">\n\t\t\t<div>\n\t\t\t\t<h3>Para ni\u00f1os<\/h3>\n\n\t\t\t\t\n\t\t\t\t<div class=\"dug_inline_stock_price\">\n\t\t\t\t\t\t\t\t\t\t\t\t\t\t\t\t\n\t\t\t\t\t\t\t\t\t<\/div>\n\t\t\t<\/div>\n\n\t\t\t\t\t<\/div>\n\t<\/div>\n<\/li>\n\t\t\t\t\t\t\t\t\t<li class=\"dug_single_ptax\">\n\t<div class=\"dug_single_ptax_bg\" style=\"background-image: url('https:\/\/urbanglide.com\/wp-content\/uploads\/2025\/01\/Banniere-desktop-accessoires-5-500x210.png')\">\n\n\t\t\n\t\t<a href=\"https:\/\/urbanglide.com\/es\/categorie\/accesorios\/\">\n\n\t\t\t<p> <\/p>\n\n\t\t\t\n\t\t\t\t\t<\/a>\n\t\t<div class=\"dug_item_bottom_cta\">\n\t\t\t<div>\n\t\t\t\t<h3>Accesorios<\/h3>\n\n\t\t\t\t\n\t\t\t\t<div class=\"dug_inline_stock_price\">\n\t\t\t\t\t\t\t\t\t\t\t\t\t\t\t\t\n\t\t\t\t\t\t\t\t\t<\/div>\n\t\t\t<\/div>\n\n\t\t\t\t\t<\/div>\n\t<\/div>\n<\/li>\n\t\t\t\t\t\t\t<\/ul>\n\t\t\t<\/section>\n\n<\/div>\n\t\t\t\t\t\t<\/div>\n\t\t\t\t<\/div>\n\t\t\t\t\t<\/div>\n\t\t<\/div>\n\t\t\t\t\t<\/div>\n\t\t<\/section>\n\t\t\t\t<\/div>\n\t\t","protected":false},"excerpt":{"rendered":"","protected":false},"author":1,"featured_media":0,"parent":0,"menu_order":0,"comment_status":"closed","ping_status":"closed","template":"","meta":{"footnotes":""},"class_list":["post-19587","page","type-page","status-publish","hentry"],"yoast_head":"<!-- This site is optimized with the Yoast SEO plugin v27.1.1 - https:\/\/yoast.com\/product\/yoast-seo-wordpress\/ -->\n<title>Piezas de recambio - UrbanGlide<\/title>\n<meta name=\"robots\" content=\"index, follow, max-snippet:-1, max-image-preview:large, max-video-preview:-1\" \/>\n<link rel=\"canonical\" href=\"https:\/\/urbanglide.com\/es\/piezas-de-recambio\/\" \/>\n<meta property=\"og:locale\" content=\"es_ES\" \/>\n<meta property=\"og:type\" content=\"article\" \/>\n<meta property=\"og:title\" content=\"Piezas de recambio - UrbanGlide\" \/>\n<meta property=\"og:url\" content=\"https:\/\/urbanglide.com\/es\/piezas-de-recambio\/\" \/>\n<meta property=\"og:site_name\" content=\"UrbanGlide\" \/>\n<meta property=\"article:modified_time\" content=\"2023-02-21T13:31:03+00:00\" \/>\n<meta name=\"twitter:card\" content=\"summary_large_image\" \/>\n<meta name=\"twitter:label1\" content=\"Tiempo de lectura\" \/>\n\t<meta name=\"twitter:data1\" content=\"1 minuto\" \/>\n<script type=\"application\/ld+json\" class=\"yoast-schema-graph\">{\"@context\":\"https:\/\/schema.org\",\"@graph\":[{\"@type\":\"WebPage\",\"@id\":\"https:\/\/urbanglide.com\/es\/piezas-de-recambio\/\",\"url\":\"https:\/\/urbanglide.com\/es\/piezas-de-recambio\/\",\"name\":\"Piezas de recambio - UrbanGlide\",\"isPartOf\":{\"@id\":\"https:\/\/urbanglide.com\/#website\"},\"datePublished\":\"2022-06-03T06:29:27+00:00\",\"dateModified\":\"2023-02-21T13:31:03+00:00\",\"breadcrumb\":{\"@id\":\"https:\/\/urbanglide.com\/es\/piezas-de-recambio\/#breadcrumb\"},\"inLanguage\":\"es\",\"potentialAction\":[{\"@type\":\"ReadAction\",\"target\":[\"https:\/\/urbanglide.com\/es\/piezas-de-recambio\/\"]}]},{\"@type\":\"BreadcrumbList\",\"@id\":\"https:\/\/urbanglide.com\/es\/piezas-de-recambio\/#breadcrumb\",\"itemListElement\":[{\"@type\":\"ListItem\",\"position\":1,\"name\":\"Accueil\",\"item\":\"https:\/\/urbanglide.com\/es\/pagina-de-urbanglide-nueva-version\/\"},{\"@type\":\"ListItem\",\"position\":2,\"name\":\"Piezas de recambio\"}]},{\"@type\":\"WebSite\",\"@id\":\"https:\/\/urbanglide.com\/#website\",\"url\":\"https:\/\/urbanglide.com\/\",\"name\":\"Urbanglide\",\"description\":\"Expert fran\u00e7ais de la mobilit\u00e9 \u00e9lectrique\",\"potentialAction\":[{\"@type\":\"SearchAction\",\"target\":{\"@type\":\"EntryPoint\",\"urlTemplate\":\"https:\/\/urbanglide.com\/?s={search_term_string}\"},\"query-input\":{\"@type\":\"PropertyValueSpecification\",\"valueRequired\":true,\"valueName\":\"search_term_string\"}}],\"inLanguage\":\"es\"}]}<\/script>\n<!-- \/ Yoast SEO plugin. -->","yoast_head_json":{"title":"Piezas de recambio - UrbanGlide","robots":{"index":"index","follow":"follow","max-snippet":"max-snippet:-1","max-image-preview":"max-image-preview:large","max-video-preview":"max-video-preview:-1"},"canonical":"https:\/\/urbanglide.com\/es\/piezas-de-recambio\/","og_locale":"es_ES","og_type":"article","og_title":"Piezas de recambio - UrbanGlide","og_url":"https:\/\/urbanglide.com\/es\/piezas-de-recambio\/","og_site_name":"UrbanGlide","article_modified_time":"2023-02-21T13:31:03+00:00","twitter_card":"summary_large_image","twitter_misc":{"Tiempo de lectura":"1 minuto"},"schema":{"@context":"https:\/\/schema.org","@graph":[{"@type":"WebPage","@id":"https:\/\/urbanglide.com\/es\/piezas-de-recambio\/","url":"https:\/\/urbanglide.com\/es\/piezas-de-recambio\/","name":"Piezas de recambio - UrbanGlide","isPartOf":{"@id":"https:\/\/urbanglide.com\/#website"},"datePublished":"2022-06-03T06:29:27+00:00","dateModified":"2023-02-21T13:31:03+00:00","breadcrumb":{"@id":"https:\/\/urbanglide.com\/es\/piezas-de-recambio\/#breadcrumb"},"inLanguage":"es","potentialAction":[{"@type":"ReadAction","target":["https:\/\/urbanglide.com\/es\/piezas-de-recambio\/"]}]},{"@type":"BreadcrumbList","@id":"https:\/\/urbanglide.com\/es\/piezas-de-recambio\/#breadcrumb","itemListElement":[{"@type":"ListItem","position":1,"name":"Accueil","item":"https:\/\/urbanglide.com\/es\/pagina-de-urbanglide-nueva-version\/"},{"@type":"ListItem","position":2,"name":"Piezas de recambio"}]},{"@type":"WebSite","@id":"https:\/\/urbanglide.com\/#website","url":"https:\/\/urbanglide.com\/","name":"Urbanglide","description":"Expert fran\u00e7ais de la mobilit\u00e9 \u00e9lectrique","potentialAction":[{"@type":"SearchAction","target":{"@type":"EntryPoint","urlTemplate":"https:\/\/urbanglide.com\/?s={search_term_string}"},"query-input":{"@type":"PropertyValueSpecification","valueRequired":true,"valueName":"search_term_string"}}],"inLanguage":"es"}]}},"_links":{"self":[{"href":"https:\/\/urbanglide.com\/es\/wp-json\/wp\/v2\/pages\/19587","targetHints":{"allow":["GET"]}}],"collection":[{"href":"https:\/\/urbanglide.com\/es\/wp-json\/wp\/v2\/pages"}],"about":[{"href":"https:\/\/urbanglide.com\/es\/wp-json\/wp\/v2\/types\/page"}],"author":[{"embeddable":true,"href":"https:\/\/urbanglide.com\/es\/wp-json\/wp\/v2\/users\/1"}],"replies":[{"embeddable":true,"href":"https:\/\/urbanglide.com\/es\/wp-json\/wp\/v2\/comments?post=19587"}],"version-history":[{"count":0,"href":"https:\/\/urbanglide.com\/es\/wp-json\/wp\/v2\/pages\/19587\/revisions"}],"wp:attachment":[{"href":"https:\/\/urbanglide.com\/es\/wp-json\/wp\/v2\/media?parent=19587"}],"curies":[{"name":"wp","href":"https:\/\/api.w.org\/{rel}","templated":true}]}}