{"id":22367,"date":"2022-05-09T13:14:37","date_gmt":"2022-05-09T13:14:37","guid":{"rendered":"https:\/\/urbanglide.com\/mentions-legales\/"},"modified":"2023-09-11T12:52:04","modified_gmt":"2023-09-11T12:52:04","slug":"aviso-legal","status":"publish","type":"page","link":"https:\/\/urbanglide.com\/es\/aviso-legal\/","title":{"rendered":"Aviso legal"},"content":{"rendered":"\t\t<div data-elementor-type=\"wp-page\" data-elementor-id=\"22367\" class=\"elementor elementor-22367 elementor-38\" data-elementor-post-type=\"page\">\n\t\t\t\t\t\t<section class=\"elementor-section elementor-top-section elementor-element elementor-element-ad17a92 elementor-section-boxed elementor-section-height-default elementor-section-height-default\" data-id=\"ad17a92\" data-element_type=\"section\" data-e-type=\"section\">\n\t\t\t\t\t\t<div class=\"elementor-container elementor-column-gap-default\">\n\t\t\t\t\t<div class=\"elementor-column elementor-col-100 elementor-top-column elementor-element elementor-element-d4361e7\" data-id=\"d4361e7\" data-element_type=\"column\" data-e-type=\"column\">\n\t\t\t<div class=\"elementor-widget-wrap elementor-element-populated\">\n\t\t\t\t\t\t<div class=\"elementor-element elementor-element-03fe466 elementor-widget elementor-widget-spacer\" data-id=\"03fe466\" data-element_type=\"widget\" data-e-type=\"widget\" data-widget_type=\"spacer.default\">\n\t\t\t\t<div class=\"elementor-widget-container\">\n\t\t\t\t\t\t\t<div class=\"elementor-spacer\">\n\t\t\t<div class=\"elementor-spacer-inner\"><\/div>\n\t\t<\/div>\n\t\t\t\t\t\t<\/div>\n\t\t\t\t<\/div>\n\t\t\t\t\t<\/div>\n\t\t<\/div>\n\t\t\t\t\t<\/div>\n\t\t<\/section>\n\t\t\t\t<section class=\"elementor-section elementor-top-section elementor-element elementor-element-12f19a4 elementor-section-boxed elementor-section-height-default elementor-section-height-default\" data-id=\"12f19a4\" data-element_type=\"section\" data-e-type=\"section\" data-settings=\"{&quot;background_background&quot;:&quot;classic&quot;}\">\n\t\t\t\t\t\t<div class=\"elementor-container elementor-column-gap-default\">\n\t\t\t\t\t<div class=\"elementor-column elementor-col-100 elementor-top-column elementor-element elementor-element-f0b3a0e\" data-id=\"f0b3a0e\" data-element_type=\"column\" data-e-type=\"column\">\n\t\t\t<div class=\"elementor-widget-wrap elementor-element-populated\">\n\t\t\t\t\t\t<div class=\"elementor-element elementor-element-9ed756f elementor-widget elementor-widget-heading\" data-id=\"9ed756f\" data-element_type=\"widget\" data-e-type=\"widget\" data-widget_type=\"heading.default\">\n\t\t\t\t<div class=\"elementor-widget-container\">\n\t\t\t\t\t<h1 class=\"elementor-heading-title elementor-size-default\">AVISO LEGAL<\/h1>\t\t\t\t<\/div>\n\t\t\t\t<\/div>\n\t\t\t\t<div class=\"elementor-element elementor-element-2c31c48 elementor-widget elementor-widget-toggle\" data-id=\"2c31c48\" data-element_type=\"widget\" data-e-type=\"widget\" data-widget_type=\"toggle.default\">\n\t\t\t\t<div class=\"elementor-widget-container\">\n\t\t\t\t\t\t\t<div class=\"elementor-toggle\">\n\t\t\t\t\t\t\t<div class=\"elementor-toggle-item\">\n\t\t\t\t\t<h2 id=\"elementor-tab-title-4631\" class=\"elementor-tab-title\" data-tab=\"1\" role=\"button\" aria-controls=\"elementor-tab-content-4631\" aria-expanded=\"false\">\n\t\t\t\t\t\t\t\t\t\t\t\t<a class=\"elementor-toggle-title\" tabindex=\"0\">I. INTRODUCCI\u00d3N<\/a>\n\t\t\t\t\t<\/h2>\n\n\t\t\t\t\t<div id=\"elementor-tab-content-4631\" class=\"elementor-tab-content elementor-clearfix\" data-tab=\"1\" role=\"region\" aria-labelledby=\"elementor-tab-title-4631\"><p>Lea atentamente estas condiciones de uso antes de utilizar este sitio. Al conectarse a este sitio, acepta sin reservas las presentes condiciones. De conformidad con el art\u00edculo 6 de la Ley n\u00ba 2004-575 de 21 de junio de 2004 sobre la confianza en la econom\u00eda digital, los responsables de este sitio web \u00abwww.urbanglide.com\u00bb son :<\/p>\n<\/div>\n\t\t\t\t<\/div>\n\t\t\t\t\t\t\t<div class=\"elementor-toggle-item\">\n\t\t\t\t\t<h2 id=\"elementor-tab-title-4632\" class=\"elementor-tab-title\" data-tab=\"2\" role=\"button\" aria-controls=\"elementor-tab-content-4632\" aria-expanded=\"false\">\n\t\t\t\t\t\t\t\t\t\t\t\t<a class=\"elementor-toggle-title\" tabindex=\"0\">II. EDITOR DEL SITIO<\/a>\n\t\t\t\t\t<\/h2>\n\n\t\t\t\t\t<div id=\"elementor-tab-content-4632\" class=\"elementor-tab-content elementor-clearfix\" data-tab=\"2\" role=\"region\" aria-labelledby=\"elementor-tab-title-4632\"><p>PACT GROUP S.A.<br \/>\nN\u00famero SIRET: 337 891 873 00040<br \/>\nDirector editorial: Maurice BODOKH<br \/>\n29 promenade Michel Simon, 93160 NOISY-LE-GRAND &#8211; FRANCIA<\/p>\n<p>Email :\u00a0<a href=\"https:\/\/urbanglide.com\/es\/contacto-tutoriales\/\">https:\/\/urbanglide.com\/contact\/\u00a0<\/a><\/p>\n<p>Sitio Web : <a href=\"http:\/\/www.urbanglide.com\/\">www.urbanglide.com<\/a><\/p>\n<\/div>\n\t\t\t\t<\/div>\n\t\t\t\t\t\t\t<div class=\"elementor-toggle-item\">\n\t\t\t\t\t<h2 id=\"elementor-tab-title-4633\" class=\"elementor-tab-title\" data-tab=\"3\" role=\"button\" aria-controls=\"elementor-tab-content-4633\" aria-expanded=\"false\">\n\t\t\t\t\t\t\t\t\t\t\t\t<a class=\"elementor-toggle-title\" tabindex=\"0\">III. ALOJAMIENTO<\/a>\n\t\t\t\t\t<\/h2>\n\n\t\t\t\t\t<div id=\"elementor-tab-content-4633\" class=\"elementor-tab-content elementor-clearfix\" data-tab=\"3\" role=\"region\" aria-labelledby=\"elementor-tab-title-4633\"><p>Ajolador : PACT GROUP S.A.<br \/>\n29 promenade Michel Simon, 93160 NOISY-LE-GRAND \u2013 FRANCIA<br \/>\nSitio Web : <a href=\"http:\/\/www.urbanglide.com\/\">www.urbanglide.com<\/a><\/p>\n<\/div>\n\t\t\t\t<\/div>\n\t\t\t\t\t\t\t<div class=\"elementor-toggle-item\">\n\t\t\t\t\t<h2 id=\"elementor-tab-title-4634\" class=\"elementor-tab-title\" data-tab=\"4\" role=\"button\" aria-controls=\"elementor-tab-content-4634\" aria-expanded=\"false\">\n\t\t\t\t\t\t\t\t\t\t\t\t<a class=\"elementor-toggle-title\" tabindex=\"0\">IV. DESARROLLO<\/a>\n\t\t\t\t\t<\/h2>\n\n\t\t\t\t\t<div id=\"elementor-tab-content-4634\" class=\"elementor-tab-content elementor-clearfix\" data-tab=\"4\" role=\"region\" aria-labelledby=\"elementor-tab-title-4634\"><p>Promotor: Franck Milenkovic &#8211; Moorice<br \/>\nDirecci\u00f3n: 25 boulevard de strasbourg, 75010 Paris<br \/>\nSitio Web : <a href=\"https:\/\/moorice.fr\/\">moorice.fr<\/a><\/p>\n<\/div>\n\t\t\t\t<\/div>\n\t\t\t\t\t\t\t<div class=\"elementor-toggle-item\">\n\t\t\t\t\t<h2 id=\"elementor-tab-title-4635\" class=\"elementor-tab-title\" data-tab=\"5\" role=\"button\" aria-controls=\"elementor-tab-content-4635\" aria-expanded=\"false\">\n\t\t\t\t\t\t\t\t\t\t\t\t<a class=\"elementor-toggle-title\" tabindex=\"0\">V. LIMITACI\u00d3N CONTRACTUAL DE LOS DATOS<\/a>\n\t\t\t\t\t<\/h2>\n\n\t\t\t\t\t<div id=\"elementor-tab-content-4635\" class=\"elementor-tab-content elementor-clearfix\" data-tab=\"5\" role=\"region\" aria-labelledby=\"elementor-tab-title-4635\"><p>La informaci\u00f3n contenida en este sitio es lo m\u00e1s exacta posible y se actualiza en distintos momentos del a\u00f1o, pero puede contener imprecisiones u omisiones. Si observa alguna laguna, error o lo que parece ser un mal funcionamiento, le rogamos que nos lo comunique por correo electr\u00f3nico a info@pactgroup.eu, describiendo el problema con la mayor precisi\u00f3n posible (p\u00e1gina causante del problema, tipo de ordenador y navegador utilizados, etc.).<\/p>\n<p>Cualquier contenido descargado se hace por cuenta y riesgo del usuario y bajo su exclusiva responsabilidad. Por consiguiente, no se aceptar\u00e1 responsabilidad alguna por los da\u00f1os que pueda sufrir el ordenador del usuario ni por la p\u00e9rdida de datos que pueda derivarse de la descarga. Adem\u00e1s, el usuario de la p\u00e1gina se compromete a acceder a la misma utilizando un equipo reciente, libre de virus y con un navegador actualizado y de \u00faltima generaci\u00f3n.<\/p>\n<p>PACT GROUP S.A. no se hace responsable de los enlaces de hipertexto establecidos en este sitio web hacia otros recursos de Internet.<\/p>\n<\/div>\n\t\t\t\t<\/div>\n\t\t\t\t\t\t\t<div class=\"elementor-toggle-item\">\n\t\t\t\t\t<h2 id=\"elementor-tab-title-4636\" class=\"elementor-tab-title\" data-tab=\"6\" role=\"button\" aria-controls=\"elementor-tab-content-4636\" aria-expanded=\"false\">\n\t\t\t\t\t\t\t\t\t\t\t\t<a class=\"elementor-toggle-title\" tabindex=\"0\">VI. PROPIEDAD INTELECTUAL<\/a>\n\t\t\t\t\t<\/h2>\n\n\t\t\t\t\t<div id=\"elementor-tab-content-4636\" class=\"elementor-tab-content elementor-clearfix\" data-tab=\"6\" role=\"region\" aria-labelledby=\"elementor-tab-title-4636\"><p>Todos los contenidos del sitio web <a href=\"http:\/\/www.urbanglide.com\/\">www.urbanglide.com<\/a>, incluyendo pero no limitado a gr\u00e1ficos, im\u00e1genes, textos, v\u00eddeos, animaciones, sonidos, logotipos, gifs e iconos, as\u00ed como su disposici\u00f3n, son propiedad exclusiva de la empresa, con la excepci\u00f3n de las marcas, logotipos o contenidos pertenecientes a otras empresas asociadas o autores.<\/p>\n<p>Cualquier reproducci\u00f3n, distribuci\u00f3n, modificaci\u00f3n, adaptaci\u00f3n, retransmisi\u00f3n o publicaci\u00f3n, incluso parcial, de estos diferentes elementos est\u00e1 estrictamente prohibida sin el consentimiento expreso y por escrito de PACT GROUP. Esta representaci\u00f3n o reproducci\u00f3n, por cualquier medio que sea, constituye una infracci\u00f3n sancionada por los art\u00edculos L.335-2 y siguientes del C\u00f3digo franc\u00e9s de la Propiedad Intelectual. El incumplimiento de esta prohibici\u00f3n constituye una infracci\u00f3n que puede comprometer la responsabilidad civil y penal del infractor. Adem\u00e1s, los propietarios del Contenido copiado podr\u00e1n emprender acciones legales contra usted.<\/p>\n<\/div>\n\t\t\t\t<\/div>\n\t\t\t\t\t\t\t<div class=\"elementor-toggle-item\">\n\t\t\t\t\t<h2 id=\"elementor-tab-title-4637\" class=\"elementor-tab-title\" data-tab=\"7\" role=\"button\" aria-controls=\"elementor-tab-content-4637\" aria-expanded=\"false\">\n\t\t\t\t\t\t\t\t\t\t\t\t<a class=\"elementor-toggle-title\" tabindex=\"0\">VII. LITIGIOS<\/a>\n\t\t\t\t\t<\/h2>\n\n\t\t\t\t\t<div id=\"elementor-tab-content-4637\" class=\"elementor-tab-content elementor-clearfix\" data-tab=\"7\" role=\"region\" aria-labelledby=\"elementor-tab-title-4637\"><p>Las presentes condiciones generales del sitio web <a href=\"http:\/\/www.urbanglide.com\/\">www.urbanglide.com<\/a> se rigen por la legislaci\u00f3n francesa y cualquier litigio o controversia que pudiera derivarse de la interpretaci\u00f3n o ejecuci\u00f3n de las mismas se someter\u00e1 a la jurisdicci\u00f3n exclusiva de los tribunales competentes del domicilio social de la empresa. La lengua de referencia para la resoluci\u00f3n de cualquier litigio ser\u00e1 el franc\u00e9s.<\/p>\n<\/div>\n\t\t\t\t<\/div>\n\t\t\t\t\t\t\t\t\t\t<script type=\"application\/ld+json\">{\"@context\":\"https:\\\/\\\/schema.org\",\"@type\":\"FAQPage\",\"mainEntity\":[{\"@type\":\"Question\",\"name\":\"I. INTRODUCCI\\u00d3N\",\"acceptedAnswer\":{\"@type\":\"Answer\",\"text\":\"<p>Lea atentamente estas condiciones de uso antes de utilizar este sitio. Al conectarse a este sitio, acepta sin reservas las presentes condiciones. De conformidad con el art\\u00edculo 6 de la Ley n\\u00ba 2004-575 de 21 de junio de 2004 sobre la confianza en la econom\\u00eda digital, los responsables de este sitio web \\u00abwww.urbanglide.com\\u00bb son :<\\\/p>\\n\"}},{\"@type\":\"Question\",\"name\":\"II. EDITOR DEL SITIO\",\"acceptedAnswer\":{\"@type\":\"Answer\",\"text\":\"<p>PACT GROUP S.A.<br \\\/>\\nN\\u00famero SIRET: 337 891 873 00040<br \\\/>\\nDirector editorial: Maurice BODOKH<br \\\/>\\n29 promenade Michel Simon, 93160 NOISY-LE-GRAND &#8211; FRANCIA<\\\/p>\\n<p>Email :\\u00a0<a href=\\\"https:\\\/\\\/urbanglide.com\\\/es\\\/contacto-tutoriales\\\/\\\">https:\\\/\\\/urbanglide.com\\\/contact\\\/\\u00a0<\\\/a><\\\/p>\\n<p>Sitio Web : <a href=\\\"http:\\\/\\\/www.urbanglide.com\\\/\\\">www.urbanglide.com<\\\/a><\\\/p>\\n\"}},{\"@type\":\"Question\",\"name\":\"III. ALOJAMIENTO\",\"acceptedAnswer\":{\"@type\":\"Answer\",\"text\":\"<p>Ajolador : PACT GROUP S.A.<br \\\/>\\n29 promenade Michel Simon, 93160 NOISY-LE-GRAND \\u2013 FRANCIA<br \\\/>\\nSitio Web : <a href=\\\"http:\\\/\\\/www.urbanglide.com\\\/\\\">www.urbanglide.com<\\\/a><\\\/p>\\n\"}},{\"@type\":\"Question\",\"name\":\"IV. DESARROLLO\",\"acceptedAnswer\":{\"@type\":\"Answer\",\"text\":\"<p>Promotor: Franck Milenkovic &#8211; Moorice<br \\\/>\\nDirecci\\u00f3n: 25 boulevard de strasbourg, 75010 Paris<br \\\/>\\nSitio Web : <a href=\\\"https:\\\/\\\/moorice.fr\\\/\\\">moorice.fr<\\\/a><\\\/p>\\n\"}},{\"@type\":\"Question\",\"name\":\"V. LIMITACI\\u00d3N CONTRACTUAL DE LOS DATOS\",\"acceptedAnswer\":{\"@type\":\"Answer\",\"text\":\"<p>La informaci\\u00f3n contenida en este sitio es lo m\\u00e1s exacta posible y se actualiza en distintos momentos del a\\u00f1o, pero puede contener imprecisiones u omisiones. Si observa alguna laguna, error o lo que parece ser un mal funcionamiento, le rogamos que nos lo comunique por correo electr\\u00f3nico a info@pactgroup.eu, describiendo el problema con la mayor precisi\\u00f3n posible (p\\u00e1gina causante del problema, tipo de ordenador y navegador utilizados, etc.).<\\\/p>\\n<p>Cualquier contenido descargado se hace por cuenta y riesgo del usuario y bajo su exclusiva responsabilidad. Por consiguiente, no se aceptar\\u00e1 responsabilidad alguna por los da\\u00f1os que pueda sufrir el ordenador del usuario ni por la p\\u00e9rdida de datos que pueda derivarse de la descarga. Adem\\u00e1s, el usuario de la p\\u00e1gina se compromete a acceder a la misma utilizando un equipo reciente, libre de virus y con un navegador actualizado y de \\u00faltima generaci\\u00f3n.<\\\/p>\\n<p>PACT GROUP S.A. no se hace responsable de los enlaces de hipertexto establecidos en este sitio web hacia otros recursos de Internet.<\\\/p>\\n\"}},{\"@type\":\"Question\",\"name\":\"VI. PROPIEDAD INTELECTUAL\",\"acceptedAnswer\":{\"@type\":\"Answer\",\"text\":\"<p>Todos los contenidos del sitio web <a href=\\\"http:\\\/\\\/www.urbanglide.com\\\/\\\">www.urbanglide.com<\\\/a>, incluyendo pero no limitado a gr\\u00e1ficos, im\\u00e1genes, textos, v\\u00eddeos, animaciones, sonidos, logotipos, gifs e iconos, as\\u00ed como su disposici\\u00f3n, son propiedad exclusiva de la empresa, con la excepci\\u00f3n de las marcas, logotipos o contenidos pertenecientes a otras empresas asociadas o autores.<\\\/p>\\n<p>Cualquier reproducci\\u00f3n, distribuci\\u00f3n, modificaci\\u00f3n, adaptaci\\u00f3n, retransmisi\\u00f3n o publicaci\\u00f3n, incluso parcial, de estos diferentes elementos est\\u00e1 estrictamente prohibida sin el consentimiento expreso y por escrito de PACT GROUP. Esta representaci\\u00f3n o reproducci\\u00f3n, por cualquier medio que sea, constituye una infracci\\u00f3n sancionada por los art\\u00edculos L.335-2 y siguientes del C\\u00f3digo franc\\u00e9s de la Propiedad Intelectual. El incumplimiento de esta prohibici\\u00f3n constituye una infracci\\u00f3n que puede comprometer la responsabilidad civil y penal del infractor. Adem\\u00e1s, los propietarios del Contenido copiado podr\\u00e1n emprender acciones legales contra usted.<\\\/p>\\n\"}},{\"@type\":\"Question\",\"name\":\"VII. LITIGIOS\",\"acceptedAnswer\":{\"@type\":\"Answer\",\"text\":\"<p>Las presentes condiciones generales del sitio web <a href=\\\"http:\\\/\\\/www.urbanglide.com\\\/\\\">www.urbanglide.com<\\\/a> se rigen por la legislaci\\u00f3n francesa y cualquier litigio o controversia que pudiera derivarse de la interpretaci\\u00f3n o ejecuci\\u00f3n de las mismas se someter\\u00e1 a la jurisdicci\\u00f3n exclusiva de los tribunales competentes del domicilio social de la empresa. La lengua de referencia para la resoluci\\u00f3n de cualquier litigio ser\\u00e1 el franc\\u00e9s.<\\\/p>\\n\"}}]}<\/script>\n\t\t\t\t\t<\/div>\n\t\t\t\t\t\t<\/div>\n\t\t\t\t<\/div>\n\t\t\t\t\t<\/div>\n\t\t<\/div>\n\t\t\t\t\t<\/div>\n\t\t<\/section>\n\t\t\t\t<section class=\"elementor-section elementor-top-section elementor-element elementor-element-23374d8 elementor-section-boxed elementor-section-height-default elementor-section-height-default\" data-id=\"23374d8\" data-element_type=\"section\" data-e-type=\"section\">\n\t\t\t\t\t\t<div class=\"elementor-container elementor-column-gap-default\">\n\t\t\t\t\t<div class=\"elementor-column elementor-col-100 elementor-top-column elementor-element elementor-element-99fae10\" data-id=\"99fae10\" data-element_type=\"column\" data-e-type=\"column\">\n\t\t\t<div class=\"elementor-widget-wrap elementor-element-populated\">\n\t\t\t\t\t\t<div class=\"elementor-element elementor-element-7c6a418 elementor-widget elementor-widget-spacer\" data-id=\"7c6a418\" data-element_type=\"widget\" data-e-type=\"widget\" data-widget_type=\"spacer.default\">\n\t\t\t\t<div class=\"elementor-widget-container\">\n\t\t\t\t\t\t\t<div class=\"elementor-spacer\">\n\t\t\t<div class=\"elementor-spacer-inner\"><\/div>\n\t\t<\/div>\n\t\t\t\t\t\t<\/div>\n\t\t\t\t<\/div>\n\t\t\t\t\t<\/div>\n\t\t<\/div>\n\t\t\t\t\t<\/div>\n\t\t<\/section>\n\t\t\t\t<\/div>\n\t\t","protected":false},"excerpt":{"rendered":"<p>AVISO LEGAL I. INTRODUCCI\u00d3N Lea atentamente estas condiciones de uso antes de utilizar este sitio. Al conectarse a este sitio, [&hellip;]<\/p>\n","protected":false},"author":1,"featured_media":0,"parent":0,"menu_order":0,"comment_status":"closed","ping_status":"closed","template":"","meta":{"footnotes":""},"class_list":["post-22367","page","type-page","status-publish","hentry"],"yoast_head":"<!-- This site is optimized with the Yoast SEO plugin v27.1.1 - https:\/\/yoast.com\/product\/yoast-seo-wordpress\/ -->\n<title>Aviso legal - UrbanGlide<\/title>\n<meta name=\"robots\" content=\"index, follow, max-snippet:-1, max-image-preview:large, max-video-preview:-1\" \/>\n<link rel=\"canonical\" href=\"https:\/\/urbanglide.com\/mentions-legales\/\" \/>\n<meta property=\"og:locale\" content=\"es_ES\" \/>\n<meta property=\"og:type\" content=\"article\" \/>\n<meta property=\"og:title\" content=\"Aviso legal - UrbanGlide\" \/>\n<meta property=\"og:description\" content=\"AVISO LEGAL I. INTRODUCCI\u00d3N Lea atentamente estas condiciones de uso antes de utilizar este sitio. Al conectarse a este sitio, [&hellip;]\" \/>\n<meta property=\"og:url\" content=\"https:\/\/urbanglide.com\/mentions-legales\/\" \/>\n<meta property=\"og:site_name\" content=\"UrbanGlide\" \/>\n<meta property=\"article:modified_time\" content=\"2023-09-11T12:52:04+00:00\" \/>\n<meta name=\"twitter:card\" content=\"summary_large_image\" \/>\n<meta name=\"twitter:label1\" content=\"Tiempo de lectura\" \/>\n\t<meta name=\"twitter:data1\" content=\"3 minutos\" \/>\n<script type=\"application\/ld+json\" class=\"yoast-schema-graph\">{\"@context\":\"https:\/\/schema.org\",\"@graph\":[{\"@type\":\"WebPage\",\"@id\":\"https:\/\/urbanglide.com\/mentions-legales\/\",\"url\":\"https:\/\/urbanglide.com\/mentions-legales\/\",\"name\":\"Aviso legal - UrbanGlide\",\"isPartOf\":{\"@id\":\"https:\/\/urbanglide.com\/#website\"},\"datePublished\":\"2022-05-09T13:14:37+00:00\",\"dateModified\":\"2023-09-11T12:52:04+00:00\",\"breadcrumb\":{\"@id\":\"https:\/\/urbanglide.com\/mentions-legales\/#breadcrumb\"},\"inLanguage\":\"es\",\"potentialAction\":[{\"@type\":\"ReadAction\",\"target\":[\"https:\/\/urbanglide.com\/mentions-legales\/\"]}]},{\"@type\":\"BreadcrumbList\",\"@id\":\"https:\/\/urbanglide.com\/mentions-legales\/#breadcrumb\",\"itemListElement\":[{\"@type\":\"ListItem\",\"position\":1,\"name\":\"Accueil\",\"item\":\"https:\/\/urbanglide.com\/es\/pagina-de-urbanglide-nueva-version\/\"},{\"@type\":\"ListItem\",\"position\":2,\"name\":\"Aviso legal\"}]},{\"@type\":\"WebSite\",\"@id\":\"https:\/\/urbanglide.com\/#website\",\"url\":\"https:\/\/urbanglide.com\/\",\"name\":\"Urbanglide\",\"description\":\"Expert fran\u00e7ais de la mobilit\u00e9 \u00e9lectrique\",\"potentialAction\":[{\"@type\":\"SearchAction\",\"target\":{\"@type\":\"EntryPoint\",\"urlTemplate\":\"https:\/\/urbanglide.com\/?s={search_term_string}\"},\"query-input\":{\"@type\":\"PropertyValueSpecification\",\"valueRequired\":true,\"valueName\":\"search_term_string\"}}],\"inLanguage\":\"es\"}]}<\/script>\n<!-- \/ Yoast SEO plugin. -->","yoast_head_json":{"title":"Aviso legal - UrbanGlide","robots":{"index":"index","follow":"follow","max-snippet":"max-snippet:-1","max-image-preview":"max-image-preview:large","max-video-preview":"max-video-preview:-1"},"canonical":"https:\/\/urbanglide.com\/mentions-legales\/","og_locale":"es_ES","og_type":"article","og_title":"Aviso legal - UrbanGlide","og_description":"AVISO LEGAL I. INTRODUCCI\u00d3N Lea atentamente estas condiciones de uso antes de utilizar este sitio. Al conectarse a este sitio, [&hellip;]","og_url":"https:\/\/urbanglide.com\/mentions-legales\/","og_site_name":"UrbanGlide","article_modified_time":"2023-09-11T12:52:04+00:00","twitter_card":"summary_large_image","twitter_misc":{"Tiempo de lectura":"3 minutos"},"schema":{"@context":"https:\/\/schema.org","@graph":[{"@type":"WebPage","@id":"https:\/\/urbanglide.com\/mentions-legales\/","url":"https:\/\/urbanglide.com\/mentions-legales\/","name":"Aviso legal - UrbanGlide","isPartOf":{"@id":"https:\/\/urbanglide.com\/#website"},"datePublished":"2022-05-09T13:14:37+00:00","dateModified":"2023-09-11T12:52:04+00:00","breadcrumb":{"@id":"https:\/\/urbanglide.com\/mentions-legales\/#breadcrumb"},"inLanguage":"es","potentialAction":[{"@type":"ReadAction","target":["https:\/\/urbanglide.com\/mentions-legales\/"]}]},{"@type":"BreadcrumbList","@id":"https:\/\/urbanglide.com\/mentions-legales\/#breadcrumb","itemListElement":[{"@type":"ListItem","position":1,"name":"Accueil","item":"https:\/\/urbanglide.com\/es\/pagina-de-urbanglide-nueva-version\/"},{"@type":"ListItem","position":2,"name":"Aviso legal"}]},{"@type":"WebSite","@id":"https:\/\/urbanglide.com\/#website","url":"https:\/\/urbanglide.com\/","name":"Urbanglide","description":"Expert fran\u00e7ais de la mobilit\u00e9 \u00e9lectrique","potentialAction":[{"@type":"SearchAction","target":{"@type":"EntryPoint","urlTemplate":"https:\/\/urbanglide.com\/?s={search_term_string}"},"query-input":{"@type":"PropertyValueSpecification","valueRequired":true,"valueName":"search_term_string"}}],"inLanguage":"es"}]}},"_links":{"self":[{"href":"https:\/\/urbanglide.com\/es\/wp-json\/wp\/v2\/pages\/22367","targetHints":{"allow":["GET"]}}],"collection":[{"href":"https:\/\/urbanglide.com\/es\/wp-json\/wp\/v2\/pages"}],"about":[{"href":"https:\/\/urbanglide.com\/es\/wp-json\/wp\/v2\/types\/page"}],"author":[{"embeddable":true,"href":"https:\/\/urbanglide.com\/es\/wp-json\/wp\/v2\/users\/1"}],"replies":[{"embeddable":true,"href":"https:\/\/urbanglide.com\/es\/wp-json\/wp\/v2\/comments?post=22367"}],"version-history":[{"count":0,"href":"https:\/\/urbanglide.com\/es\/wp-json\/wp\/v2\/pages\/22367\/revisions"}],"wp:attachment":[{"href":"https:\/\/urbanglide.com\/es\/wp-json\/wp\/v2\/media?parent=22367"}],"curies":[{"name":"wp","href":"https:\/\/api.w.org\/{rel}","templated":true}]}}