{"id":22370,"date":"2022-05-06T13:19:38","date_gmt":"2022-05-06T13:19:38","guid":{"rendered":"https:\/\/urbanglide.com\/conditions-generales\/"},"modified":"2023-09-11T12:39:18","modified_gmt":"2023-09-11T12:39:18","slug":"condiciones-generales","status":"publish","type":"page","link":"https:\/\/urbanglide.com\/es\/condiciones-generales\/","title":{"rendered":"Pol\u00edtica de privacidad"},"content":{"rendered":"\t\t<div data-elementor-type=\"wp-page\" data-elementor-id=\"22370\" class=\"elementor elementor-22370 elementor-3\" data-elementor-post-type=\"page\">\n\t\t\t\t\t\t<section class=\"elementor-section elementor-top-section elementor-element elementor-element-6fb422b8 elementor-section-boxed elementor-section-height-default elementor-section-height-default\" data-id=\"6fb422b8\" data-element_type=\"section\" data-e-type=\"section\">\n\t\t\t\t\t\t<div class=\"elementor-container elementor-column-gap-default\">\n\t\t\t\t\t<div class=\"elementor-column elementor-col-100 elementor-top-column elementor-element elementor-element-9fbd5e1\" data-id=\"9fbd5e1\" data-element_type=\"column\" data-e-type=\"column\">\n\t\t\t<div class=\"elementor-widget-wrap elementor-element-populated\">\n\t\t\t\t\t\t<div class=\"elementor-element elementor-element-7e32374 elementor-widget elementor-widget-spacer\" data-id=\"7e32374\" data-element_type=\"widget\" data-e-type=\"widget\" data-widget_type=\"spacer.default\">\n\t\t\t\t<div class=\"elementor-widget-container\">\n\t\t\t\t\t\t\t<div class=\"elementor-spacer\">\n\t\t\t<div class=\"elementor-spacer-inner\"><\/div>\n\t\t<\/div>\n\t\t\t\t\t\t<\/div>\n\t\t\t\t<\/div>\n\t\t\t\t\t<\/div>\n\t\t<\/div>\n\t\t\t\t\t<\/div>\n\t\t<\/section>\n\t\t\t\t<section class=\"elementor-section elementor-top-section elementor-element elementor-element-b6ddc17 elementor-section-boxed elementor-section-height-default elementor-section-height-default\" data-id=\"b6ddc17\" data-element_type=\"section\" data-e-type=\"section\" data-settings=\"{&quot;background_background&quot;:&quot;classic&quot;}\">\n\t\t\t\t\t\t<div class=\"elementor-container elementor-column-gap-default\">\n\t\t\t\t\t<div class=\"elementor-column elementor-col-100 elementor-top-column elementor-element elementor-element-c8df372\" data-id=\"c8df372\" data-element_type=\"column\" data-e-type=\"column\">\n\t\t\t<div class=\"elementor-widget-wrap elementor-element-populated\">\n\t\t\t\t\t\t<div class=\"elementor-element elementor-element-7768921 elementor-widget elementor-widget-heading\" data-id=\"7768921\" data-element_type=\"widget\" data-e-type=\"widget\" data-widget_type=\"heading.default\">\n\t\t\t\t<div class=\"elementor-widget-container\">\n\t\t\t\t\t<h1 class=\"elementor-heading-title elementor-size-default\">POL\u00cdTICA DE PRIVACIDAD<\/h1>\t\t\t\t<\/div>\n\t\t\t\t<\/div>\n\t\t\t\t<div class=\"elementor-element elementor-element-a50f2c3 elementor-widget elementor-widget-toggle\" data-id=\"a50f2c3\" data-element_type=\"widget\" data-e-type=\"widget\" data-widget_type=\"toggle.default\">\n\t\t\t\t<div class=\"elementor-widget-container\">\n\t\t\t\t\t\t\t<div class=\"elementor-toggle\">\n\t\t\t\t\t\t\t<div class=\"elementor-toggle-item\">\n\t\t\t\t\t<h2 id=\"elementor-tab-title-1731\" class=\"elementor-tab-title\" data-tab=\"1\" role=\"button\" aria-controls=\"elementor-tab-content-1731\" aria-expanded=\"false\">\n\t\t\t\t\t\t\t\t\t\t\t\t<a class=\"elementor-toggle-title\" tabindex=\"0\">I. INTRODUCCI\u00d3N<\/a>\n\t\t\t\t\t<\/h2>\n\n\t\t\t\t\t<div id=\"elementor-tab-content-1731\" class=\"elementor-tab-content elementor-clearfix\" data-tab=\"1\" role=\"region\" aria-labelledby=\"elementor-tab-title-1731\"><p>Con el desarrollo de nuevas herramientas de comunicaci\u00f3n, es necesario prestar especial atenci\u00f3n a la protecci\u00f3n de la privacidad. Por eso nos comprometemos a respetar la confidencialidad de la informaci\u00f3n personal que recopilamos.<\/p>\n<\/div>\n\t\t\t\t<\/div>\n\t\t\t\t\t\t\t<div class=\"elementor-toggle-item\">\n\t\t\t\t\t<h2 id=\"elementor-tab-title-1732\" class=\"elementor-tab-title\" data-tab=\"2\" role=\"button\" aria-controls=\"elementor-tab-content-1732\" aria-expanded=\"false\">\n\t\t\t\t\t\t\t\t\t\t\t\t<a class=\"elementor-toggle-title\" tabindex=\"0\">II. RECOGIDA DE INFORMACI\u00d3N PERSONAL<\/a>\n\t\t\t\t\t<\/h2>\n\n\t\t\t\t\t<div id=\"elementor-tab-content-1732\" class=\"elementor-tab-content elementor-clearfix\" data-tab=\"2\" role=\"region\" aria-labelledby=\"elementor-tab-title-1732\"><p>Recopilamos la siguiente informaci\u00f3n:<\/p>\n<ul>\n<li>Nombre<\/li>\n<li>Direcci\u00f3n de correo electr\u00f3nico<\/li>\n<li>N\u00famero de tel\u00e9fono\/fax<\/li>\n<\/ul>\n<p>La informaci\u00f3n personal que recopilamos se recoge a trav\u00e9s de formularios y mediante la interactividad que se establece entre usted y nuestro sitio web. Como se indica en la secci\u00f3n siguiente, tambi\u00e9n utilizamos cookies y\/o archivos de registro para recopilar informaci\u00f3n sobre usted.<\/p>\n<\/div>\n\t\t\t\t<\/div>\n\t\t\t\t\t\t\t<div class=\"elementor-toggle-item\">\n\t\t\t\t\t<h2 id=\"elementor-tab-title-1733\" class=\"elementor-tab-title\" data-tab=\"3\" role=\"button\" aria-controls=\"elementor-tab-content-1733\" aria-expanded=\"false\">\n\t\t\t\t\t\t\t\t\t\t\t\t<a class=\"elementor-toggle-title\" tabindex=\"0\">III. FORMAS E INTERACTIVIDAD<\/a>\n\t\t\t\t\t<\/h2>\n\n\t\t\t\t\t<div id=\"elementor-tab-content-1733\" class=\"elementor-tab-content elementor-clearfix\" data-tab=\"3\" role=\"region\" aria-labelledby=\"elementor-tab-title-1733\"><p>Sus datos personales se recogen a trav\u00e9s de los siguientes formularios:<\/p>\n<p>Utilizamos la informaci\u00f3n recogida de este modo para los siguientes fines:<\/p>\n<ul>\n<li>Contacto<\/li>\n<\/ul>\n<p>Su informaci\u00f3n tambi\u00e9n se recoge a trav\u00e9s de la interactividad que pueda establecerse entre usted y nuestro sitio web de la siguiente manera:<\/p>\n<ul>\n<li>Contacto<\/li>\n<\/ul>\n<p>Utilizamos la informaci\u00f3n recogida de este modo para los siguientes fines:<\/p>\n<ul>\n<li>Correspondencia<\/li>\n<\/ul>\n<\/div>\n\t\t\t\t<\/div>\n\t\t\t\t\t\t\t<div class=\"elementor-toggle-item\">\n\t\t\t\t\t<h2 id=\"elementor-tab-title-1734\" class=\"elementor-tab-title\" data-tab=\"4\" role=\"button\" aria-controls=\"elementor-tab-content-1734\" aria-expanded=\"false\">\n\t\t\t\t\t\t\t\t\t\t\t\t<a class=\"elementor-toggle-title\" tabindex=\"0\">IV. DERECHO DE OPOSICI\u00d3N Y DESISTIMIENTO<\/a>\n\t\t\t\t\t<\/h2>\n\n\t\t\t\t\t<div id=\"elementor-tab-content-1734\" class=\"elementor-tab-content elementor-clearfix\" data-tab=\"4\" role=\"region\" aria-labelledby=\"elementor-tab-title-1734\"><p>Nos comprometemos a ofrecerle el derecho de oposici\u00f3n y retirada de su informaci\u00f3n personal.<br \/>\nPor derecho de oposici\u00f3n se entiende la posibilidad que tienen los internautas de negarse a que sus datos personales se utilicen para determinados fines mencionados en el momento de su recogida.<\/p>\n<p>Por derecho de retirada se entiende la posibilidad que se ofrece a los internautas de solicitar que sus datos personales dejen de figurar, por ejemplo, en una lista de distribuci\u00f3n.<\/p>\n<p>Para ejercer estos derechos, dir\u00edjase a<br \/>\nC\u00f3digo postal: 29 promenade Michel Simon, Noisy le Grand 93160<br \/>\nCorreo electr\u00f3nico: support@urbanglide.com<br \/>\nTel\u00e9fono: 0155858181<br \/>\nSecci\u00f3n del sitio web: <a href=\"http:\/\/www.urbanglide.com\/\">www.urbanglide.com<\/a><\/p>\n<\/div>\n\t\t\t\t<\/div>\n\t\t\t\t\t\t\t<div class=\"elementor-toggle-item\">\n\t\t\t\t\t<h2 id=\"elementor-tab-title-1735\" class=\"elementor-tab-title\" data-tab=\"5\" role=\"button\" aria-controls=\"elementor-tab-content-1735\" aria-expanded=\"false\">\n\t\t\t\t\t\t\t\t\t\t\t\t<a class=\"elementor-toggle-title\" tabindex=\"0\">V. DERECHO DE ACCESO<\/a>\n\t\t\t\t\t<\/h2>\n\n\t\t\t\t\t<div id=\"elementor-tab-content-1735\" class=\"elementor-tab-content elementor-clearfix\" data-tab=\"5\" role=\"region\" aria-labelledby=\"elementor-tab-title-1735\"><p>Nos comprometemos a conceder un derecho de acceso y rectificaci\u00f3n a las personas interesadas que deseen consultar, modificar o suprimir la informaci\u00f3n que les concierne.<br \/>\nEste derecho puede ejercerse escribiendo a:<br \/>\nC\u00f3digo postal: 29 promenade Michel Simon, Noisy le Grand 93160<br \/>\nCorreo electr\u00f3nico: support@urbanglide.com<br \/>\nTel\u00e9fono: 0155858181<br \/>\nSecci\u00f3n del sitio web: <a href=\"http:\/\/www.urbanglide.com\/\">www.urbanglide.com<\/a><\/p>\n<\/div>\n\t\t\t\t<\/div>\n\t\t\t\t\t\t\t\t\t\t<script type=\"application\/ld+json\">{\"@context\":\"https:\\\/\\\/schema.org\",\"@type\":\"FAQPage\",\"mainEntity\":[{\"@type\":\"Question\",\"name\":\"I. INTRODUCCI\\u00d3N\",\"acceptedAnswer\":{\"@type\":\"Answer\",\"text\":\"<p>Con el desarrollo de nuevas herramientas de comunicaci\\u00f3n, es necesario prestar especial atenci\\u00f3n a la protecci\\u00f3n de la privacidad. Por eso nos comprometemos a respetar la confidencialidad de la informaci\\u00f3n personal que recopilamos.<\\\/p>\\n\"}},{\"@type\":\"Question\",\"name\":\"II. RECOGIDA DE INFORMACI\\u00d3N PERSONAL\",\"acceptedAnswer\":{\"@type\":\"Answer\",\"text\":\"<p>Recopilamos la siguiente informaci\\u00f3n:<\\\/p>\\n<ul>\\n<li>Nombre<\\\/li>\\n<li>Direcci\\u00f3n de correo electr\\u00f3nico<\\\/li>\\n<li>N\\u00famero de tel\\u00e9fono\\\/fax<\\\/li>\\n<\\\/ul>\\n<p>La informaci\\u00f3n personal que recopilamos se recoge a trav\\u00e9s de formularios y mediante la interactividad que se establece entre usted y nuestro sitio web. Como se indica en la secci\\u00f3n siguiente, tambi\\u00e9n utilizamos cookies y\\\/o archivos de registro para recopilar informaci\\u00f3n sobre usted.<\\\/p>\\n\"}},{\"@type\":\"Question\",\"name\":\"III. FORMAS E INTERACTIVIDAD\",\"acceptedAnswer\":{\"@type\":\"Answer\",\"text\":\"<p>Sus datos personales se recogen a trav\\u00e9s de los siguientes formularios:<\\\/p>\\n<p>Utilizamos la informaci\\u00f3n recogida de este modo para los siguientes fines:<\\\/p>\\n<ul>\\n<li>Contacto<\\\/li>\\n<\\\/ul>\\n<p>Su informaci\\u00f3n tambi\\u00e9n se recoge a trav\\u00e9s de la interactividad que pueda establecerse entre usted y nuestro sitio web de la siguiente manera:<\\\/p>\\n<ul>\\n<li>Contacto<\\\/li>\\n<\\\/ul>\\n<p>Utilizamos la informaci\\u00f3n recogida de este modo para los siguientes fines:<\\\/p>\\n<ul>\\n<li>Correspondencia<\\\/li>\\n<\\\/ul>\\n\"}},{\"@type\":\"Question\",\"name\":\"IV. DERECHO DE OPOSICI\\u00d3N Y DESISTIMIENTO\",\"acceptedAnswer\":{\"@type\":\"Answer\",\"text\":\"<p>Nos comprometemos a ofrecerle el derecho de oposici\\u00f3n y retirada de su informaci\\u00f3n personal.<br \\\/>\\nPor derecho de oposici\\u00f3n se entiende la posibilidad que tienen los internautas de negarse a que sus datos personales se utilicen para determinados fines mencionados en el momento de su recogida.<\\\/p>\\n<p>Por derecho de retirada se entiende la posibilidad que se ofrece a los internautas de solicitar que sus datos personales dejen de figurar, por ejemplo, en una lista de distribuci\\u00f3n.<\\\/p>\\n<p>Para ejercer estos derechos, dir\\u00edjase a<br \\\/>\\nC\\u00f3digo postal: 29 promenade Michel Simon, Noisy le Grand 93160<br \\\/>\\nCorreo electr\\u00f3nico: support@urbanglide.com<br \\\/>\\nTel\\u00e9fono: 0155858181<br \\\/>\\nSecci\\u00f3n del sitio web: <a href=\\\"http:\\\/\\\/www.urbanglide.com\\\/\\\">www.urbanglide.com<\\\/a><\\\/p>\\n\"}},{\"@type\":\"Question\",\"name\":\"V. DERECHO DE ACCESO\",\"acceptedAnswer\":{\"@type\":\"Answer\",\"text\":\"<p>Nos comprometemos a conceder un derecho de acceso y rectificaci\\u00f3n a las personas interesadas que deseen consultar, modificar o suprimir la informaci\\u00f3n que les concierne.<br \\\/>\\nEste derecho puede ejercerse escribiendo a:<br \\\/>\\nC\\u00f3digo postal: 29 promenade Michel Simon, Noisy le Grand 93160<br \\\/>\\nCorreo electr\\u00f3nico: support@urbanglide.com<br \\\/>\\nTel\\u00e9fono: 0155858181<br \\\/>\\nSecci\\u00f3n del sitio web: <a href=\\\"http:\\\/\\\/www.urbanglide.com\\\/\\\">www.urbanglide.com<\\\/a><\\\/p>\\n\"}}]}<\/script>\n\t\t\t\t\t<\/div>\n\t\t\t\t\t\t<\/div>\n\t\t\t\t<\/div>\n\t\t\t\t\t<\/div>\n\t\t<\/div>\n\t\t\t\t\t<\/div>\n\t\t<\/section>\n\t\t\t\t<section class=\"elementor-section elementor-top-section elementor-element elementor-element-9465d61 elementor-section-boxed elementor-section-height-default elementor-section-height-default\" data-id=\"9465d61\" data-element_type=\"section\" data-e-type=\"section\">\n\t\t\t\t\t\t<div class=\"elementor-container elementor-column-gap-default\">\n\t\t\t\t\t<div class=\"elementor-column elementor-col-100 elementor-top-column elementor-element elementor-element-c377163\" data-id=\"c377163\" data-element_type=\"column\" data-e-type=\"column\">\n\t\t\t<div class=\"elementor-widget-wrap elementor-element-populated\">\n\t\t\t\t\t\t<div class=\"elementor-element elementor-element-7ae1925 elementor-widget elementor-widget-spacer\" data-id=\"7ae1925\" data-element_type=\"widget\" data-e-type=\"widget\" data-widget_type=\"spacer.default\">\n\t\t\t\t<div class=\"elementor-widget-container\">\n\t\t\t\t\t\t\t<div class=\"elementor-spacer\">\n\t\t\t<div class=\"elementor-spacer-inner\"><\/div>\n\t\t<\/div>\n\t\t\t\t\t\t<\/div>\n\t\t\t\t<\/div>\n\t\t\t\t\t<\/div>\n\t\t<\/div>\n\t\t\t\t\t<\/div>\n\t\t<\/section>\n\t\t\t\t<\/div>\n\t\t","protected":false},"excerpt":{"rendered":"<p>POL\u00cdTICA DE PRIVACIDAD I. INTRODUCCI\u00d3N Con el desarrollo de nuevas herramientas de comunicaci\u00f3n, es necesario prestar especial atenci\u00f3n a la [&hellip;]<\/p>\n","protected":false},"author":1,"featured_media":0,"parent":0,"menu_order":0,"comment_status":"closed","ping_status":"open","template":"","meta":{"footnotes":""},"class_list":["post-22370","page","type-page","status-publish","hentry"],"yoast_head":"<!-- This site is optimized with the Yoast SEO plugin v27.1.1 - https:\/\/yoast.com\/product\/yoast-seo-wordpress\/ -->\n<title>Pol\u00edtica de privacidad - UrbanGlide<\/title>\n<meta name=\"robots\" content=\"index, follow, max-snippet:-1, max-image-preview:large, max-video-preview:-1\" \/>\n<link rel=\"canonical\" href=\"https:\/\/urbanglide.com\/privacy-policy\/\" \/>\n<meta property=\"og:locale\" content=\"es_ES\" \/>\n<meta property=\"og:type\" content=\"article\" \/>\n<meta property=\"og:title\" content=\"Pol\u00edtica de privacidad - UrbanGlide\" \/>\n<meta property=\"og:description\" content=\"POL\u00cdTICA DE PRIVACIDAD I. INTRODUCCI\u00d3N Con el desarrollo de nuevas herramientas de comunicaci\u00f3n, es necesario prestar especial atenci\u00f3n a la [&hellip;]\" \/>\n<meta property=\"og:url\" content=\"https:\/\/urbanglide.com\/privacy-policy\/\" \/>\n<meta property=\"og:site_name\" content=\"UrbanGlide\" \/>\n<meta property=\"article:modified_time\" content=\"2023-09-11T12:39:18+00:00\" \/>\n<meta name=\"twitter:card\" content=\"summary_large_image\" \/>\n<meta name=\"twitter:label1\" content=\"Tiempo de lectura\" \/>\n\t<meta name=\"twitter:data1\" content=\"2 minutos\" \/>\n<script type=\"application\/ld+json\" class=\"yoast-schema-graph\">{\"@context\":\"https:\/\/schema.org\",\"@graph\":[{\"@type\":\"WebPage\",\"@id\":\"https:\/\/urbanglide.com\/privacy-policy\/\",\"url\":\"https:\/\/urbanglide.com\/privacy-policy\/\",\"name\":\"Pol\u00edtica de privacidad - UrbanGlide\",\"isPartOf\":{\"@id\":\"https:\/\/urbanglide.com\/#website\"},\"datePublished\":\"2022-05-06T13:19:38+00:00\",\"dateModified\":\"2023-09-11T12:39:18+00:00\",\"breadcrumb\":{\"@id\":\"https:\/\/urbanglide.com\/privacy-policy\/#breadcrumb\"},\"inLanguage\":\"es\",\"potentialAction\":[{\"@type\":\"ReadAction\",\"target\":[\"https:\/\/urbanglide.com\/privacy-policy\/\"]}]},{\"@type\":\"BreadcrumbList\",\"@id\":\"https:\/\/urbanglide.com\/privacy-policy\/#breadcrumb\",\"itemListElement\":[{\"@type\":\"ListItem\",\"position\":1,\"name\":\"Accueil\",\"item\":\"https:\/\/urbanglide.com\/es\/pagina-de-urbanglide-nueva-version\/\"},{\"@type\":\"ListItem\",\"position\":2,\"name\":\"Pol\u00edtica de privacidad\"}]},{\"@type\":\"WebSite\",\"@id\":\"https:\/\/urbanglide.com\/#website\",\"url\":\"https:\/\/urbanglide.com\/\",\"name\":\"Urbanglide\",\"description\":\"Expert fran\u00e7ais de la mobilit\u00e9 \u00e9lectrique\",\"potentialAction\":[{\"@type\":\"SearchAction\",\"target\":{\"@type\":\"EntryPoint\",\"urlTemplate\":\"https:\/\/urbanglide.com\/?s={search_term_string}\"},\"query-input\":{\"@type\":\"PropertyValueSpecification\",\"valueRequired\":true,\"valueName\":\"search_term_string\"}}],\"inLanguage\":\"es\"}]}<\/script>\n<!-- \/ Yoast SEO plugin. -->","yoast_head_json":{"title":"Pol\u00edtica de privacidad - UrbanGlide","robots":{"index":"index","follow":"follow","max-snippet":"max-snippet:-1","max-image-preview":"max-image-preview:large","max-video-preview":"max-video-preview:-1"},"canonical":"https:\/\/urbanglide.com\/privacy-policy\/","og_locale":"es_ES","og_type":"article","og_title":"Pol\u00edtica de privacidad - UrbanGlide","og_description":"POL\u00cdTICA DE PRIVACIDAD I. INTRODUCCI\u00d3N Con el desarrollo de nuevas herramientas de comunicaci\u00f3n, es necesario prestar especial atenci\u00f3n a la [&hellip;]","og_url":"https:\/\/urbanglide.com\/privacy-policy\/","og_site_name":"UrbanGlide","article_modified_time":"2023-09-11T12:39:18+00:00","twitter_card":"summary_large_image","twitter_misc":{"Tiempo de lectura":"2 minutos"},"schema":{"@context":"https:\/\/schema.org","@graph":[{"@type":"WebPage","@id":"https:\/\/urbanglide.com\/privacy-policy\/","url":"https:\/\/urbanglide.com\/privacy-policy\/","name":"Pol\u00edtica de privacidad - UrbanGlide","isPartOf":{"@id":"https:\/\/urbanglide.com\/#website"},"datePublished":"2022-05-06T13:19:38+00:00","dateModified":"2023-09-11T12:39:18+00:00","breadcrumb":{"@id":"https:\/\/urbanglide.com\/privacy-policy\/#breadcrumb"},"inLanguage":"es","potentialAction":[{"@type":"ReadAction","target":["https:\/\/urbanglide.com\/privacy-policy\/"]}]},{"@type":"BreadcrumbList","@id":"https:\/\/urbanglide.com\/privacy-policy\/#breadcrumb","itemListElement":[{"@type":"ListItem","position":1,"name":"Accueil","item":"https:\/\/urbanglide.com\/es\/pagina-de-urbanglide-nueva-version\/"},{"@type":"ListItem","position":2,"name":"Pol\u00edtica de privacidad"}]},{"@type":"WebSite","@id":"https:\/\/urbanglide.com\/#website","url":"https:\/\/urbanglide.com\/","name":"Urbanglide","description":"Expert fran\u00e7ais de la mobilit\u00e9 \u00e9lectrique","potentialAction":[{"@type":"SearchAction","target":{"@type":"EntryPoint","urlTemplate":"https:\/\/urbanglide.com\/?s={search_term_string}"},"query-input":{"@type":"PropertyValueSpecification","valueRequired":true,"valueName":"search_term_string"}}],"inLanguage":"es"}]}},"_links":{"self":[{"href":"https:\/\/urbanglide.com\/es\/wp-json\/wp\/v2\/pages\/22370","targetHints":{"allow":["GET"]}}],"collection":[{"href":"https:\/\/urbanglide.com\/es\/wp-json\/wp\/v2\/pages"}],"about":[{"href":"https:\/\/urbanglide.com\/es\/wp-json\/wp\/v2\/types\/page"}],"author":[{"embeddable":true,"href":"https:\/\/urbanglide.com\/es\/wp-json\/wp\/v2\/users\/1"}],"replies":[{"embeddable":true,"href":"https:\/\/urbanglide.com\/es\/wp-json\/wp\/v2\/comments?post=22370"}],"version-history":[{"count":0,"href":"https:\/\/urbanglide.com\/es\/wp-json\/wp\/v2\/pages\/22370\/revisions"}],"wp:attachment":[{"href":"https:\/\/urbanglide.com\/es\/wp-json\/wp\/v2\/media?parent=22370"}],"curies":[{"name":"wp","href":"https:\/\/api.w.org\/{rel}","templated":true}]}}