{"id":30958,"date":"2022-05-20T07:10:29","date_gmt":"2022-05-20T07:10:29","guid":{"rendered":"https:\/\/urbanglide.com\/paiement-securise\/"},"modified":"2023-02-21T11:07:06","modified_gmt":"2023-02-21T11:07:06","slug":"paiement-securise","status":"publish","type":"page","link":"https:\/\/urbanglide.com\/es\/paiement-securise\/","title":{"rendered":"Pago seguro"},"content":{"rendered":"\n<h2 class=\"wp-block-heading\">Validaci\u00f3n<\/h2>\n\n\n\n<p>El pedido validado por el Cliente s\u00f3lo ser\u00e1 considerado efectivo por urbanglide.com cuando los centros de pago bancarios correspondientes hayan dado su conformidad. En caso de rechazo por parte de dichos centros, el pedido se anular\u00e1 autom\u00e1ticamente y se informar\u00e1 al Cliente por tel\u00e9fono, por correo postal o por correo electr\u00f3nico. Adem\u00e1s, urbanglide.com se reserva el derecho de rechazar cualquier pedido de un Cliente con el que exista un litigio. La aceptaci\u00f3n del pedido est\u00e1 sujeta a la disponibilidad de la mercanc\u00eda hasta el pago \u00edntegro del pedido. El precio es pagadero en el momento del pedido. urbanglide.com ha puesto en marcha un procedimiento de verificaci\u00f3n de pedidos para garantizar que ninguna persona utilice los datos bancarios y postales de otra persona sin su conocimiento, por encima de un l\u00edmite establecido por urbanglide.com. En el marco de esta verificaci\u00f3n, se podr\u00e1 solicitar al cliente que env\u00ede por fax o correo electr\u00f3nico una copia de un documento de identidad, as\u00ed como un justificante de domicilio para la direcci\u00f3n de facturaci\u00f3n y de entrega (factura, recibo, etc.) facilitado por el comprador. El pedido s\u00f3lo se validar\u00e1 tras la recepci\u00f3n y verificaci\u00f3n por nuestros servicios de los documentos enviados.<\/p>\n\n\n\n<h2 class=\"wp-block-heading\">Modalidades de pago<\/h2>\n\n\n\n<p>Puede realizar el pago :<\/p>\n\n\n\n<p>Ya sea por tarjeta de cr\u00e9dito: Tarjeta Visa, MasterCard en el sitio web de PAYPAL.<\/p>\n\n\n\n<p>El pago se realiza en el servidor PAYPAL a trav\u00e9s de su sistema seguro. El n\u00famero de tarjeta y la fecha de caducidad se codifican y se transmiten de forma segura (SSL) al banco y nunca se comunican a urbanglide.com. Las tarjetas emitidas por bancos domiciliados fuera de Francia deben ser tarjetas bancarias internacionales. urbanglide.com se reserva el derecho de solicitar al Comprador una copia de un documento de identidad o un justificante de domicilio para cualquier pago mediante tarjeta bancaria.<\/p>\n\n\n\n<p>Con una cuenta PayPal, registrada directamente en el sitio web urbanglide.com<\/p>\n\n\n\n<p>El pago se realiza en el servidor de nuestro socio PayPal a trav\u00e9s del sistema seguro de este \u00faltimo. Por favor, tenga a mano el correo electr\u00f3nico de su cuenta PayPal e introd\u00fazcalo en la casilla correspondiente. No olvide confirmar el pago para el registro y la validaci\u00f3n de su pedido. urbanglide.com se reserva el derecho de solicitar una copia de un documento de identidad o un justificante de domicilio del Comprador para cualquier pago por PayPal.<\/p>\n\n\n\n<h2 class=\"wp-block-heading\">Pago \u00edntegro<\/h2>\n\n\n\n<p>El pago de la totalidad del precio debe ser efectuado en el momento del pedido por el comprador. En ning\u00fan momento, las sumas abonadas podr\u00e1n considerarse como dep\u00f3sitos o anticipos. El importe total del pedido ser\u00e1 cobrado por urbanglide.com en el momento de la validaci\u00f3n del pedido.<\/p>\n\n\n\n<h2 class=\"wp-block-heading\">Obligaciones del comprador<\/h2>\n\n\n\n<p>El Comprador garantiza a urbanglide.com que dispone de las autorizaciones necesarias para utilizar el medio de pago elegido por \u00e9l en el momento del registro del formulario de pedido.<\/p>\n\n\n\n<h2 class=\"wp-block-heading\">Obligaciones de urbanglide.com<\/h2>\n\n\n\n<p>Urbanglide.com se reserva el derecho de suspender o anular cualquier pedido y\/o entrega, independientemente de su naturaleza y nivel de realizaci\u00f3n, en caso de impago de cualquier suma debida por el Cliente o en caso de incidente de pago. En el marco de la lucha contra el fraude en Internet, la informaci\u00f3n relativa a su pedido podr\u00e1 ser transmitida a cualquier tercero para su verificaci\u00f3n. A petici\u00f3n del Comprador, se le enviar\u00e1 una factura en papel en la que figurar\u00e1 el IVA. No obstante, se enviar\u00e1 autom\u00e1ticamente una factura por correo electr\u00f3nico.<\/p>\n\n\n\n<h2 class=\"wp-block-heading\">Informaci\u00f3n<\/h2>\n\n\n\n<p>Todos los pedidos, realizados mediante pago con tarjeta de cr\u00e9dito o Paypal, se confirmar\u00e1n a vuelta de correo electr\u00f3nico.<\/p>\n\n\n\n<h2 class=\"wp-block-heading\">Seguridad en el pago<\/h2>\n\n\n\n<p>Al pagar en l\u00ednea con una tarjeta de cr\u00e9dito segura, urbanglide.com no recibe una copia del n\u00famero de la tarjeta de cr\u00e9dito utilizada, que permanece confidencial entre el comprador y el banco.<\/p>\n\n\n\n<div class=\"wp-block-buttons is-layout-flex wp-block-buttons-is-layout-flex\">\n<div class=\"wp-block-button has-custom-font-size dug_wp_editor_btn has-medium-font-size\"><a class=\"wp-block-button__link has-background wp-element-button\" href=\"https:\/\/urbanglide.com\/es\/contact-tutoriels\/\" style=\"border-radius:5px;background-color:#d21116\">Cont\u00e1ctanos<\/a><\/div>\n<\/div>\n\n\n\n<div class=\"wp-block-buttons is-layout-flex wp-block-buttons-is-layout-flex\"><\/div>\n\n\n\n<div class=\"wp-block-buttons is-layout-flex wp-block-buttons-is-layout-flex\"><\/div>\n","protected":false},"excerpt":{"rendered":"<p>Validaci\u00f3n El pedido validado por el Cliente s\u00f3lo ser\u00e1 considerado efectivo por urbanglide.com cuando los centros de pago bancarios correspondientes [&hellip;]<\/p>\n","protected":false},"author":1,"featured_media":0,"parent":0,"menu_order":0,"comment_status":"closed","ping_status":"closed","template":"","meta":{"footnotes":""},"class_list":["post-30958","page","type-page","status-publish","hentry"],"yoast_head":"<!-- This site is optimized with the Yoast SEO plugin v27.1.1 - https:\/\/yoast.com\/product\/yoast-seo-wordpress\/ -->\n<title>Pago seguro - UrbanGlide<\/title>\n<meta name=\"robots\" content=\"index, follow, max-snippet:-1, max-image-preview:large, max-video-preview:-1\" \/>\n<link rel=\"canonical\" href=\"https:\/\/urbanglide.com\/es\/paiement-securise\/\" \/>\n<meta property=\"og:locale\" content=\"es_ES\" \/>\n<meta property=\"og:type\" content=\"article\" \/>\n<meta property=\"og:title\" content=\"Pago seguro - UrbanGlide\" \/>\n<meta property=\"og:description\" content=\"Validaci\u00f3n El pedido validado por el Cliente s\u00f3lo ser\u00e1 considerado efectivo por urbanglide.com cuando los centros de pago bancarios correspondientes [&hellip;]\" \/>\n<meta property=\"og:url\" content=\"https:\/\/urbanglide.com\/es\/paiement-securise\/\" \/>\n<meta property=\"og:site_name\" content=\"UrbanGlide\" \/>\n<meta property=\"article:modified_time\" content=\"2023-02-21T11:07:06+00:00\" \/>\n<meta name=\"twitter:card\" content=\"summary_large_image\" \/>\n<meta name=\"twitter:label1\" content=\"Tiempo de lectura\" \/>\n\t<meta name=\"twitter:data1\" content=\"4 minutos\" \/>\n<script type=\"application\/ld+json\" class=\"yoast-schema-graph\">{\"@context\":\"https:\/\/schema.org\",\"@graph\":[{\"@type\":\"WebPage\",\"@id\":\"https:\/\/urbanglide.com\/es\/paiement-securise\/\",\"url\":\"https:\/\/urbanglide.com\/es\/paiement-securise\/\",\"name\":\"Pago seguro - UrbanGlide\",\"isPartOf\":{\"@id\":\"https:\/\/urbanglide.com\/#website\"},\"datePublished\":\"2022-05-20T07:10:29+00:00\",\"dateModified\":\"2023-02-21T11:07:06+00:00\",\"breadcrumb\":{\"@id\":\"https:\/\/urbanglide.com\/es\/paiement-securise\/#breadcrumb\"},\"inLanguage\":\"es\",\"potentialAction\":[{\"@type\":\"ReadAction\",\"target\":[\"https:\/\/urbanglide.com\/es\/paiement-securise\/\"]}]},{\"@type\":\"BreadcrumbList\",\"@id\":\"https:\/\/urbanglide.com\/es\/paiement-securise\/#breadcrumb\",\"itemListElement\":[{\"@type\":\"ListItem\",\"position\":1,\"name\":\"Accueil\",\"item\":\"https:\/\/urbanglide.com\/es\/pagina-de-urbanglide-nueva-version\/\"},{\"@type\":\"ListItem\",\"position\":2,\"name\":\"Pago seguro\"}]},{\"@type\":\"WebSite\",\"@id\":\"https:\/\/urbanglide.com\/#website\",\"url\":\"https:\/\/urbanglide.com\/\",\"name\":\"Urbanglide\",\"description\":\"Expert fran\u00e7ais de la mobilit\u00e9 \u00e9lectrique\",\"potentialAction\":[{\"@type\":\"SearchAction\",\"target\":{\"@type\":\"EntryPoint\",\"urlTemplate\":\"https:\/\/urbanglide.com\/?s={search_term_string}\"},\"query-input\":{\"@type\":\"PropertyValueSpecification\",\"valueRequired\":true,\"valueName\":\"search_term_string\"}}],\"inLanguage\":\"es\"}]}<\/script>\n<!-- \/ Yoast SEO plugin. -->","yoast_head_json":{"title":"Pago seguro - UrbanGlide","robots":{"index":"index","follow":"follow","max-snippet":"max-snippet:-1","max-image-preview":"max-image-preview:large","max-video-preview":"max-video-preview:-1"},"canonical":"https:\/\/urbanglide.com\/es\/paiement-securise\/","og_locale":"es_ES","og_type":"article","og_title":"Pago seguro - UrbanGlide","og_description":"Validaci\u00f3n El pedido validado por el Cliente s\u00f3lo ser\u00e1 considerado efectivo por urbanglide.com cuando los centros de pago bancarios correspondientes [&hellip;]","og_url":"https:\/\/urbanglide.com\/es\/paiement-securise\/","og_site_name":"UrbanGlide","article_modified_time":"2023-02-21T11:07:06+00:00","twitter_card":"summary_large_image","twitter_misc":{"Tiempo de lectura":"4 minutos"},"schema":{"@context":"https:\/\/schema.org","@graph":[{"@type":"WebPage","@id":"https:\/\/urbanglide.com\/es\/paiement-securise\/","url":"https:\/\/urbanglide.com\/es\/paiement-securise\/","name":"Pago seguro - UrbanGlide","isPartOf":{"@id":"https:\/\/urbanglide.com\/#website"},"datePublished":"2022-05-20T07:10:29+00:00","dateModified":"2023-02-21T11:07:06+00:00","breadcrumb":{"@id":"https:\/\/urbanglide.com\/es\/paiement-securise\/#breadcrumb"},"inLanguage":"es","potentialAction":[{"@type":"ReadAction","target":["https:\/\/urbanglide.com\/es\/paiement-securise\/"]}]},{"@type":"BreadcrumbList","@id":"https:\/\/urbanglide.com\/es\/paiement-securise\/#breadcrumb","itemListElement":[{"@type":"ListItem","position":1,"name":"Accueil","item":"https:\/\/urbanglide.com\/es\/pagina-de-urbanglide-nueva-version\/"},{"@type":"ListItem","position":2,"name":"Pago seguro"}]},{"@type":"WebSite","@id":"https:\/\/urbanglide.com\/#website","url":"https:\/\/urbanglide.com\/","name":"Urbanglide","description":"Expert fran\u00e7ais de la mobilit\u00e9 \u00e9lectrique","potentialAction":[{"@type":"SearchAction","target":{"@type":"EntryPoint","urlTemplate":"https:\/\/urbanglide.com\/?s={search_term_string}"},"query-input":{"@type":"PropertyValueSpecification","valueRequired":true,"valueName":"search_term_string"}}],"inLanguage":"es"}]}},"_links":{"self":[{"href":"https:\/\/urbanglide.com\/es\/wp-json\/wp\/v2\/pages\/30958","targetHints":{"allow":["GET"]}}],"collection":[{"href":"https:\/\/urbanglide.com\/es\/wp-json\/wp\/v2\/pages"}],"about":[{"href":"https:\/\/urbanglide.com\/es\/wp-json\/wp\/v2\/types\/page"}],"author":[{"embeddable":true,"href":"https:\/\/urbanglide.com\/es\/wp-json\/wp\/v2\/users\/1"}],"replies":[{"embeddable":true,"href":"https:\/\/urbanglide.com\/es\/wp-json\/wp\/v2\/comments?post=30958"}],"version-history":[{"count":0,"href":"https:\/\/urbanglide.com\/es\/wp-json\/wp\/v2\/pages\/30958\/revisions"}],"wp:attachment":[{"href":"https:\/\/urbanglide.com\/es\/wp-json\/wp\/v2\/media?parent=30958"}],"curies":[{"name":"wp","href":"https:\/\/api.w.org\/{rel}","templated":true}]}}