{"id":30962,"date":"2022-05-18T12:48:42","date_gmt":"2022-05-18T12:48:42","guid":{"rendered":"https:\/\/urbanglide.com\/livraison\/"},"modified":"2023-02-21T10:33:00","modified_gmt":"2023-02-21T10:33:00","slug":"entrega","status":"publish","type":"page","link":"https:\/\/urbanglide.com\/es\/entrega\/","title":{"rendered":"ENTREGA"},"content":{"rendered":"\n<h1 class=\"wp-block-heading\">Env\u00edos y devoluciones<\/h1>\n\n\n\n<h2 class=\"wp-block-heading\">Zona geogr\u00e1fica<\/h2>\n\n\n\n<p>La venta en l\u00ednea de los productos y servicios presentados en el sitio web www.urbanglide.com est\u00e1 reservada a los compradores residentes en Francia y DOM-TOM, Espa\u00f1a, B\u00e9lgica y Reino Unido, para las entregas requeridas en estas zonas geogr\u00e1ficas. Los gastos de entrega se adaptan a cada destino.<\/p>\n\n\n\n<h2 class=\"wp-block-heading\">Lugar de entrega<\/h2>\n\n\n\n<p>Las entregas se realizan en la direcci\u00f3n indicada por el cliente al validar el pedido, que s\u00f3lo puede encontrarse en la zona geogr\u00e1fica acordada. Es responsabilidad del cliente facilitar la direcci\u00f3n correcta y completa requerida para la entrega por el transportista. No ser\u00e1 posible modificar la direcci\u00f3n tras la validaci\u00f3n del pedido por parte del cliente.<\/p>\n\n\n\n<h2 class=\"wp-block-heading\">Plazos de entrega<\/h2>\n\n\n\n<p>Los plazos de entrega se cuentan en d\u00edas laborables, a partir de la validaci\u00f3n del pago. En efecto, por razones de seguridad, todos los pedidos pagados con tarjeta de cr\u00e9dito est\u00e1n sujetos a verificaci\u00f3n por parte de Urbanglide.com. Es posible que se solicite o incluso se requiera informaci\u00f3n adicional para validar su compra. Por lo tanto, y con el fin de evitar cualquier retraso, le agradecemos que introduzca durante su pedido:<\/p>\n\n\n\n<p>\u2013 Una direcci\u00f3n de correo electr\u00f3nico<\/p>\n\n\n\n<p>\u2013 Un n\u00famero de tel\u00e9fono fijo (lugar de trabajo o domicilio) para ponerse en contacto con usted en cualquier momento del d\u00eda.<\/p>\n\n\n\n<p>Adem\u00e1s, para cualquier pedido de un importe superior a un l\u00edmite m\u00e1ximo fijado por Urbanglide.com, deber\u00e1 enviarnos un documento de identidad y un justificante de domicilio por fax, correo electr\u00f3nico o correo postal. Lamentamos las molestias causadas, sin embargo, estas medidas son una prueba de la voluntad por nuestra parte para proteger a nuestros clientes de posibles tarjetas de cr\u00e9dito fraudulentas.<\/p>\n\n\n\n<p>Los plazos de entrega observados var\u00edan de 5 a 21 d\u00edas laborables. El plazo m\u00e1ximo de entrega es de 30 d\u00edas laborables a partir de la fecha del pedido.<\/p>\n\n\n\n<h2 class=\"wp-block-heading\">Riesgos de transporte<\/h2>\n\n\n\n<p>Los riesgos corren a cargo del comprador a partir del momento en que los productos han salido de los locales de Urbanglide.com. En caso de da\u00f1os durante el transporte, la protesta debe hacerse ante el transportista, en un plazo de 24 a 48 horas a partir de la entrega. Salvo pacto en contrario, Urbanglide.com elige libremente al transportista. Las entregas se realizan por diversos transportistas especializados en la naturaleza del producto, objeto del pedido.<\/p>\n\n\n\n<p>Urbanglide.com queda liberada de sus obligaciones de entrega por todo caso fortuito o fuerza mayor. Por ejemplo, las huelgas totales o parciales, las inundaciones, los incendios son casos de fuerza mayor. La transferencia de propiedad de los productos entregados o por entregar se suspende hasta el pago total del precio por parte del cliente, sin perjuicio de la transferencia de riesgos.<\/p>\n\n\n\n<h2 class=\"wp-block-heading\">Retraso en la entrega<\/h2>\n\n\n\n<p>No se considerar\u00e1 retraso el hecho de que el comprador est\u00e9 ausente durante la primera entrega y que la segunda entrega se realice fuera de los plazos anunciados. Si el cliente est\u00e1 ausente en el momento de la primera entrega, el transportista dejar\u00e1 un aviso con sus datos de contacto. El cliente deber\u00e1 entonces ponerse en contacto con el propio transportista para concertar otro d\u00eda de paso a su conveniencia o realizar la retirada en uno de los centros de dep\u00f3sito de este \u00faltimo.<\/p>\n\n\n\n<p>Urbanglide.com hace todo lo posible para respetar los plazos de entrega mencionados en el Sitio. Sin embargo, no podemos ser considerados responsables de las consecuencias debidas al retraso en la entrega o a la p\u00e9rdida de paquetes causados por un tercero al contrato de transporte o por el hecho del cliente o debido a una causa imprevisible e insuperable que constituya un caso de fuerza mayor. En caso de no recepci\u00f3n de un paquete en los plazos indicados, se lleva a cabo una investigaci\u00f3n con el transportista que puede durar varios d\u00edas (3 semanas de media). Durante este periodo, no podr\u00e1 efectuarse ning\u00fan reembolso ni devoluci\u00f3n.<\/p>\n\n\n\n<h2 class=\"wp-block-heading\">Reembolsos<\/h2>\n\n\n\n<p>En caso de que el Comprador no haya recibido la entrega en los treinta d\u00edas siguientes al pedido, se podr\u00e1 rescindir el contrato de venta y reembolsar al Comprador de conformidad con los t\u00e9rminos y condiciones especificados en el art\u00edculo 5 de las Condiciones Generales de Venta.<\/p>\n\n\n\n<h2 class=\"wp-block-heading\">Conformidad de la entrega<\/h2>\n\n\n\n<p>Tal y como se estipula en el art\u00edculo 11 de las Condiciones Generales de Venta, a la recepci\u00f3n de su pedido, es responsabilidad del comprador comprobar la conformidad de los productos entregados con su pedido e indicar, si fuera necesario, en el albar\u00e1n de entrega y en forma de reservas manuscritas acompa\u00f1adas de su firma, cualquier anomal\u00eda relativa a los mismos.<\/p>\n\n\n\n<div class=\"wp-block-buttons is-layout-flex wp-block-buttons-is-layout-flex\">\n<div class=\"wp-block-button has-custom-font-size dug_wp_editor_btn has-medium-font-size\"><a class=\"wp-block-button__link has-background wp-element-button\" href=\"https:\/\/urbanglide.com\/es\/contact-tutoriels\/\" style=\"border-radius:5px;background-color:#d21116\">Contactez nous<\/a><\/div>\n<\/div>\n","protected":false},"excerpt":{"rendered":"<p>Env\u00edos y devoluciones Zona geogr\u00e1fica La venta en l\u00ednea de los productos y servicios presentados en el sitio web www.urbanglide.com [&hellip;]<\/p>\n","protected":false},"author":2168,"featured_media":0,"parent":0,"menu_order":0,"comment_status":"closed","ping_status":"closed","template":"","meta":{"footnotes":""},"class_list":["post-30962","page","type-page","status-publish","hentry"],"yoast_head":"<!-- This site is optimized with the Yoast SEO plugin v27.1.1 - https:\/\/yoast.com\/product\/yoast-seo-wordpress\/ -->\n<title>ENTREGA - UrbanGlide<\/title>\n<meta name=\"robots\" content=\"index, follow, max-snippet:-1, max-image-preview:large, max-video-preview:-1\" \/>\n<link rel=\"canonical\" href=\"https:\/\/urbanglide.com\/es\/entrega\/\" \/>\n<meta property=\"og:locale\" content=\"es_ES\" \/>\n<meta property=\"og:type\" content=\"article\" \/>\n<meta property=\"og:title\" content=\"ENTREGA - UrbanGlide\" \/>\n<meta property=\"og:description\" content=\"Env\u00edos y devoluciones Zona geogr\u00e1fica La venta en l\u00ednea de los productos y servicios presentados en el sitio web www.urbanglide.com [&hellip;]\" \/>\n<meta property=\"og:url\" content=\"https:\/\/urbanglide.com\/es\/entrega\/\" \/>\n<meta property=\"og:site_name\" content=\"UrbanGlide\" \/>\n<meta property=\"article:modified_time\" content=\"2023-02-21T10:33:00+00:00\" \/>\n<meta name=\"twitter:card\" content=\"summary_large_image\" \/>\n<meta name=\"twitter:label1\" content=\"Tiempo de lectura\" \/>\n\t<meta name=\"twitter:data1\" content=\"4 minutos\" \/>\n<script type=\"application\/ld+json\" class=\"yoast-schema-graph\">{\"@context\":\"https:\/\/schema.org\",\"@graph\":[{\"@type\":\"WebPage\",\"@id\":\"https:\/\/urbanglide.com\/es\/entrega\/\",\"url\":\"https:\/\/urbanglide.com\/es\/entrega\/\",\"name\":\"ENTREGA - UrbanGlide\",\"isPartOf\":{\"@id\":\"https:\/\/urbanglide.com\/#website\"},\"datePublished\":\"2022-05-18T12:48:42+00:00\",\"dateModified\":\"2023-02-21T10:33:00+00:00\",\"breadcrumb\":{\"@id\":\"https:\/\/urbanglide.com\/es\/entrega\/#breadcrumb\"},\"inLanguage\":\"es\",\"potentialAction\":[{\"@type\":\"ReadAction\",\"target\":[\"https:\/\/urbanglide.com\/es\/entrega\/\"]}]},{\"@type\":\"BreadcrumbList\",\"@id\":\"https:\/\/urbanglide.com\/es\/entrega\/#breadcrumb\",\"itemListElement\":[{\"@type\":\"ListItem\",\"position\":1,\"name\":\"Accueil\",\"item\":\"https:\/\/urbanglide.com\/es\/pagina-de-urbanglide-nueva-version\/\"},{\"@type\":\"ListItem\",\"position\":2,\"name\":\"ENTREGA\"}]},{\"@type\":\"WebSite\",\"@id\":\"https:\/\/urbanglide.com\/#website\",\"url\":\"https:\/\/urbanglide.com\/\",\"name\":\"Urbanglide\",\"description\":\"Expert fran\u00e7ais de la mobilit\u00e9 \u00e9lectrique\",\"potentialAction\":[{\"@type\":\"SearchAction\",\"target\":{\"@type\":\"EntryPoint\",\"urlTemplate\":\"https:\/\/urbanglide.com\/?s={search_term_string}\"},\"query-input\":{\"@type\":\"PropertyValueSpecification\",\"valueRequired\":true,\"valueName\":\"search_term_string\"}}],\"inLanguage\":\"es\"}]}<\/script>\n<!-- \/ Yoast SEO plugin. -->","yoast_head_json":{"title":"ENTREGA - UrbanGlide","robots":{"index":"index","follow":"follow","max-snippet":"max-snippet:-1","max-image-preview":"max-image-preview:large","max-video-preview":"max-video-preview:-1"},"canonical":"https:\/\/urbanglide.com\/es\/entrega\/","og_locale":"es_ES","og_type":"article","og_title":"ENTREGA - UrbanGlide","og_description":"Env\u00edos y devoluciones Zona geogr\u00e1fica La venta en l\u00ednea de los productos y servicios presentados en el sitio web www.urbanglide.com [&hellip;]","og_url":"https:\/\/urbanglide.com\/es\/entrega\/","og_site_name":"UrbanGlide","article_modified_time":"2023-02-21T10:33:00+00:00","twitter_card":"summary_large_image","twitter_misc":{"Tiempo de lectura":"4 minutos"},"schema":{"@context":"https:\/\/schema.org","@graph":[{"@type":"WebPage","@id":"https:\/\/urbanglide.com\/es\/entrega\/","url":"https:\/\/urbanglide.com\/es\/entrega\/","name":"ENTREGA - UrbanGlide","isPartOf":{"@id":"https:\/\/urbanglide.com\/#website"},"datePublished":"2022-05-18T12:48:42+00:00","dateModified":"2023-02-21T10:33:00+00:00","breadcrumb":{"@id":"https:\/\/urbanglide.com\/es\/entrega\/#breadcrumb"},"inLanguage":"es","potentialAction":[{"@type":"ReadAction","target":["https:\/\/urbanglide.com\/es\/entrega\/"]}]},{"@type":"BreadcrumbList","@id":"https:\/\/urbanglide.com\/es\/entrega\/#breadcrumb","itemListElement":[{"@type":"ListItem","position":1,"name":"Accueil","item":"https:\/\/urbanglide.com\/es\/pagina-de-urbanglide-nueva-version\/"},{"@type":"ListItem","position":2,"name":"ENTREGA"}]},{"@type":"WebSite","@id":"https:\/\/urbanglide.com\/#website","url":"https:\/\/urbanglide.com\/","name":"Urbanglide","description":"Expert fran\u00e7ais de la mobilit\u00e9 \u00e9lectrique","potentialAction":[{"@type":"SearchAction","target":{"@type":"EntryPoint","urlTemplate":"https:\/\/urbanglide.com\/?s={search_term_string}"},"query-input":{"@type":"PropertyValueSpecification","valueRequired":true,"valueName":"search_term_string"}}],"inLanguage":"es"}]}},"_links":{"self":[{"href":"https:\/\/urbanglide.com\/es\/wp-json\/wp\/v2\/pages\/30962","targetHints":{"allow":["GET"]}}],"collection":[{"href":"https:\/\/urbanglide.com\/es\/wp-json\/wp\/v2\/pages"}],"about":[{"href":"https:\/\/urbanglide.com\/es\/wp-json\/wp\/v2\/types\/page"}],"author":[{"embeddable":true,"href":"https:\/\/urbanglide.com\/es\/wp-json\/wp\/v2\/users\/2168"}],"replies":[{"embeddable":true,"href":"https:\/\/urbanglide.com\/es\/wp-json\/wp\/v2\/comments?post=30962"}],"version-history":[{"count":0,"href":"https:\/\/urbanglide.com\/es\/wp-json\/wp\/v2\/pages\/30962\/revisions"}],"wp:attachment":[{"href":"https:\/\/urbanglide.com\/es\/wp-json\/wp\/v2\/media?parent=30962"}],"curies":[{"name":"wp","href":"https:\/\/api.w.org\/{rel}","templated":true}]}}