{"id":80855,"date":"2023-12-15T14:20:17","date_gmt":"2023-12-15T14:20:17","guid":{"rendered":"https:\/\/urbanglide.com\/garantia-scooter-electrico\/"},"modified":"2026-02-16T08:13:26","modified_gmt":"2026-02-16T08:13:26","slug":"garantia-scooter-electrico","status":"publish","type":"page","link":"https:\/\/urbanglide.com\/es\/garantia-scooter-electrico\/","title":{"rendered":"Garant\u00eda scooter el\u00e9ctrico"},"content":{"rendered":"\t\t<div data-elementor-type=\"wp-page\" data-elementor-id=\"80855\" class=\"elementor elementor-80855 elementor-48478\" data-elementor-post-type=\"page\">\n\t\t\t\t\t\t<section class=\"elementor-section elementor-top-section elementor-element elementor-element-9edc1c7 elementor-section-boxed elementor-section-height-default elementor-section-height-default\" data-id=\"9edc1c7\" data-element_type=\"section\" data-e-type=\"section\">\n\t\t\t\t\t\t<div class=\"elementor-container elementor-column-gap-default\">\n\t\t\t\t\t<div class=\"elementor-column elementor-col-100 elementor-top-column elementor-element elementor-element-332803d\" data-id=\"332803d\" data-element_type=\"column\" data-e-type=\"column\">\n\t\t\t<div class=\"elementor-widget-wrap elementor-element-populated\">\n\t\t\t\t\t\t<div class=\"elementor-element elementor-element-4dfc6d2 elementor-widget elementor-widget-spacer\" data-id=\"4dfc6d2\" data-element_type=\"widget\" data-e-type=\"widget\" data-widget_type=\"spacer.default\">\n\t\t\t\t<div class=\"elementor-widget-container\">\n\t\t\t\t\t\t\t<div class=\"elementor-spacer\">\n\t\t\t<div class=\"elementor-spacer-inner\"><\/div>\n\t\t<\/div>\n\t\t\t\t\t\t<\/div>\n\t\t\t\t<\/div>\n\t\t\t\t\t<\/div>\n\t\t<\/div>\n\t\t\t\t\t<\/div>\n\t\t<\/section>\n\t\t\t\t<section class=\"elementor-section elementor-top-section elementor-element elementor-element-929ea4c elementor-section-boxed elementor-section-height-default elementor-section-height-default\" data-id=\"929ea4c\" data-element_type=\"section\" data-e-type=\"section\">\n\t\t\t\t\t\t<div class=\"elementor-container elementor-column-gap-default\">\n\t\t\t\t\t<div class=\"elementor-column elementor-col-100 elementor-top-column elementor-element elementor-element-94bfc00\" data-id=\"94bfc00\" data-element_type=\"column\" data-e-type=\"column\">\n\t\t\t<div class=\"elementor-widget-wrap elementor-element-populated\">\n\t\t\t\t\t\t<div class=\"elementor-element elementor-element-1ca296e elementor-widget elementor-widget-heading\" data-id=\"1ca296e\" data-element_type=\"widget\" data-e-type=\"widget\" data-widget_type=\"heading.default\">\n\t\t\t\t<div class=\"elementor-widget-container\">\n\t\t\t\t\t<h2 class=\"elementor-heading-title elementor-size-xl\">INFORMACI\u00d3N SOBRE LA GARANT\u00cdA<br> PATINETES EL\u00c9CTRICOS<\/h2>\t\t\t\t<\/div>\n\t\t\t\t<\/div>\n\t\t\t\t\t<\/div>\n\t\t<\/div>\n\t\t\t\t\t<\/div>\n\t\t<\/section>\n\t\t\t\t<section class=\"elementor-section elementor-top-section elementor-element elementor-element-fb9264f elementor-section-boxed elementor-section-height-default elementor-section-height-default\" data-id=\"fb9264f\" data-element_type=\"section\" data-e-type=\"section\">\n\t\t\t\t\t\t<div class=\"elementor-container elementor-column-gap-default\">\n\t\t\t\t\t<div class=\"elementor-column elementor-col-100 elementor-top-column elementor-element elementor-element-f10dd57\" data-id=\"f10dd57\" data-element_type=\"column\" data-e-type=\"column\">\n\t\t\t<div class=\"elementor-widget-wrap elementor-element-populated\">\n\t\t\t\t\t\t<div class=\"elementor-element elementor-element-4bc8989 elementor-widget elementor-widget-text-editor\" data-id=\"4bc8989\" data-element_type=\"widget\" data-e-type=\"widget\" data-widget_type=\"text-editor.default\">\n\t\t\t\t<div class=\"elementor-widget-container\">\n\t\t\t\t\t\t\t\t\t<p>Tienes una <strong>garant\u00eda<\/strong> <strong>de 2 a\u00f1os<\/strong>, v\u00e1lida a partir de la fecha de recepci\u00f3n del producto. Cualquier reparaci\u00f3n cubierta por la garant\u00eda est\u00e1 sujeta a que el producto se utilice seg\u00fan las recomendaciones del manual de usuario. <\/p><p>Recuerda conservar el <strong>justificante de compra<\/strong>.<\/p><p><strong>Condiciones<\/strong><b> Condiciones generales<\/b><\/p><div><p>La garant\u00eda se incluye en los siguientes casos:<\/p><ul><li>Utilizaci\u00f3n de los productos en condiciones normales.<\/li><\/ul><ul><li>Util\u00edzalo con lluvia ligera o cuando conduzcas por charcos en el suelo.<\/li><\/ul><p>La garant\u00eda queda excluida en los siguientes casos (lista no exhaustiva):<\/p><ul><li>El scooter se abre, desmonta o modifica utilizando piezas no autorizadas o no originales, o por una persona no autorizada (por ejemplo, desbridamiento, sustituci\u00f3n de piezas de recambio no originales, etc.).<\/li><\/ul><ul><li>Las reparaciones requeridas se refieren a elementos consumibles o ajustes que entran en el \u00e1mbito del mantenimiento del producto (por ejemplo, bater\u00edas, neum\u00e1ticos, llantas, pastillas y discos de freno, cables y ganancias, bombillas, etc.).<\/li><\/ul><ul><li>El art\u00edculo enviado para su reparaci\u00f3n presenta signos de haber sido utilizado de forma no conforme con las instrucciones de uso de los productos o de haber sido manipulado de forma no conforme con las instrucciones descritas en el manual (por ejemplo, sobrepeso, oxidaci\u00f3n, enchufado, incumplimiento de las <a href=\"https:\/\/urbanglide.com\/es\/?page_id=48497\">instrucciones de mantenimiento<\/a>, etc.). <\/li><\/ul><ul><li>Da\u00f1os en la bater\u00eda causados por una carga incorrecta, sobrecarga, almacenamiento inadecuado o falta de uso prolongada.<\/li><\/ul><ul><li>Ara\u00f1azos, abolladuras u otros da\u00f1os est\u00e9ticos que no afecten a la funcionalidad del scooter.<\/li><\/ul><ul><li>La reparaci\u00f3n solicitada es necesaria porque el scooter ha sufrido da\u00f1os de forma voluntaria\/involuntaria (por ejemplo, da\u00f1os derivados de ca\u00eddas, accidentes, roturas, vandalismo, incendio, inundaci\u00f3n, etc.).<\/li><\/ul><ul><li>Utilizar el scooter en condiciones meteorol\u00f3gicas extremas, en terrenos inadecuados, en entornos peligrosos o en contacto con sustancias qu\u00edmicas o corrosivas.<\/li><\/ul><ul><li>El producto se recibe sin embalaje o en un embalaje inadecuado para protegerlo durante el transporte.<\/li><\/ul><ul><li>Falta de prueba de compra.<\/li><\/ul><p><strong>N.B :<\/strong> <strong>La intervenci\u00f3n del servicio posventa puede hacer que el producto se ajuste a los par\u00e1metros de f\u00e1brica antes de ser devuelto al cliente. <\/strong> <\/p><\/div>\t\t\t\t\t\t\t\t<\/div>\n\t\t\t\t<\/div>\n\t\t\t\t\t<\/div>\n\t\t<\/div>\n\t\t\t\t\t<\/div>\n\t\t<\/section>\n\t\t\t\t<\/div>\n\t\t","protected":false},"excerpt":{"rendered":"<p>INFORMACI\u00d3N SOBRE LA GARANT\u00cdA PATINETES EL\u00c9CTRICOS Tienes una garant\u00eda de 2 a\u00f1os, v\u00e1lida a partir de la fecha de recepci\u00f3n [&hellip;]<\/p>\n","protected":false},"author":13701,"featured_media":0,"parent":0,"menu_order":0,"comment_status":"closed","ping_status":"closed","template":"","meta":{"footnotes":""},"class_list":["post-80855","page","type-page","status-publish","hentry"],"yoast_head":"<!-- This site is optimized with the Yoast SEO plugin v27.1.1 - https:\/\/yoast.com\/product\/yoast-seo-wordpress\/ -->\n<title>Garant\u00eda scooter el\u00e9ctrico - UrbanGlide<\/title>\n<meta name=\"robots\" content=\"index, follow, max-snippet:-1, max-image-preview:large, max-video-preview:-1\" \/>\n<link rel=\"canonical\" href=\"https:\/\/urbanglide.com\/es\/garantia-scooter-electrico\/\" \/>\n<meta property=\"og:locale\" content=\"es_ES\" \/>\n<meta property=\"og:type\" content=\"article\" \/>\n<meta property=\"og:title\" content=\"Garant\u00eda scooter el\u00e9ctrico - UrbanGlide\" \/>\n<meta property=\"og:description\" content=\"INFORMACI\u00d3N SOBRE LA GARANT\u00cdA PATINETES EL\u00c9CTRICOS Tienes una garant\u00eda de 2 a\u00f1os, v\u00e1lida a partir de la fecha de recepci\u00f3n [&hellip;]\" \/>\n<meta property=\"og:url\" content=\"https:\/\/urbanglide.com\/es\/garantia-scooter-electrico\/\" \/>\n<meta property=\"og:site_name\" content=\"UrbanGlide\" \/>\n<meta property=\"article:modified_time\" content=\"2026-02-16T08:13:26+00:00\" \/>\n<meta name=\"twitter:card\" content=\"summary_large_image\" \/>\n<meta name=\"twitter:label1\" content=\"Tiempo de lectura\" \/>\n\t<meta name=\"twitter:data1\" content=\"2 minutos\" \/>\n<script type=\"application\/ld+json\" class=\"yoast-schema-graph\">{\"@context\":\"https:\/\/schema.org\",\"@graph\":[{\"@type\":\"WebPage\",\"@id\":\"https:\/\/urbanglide.com\/es\/garantia-scooter-electrico\/\",\"url\":\"https:\/\/urbanglide.com\/es\/garantia-scooter-electrico\/\",\"name\":\"Garant\u00eda scooter el\u00e9ctrico - UrbanGlide\",\"isPartOf\":{\"@id\":\"https:\/\/urbanglide.com\/#website\"},\"datePublished\":\"2023-12-15T14:20:17+00:00\",\"dateModified\":\"2026-02-16T08:13:26+00:00\",\"breadcrumb\":{\"@id\":\"https:\/\/urbanglide.com\/es\/garantia-scooter-electrico\/#breadcrumb\"},\"inLanguage\":\"es\",\"potentialAction\":[{\"@type\":\"ReadAction\",\"target\":[\"https:\/\/urbanglide.com\/es\/garantia-scooter-electrico\/\"]}]},{\"@type\":\"BreadcrumbList\",\"@id\":\"https:\/\/urbanglide.com\/es\/garantia-scooter-electrico\/#breadcrumb\",\"itemListElement\":[{\"@type\":\"ListItem\",\"position\":1,\"name\":\"Accueil\",\"item\":\"https:\/\/urbanglide.com\/es\/pagina-de-urbanglide-nueva-version\/\"},{\"@type\":\"ListItem\",\"position\":2,\"name\":\"Garant\u00eda scooter el\u00e9ctrico\"}]},{\"@type\":\"WebSite\",\"@id\":\"https:\/\/urbanglide.com\/#website\",\"url\":\"https:\/\/urbanglide.com\/\",\"name\":\"Urbanglide\",\"description\":\"Expert fran\u00e7ais de la mobilit\u00e9 \u00e9lectrique\",\"potentialAction\":[{\"@type\":\"SearchAction\",\"target\":{\"@type\":\"EntryPoint\",\"urlTemplate\":\"https:\/\/urbanglide.com\/?s={search_term_string}\"},\"query-input\":{\"@type\":\"PropertyValueSpecification\",\"valueRequired\":true,\"valueName\":\"search_term_string\"}}],\"inLanguage\":\"es\"}]}<\/script>\n<!-- \/ Yoast SEO plugin. -->","yoast_head_json":{"title":"Garant\u00eda scooter el\u00e9ctrico - UrbanGlide","robots":{"index":"index","follow":"follow","max-snippet":"max-snippet:-1","max-image-preview":"max-image-preview:large","max-video-preview":"max-video-preview:-1"},"canonical":"https:\/\/urbanglide.com\/es\/garantia-scooter-electrico\/","og_locale":"es_ES","og_type":"article","og_title":"Garant\u00eda scooter el\u00e9ctrico - UrbanGlide","og_description":"INFORMACI\u00d3N SOBRE LA GARANT\u00cdA PATINETES EL\u00c9CTRICOS Tienes una garant\u00eda de 2 a\u00f1os, v\u00e1lida a partir de la fecha de recepci\u00f3n [&hellip;]","og_url":"https:\/\/urbanglide.com\/es\/garantia-scooter-electrico\/","og_site_name":"UrbanGlide","article_modified_time":"2026-02-16T08:13:26+00:00","twitter_card":"summary_large_image","twitter_misc":{"Tiempo de lectura":"2 minutos"},"schema":{"@context":"https:\/\/schema.org","@graph":[{"@type":"WebPage","@id":"https:\/\/urbanglide.com\/es\/garantia-scooter-electrico\/","url":"https:\/\/urbanglide.com\/es\/garantia-scooter-electrico\/","name":"Garant\u00eda scooter el\u00e9ctrico - UrbanGlide","isPartOf":{"@id":"https:\/\/urbanglide.com\/#website"},"datePublished":"2023-12-15T14:20:17+00:00","dateModified":"2026-02-16T08:13:26+00:00","breadcrumb":{"@id":"https:\/\/urbanglide.com\/es\/garantia-scooter-electrico\/#breadcrumb"},"inLanguage":"es","potentialAction":[{"@type":"ReadAction","target":["https:\/\/urbanglide.com\/es\/garantia-scooter-electrico\/"]}]},{"@type":"BreadcrumbList","@id":"https:\/\/urbanglide.com\/es\/garantia-scooter-electrico\/#breadcrumb","itemListElement":[{"@type":"ListItem","position":1,"name":"Accueil","item":"https:\/\/urbanglide.com\/es\/pagina-de-urbanglide-nueva-version\/"},{"@type":"ListItem","position":2,"name":"Garant\u00eda scooter el\u00e9ctrico"}]},{"@type":"WebSite","@id":"https:\/\/urbanglide.com\/#website","url":"https:\/\/urbanglide.com\/","name":"Urbanglide","description":"Expert fran\u00e7ais de la mobilit\u00e9 \u00e9lectrique","potentialAction":[{"@type":"SearchAction","target":{"@type":"EntryPoint","urlTemplate":"https:\/\/urbanglide.com\/?s={search_term_string}"},"query-input":{"@type":"PropertyValueSpecification","valueRequired":true,"valueName":"search_term_string"}}],"inLanguage":"es"}]}},"_links":{"self":[{"href":"https:\/\/urbanglide.com\/es\/wp-json\/wp\/v2\/pages\/80855","targetHints":{"allow":["GET"]}}],"collection":[{"href":"https:\/\/urbanglide.com\/es\/wp-json\/wp\/v2\/pages"}],"about":[{"href":"https:\/\/urbanglide.com\/es\/wp-json\/wp\/v2\/types\/page"}],"author":[{"embeddable":true,"href":"https:\/\/urbanglide.com\/es\/wp-json\/wp\/v2\/users\/13701"}],"replies":[{"embeddable":true,"href":"https:\/\/urbanglide.com\/es\/wp-json\/wp\/v2\/comments?post=80855"}],"version-history":[{"count":2,"href":"https:\/\/urbanglide.com\/es\/wp-json\/wp\/v2\/pages\/80855\/revisions"}],"predecessor-version":[{"id":99296,"href":"https:\/\/urbanglide.com\/es\/wp-json\/wp\/v2\/pages\/80855\/revisions\/99296"}],"wp:attachment":[{"href":"https:\/\/urbanglide.com\/es\/wp-json\/wp\/v2\/media?parent=80855"}],"curies":[{"name":"wp","href":"https:\/\/api.w.org\/{rel}","templated":true}]}}