{"id":32553,"date":"2022-09-02T08:21:14","date_gmt":"2022-09-02T08:21:14","guid":{"rendered":"https:\/\/urbanglide.com\/produit\/ride-100-max-2\/"},"modified":"2024-02-08T09:38:07","modified_gmt":"2024-02-08T09:38:07","slug":"patinete-electrico-ride-100max","status":"publish","type":"product","link":"https:\/\/urbanglide.com\/es\/produit\/patinete-electrico-ride-100max\/","title":{"rendered":"RIDE 100MAX"},"content":{"rendered":"<p>Domina cualquier terreno con nuestro patinete el\u00e9ctrico con doble suspensi\u00f3n y neum\u00e1ticos de nido de abeja: \u00a1confort, agarre y placer de conducci\u00f3n!<\/p>\n","protected":false},"excerpt":{"rendered":"<p>PRESTACIONES SIN L\u00cdMITES<\/p>\n","protected":false},"featured_media":22501,"template":"","meta":[],"product_brand":[],"product_cat":[116],"product_tag":[],"class_list":{"0":"post-32553","1":"product","2":"type-product","3":"status-publish","4":"has-post-thumbnail","6":"product_cat-no-clasificado","7":"product_shipping_class-17-kg-es","9":"first","10":"outofstock","11":"taxable","12":"shipping-taxable","13":"product-type-simple"},"yoast_head":"<!-- This site is optimized with the Yoast SEO plugin v27.1.1 - https:\/\/yoast.com\/product\/yoast-seo-wordpress\/ -->\n<title>RIDE 100MAX - UrbanGlide<\/title>\n<meta name=\"description\" content=\"El RIDE 100MAX con suspensi\u00f3n de horquilla y doble suspensi\u00f3n trasera est\u00e1 dise\u00f1ada para ofrecer un confort inigualable en todo tipo de terrenos.\" \/>\n<meta name=\"robots\" content=\"index, follow, max-snippet:-1, max-image-preview:large, max-video-preview:-1\" \/>\n<link rel=\"canonical\" href=\"https:\/\/urbanglide.com\/es\/produit\/patinete-electrico-ride-100max\/\" \/>\n<meta property=\"og:locale\" content=\"es_ES\" \/>\n<meta property=\"og:type\" content=\"article\" \/>\n<meta property=\"og:title\" content=\"RIDE 100MAX - UrbanGlide\" \/>\n<meta property=\"og:description\" content=\"El RIDE 100MAX con suspensi\u00f3n de horquilla y doble suspensi\u00f3n trasera est\u00e1 dise\u00f1ada para ofrecer un confort inigualable en todo tipo de terrenos.\" \/>\n<meta property=\"og:url\" content=\"https:\/\/urbanglide.com\/es\/produit\/patinete-electrico-ride-100max\/\" \/>\n<meta property=\"og:site_name\" content=\"UrbanGlide\" \/>\n<meta property=\"article:modified_time\" content=\"2024-02-08T09:38:07+00:00\" \/>\n<meta property=\"og:image\" content=\"https:\/\/urbanglide.com\/wp-content\/uploads\/2022\/09\/RIDE-100MAX-2.png\" \/>\n\t<meta property=\"og:image:width\" content=\"1000\" \/>\n\t<meta property=\"og:image:height\" content=\"1000\" \/>\n\t<meta property=\"og:image:type\" content=\"image\/png\" \/>\n<meta name=\"twitter:card\" content=\"summary_large_image\" \/>\n<meta name=\"twitter:label1\" content=\"Tiempo de lectura\" \/>\n\t<meta name=\"twitter:data1\" content=\"1 minuto\" \/>\n<script type=\"application\/ld+json\" class=\"yoast-schema-graph\">{\"@context\":\"https:\/\/schema.org\",\"@graph\":[{\"@type\":\"WebPage\",\"@id\":\"https:\/\/urbanglide.com\/es\/produit\/patinete-electrico-ride-100max\/\",\"url\":\"https:\/\/urbanglide.com\/es\/produit\/patinete-electrico-ride-100max\/\",\"name\":\"RIDE 100MAX - UrbanGlide\",\"isPartOf\":{\"@id\":\"https:\/\/urbanglide.com\/#website\"},\"primaryImageOfPage\":{\"@id\":\"https:\/\/urbanglide.com\/es\/produit\/patinete-electrico-ride-100max\/#primaryimage\"},\"image\":{\"@id\":\"https:\/\/urbanglide.com\/es\/produit\/patinete-electrico-ride-100max\/#primaryimage\"},\"thumbnailUrl\":\"https:\/\/urbanglide.com\/wp-content\/uploads\/2022\/09\/RIDE-100MAX-2.png\",\"datePublished\":\"2022-09-02T08:21:14+00:00\",\"dateModified\":\"2024-02-08T09:38:07+00:00\",\"description\":\"El RIDE 100MAX con suspensi\u00f3n de horquilla y doble suspensi\u00f3n trasera est\u00e1 dise\u00f1ada para ofrecer un confort inigualable en todo tipo de terrenos.\",\"breadcrumb\":{\"@id\":\"https:\/\/urbanglide.com\/es\/produit\/patinete-electrico-ride-100max\/#breadcrumb\"},\"inLanguage\":\"es\",\"potentialAction\":[{\"@type\":\"ReadAction\",\"target\":[\"https:\/\/urbanglide.com\/es\/produit\/patinete-electrico-ride-100max\/\"]}]},{\"@type\":\"ImageObject\",\"inLanguage\":\"es\",\"@id\":\"https:\/\/urbanglide.com\/es\/produit\/patinete-electrico-ride-100max\/#primaryimage\",\"url\":\"https:\/\/urbanglide.com\/wp-content\/uploads\/2022\/09\/RIDE-100MAX-2.png\",\"contentUrl\":\"https:\/\/urbanglide.com\/wp-content\/uploads\/2022\/09\/RIDE-100MAX-2.png\",\"width\":1000,\"height\":1000},{\"@type\":\"BreadcrumbList\",\"@id\":\"https:\/\/urbanglide.com\/es\/produit\/patinete-electrico-ride-100max\/#breadcrumb\",\"itemListElement\":[{\"@type\":\"ListItem\",\"position\":1,\"name\":\"Accueil\",\"item\":\"https:\/\/urbanglide.com\/es\/pagina-de-urbanglide-nueva-version\/\"},{\"@type\":\"ListItem\",\"position\":2,\"name\":\"Tienda\",\"item\":\"https:\/\/urbanglide.com\/es\/tienda\/\"},{\"@type\":\"ListItem\",\"position\":3,\"name\":\"RIDE 100MAX\"}]},{\"@type\":\"WebSite\",\"@id\":\"https:\/\/urbanglide.com\/#website\",\"url\":\"https:\/\/urbanglide.com\/\",\"name\":\"Urbanglide\",\"description\":\"Expert fran\u00e7ais de la mobilit\u00e9 \u00e9lectrique\",\"potentialAction\":[{\"@type\":\"SearchAction\",\"target\":{\"@type\":\"EntryPoint\",\"urlTemplate\":\"https:\/\/urbanglide.com\/?s={search_term_string}\"},\"query-input\":{\"@type\":\"PropertyValueSpecification\",\"valueRequired\":true,\"valueName\":\"search_term_string\"}}],\"inLanguage\":\"es\"}]}<\/script>\n<!-- \/ Yoast SEO plugin. -->","yoast_head_json":{"title":"RIDE 100MAX - UrbanGlide","description":"El RIDE 100MAX con suspensi\u00f3n de horquilla y doble suspensi\u00f3n trasera est\u00e1 dise\u00f1ada para ofrecer un confort inigualable en todo tipo de terrenos.","robots":{"index":"index","follow":"follow","max-snippet":"max-snippet:-1","max-image-preview":"max-image-preview:large","max-video-preview":"max-video-preview:-1"},"canonical":"https:\/\/urbanglide.com\/es\/produit\/patinete-electrico-ride-100max\/","og_locale":"es_ES","og_type":"article","og_title":"RIDE 100MAX - UrbanGlide","og_description":"El RIDE 100MAX con suspensi\u00f3n de horquilla y doble suspensi\u00f3n trasera est\u00e1 dise\u00f1ada para ofrecer un confort inigualable en todo tipo de terrenos.","og_url":"https:\/\/urbanglide.com\/es\/produit\/patinete-electrico-ride-100max\/","og_site_name":"UrbanGlide","article_modified_time":"2024-02-08T09:38:07+00:00","og_image":[{"width":1000,"height":1000,"url":"https:\/\/urbanglide.com\/wp-content\/uploads\/2022\/09\/RIDE-100MAX-2.png","type":"image\/png"}],"twitter_card":"summary_large_image","twitter_misc":{"Tiempo de lectura":"1 minuto"},"schema":{"@context":"https:\/\/schema.org","@graph":[{"@type":"WebPage","@id":"https:\/\/urbanglide.com\/es\/produit\/patinete-electrico-ride-100max\/","url":"https:\/\/urbanglide.com\/es\/produit\/patinete-electrico-ride-100max\/","name":"RIDE 100MAX - UrbanGlide","isPartOf":{"@id":"https:\/\/urbanglide.com\/#website"},"primaryImageOfPage":{"@id":"https:\/\/urbanglide.com\/es\/produit\/patinete-electrico-ride-100max\/#primaryimage"},"image":{"@id":"https:\/\/urbanglide.com\/es\/produit\/patinete-electrico-ride-100max\/#primaryimage"},"thumbnailUrl":"https:\/\/urbanglide.com\/wp-content\/uploads\/2022\/09\/RIDE-100MAX-2.png","datePublished":"2022-09-02T08:21:14+00:00","dateModified":"2024-02-08T09:38:07+00:00","description":"El RIDE 100MAX con suspensi\u00f3n de horquilla y doble suspensi\u00f3n trasera est\u00e1 dise\u00f1ada para ofrecer un confort inigualable en todo tipo de terrenos.","breadcrumb":{"@id":"https:\/\/urbanglide.com\/es\/produit\/patinete-electrico-ride-100max\/#breadcrumb"},"inLanguage":"es","potentialAction":[{"@type":"ReadAction","target":["https:\/\/urbanglide.com\/es\/produit\/patinete-electrico-ride-100max\/"]}]},{"@type":"ImageObject","inLanguage":"es","@id":"https:\/\/urbanglide.com\/es\/produit\/patinete-electrico-ride-100max\/#primaryimage","url":"https:\/\/urbanglide.com\/wp-content\/uploads\/2022\/09\/RIDE-100MAX-2.png","contentUrl":"https:\/\/urbanglide.com\/wp-content\/uploads\/2022\/09\/RIDE-100MAX-2.png","width":1000,"height":1000},{"@type":"BreadcrumbList","@id":"https:\/\/urbanglide.com\/es\/produit\/patinete-electrico-ride-100max\/#breadcrumb","itemListElement":[{"@type":"ListItem","position":1,"name":"Accueil","item":"https:\/\/urbanglide.com\/es\/pagina-de-urbanglide-nueva-version\/"},{"@type":"ListItem","position":2,"name":"Tienda","item":"https:\/\/urbanglide.com\/es\/tienda\/"},{"@type":"ListItem","position":3,"name":"RIDE 100MAX"}]},{"@type":"WebSite","@id":"https:\/\/urbanglide.com\/#website","url":"https:\/\/urbanglide.com\/","name":"Urbanglide","description":"Expert fran\u00e7ais de la mobilit\u00e9 \u00e9lectrique","potentialAction":[{"@type":"SearchAction","target":{"@type":"EntryPoint","urlTemplate":"https:\/\/urbanglide.com\/?s={search_term_string}"},"query-input":{"@type":"PropertyValueSpecification","valueRequired":true,"valueName":"search_term_string"}}],"inLanguage":"es"}]}},"_links":{"self":[{"href":"https:\/\/urbanglide.com\/es\/wp-json\/wp\/v2\/product\/32553","targetHints":{"allow":["GET"]}}],"collection":[{"href":"https:\/\/urbanglide.com\/es\/wp-json\/wp\/v2\/product"}],"about":[{"href":"https:\/\/urbanglide.com\/es\/wp-json\/wp\/v2\/types\/product"}],"version-history":[{"count":0,"href":"https:\/\/urbanglide.com\/es\/wp-json\/wp\/v2\/product\/32553\/revisions"}],"wp:featuredmedia":[{"embeddable":true,"href":"https:\/\/urbanglide.com\/es\/wp-json\/wp\/v2\/media\/22501"}],"wp:attachment":[{"href":"https:\/\/urbanglide.com\/es\/wp-json\/wp\/v2\/media?parent=32553"}],"wp:term":[{"taxonomy":"product_brand","embeddable":true,"href":"https:\/\/urbanglide.com\/es\/wp-json\/wp\/v2\/product_brand?post=32553"},{"taxonomy":"product_cat","embeddable":true,"href":"https:\/\/urbanglide.com\/es\/wp-json\/wp\/v2\/product_cat?post=32553"},{"taxonomy":"product_tag","embeddable":true,"href":"https:\/\/urbanglide.com\/es\/wp-json\/wp\/v2\/product_tag?post=32553"}],"curies":[{"name":"wp","href":"https:\/\/api.w.org\/{rel}","templated":true}]}}