{"id":32869,"date":"2022-05-10T09:05:27","date_gmt":"2022-05-10T09:05:27","guid":{"rendered":"https:\/\/urbanglide.com\/produit\/kart-pilot-multicolor-2\/"},"modified":"2023-03-23T16:17:37","modified_gmt":"2023-03-23T16:17:37","slug":"kart-pilot-multicolor","status":"publish","type":"product","link":"https:\/\/urbanglide.com\/es\/produit\/kart-pilot-multicolor\/","title":{"rendered":"KART PILOT MULTICOLOR"},"content":{"rendered":"<p>KART PILOT MULTICOLOR<\/p>\n<p>Se adapta a todas las marcas y tama\u00f1os de ruedas de hoverboards (6,5&#8243;, 8&#8243;, 10&#8243;)<\/p>\n<p>Longitud ajustable para adaptarse a un ni\u00f1o o un adulto.<\/p>\n<p>El asiento de pl\u00e1stico resistente y el reposapi\u00e9s lo hacen muy c\u00f3modo.<\/p>\n<p>F\u00e1cil de usar<\/p>\n","protected":false},"excerpt":{"rendered":"<p>KART PILOT MULTICOLOR Se adapta a todas las marcas y tama\u00f1os de ruedas de hoverboards (6,5&#8243;, 8&#8243;, 10&#8243;) Longitud ajustable [&hellip;]<\/p>\n","protected":false},"featured_media":18982,"template":"","meta":[],"product_brand":[],"product_cat":[15],"product_tag":[],"class_list":{"0":"post-32869","1":"product","2":"type-product","3":"status-publish","4":"has-post-thumbnail","6":"product_cat-non-classe","7":"product_shipping_class-84-kg-es","9":"first","10":"outofstock","11":"taxable","12":"shipping-taxable","13":"product-type-simple"},"yoast_head":"<!-- This site is optimized with the Yoast SEO plugin v27.1.1 - https:\/\/yoast.com\/product\/yoast-seo-wordpress\/ -->\n<title>KART PILOT MULTICOLOR - UrbanGlide<\/title>\n<meta name=\"robots\" content=\"index, follow, max-snippet:-1, max-image-preview:large, max-video-preview:-1\" \/>\n<link rel=\"canonical\" href=\"https:\/\/urbanglide.com\/es\/produit\/kart-pilot-multicolor\/\" \/>\n<meta property=\"og:locale\" content=\"es_ES\" \/>\n<meta property=\"og:type\" content=\"article\" \/>\n<meta property=\"og:title\" content=\"KART PILOT MULTICOLOR - UrbanGlide\" \/>\n<meta property=\"og:description\" content=\"KART PILOT MULTICOLOR Se adapta a todas las marcas y tama\u00f1os de ruedas de hoverboards (6,5&#8243;, 8&#8243;, 10&#8243;) Longitud ajustable [&hellip;]\" \/>\n<meta property=\"og:url\" content=\"https:\/\/urbanglide.com\/es\/produit\/kart-pilot-multicolor\/\" \/>\n<meta property=\"og:site_name\" content=\"UrbanGlide\" \/>\n<meta property=\"article:modified_time\" content=\"2023-03-23T16:17:37+00:00\" \/>\n<meta property=\"og:image\" content=\"https:\/\/urbanglide.com\/wp-content\/uploads\/2022\/05\/KART-pilot-multi-1.png\" \/>\n\t<meta property=\"og:image:width\" content=\"1000\" \/>\n\t<meta property=\"og:image:height\" content=\"1000\" \/>\n\t<meta property=\"og:image:type\" content=\"image\/png\" \/>\n<meta name=\"twitter:card\" content=\"summary_large_image\" \/>\n<script type=\"application\/ld+json\" class=\"yoast-schema-graph\">{\"@context\":\"https:\/\/schema.org\",\"@graph\":[{\"@type\":\"WebPage\",\"@id\":\"https:\/\/urbanglide.com\/es\/produit\/kart-pilot-multicolor\/\",\"url\":\"https:\/\/urbanglide.com\/es\/produit\/kart-pilot-multicolor\/\",\"name\":\"KART PILOT MULTICOLOR - UrbanGlide\",\"isPartOf\":{\"@id\":\"https:\/\/urbanglide.com\/#website\"},\"primaryImageOfPage\":{\"@id\":\"https:\/\/urbanglide.com\/es\/produit\/kart-pilot-multicolor\/#primaryimage\"},\"image\":{\"@id\":\"https:\/\/urbanglide.com\/es\/produit\/kart-pilot-multicolor\/#primaryimage\"},\"thumbnailUrl\":\"https:\/\/urbanglide.com\/wp-content\/uploads\/2022\/05\/KART-pilot-multi-1.png\",\"datePublished\":\"2022-05-10T09:05:27+00:00\",\"dateModified\":\"2023-03-23T16:17:37+00:00\",\"breadcrumb\":{\"@id\":\"https:\/\/urbanglide.com\/es\/produit\/kart-pilot-multicolor\/#breadcrumb\"},\"inLanguage\":\"es\",\"potentialAction\":[{\"@type\":\"ReadAction\",\"target\":[\"https:\/\/urbanglide.com\/es\/produit\/kart-pilot-multicolor\/\"]}]},{\"@type\":\"ImageObject\",\"inLanguage\":\"es\",\"@id\":\"https:\/\/urbanglide.com\/es\/produit\/kart-pilot-multicolor\/#primaryimage\",\"url\":\"https:\/\/urbanglide.com\/wp-content\/uploads\/2022\/05\/KART-pilot-multi-1.png\",\"contentUrl\":\"https:\/\/urbanglide.com\/wp-content\/uploads\/2022\/05\/KART-pilot-multi-1.png\",\"width\":1000,\"height\":1000},{\"@type\":\"BreadcrumbList\",\"@id\":\"https:\/\/urbanglide.com\/es\/produit\/kart-pilot-multicolor\/#breadcrumb\",\"itemListElement\":[{\"@type\":\"ListItem\",\"position\":1,\"name\":\"Accueil\",\"item\":\"https:\/\/urbanglide.com\/es\/pagina-de-urbanglide-nueva-version\/\"},{\"@type\":\"ListItem\",\"position\":2,\"name\":\"Tienda\",\"item\":\"https:\/\/urbanglide.com\/es\/tienda\/\"},{\"@type\":\"ListItem\",\"position\":3,\"name\":\"KART PILOT MULTICOLOR\"}]},{\"@type\":\"WebSite\",\"@id\":\"https:\/\/urbanglide.com\/#website\",\"url\":\"https:\/\/urbanglide.com\/\",\"name\":\"Urbanglide\",\"description\":\"Expert fran\u00e7ais de la mobilit\u00e9 \u00e9lectrique\",\"potentialAction\":[{\"@type\":\"SearchAction\",\"target\":{\"@type\":\"EntryPoint\",\"urlTemplate\":\"https:\/\/urbanglide.com\/?s={search_term_string}\"},\"query-input\":{\"@type\":\"PropertyValueSpecification\",\"valueRequired\":true,\"valueName\":\"search_term_string\"}}],\"inLanguage\":\"es\"}]}<\/script>\n<!-- \/ Yoast SEO plugin. -->","yoast_head_json":{"title":"KART PILOT MULTICOLOR - UrbanGlide","robots":{"index":"index","follow":"follow","max-snippet":"max-snippet:-1","max-image-preview":"max-image-preview:large","max-video-preview":"max-video-preview:-1"},"canonical":"https:\/\/urbanglide.com\/es\/produit\/kart-pilot-multicolor\/","og_locale":"es_ES","og_type":"article","og_title":"KART PILOT MULTICOLOR - UrbanGlide","og_description":"KART PILOT MULTICOLOR Se adapta a todas las marcas y tama\u00f1os de ruedas de hoverboards (6,5&#8243;, 8&#8243;, 10&#8243;) Longitud ajustable [&hellip;]","og_url":"https:\/\/urbanglide.com\/es\/produit\/kart-pilot-multicolor\/","og_site_name":"UrbanGlide","article_modified_time":"2023-03-23T16:17:37+00:00","og_image":[{"width":1000,"height":1000,"url":"https:\/\/urbanglide.com\/wp-content\/uploads\/2022\/05\/KART-pilot-multi-1.png","type":"image\/png"}],"twitter_card":"summary_large_image","schema":{"@context":"https:\/\/schema.org","@graph":[{"@type":"WebPage","@id":"https:\/\/urbanglide.com\/es\/produit\/kart-pilot-multicolor\/","url":"https:\/\/urbanglide.com\/es\/produit\/kart-pilot-multicolor\/","name":"KART PILOT MULTICOLOR - UrbanGlide","isPartOf":{"@id":"https:\/\/urbanglide.com\/#website"},"primaryImageOfPage":{"@id":"https:\/\/urbanglide.com\/es\/produit\/kart-pilot-multicolor\/#primaryimage"},"image":{"@id":"https:\/\/urbanglide.com\/es\/produit\/kart-pilot-multicolor\/#primaryimage"},"thumbnailUrl":"https:\/\/urbanglide.com\/wp-content\/uploads\/2022\/05\/KART-pilot-multi-1.png","datePublished":"2022-05-10T09:05:27+00:00","dateModified":"2023-03-23T16:17:37+00:00","breadcrumb":{"@id":"https:\/\/urbanglide.com\/es\/produit\/kart-pilot-multicolor\/#breadcrumb"},"inLanguage":"es","potentialAction":[{"@type":"ReadAction","target":["https:\/\/urbanglide.com\/es\/produit\/kart-pilot-multicolor\/"]}]},{"@type":"ImageObject","inLanguage":"es","@id":"https:\/\/urbanglide.com\/es\/produit\/kart-pilot-multicolor\/#primaryimage","url":"https:\/\/urbanglide.com\/wp-content\/uploads\/2022\/05\/KART-pilot-multi-1.png","contentUrl":"https:\/\/urbanglide.com\/wp-content\/uploads\/2022\/05\/KART-pilot-multi-1.png","width":1000,"height":1000},{"@type":"BreadcrumbList","@id":"https:\/\/urbanglide.com\/es\/produit\/kart-pilot-multicolor\/#breadcrumb","itemListElement":[{"@type":"ListItem","position":1,"name":"Accueil","item":"https:\/\/urbanglide.com\/es\/pagina-de-urbanglide-nueva-version\/"},{"@type":"ListItem","position":2,"name":"Tienda","item":"https:\/\/urbanglide.com\/es\/tienda\/"},{"@type":"ListItem","position":3,"name":"KART PILOT MULTICOLOR"}]},{"@type":"WebSite","@id":"https:\/\/urbanglide.com\/#website","url":"https:\/\/urbanglide.com\/","name":"Urbanglide","description":"Expert fran\u00e7ais de la mobilit\u00e9 \u00e9lectrique","potentialAction":[{"@type":"SearchAction","target":{"@type":"EntryPoint","urlTemplate":"https:\/\/urbanglide.com\/?s={search_term_string}"},"query-input":{"@type":"PropertyValueSpecification","valueRequired":true,"valueName":"search_term_string"}}],"inLanguage":"es"}]}},"_links":{"self":[{"href":"https:\/\/urbanglide.com\/es\/wp-json\/wp\/v2\/product\/32869","targetHints":{"allow":["GET"]}}],"collection":[{"href":"https:\/\/urbanglide.com\/es\/wp-json\/wp\/v2\/product"}],"about":[{"href":"https:\/\/urbanglide.com\/es\/wp-json\/wp\/v2\/types\/product"}],"version-history":[{"count":0,"href":"https:\/\/urbanglide.com\/es\/wp-json\/wp\/v2\/product\/32869\/revisions"}],"wp:featuredmedia":[{"embeddable":true,"href":"https:\/\/urbanglide.com\/es\/wp-json\/wp\/v2\/media\/18982"}],"wp:attachment":[{"href":"https:\/\/urbanglide.com\/es\/wp-json\/wp\/v2\/media?parent=32869"}],"wp:term":[{"taxonomy":"product_brand","embeddable":true,"href":"https:\/\/urbanglide.com\/es\/wp-json\/wp\/v2\/product_brand?post=32869"},{"taxonomy":"product_cat","embeddable":true,"href":"https:\/\/urbanglide.com\/es\/wp-json\/wp\/v2\/product_cat?post=32869"},{"taxonomy":"product_tag","embeddable":true,"href":"https:\/\/urbanglide.com\/es\/wp-json\/wp\/v2\/product_tag?post=32869"}],"curies":[{"name":"wp","href":"https:\/\/api.w.org\/{rel}","templated":true}]}}