{"id":32891,"date":"2022-06-15T09:19:20","date_gmt":"2022-06-15T09:19:20","guid":{"rendered":"https:\/\/urbanglide.com\/produit\/all-road-2-2\/"},"modified":"2024-02-08T13:55:07","modified_gmt":"2024-02-08T13:55:07","slug":"patinete-electrico-all-road-2","status":"publish","type":"product","link":"https:\/\/urbanglide.com\/es\/produit\/patinete-electrico-all-road-2\/","title":{"rendered":"ALL ROAD 2"},"content":{"rendered":"<p>El ALL ROAD 2 encarna la potencia y el rendimiento gracias a su motor de 600W y sus ruedas de 10&#8243;, ofreci\u00e9ndote una experiencia de conducci\u00f3n incomparable.<\/p>\n","protected":false},"excerpt":{"rendered":"<p>LA AVENTURA EMPIEZA AQU\u00cd<\/p>\n","protected":false},"featured_media":18708,"template":"","meta":[],"product_brand":[],"product_cat":[132,625],"product_tag":[],"class_list":{"0":"post-32891","1":"product","2":"type-product","3":"status-publish","4":"has-post-thumbnail","6":"product_cat-patinetes-electricos","7":"product_cat-all-road","8":"product_shipping_class-41-kg-es","10":"first","11":"outofstock","12":"taxable","13":"shipping-taxable","14":"purchasable","15":"product-type-simple"},"yoast_head":"<!-- This site is optimized with the Yoast SEO plugin v27.1.1 - https:\/\/yoast.com\/product\/yoast-seo-wordpress\/ -->\n<title>ALL ROAD 2 - UrbanGlide<\/title>\n<meta name=\"description\" content=\"El ALL ROAD 2 encarna la potencia y el rendimiento gracias a su motor de 600W y sus ruedas de 10&quot;, ofreci\u00e9ndote una experiencia de conducci\u00f3n incomparable.\" \/>\n<meta name=\"robots\" content=\"index, follow, max-snippet:-1, max-image-preview:large, max-video-preview:-1\" \/>\n<link rel=\"canonical\" href=\"https:\/\/urbanglide.com\/es\/produit\/patinete-electrico-all-road-2\/\" \/>\n<meta property=\"og:locale\" content=\"es_ES\" \/>\n<meta property=\"og:type\" content=\"article\" \/>\n<meta property=\"og:title\" content=\"ALL ROAD 2 - UrbanGlide\" \/>\n<meta property=\"og:description\" content=\"El ALL ROAD 2 encarna la potencia y el rendimiento gracias a su motor de 600W y sus ruedas de 10&quot;, ofreci\u00e9ndote una experiencia de conducci\u00f3n incomparable.\" \/>\n<meta property=\"og:url\" content=\"https:\/\/urbanglide.com\/es\/produit\/patinete-electrico-all-road-2\/\" \/>\n<meta property=\"og:site_name\" content=\"UrbanGlide\" \/>\n<meta property=\"article:modified_time\" content=\"2024-02-08T13:55:07+00:00\" \/>\n<meta property=\"og:image\" content=\"https:\/\/urbanglide.com\/wp-content\/uploads\/2022\/06\/RIDE-AR2.png\" \/>\n\t<meta property=\"og:image:width\" content=\"1000\" \/>\n\t<meta property=\"og:image:height\" content=\"1000\" \/>\n\t<meta property=\"og:image:type\" content=\"image\/png\" \/>\n<meta name=\"twitter:card\" content=\"summary_large_image\" \/>\n<meta name=\"twitter:label1\" content=\"Tiempo de lectura\" \/>\n\t<meta name=\"twitter:data1\" content=\"1 minuto\" \/>\n<script type=\"application\/ld+json\" class=\"yoast-schema-graph\">{\"@context\":\"https:\/\/schema.org\",\"@graph\":[{\"@type\":\"WebPage\",\"@id\":\"https:\/\/urbanglide.com\/es\/produit\/patinete-electrico-all-road-2\/\",\"url\":\"https:\/\/urbanglide.com\/es\/produit\/patinete-electrico-all-road-2\/\",\"name\":\"ALL ROAD 2 - UrbanGlide\",\"isPartOf\":{\"@id\":\"https:\/\/urbanglide.com\/#website\"},\"primaryImageOfPage\":{\"@id\":\"https:\/\/urbanglide.com\/es\/produit\/patinete-electrico-all-road-2\/#primaryimage\"},\"image\":{\"@id\":\"https:\/\/urbanglide.com\/es\/produit\/patinete-electrico-all-road-2\/#primaryimage\"},\"thumbnailUrl\":\"https:\/\/urbanglide.com\/wp-content\/uploads\/2022\/06\/RIDE-AR2.png\",\"datePublished\":\"2022-06-15T09:19:20+00:00\",\"dateModified\":\"2024-02-08T13:55:07+00:00\",\"description\":\"El ALL ROAD 2 encarna la potencia y el rendimiento gracias a su motor de 600W y sus ruedas de 10\\\", ofreci\u00e9ndote una experiencia de conducci\u00f3n incomparable.\",\"breadcrumb\":{\"@id\":\"https:\/\/urbanglide.com\/es\/produit\/patinete-electrico-all-road-2\/#breadcrumb\"},\"inLanguage\":\"es\",\"potentialAction\":[{\"@type\":\"ReadAction\",\"target\":[\"https:\/\/urbanglide.com\/es\/produit\/patinete-electrico-all-road-2\/\"]}]},{\"@type\":\"ImageObject\",\"inLanguage\":\"es\",\"@id\":\"https:\/\/urbanglide.com\/es\/produit\/patinete-electrico-all-road-2\/#primaryimage\",\"url\":\"https:\/\/urbanglide.com\/wp-content\/uploads\/2022\/06\/RIDE-AR2.png\",\"contentUrl\":\"https:\/\/urbanglide.com\/wp-content\/uploads\/2022\/06\/RIDE-AR2.png\",\"width\":1000,\"height\":1000},{\"@type\":\"BreadcrumbList\",\"@id\":\"https:\/\/urbanglide.com\/es\/produit\/patinete-electrico-all-road-2\/#breadcrumb\",\"itemListElement\":[{\"@type\":\"ListItem\",\"position\":1,\"name\":\"Accueil\",\"item\":\"https:\/\/urbanglide.com\/es\/pagina-de-urbanglide-nueva-version\/\"},{\"@type\":\"ListItem\",\"position\":2,\"name\":\"Tienda\",\"item\":\"https:\/\/urbanglide.com\/es\/tienda\/\"},{\"@type\":\"ListItem\",\"position\":3,\"name\":\"ALL ROAD 2\"}]},{\"@type\":\"WebSite\",\"@id\":\"https:\/\/urbanglide.com\/#website\",\"url\":\"https:\/\/urbanglide.com\/\",\"name\":\"Urbanglide\",\"description\":\"Expert fran\u00e7ais de la mobilit\u00e9 \u00e9lectrique\",\"potentialAction\":[{\"@type\":\"SearchAction\",\"target\":{\"@type\":\"EntryPoint\",\"urlTemplate\":\"https:\/\/urbanglide.com\/?s={search_term_string}\"},\"query-input\":{\"@type\":\"PropertyValueSpecification\",\"valueRequired\":true,\"valueName\":\"search_term_string\"}}],\"inLanguage\":\"es\"}]}<\/script>\n<!-- \/ Yoast SEO plugin. -->","yoast_head_json":{"title":"ALL ROAD 2 - UrbanGlide","description":"El ALL ROAD 2 encarna la potencia y el rendimiento gracias a su motor de 600W y sus ruedas de 10\", ofreci\u00e9ndote una experiencia de conducci\u00f3n incomparable.","robots":{"index":"index","follow":"follow","max-snippet":"max-snippet:-1","max-image-preview":"max-image-preview:large","max-video-preview":"max-video-preview:-1"},"canonical":"https:\/\/urbanglide.com\/es\/produit\/patinete-electrico-all-road-2\/","og_locale":"es_ES","og_type":"article","og_title":"ALL ROAD 2 - UrbanGlide","og_description":"El ALL ROAD 2 encarna la potencia y el rendimiento gracias a su motor de 600W y sus ruedas de 10\", ofreci\u00e9ndote una experiencia de conducci\u00f3n incomparable.","og_url":"https:\/\/urbanglide.com\/es\/produit\/patinete-electrico-all-road-2\/","og_site_name":"UrbanGlide","article_modified_time":"2024-02-08T13:55:07+00:00","og_image":[{"width":1000,"height":1000,"url":"https:\/\/urbanglide.com\/wp-content\/uploads\/2022\/06\/RIDE-AR2.png","type":"image\/png"}],"twitter_card":"summary_large_image","twitter_misc":{"Tiempo de lectura":"1 minuto"},"schema":{"@context":"https:\/\/schema.org","@graph":[{"@type":"WebPage","@id":"https:\/\/urbanglide.com\/es\/produit\/patinete-electrico-all-road-2\/","url":"https:\/\/urbanglide.com\/es\/produit\/patinete-electrico-all-road-2\/","name":"ALL ROAD 2 - UrbanGlide","isPartOf":{"@id":"https:\/\/urbanglide.com\/#website"},"primaryImageOfPage":{"@id":"https:\/\/urbanglide.com\/es\/produit\/patinete-electrico-all-road-2\/#primaryimage"},"image":{"@id":"https:\/\/urbanglide.com\/es\/produit\/patinete-electrico-all-road-2\/#primaryimage"},"thumbnailUrl":"https:\/\/urbanglide.com\/wp-content\/uploads\/2022\/06\/RIDE-AR2.png","datePublished":"2022-06-15T09:19:20+00:00","dateModified":"2024-02-08T13:55:07+00:00","description":"El ALL ROAD 2 encarna la potencia y el rendimiento gracias a su motor de 600W y sus ruedas de 10\", ofreci\u00e9ndote una experiencia de conducci\u00f3n incomparable.","breadcrumb":{"@id":"https:\/\/urbanglide.com\/es\/produit\/patinete-electrico-all-road-2\/#breadcrumb"},"inLanguage":"es","potentialAction":[{"@type":"ReadAction","target":["https:\/\/urbanglide.com\/es\/produit\/patinete-electrico-all-road-2\/"]}]},{"@type":"ImageObject","inLanguage":"es","@id":"https:\/\/urbanglide.com\/es\/produit\/patinete-electrico-all-road-2\/#primaryimage","url":"https:\/\/urbanglide.com\/wp-content\/uploads\/2022\/06\/RIDE-AR2.png","contentUrl":"https:\/\/urbanglide.com\/wp-content\/uploads\/2022\/06\/RIDE-AR2.png","width":1000,"height":1000},{"@type":"BreadcrumbList","@id":"https:\/\/urbanglide.com\/es\/produit\/patinete-electrico-all-road-2\/#breadcrumb","itemListElement":[{"@type":"ListItem","position":1,"name":"Accueil","item":"https:\/\/urbanglide.com\/es\/pagina-de-urbanglide-nueva-version\/"},{"@type":"ListItem","position":2,"name":"Tienda","item":"https:\/\/urbanglide.com\/es\/tienda\/"},{"@type":"ListItem","position":3,"name":"ALL ROAD 2"}]},{"@type":"WebSite","@id":"https:\/\/urbanglide.com\/#website","url":"https:\/\/urbanglide.com\/","name":"Urbanglide","description":"Expert fran\u00e7ais de la mobilit\u00e9 \u00e9lectrique","potentialAction":[{"@type":"SearchAction","target":{"@type":"EntryPoint","urlTemplate":"https:\/\/urbanglide.com\/?s={search_term_string}"},"query-input":{"@type":"PropertyValueSpecification","valueRequired":true,"valueName":"search_term_string"}}],"inLanguage":"es"}]}},"_links":{"self":[{"href":"https:\/\/urbanglide.com\/es\/wp-json\/wp\/v2\/product\/32891","targetHints":{"allow":["GET"]}}],"collection":[{"href":"https:\/\/urbanglide.com\/es\/wp-json\/wp\/v2\/product"}],"about":[{"href":"https:\/\/urbanglide.com\/es\/wp-json\/wp\/v2\/types\/product"}],"version-history":[{"count":0,"href":"https:\/\/urbanglide.com\/es\/wp-json\/wp\/v2\/product\/32891\/revisions"}],"wp:featuredmedia":[{"embeddable":true,"href":"https:\/\/urbanglide.com\/es\/wp-json\/wp\/v2\/media\/18708"}],"wp:attachment":[{"href":"https:\/\/urbanglide.com\/es\/wp-json\/wp\/v2\/media?parent=32891"}],"wp:term":[{"taxonomy":"product_brand","embeddable":true,"href":"https:\/\/urbanglide.com\/es\/wp-json\/wp\/v2\/product_brand?post=32891"},{"taxonomy":"product_cat","embeddable":true,"href":"https:\/\/urbanglide.com\/es\/wp-json\/wp\/v2\/product_cat?post=32891"},{"taxonomy":"product_tag","embeddable":true,"href":"https:\/\/urbanglide.com\/es\/wp-json\/wp\/v2\/product_tag?post=32891"}],"curies":[{"name":"wp","href":"https:\/\/api.w.org\/{rel}","templated":true}]}}