{"id":32895,"date":"2022-06-14T09:02:35","date_gmt":"2022-06-14T09:02:35","guid":{"rendered":"https:\/\/urbanglide.com\/produit\/all-road-5-2\/"},"modified":"2024-02-08T13:54:39","modified_gmt":"2024-02-08T13:54:39","slug":"patinete-electrico-all-road-5","status":"publish","type":"product","link":"https:\/\/urbanglide.com\/es\/produit\/patinete-electrico-all-road-5\/","title":{"rendered":"ALL ROAD 5"},"content":{"rendered":"<p>Un dise\u00f1o seductor que no pasar\u00e1 desapercibido, combinado con neum\u00e1ticos sin c\u00e1mara de 10&#8243; que garantizan un agarre \u00f3ptimo en todas las superficies.<\/p>\n<p>Desl\u00edzate por la ciudad con estilo y confianza.<\/p>\n","protected":false},"excerpt":{"rendered":"<p>ELEGANCIA EN MOVIMIENTO<\/p>\n","protected":false},"featured_media":67072,"template":"","meta":[],"product_brand":[],"product_cat":[116],"product_tag":[],"class_list":{"0":"post-32895","1":"product","2":"type-product","3":"status-publish","4":"has-post-thumbnail","6":"product_cat-no-clasificado","7":"product_shipping_class-41-kg-es","9":"first","10":"outofstock","11":"taxable","12":"shipping-taxable","13":"product-type-simple"},"yoast_head":"<!-- This site is optimized with the Yoast SEO plugin v27.1.1 - https:\/\/yoast.com\/product\/yoast-seo-wordpress\/ -->\n<title>ALL ROAD 5 - UrbanGlide<\/title>\n<meta name=\"description\" content=\"Disfruta de unas prestaciones excepcionales con el ALL ROAD 5: hasta 40 km de autonom\u00eda, suspensi\u00f3n delantera y trasera y frenos de doble disco.\" \/>\n<meta name=\"robots\" content=\"index, follow, max-snippet:-1, max-image-preview:large, max-video-preview:-1\" \/>\n<link rel=\"canonical\" href=\"https:\/\/urbanglide.com\/es\/produit\/patinete-electrico-all-road-5\/\" \/>\n<meta property=\"og:locale\" content=\"es_ES\" \/>\n<meta property=\"og:type\" content=\"article\" \/>\n<meta property=\"og:title\" content=\"ALL ROAD 5 - UrbanGlide\" \/>\n<meta property=\"og:description\" content=\"Disfruta de unas prestaciones excepcionales con el ALL ROAD 5: hasta 40 km de autonom\u00eda, suspensi\u00f3n delantera y trasera y frenos de doble disco.\" \/>\n<meta property=\"og:url\" content=\"https:\/\/urbanglide.com\/es\/produit\/patinete-electrico-all-road-5\/\" \/>\n<meta property=\"og:site_name\" content=\"UrbanGlide\" \/>\n<meta property=\"article:modified_time\" content=\"2024-02-08T13:54:39+00:00\" \/>\n<meta property=\"og:image\" content=\"https:\/\/urbanglide.com\/wp-content\/uploads\/2022\/06\/RIDE-AR5-1.png\" \/>\n\t<meta property=\"og:image:width\" content=\"1000\" \/>\n\t<meta property=\"og:image:height\" content=\"1000\" \/>\n\t<meta property=\"og:image:type\" content=\"image\/png\" \/>\n<meta name=\"twitter:card\" content=\"summary_large_image\" \/>\n<meta name=\"twitter:label1\" content=\"Tiempo de lectura\" \/>\n\t<meta name=\"twitter:data1\" content=\"1 minuto\" \/>\n<script type=\"application\/ld+json\" class=\"yoast-schema-graph\">{\"@context\":\"https:\/\/schema.org\",\"@graph\":[{\"@type\":\"WebPage\",\"@id\":\"https:\/\/urbanglide.com\/es\/produit\/patinete-electrico-all-road-5\/\",\"url\":\"https:\/\/urbanglide.com\/es\/produit\/patinete-electrico-all-road-5\/\",\"name\":\"ALL ROAD 5 - UrbanGlide\",\"isPartOf\":{\"@id\":\"https:\/\/urbanglide.com\/#website\"},\"primaryImageOfPage\":{\"@id\":\"https:\/\/urbanglide.com\/es\/produit\/patinete-electrico-all-road-5\/#primaryimage\"},\"image\":{\"@id\":\"https:\/\/urbanglide.com\/es\/produit\/patinete-electrico-all-road-5\/#primaryimage\"},\"thumbnailUrl\":\"https:\/\/urbanglide.com\/wp-content\/uploads\/2022\/06\/RIDE-AR5-2.png\",\"datePublished\":\"2022-06-14T09:02:35+00:00\",\"dateModified\":\"2024-02-08T13:54:39+00:00\",\"description\":\"Disfruta de unas prestaciones excepcionales con el ALL ROAD 5: hasta 40 km de autonom\u00eda, suspensi\u00f3n delantera y trasera y frenos de doble disco.\",\"breadcrumb\":{\"@id\":\"https:\/\/urbanglide.com\/es\/produit\/patinete-electrico-all-road-5\/#breadcrumb\"},\"inLanguage\":\"es\",\"potentialAction\":[{\"@type\":\"ReadAction\",\"target\":[\"https:\/\/urbanglide.com\/es\/produit\/patinete-electrico-all-road-5\/\"]}]},{\"@type\":\"ImageObject\",\"inLanguage\":\"es\",\"@id\":\"https:\/\/urbanglide.com\/es\/produit\/patinete-electrico-all-road-5\/#primaryimage\",\"url\":\"https:\/\/urbanglide.com\/wp-content\/uploads\/2022\/06\/RIDE-AR5-2.png\",\"contentUrl\":\"https:\/\/urbanglide.com\/wp-content\/uploads\/2022\/06\/RIDE-AR5-2.png\",\"width\":1000,\"height\":1000},{\"@type\":\"BreadcrumbList\",\"@id\":\"https:\/\/urbanglide.com\/es\/produit\/patinete-electrico-all-road-5\/#breadcrumb\",\"itemListElement\":[{\"@type\":\"ListItem\",\"position\":1,\"name\":\"Accueil\",\"item\":\"https:\/\/urbanglide.com\/es\/pagina-de-urbanglide-nueva-version\/\"},{\"@type\":\"ListItem\",\"position\":2,\"name\":\"Tienda\",\"item\":\"https:\/\/urbanglide.com\/es\/tienda\/\"},{\"@type\":\"ListItem\",\"position\":3,\"name\":\"ALL ROAD 5\"}]},{\"@type\":\"WebSite\",\"@id\":\"https:\/\/urbanglide.com\/#website\",\"url\":\"https:\/\/urbanglide.com\/\",\"name\":\"Urbanglide\",\"description\":\"Expert fran\u00e7ais de la mobilit\u00e9 \u00e9lectrique\",\"potentialAction\":[{\"@type\":\"SearchAction\",\"target\":{\"@type\":\"EntryPoint\",\"urlTemplate\":\"https:\/\/urbanglide.com\/?s={search_term_string}\"},\"query-input\":{\"@type\":\"PropertyValueSpecification\",\"valueRequired\":true,\"valueName\":\"search_term_string\"}}],\"inLanguage\":\"es\"}]}<\/script>\n<!-- \/ Yoast SEO plugin. -->","yoast_head_json":{"title":"ALL ROAD 5 - UrbanGlide","description":"Disfruta de unas prestaciones excepcionales con el ALL ROAD 5: hasta 40 km de autonom\u00eda, suspensi\u00f3n delantera y trasera y frenos de doble disco.","robots":{"index":"index","follow":"follow","max-snippet":"max-snippet:-1","max-image-preview":"max-image-preview:large","max-video-preview":"max-video-preview:-1"},"canonical":"https:\/\/urbanglide.com\/es\/produit\/patinete-electrico-all-road-5\/","og_locale":"es_ES","og_type":"article","og_title":"ALL ROAD 5 - UrbanGlide","og_description":"Disfruta de unas prestaciones excepcionales con el ALL ROAD 5: hasta 40 km de autonom\u00eda, suspensi\u00f3n delantera y trasera y frenos de doble disco.","og_url":"https:\/\/urbanglide.com\/es\/produit\/patinete-electrico-all-road-5\/","og_site_name":"UrbanGlide","article_modified_time":"2024-02-08T13:54:39+00:00","og_image":[{"width":1000,"height":1000,"url":"https:\/\/urbanglide.com\/wp-content\/uploads\/2022\/06\/RIDE-AR5-1.png","type":"image\/png"}],"twitter_card":"summary_large_image","twitter_misc":{"Tiempo de lectura":"1 minuto"},"schema":{"@context":"https:\/\/schema.org","@graph":[{"@type":"WebPage","@id":"https:\/\/urbanglide.com\/es\/produit\/patinete-electrico-all-road-5\/","url":"https:\/\/urbanglide.com\/es\/produit\/patinete-electrico-all-road-5\/","name":"ALL ROAD 5 - UrbanGlide","isPartOf":{"@id":"https:\/\/urbanglide.com\/#website"},"primaryImageOfPage":{"@id":"https:\/\/urbanglide.com\/es\/produit\/patinete-electrico-all-road-5\/#primaryimage"},"image":{"@id":"https:\/\/urbanglide.com\/es\/produit\/patinete-electrico-all-road-5\/#primaryimage"},"thumbnailUrl":"https:\/\/urbanglide.com\/wp-content\/uploads\/2022\/06\/RIDE-AR5-2.png","datePublished":"2022-06-14T09:02:35+00:00","dateModified":"2024-02-08T13:54:39+00:00","description":"Disfruta de unas prestaciones excepcionales con el ALL ROAD 5: hasta 40 km de autonom\u00eda, suspensi\u00f3n delantera y trasera y frenos de doble disco.","breadcrumb":{"@id":"https:\/\/urbanglide.com\/es\/produit\/patinete-electrico-all-road-5\/#breadcrumb"},"inLanguage":"es","potentialAction":[{"@type":"ReadAction","target":["https:\/\/urbanglide.com\/es\/produit\/patinete-electrico-all-road-5\/"]}]},{"@type":"ImageObject","inLanguage":"es","@id":"https:\/\/urbanglide.com\/es\/produit\/patinete-electrico-all-road-5\/#primaryimage","url":"https:\/\/urbanglide.com\/wp-content\/uploads\/2022\/06\/RIDE-AR5-2.png","contentUrl":"https:\/\/urbanglide.com\/wp-content\/uploads\/2022\/06\/RIDE-AR5-2.png","width":1000,"height":1000},{"@type":"BreadcrumbList","@id":"https:\/\/urbanglide.com\/es\/produit\/patinete-electrico-all-road-5\/#breadcrumb","itemListElement":[{"@type":"ListItem","position":1,"name":"Accueil","item":"https:\/\/urbanglide.com\/es\/pagina-de-urbanglide-nueva-version\/"},{"@type":"ListItem","position":2,"name":"Tienda","item":"https:\/\/urbanglide.com\/es\/tienda\/"},{"@type":"ListItem","position":3,"name":"ALL ROAD 5"}]},{"@type":"WebSite","@id":"https:\/\/urbanglide.com\/#website","url":"https:\/\/urbanglide.com\/","name":"Urbanglide","description":"Expert fran\u00e7ais de la mobilit\u00e9 \u00e9lectrique","potentialAction":[{"@type":"SearchAction","target":{"@type":"EntryPoint","urlTemplate":"https:\/\/urbanglide.com\/?s={search_term_string}"},"query-input":{"@type":"PropertyValueSpecification","valueRequired":true,"valueName":"search_term_string"}}],"inLanguage":"es"}]}},"_links":{"self":[{"href":"https:\/\/urbanglide.com\/es\/wp-json\/wp\/v2\/product\/32895","targetHints":{"allow":["GET"]}}],"collection":[{"href":"https:\/\/urbanglide.com\/es\/wp-json\/wp\/v2\/product"}],"about":[{"href":"https:\/\/urbanglide.com\/es\/wp-json\/wp\/v2\/types\/product"}],"version-history":[{"count":0,"href":"https:\/\/urbanglide.com\/es\/wp-json\/wp\/v2\/product\/32895\/revisions"}],"wp:featuredmedia":[{"embeddable":true,"href":"https:\/\/urbanglide.com\/es\/wp-json\/wp\/v2\/media\/67072"}],"wp:attachment":[{"href":"https:\/\/urbanglide.com\/es\/wp-json\/wp\/v2\/media?parent=32895"}],"wp:term":[{"taxonomy":"product_brand","embeddable":true,"href":"https:\/\/urbanglide.com\/es\/wp-json\/wp\/v2\/product_brand?post=32895"},{"taxonomy":"product_cat","embeddable":true,"href":"https:\/\/urbanglide.com\/es\/wp-json\/wp\/v2\/product_cat?post=32895"},{"taxonomy":"product_tag","embeddable":true,"href":"https:\/\/urbanglide.com\/es\/wp-json\/wp\/v2\/product_tag?post=32895"}],"curies":[{"name":"wp","href":"https:\/\/api.w.org\/{rel}","templated":true}]}}