{"id":32919,"date":"2022-05-10T09:05:58","date_gmt":"2022-05-10T09:05:58","guid":{"rendered":"https:\/\/urbanglide.com\/produit\/e-bike-160-black\/"},"modified":"2025-06-03T10:10:04","modified_gmt":"2025-06-03T10:10:04","slug":"draisiana-bike-160","status":"publish","type":"product","link":"https:\/\/urbanglide.com\/es\/produit\/draisiana-bike-160\/","title":{"rendered":"BIKE 160"},"content":{"rendered":"<p>Draisienne el\u00e9ctrica de 16 pulgadas conectada, plegable y compacta. Equipada con un motor de 350 W y una velocidad m\u00e1xima de 25 km\/h, es ideal para tus paseos. Su asiento ajustable garantiza un confort \u00f3ptimo.<\/p>\n<p>Conduce con total seguridad gracias a sus luces, que te permiten ser visto de noche, y a sus frenos de doble disco, que garantizan una frenada inmediata y precisa.<\/p>\n<p>Conecta tu smartphone y visualiza toda la informaci\u00f3n que necesitas para tu viaje. Tambi\u00e9n dispone de un inmovilizador integrado en la aplicaci\u00f3n. Gracias a su bater\u00eda, que se recarga en unas 5 horas, puedes recorrer hasta 25 km.<\/p>\n","protected":false},"excerpt":{"rendered":"<p>Draisienne el\u00e9ctrica de 16 pulgadas conectada, plegable y compacta. Equipada con un motor de 350 W y una velocidad m\u00e1xima [&hellip;]<\/p>\n","protected":false},"featured_media":18381,"template":"","meta":[],"product_brand":[],"product_cat":[106],"product_tag":[],"class_list":{"0":"post-32919","1":"product","2":"type-product","3":"status-publish","4":"has-post-thumbnail","6":"product_cat-draisianas-es","7":"product_shipping_class-17-kg-es","9":"first","10":"instock","11":"taxable","12":"shipping-taxable","13":"purchasable","14":"product-type-simple"},"yoast_head":"<!-- This site is optimized with the Yoast SEO plugin v27.1.1 - https:\/\/yoast.com\/product\/yoast-seo-wordpress\/ -->\n<title>BIKE 160 - UrbanGlide<\/title>\n<meta name=\"robots\" content=\"index, follow, max-snippet:-1, max-image-preview:large, max-video-preview:-1\" \/>\n<link rel=\"canonical\" href=\"https:\/\/urbanglide.com\/produit\/draisienne-bike-160\/\" \/>\n<meta property=\"og:locale\" content=\"es_ES\" \/>\n<meta property=\"og:type\" content=\"article\" \/>\n<meta property=\"og:title\" content=\"BIKE 160 - UrbanGlide\" \/>\n<meta property=\"og:description\" content=\"Draisienne el\u00e9ctrica de 16 pulgadas conectada, plegable y compacta. Equipada con un motor de 350 W y una velocidad m\u00e1xima [&hellip;]\" \/>\n<meta property=\"og:url\" content=\"https:\/\/urbanglide.com\/produit\/draisienne-bike-160\/\" \/>\n<meta property=\"og:site_name\" content=\"UrbanGlide\" \/>\n<meta property=\"article:modified_time\" content=\"2025-06-03T10:10:04+00:00\" \/>\n<meta property=\"og:image\" content=\"https:\/\/urbanglide.com\/wp-content\/uploads\/2022\/05\/BIKE-160-1.png\" \/>\n\t<meta property=\"og:image:width\" content=\"1000\" \/>\n\t<meta property=\"og:image:height\" content=\"1000\" \/>\n\t<meta property=\"og:image:type\" content=\"image\/png\" \/>\n<meta name=\"twitter:card\" content=\"summary_large_image\" \/>\n<meta name=\"twitter:label1\" content=\"Tiempo de lectura\" \/>\n\t<meta name=\"twitter:data1\" content=\"1 minuto\" \/>\n<script type=\"application\/ld+json\" class=\"yoast-schema-graph\">{\"@context\":\"https:\/\/schema.org\",\"@graph\":[{\"@type\":\"WebPage\",\"@id\":\"https:\/\/urbanglide.com\/produit\/draisienne-bike-160\/\",\"url\":\"https:\/\/urbanglide.com\/produit\/draisienne-bike-160\/\",\"name\":\"BIKE 160 - UrbanGlide\",\"isPartOf\":{\"@id\":\"https:\/\/urbanglide.com\/#website\"},\"primaryImageOfPage\":{\"@id\":\"https:\/\/urbanglide.com\/produit\/draisienne-bike-160\/#primaryimage\"},\"image\":{\"@id\":\"https:\/\/urbanglide.com\/produit\/draisienne-bike-160\/#primaryimage\"},\"thumbnailUrl\":\"https:\/\/urbanglide.com\/wp-content\/uploads\/2022\/05\/BIKE-160.png\",\"datePublished\":\"2022-05-10T09:05:58+00:00\",\"dateModified\":\"2025-06-03T10:10:04+00:00\",\"breadcrumb\":{\"@id\":\"https:\/\/urbanglide.com\/produit\/draisienne-bike-160\/#breadcrumb\"},\"inLanguage\":\"es\",\"potentialAction\":[{\"@type\":\"ReadAction\",\"target\":[\"https:\/\/urbanglide.com\/produit\/draisienne-bike-160\/\"]}]},{\"@type\":\"ImageObject\",\"inLanguage\":\"es\",\"@id\":\"https:\/\/urbanglide.com\/produit\/draisienne-bike-160\/#primaryimage\",\"url\":\"https:\/\/urbanglide.com\/wp-content\/uploads\/2022\/05\/BIKE-160.png\",\"contentUrl\":\"https:\/\/urbanglide.com\/wp-content\/uploads\/2022\/05\/BIKE-160.png\",\"width\":3030,\"height\":3029},{\"@type\":\"BreadcrumbList\",\"@id\":\"https:\/\/urbanglide.com\/produit\/draisienne-bike-160\/#breadcrumb\",\"itemListElement\":[{\"@type\":\"ListItem\",\"position\":1,\"name\":\"Accueil\",\"item\":\"https:\/\/urbanglide.com\/es\/pagina-de-urbanglide-nueva-version\/\"},{\"@type\":\"ListItem\",\"position\":2,\"name\":\"Tienda\",\"item\":\"https:\/\/urbanglide.com\/es\/tienda\/\"},{\"@type\":\"ListItem\",\"position\":3,\"name\":\"BIKE 160\"}]},{\"@type\":\"WebSite\",\"@id\":\"https:\/\/urbanglide.com\/#website\",\"url\":\"https:\/\/urbanglide.com\/\",\"name\":\"Urbanglide\",\"description\":\"Expert fran\u00e7ais de la mobilit\u00e9 \u00e9lectrique\",\"potentialAction\":[{\"@type\":\"SearchAction\",\"target\":{\"@type\":\"EntryPoint\",\"urlTemplate\":\"https:\/\/urbanglide.com\/?s={search_term_string}\"},\"query-input\":{\"@type\":\"PropertyValueSpecification\",\"valueRequired\":true,\"valueName\":\"search_term_string\"}}],\"inLanguage\":\"es\"}]}<\/script>\n<!-- \/ Yoast SEO plugin. -->","yoast_head_json":{"title":"BIKE 160 - UrbanGlide","robots":{"index":"index","follow":"follow","max-snippet":"max-snippet:-1","max-image-preview":"max-image-preview:large","max-video-preview":"max-video-preview:-1"},"canonical":"https:\/\/urbanglide.com\/produit\/draisienne-bike-160\/","og_locale":"es_ES","og_type":"article","og_title":"BIKE 160 - UrbanGlide","og_description":"Draisienne el\u00e9ctrica de 16 pulgadas conectada, plegable y compacta. Equipada con un motor de 350 W y una velocidad m\u00e1xima [&hellip;]","og_url":"https:\/\/urbanglide.com\/produit\/draisienne-bike-160\/","og_site_name":"UrbanGlide","article_modified_time":"2025-06-03T10:10:04+00:00","og_image":[{"width":1000,"height":1000,"url":"https:\/\/urbanglide.com\/wp-content\/uploads\/2022\/05\/BIKE-160-1.png","type":"image\/png"}],"twitter_card":"summary_large_image","twitter_misc":{"Tiempo de lectura":"1 minuto"},"schema":{"@context":"https:\/\/schema.org","@graph":[{"@type":"WebPage","@id":"https:\/\/urbanglide.com\/produit\/draisienne-bike-160\/","url":"https:\/\/urbanglide.com\/produit\/draisienne-bike-160\/","name":"BIKE 160 - UrbanGlide","isPartOf":{"@id":"https:\/\/urbanglide.com\/#website"},"primaryImageOfPage":{"@id":"https:\/\/urbanglide.com\/produit\/draisienne-bike-160\/#primaryimage"},"image":{"@id":"https:\/\/urbanglide.com\/produit\/draisienne-bike-160\/#primaryimage"},"thumbnailUrl":"https:\/\/urbanglide.com\/wp-content\/uploads\/2022\/05\/BIKE-160.png","datePublished":"2022-05-10T09:05:58+00:00","dateModified":"2025-06-03T10:10:04+00:00","breadcrumb":{"@id":"https:\/\/urbanglide.com\/produit\/draisienne-bike-160\/#breadcrumb"},"inLanguage":"es","potentialAction":[{"@type":"ReadAction","target":["https:\/\/urbanglide.com\/produit\/draisienne-bike-160\/"]}]},{"@type":"ImageObject","inLanguage":"es","@id":"https:\/\/urbanglide.com\/produit\/draisienne-bike-160\/#primaryimage","url":"https:\/\/urbanglide.com\/wp-content\/uploads\/2022\/05\/BIKE-160.png","contentUrl":"https:\/\/urbanglide.com\/wp-content\/uploads\/2022\/05\/BIKE-160.png","width":3030,"height":3029},{"@type":"BreadcrumbList","@id":"https:\/\/urbanglide.com\/produit\/draisienne-bike-160\/#breadcrumb","itemListElement":[{"@type":"ListItem","position":1,"name":"Accueil","item":"https:\/\/urbanglide.com\/es\/pagina-de-urbanglide-nueva-version\/"},{"@type":"ListItem","position":2,"name":"Tienda","item":"https:\/\/urbanglide.com\/es\/tienda\/"},{"@type":"ListItem","position":3,"name":"BIKE 160"}]},{"@type":"WebSite","@id":"https:\/\/urbanglide.com\/#website","url":"https:\/\/urbanglide.com\/","name":"Urbanglide","description":"Expert fran\u00e7ais de la mobilit\u00e9 \u00e9lectrique","potentialAction":[{"@type":"SearchAction","target":{"@type":"EntryPoint","urlTemplate":"https:\/\/urbanglide.com\/?s={search_term_string}"},"query-input":{"@type":"PropertyValueSpecification","valueRequired":true,"valueName":"search_term_string"}}],"inLanguage":"es"}]}},"_links":{"self":[{"href":"https:\/\/urbanglide.com\/es\/wp-json\/wp\/v2\/product\/32919","targetHints":{"allow":["GET"]}}],"collection":[{"href":"https:\/\/urbanglide.com\/es\/wp-json\/wp\/v2\/product"}],"about":[{"href":"https:\/\/urbanglide.com\/es\/wp-json\/wp\/v2\/types\/product"}],"version-history":[{"count":0,"href":"https:\/\/urbanglide.com\/es\/wp-json\/wp\/v2\/product\/32919\/revisions"}],"wp:featuredmedia":[{"embeddable":true,"href":"https:\/\/urbanglide.com\/es\/wp-json\/wp\/v2\/media\/18381"}],"wp:attachment":[{"href":"https:\/\/urbanglide.com\/es\/wp-json\/wp\/v2\/media?parent=32919"}],"wp:term":[{"taxonomy":"product_brand","embeddable":true,"href":"https:\/\/urbanglide.com\/es\/wp-json\/wp\/v2\/product_brand?post=32919"},{"taxonomy":"product_cat","embeddable":true,"href":"https:\/\/urbanglide.com\/es\/wp-json\/wp\/v2\/product_cat?post=32919"},{"taxonomy":"product_tag","embeddable":true,"href":"https:\/\/urbanglide.com\/es\/wp-json\/wp\/v2\/product_tag?post=32919"}],"curies":[{"name":"wp","href":"https:\/\/api.w.org\/{rel}","templated":true}]}}