{"id":32920,"date":"2024-10-10T08:59:07","date_gmt":"2024-10-10T08:59:07","guid":{"rendered":"https:\/\/urbanglide.com\/produit\/bike-140-2\/"},"modified":"2025-06-02T07:14:37","modified_gmt":"2025-06-02T07:14:37","slug":"draisiana-bike-140","status":"publish","type":"product","link":"https:\/\/urbanglide.com\/es\/produit\/draisiana-bike-140\/","title":{"rendered":"BIKE 140"},"content":{"rendered":"<p>La BIKE 140 es la silla de ruedas el\u00e9ctrica m\u00e1s completa de su generaci\u00f3n. Su dise\u00f1o y su dial ergon\u00f3mico lo convierten en un producto \u00fanico.<\/p>\n<p>Su sistema de freno de doble disco, su reposapi\u00e9s y sus ruedas hinchables de 14 pulgadas permiten una estabilidad y una comodidad en todas las pruebas.<\/p>\n<p>Utiliza su LED frontal para iluminar tu camino, y el soporte para estabilizar tu producto.<\/p>\n<p>Transporta tu draisienne f\u00e1cilmente gracias a su manillar plegable y a su asa ergon\u00f3mica.<\/p>\n<p>Hay una aplicaci\u00f3n disponible para controlar los detalles de su producto, as\u00ed como para bloquear y desbloquear su bicicleta de forma remota y se suministra un soporte para el tel\u00e9fono con su BIKE 140.<\/p>\n","protected":false},"excerpt":{"rendered":"<p>Estabilidad y confort<\/p>\n","protected":false},"featured_media":23275,"template":"","meta":[],"product_brand":[],"product_cat":[106,105],"product_tag":[],"class_list":{"0":"post-32920","1":"product","2":"type-product","3":"status-publish","4":"has-post-thumbnail","6":"product_cat-draisianas-es","7":"product_cat-oferta-promocional","8":"product_shipping_class-17-kg-es","10":"first","11":"instock","12":"taxable","13":"shipping-taxable","14":"purchasable","15":"product-type-simple"},"yoast_head":"<!-- This site is optimized with the Yoast SEO plugin v27.1.1 - https:\/\/yoast.com\/product\/yoast-seo-wordpress\/ -->\n<title>BIKE 140 - UrbanGlide<\/title>\n<meta name=\"description\" content=\"Adopta una nueva forma de desplazarte con la draisienne el\u00e9ctrica BIKE 140 equipada con tecnolog\u00eda Bluetooth para un seguimiento en tiempo real.\" \/>\n<meta name=\"robots\" content=\"index, follow, max-snippet:-1, max-image-preview:large, max-video-preview:-1\" \/>\n<link rel=\"canonical\" href=\"https:\/\/urbanglide.com\/es\/produit\/draisiana-bike-140\/\" \/>\n<meta property=\"og:locale\" content=\"es_ES\" \/>\n<meta property=\"og:type\" content=\"article\" \/>\n<meta property=\"og:title\" content=\"BIKE 140 - UrbanGlide\" \/>\n<meta property=\"og:description\" content=\"Adopta una nueva forma de desplazarte con la draisienne el\u00e9ctrica BIKE 140 equipada con tecnolog\u00eda Bluetooth para un seguimiento en tiempo real.\" \/>\n<meta property=\"og:url\" content=\"https:\/\/urbanglide.com\/es\/produit\/draisiana-bike-140\/\" \/>\n<meta property=\"og:site_name\" content=\"UrbanGlide\" \/>\n<meta property=\"article:modified_time\" content=\"2025-06-02T07:14:37+00:00\" \/>\n<meta property=\"og:image\" content=\"https:\/\/urbanglide.com\/wp-content\/uploads\/2022\/10\/BIKE-140.png\" \/>\n\t<meta property=\"og:image:width\" content=\"1000\" \/>\n\t<meta property=\"og:image:height\" content=\"1000\" \/>\n\t<meta property=\"og:image:type\" content=\"image\/png\" \/>\n<meta name=\"twitter:card\" content=\"summary_large_image\" \/>\n<meta name=\"twitter:label1\" content=\"Tiempo de lectura\" \/>\n\t<meta name=\"twitter:data1\" content=\"1 minuto\" \/>\n<script type=\"application\/ld+json\" class=\"yoast-schema-graph\">{\"@context\":\"https:\/\/schema.org\",\"@graph\":[{\"@type\":\"WebPage\",\"@id\":\"https:\/\/urbanglide.com\/es\/produit\/draisiana-bike-140\/\",\"url\":\"https:\/\/urbanglide.com\/es\/produit\/draisiana-bike-140\/\",\"name\":\"BIKE 140 - UrbanGlide\",\"isPartOf\":{\"@id\":\"https:\/\/urbanglide.com\/#website\"},\"primaryImageOfPage\":{\"@id\":\"https:\/\/urbanglide.com\/es\/produit\/draisiana-bike-140\/#primaryimage\"},\"image\":{\"@id\":\"https:\/\/urbanglide.com\/es\/produit\/draisiana-bike-140\/#primaryimage\"},\"thumbnailUrl\":\"https:\/\/urbanglide.com\/wp-content\/uploads\/2022\/10\/BIKE-140.png\",\"datePublished\":\"2024-10-10T08:59:07+00:00\",\"dateModified\":\"2025-06-02T07:14:37+00:00\",\"description\":\"Adopta una nueva forma de desplazarte con la draisienne el\u00e9ctrica BIKE 140 equipada con tecnolog\u00eda Bluetooth para un seguimiento en tiempo real.\",\"breadcrumb\":{\"@id\":\"https:\/\/urbanglide.com\/es\/produit\/draisiana-bike-140\/#breadcrumb\"},\"inLanguage\":\"es\",\"potentialAction\":[{\"@type\":\"ReadAction\",\"target\":[\"https:\/\/urbanglide.com\/es\/produit\/draisiana-bike-140\/\"]}]},{\"@type\":\"ImageObject\",\"inLanguage\":\"es\",\"@id\":\"https:\/\/urbanglide.com\/es\/produit\/draisiana-bike-140\/#primaryimage\",\"url\":\"https:\/\/urbanglide.com\/wp-content\/uploads\/2022\/10\/BIKE-140.png\",\"contentUrl\":\"https:\/\/urbanglide.com\/wp-content\/uploads\/2022\/10\/BIKE-140.png\",\"width\":1000,\"height\":1000},{\"@type\":\"BreadcrumbList\",\"@id\":\"https:\/\/urbanglide.com\/es\/produit\/draisiana-bike-140\/#breadcrumb\",\"itemListElement\":[{\"@type\":\"ListItem\",\"position\":1,\"name\":\"Accueil\",\"item\":\"https:\/\/urbanglide.com\/es\/pagina-de-urbanglide-nueva-version\/\"},{\"@type\":\"ListItem\",\"position\":2,\"name\":\"Tienda\",\"item\":\"https:\/\/urbanglide.com\/es\/tienda\/\"},{\"@type\":\"ListItem\",\"position\":3,\"name\":\"BIKE 140\"}]},{\"@type\":\"WebSite\",\"@id\":\"https:\/\/urbanglide.com\/#website\",\"url\":\"https:\/\/urbanglide.com\/\",\"name\":\"Urbanglide\",\"description\":\"Expert fran\u00e7ais de la mobilit\u00e9 \u00e9lectrique\",\"potentialAction\":[{\"@type\":\"SearchAction\",\"target\":{\"@type\":\"EntryPoint\",\"urlTemplate\":\"https:\/\/urbanglide.com\/?s={search_term_string}\"},\"query-input\":{\"@type\":\"PropertyValueSpecification\",\"valueRequired\":true,\"valueName\":\"search_term_string\"}}],\"inLanguage\":\"es\"}]}<\/script>\n<!-- \/ Yoast SEO plugin. -->","yoast_head_json":{"title":"BIKE 140 - UrbanGlide","description":"Adopta una nueva forma de desplazarte con la draisienne el\u00e9ctrica BIKE 140 equipada con tecnolog\u00eda Bluetooth para un seguimiento en tiempo real.","robots":{"index":"index","follow":"follow","max-snippet":"max-snippet:-1","max-image-preview":"max-image-preview:large","max-video-preview":"max-video-preview:-1"},"canonical":"https:\/\/urbanglide.com\/es\/produit\/draisiana-bike-140\/","og_locale":"es_ES","og_type":"article","og_title":"BIKE 140 - UrbanGlide","og_description":"Adopta una nueva forma de desplazarte con la draisienne el\u00e9ctrica BIKE 140 equipada con tecnolog\u00eda Bluetooth para un seguimiento en tiempo real.","og_url":"https:\/\/urbanglide.com\/es\/produit\/draisiana-bike-140\/","og_site_name":"UrbanGlide","article_modified_time":"2025-06-02T07:14:37+00:00","og_image":[{"width":1000,"height":1000,"url":"https:\/\/urbanglide.com\/wp-content\/uploads\/2022\/10\/BIKE-140.png","type":"image\/png"}],"twitter_card":"summary_large_image","twitter_misc":{"Tiempo de lectura":"1 minuto"},"schema":{"@context":"https:\/\/schema.org","@graph":[{"@type":"WebPage","@id":"https:\/\/urbanglide.com\/es\/produit\/draisiana-bike-140\/","url":"https:\/\/urbanglide.com\/es\/produit\/draisiana-bike-140\/","name":"BIKE 140 - UrbanGlide","isPartOf":{"@id":"https:\/\/urbanglide.com\/#website"},"primaryImageOfPage":{"@id":"https:\/\/urbanglide.com\/es\/produit\/draisiana-bike-140\/#primaryimage"},"image":{"@id":"https:\/\/urbanglide.com\/es\/produit\/draisiana-bike-140\/#primaryimage"},"thumbnailUrl":"https:\/\/urbanglide.com\/wp-content\/uploads\/2022\/10\/BIKE-140.png","datePublished":"2024-10-10T08:59:07+00:00","dateModified":"2025-06-02T07:14:37+00:00","description":"Adopta una nueva forma de desplazarte con la draisienne el\u00e9ctrica BIKE 140 equipada con tecnolog\u00eda Bluetooth para un seguimiento en tiempo real.","breadcrumb":{"@id":"https:\/\/urbanglide.com\/es\/produit\/draisiana-bike-140\/#breadcrumb"},"inLanguage":"es","potentialAction":[{"@type":"ReadAction","target":["https:\/\/urbanglide.com\/es\/produit\/draisiana-bike-140\/"]}]},{"@type":"ImageObject","inLanguage":"es","@id":"https:\/\/urbanglide.com\/es\/produit\/draisiana-bike-140\/#primaryimage","url":"https:\/\/urbanglide.com\/wp-content\/uploads\/2022\/10\/BIKE-140.png","contentUrl":"https:\/\/urbanglide.com\/wp-content\/uploads\/2022\/10\/BIKE-140.png","width":1000,"height":1000},{"@type":"BreadcrumbList","@id":"https:\/\/urbanglide.com\/es\/produit\/draisiana-bike-140\/#breadcrumb","itemListElement":[{"@type":"ListItem","position":1,"name":"Accueil","item":"https:\/\/urbanglide.com\/es\/pagina-de-urbanglide-nueva-version\/"},{"@type":"ListItem","position":2,"name":"Tienda","item":"https:\/\/urbanglide.com\/es\/tienda\/"},{"@type":"ListItem","position":3,"name":"BIKE 140"}]},{"@type":"WebSite","@id":"https:\/\/urbanglide.com\/#website","url":"https:\/\/urbanglide.com\/","name":"Urbanglide","description":"Expert fran\u00e7ais de la mobilit\u00e9 \u00e9lectrique","potentialAction":[{"@type":"SearchAction","target":{"@type":"EntryPoint","urlTemplate":"https:\/\/urbanglide.com\/?s={search_term_string}"},"query-input":{"@type":"PropertyValueSpecification","valueRequired":true,"valueName":"search_term_string"}}],"inLanguage":"es"}]}},"_links":{"self":[{"href":"https:\/\/urbanglide.com\/es\/wp-json\/wp\/v2\/product\/32920","targetHints":{"allow":["GET"]}}],"collection":[{"href":"https:\/\/urbanglide.com\/es\/wp-json\/wp\/v2\/product"}],"about":[{"href":"https:\/\/urbanglide.com\/es\/wp-json\/wp\/v2\/types\/product"}],"version-history":[{"count":0,"href":"https:\/\/urbanglide.com\/es\/wp-json\/wp\/v2\/product\/32920\/revisions"}],"wp:featuredmedia":[{"embeddable":true,"href":"https:\/\/urbanglide.com\/es\/wp-json\/wp\/v2\/media\/23275"}],"wp:attachment":[{"href":"https:\/\/urbanglide.com\/es\/wp-json\/wp\/v2\/media?parent=32920"}],"wp:term":[{"taxonomy":"product_brand","embeddable":true,"href":"https:\/\/urbanglide.com\/es\/wp-json\/wp\/v2\/product_brand?post=32920"},{"taxonomy":"product_cat","embeddable":true,"href":"https:\/\/urbanglide.com\/es\/wp-json\/wp\/v2\/product_cat?post=32920"},{"taxonomy":"product_tag","embeddable":true,"href":"https:\/\/urbanglide.com\/es\/wp-json\/wp\/v2\/product_tag?post=32920"}],"curies":[{"name":"wp","href":"https:\/\/api.w.org\/{rel}","templated":true}]}}