{"id":32927,"date":"2022-05-10T09:05:03","date_gmt":"2022-05-10T09:05:03","guid":{"rendered":"https:\/\/urbanglide.com\/produit\/casco-urbanglide-rojo-2\/"},"modified":"2025-12-03T00:40:57","modified_gmt":"2025-12-03T00:40:57","slug":"accesorios-casco-urbanglide-rojo","status":"publish","type":"product","link":"https:\/\/urbanglide.com\/es\/produit\/accesorios-casco-urbanglide-rojo\/","title":{"rendered":"Casco URBANGLIDE rojo"},"content":{"rendered":"<p>Casco URBANGLIDE rojo<\/p>\n","protected":false},"excerpt":{"rendered":"<p>Casco URBANGLIDE rojo<\/p>\n","protected":false},"featured_media":83714,"template":"","meta":[],"product_brand":[],"product_cat":[90,105],"product_tag":[],"class_list":{"0":"post-32927","1":"product","2":"type-product","3":"status-publish","4":"has-post-thumbnail","6":"product_cat-accesorios","7":"product_cat-oferta-promocional","8":"product_shipping_class-05-kg-es-2","10":"first","11":"outofstock","12":"taxable","13":"shipping-taxable","14":"purchasable","15":"product-type-simple"},"yoast_head":"<!-- This site is optimized with the Yoast SEO plugin v27.1.1 - https:\/\/yoast.com\/product\/yoast-seo-wordpress\/ -->\n<title>Casco URBANGLIDE rojo - UrbanGlide<\/title>\n<meta name=\"robots\" content=\"index, follow, max-snippet:-1, max-image-preview:large, max-video-preview:-1\" \/>\n<link rel=\"canonical\" href=\"https:\/\/urbanglide.com\/produit\/accessoires-casque-classique\/\" \/>\n<meta property=\"og:locale\" content=\"es_ES\" \/>\n<meta property=\"og:type\" content=\"article\" \/>\n<meta property=\"og:title\" content=\"Casco URBANGLIDE rojo - UrbanGlide\" \/>\n<meta property=\"og:description\" content=\"Casco URBANGLIDE rojo\" \/>\n<meta property=\"og:url\" content=\"https:\/\/urbanglide.com\/produit\/accessoires-casque-classique\/\" \/>\n<meta property=\"og:site_name\" content=\"UrbanGlide\" \/>\n<meta property=\"article:modified_time\" content=\"2025-12-03T00:40:57+00:00\" \/>\n<meta property=\"og:image\" content=\"https:\/\/urbanglide.com\/wp-content\/uploads\/2022\/05\/URBANGLIDE-LOGO-RED-PROFIL-DROIT-2-1.png\" \/>\n\t<meta property=\"og:image:width\" content=\"1000\" \/>\n\t<meta property=\"og:image:height\" content=\"1000\" \/>\n\t<meta property=\"og:image:type\" content=\"image\/png\" \/>\n<meta name=\"twitter:card\" content=\"summary_large_image\" \/>\n<meta name=\"twitter:label1\" content=\"Tiempo de lectura\" \/>\n\t<meta name=\"twitter:data1\" content=\"1 minuto\" \/>\n<script type=\"application\/ld+json\" class=\"yoast-schema-graph\">{\"@context\":\"https:\/\/schema.org\",\"@graph\":[{\"@type\":\"WebPage\",\"@id\":\"https:\/\/urbanglide.com\/produit\/accessoires-casque-classique\/\",\"url\":\"https:\/\/urbanglide.com\/produit\/accessoires-casque-classique\/\",\"name\":\"Casco URBANGLIDE rojo - UrbanGlide\",\"isPartOf\":{\"@id\":\"https:\/\/urbanglide.com\/#website\"},\"primaryImageOfPage\":{\"@id\":\"https:\/\/urbanglide.com\/produit\/accessoires-casque-classique\/#primaryimage\"},\"image\":{\"@id\":\"https:\/\/urbanglide.com\/produit\/accessoires-casque-classique\/#primaryimage\"},\"thumbnailUrl\":\"https:\/\/urbanglide.com\/wp-content\/uploads\/2022\/05\/CASQUE-CLASSIQUE-rouge.webp\",\"datePublished\":\"2022-05-10T09:05:03+00:00\",\"dateModified\":\"2025-12-03T00:40:57+00:00\",\"breadcrumb\":{\"@id\":\"https:\/\/urbanglide.com\/produit\/accessoires-casque-classique\/#breadcrumb\"},\"inLanguage\":\"es\",\"potentialAction\":[{\"@type\":\"ReadAction\",\"target\":[\"https:\/\/urbanglide.com\/produit\/accessoires-casque-classique\/\"]}]},{\"@type\":\"ImageObject\",\"inLanguage\":\"es\",\"@id\":\"https:\/\/urbanglide.com\/produit\/accessoires-casque-classique\/#primaryimage\",\"url\":\"https:\/\/urbanglide.com\/wp-content\/uploads\/2022\/05\/CASQUE-CLASSIQUE-rouge.webp\",\"contentUrl\":\"https:\/\/urbanglide.com\/wp-content\/uploads\/2022\/05\/CASQUE-CLASSIQUE-rouge.webp\",\"width\":1000,\"height\":1000},{\"@type\":\"BreadcrumbList\",\"@id\":\"https:\/\/urbanglide.com\/produit\/accessoires-casque-classique\/#breadcrumb\",\"itemListElement\":[{\"@type\":\"ListItem\",\"position\":1,\"name\":\"Accueil\",\"item\":\"https:\/\/urbanglide.com\/es\/pagina-de-urbanglide-nueva-version\/\"},{\"@type\":\"ListItem\",\"position\":2,\"name\":\"Tienda\",\"item\":\"https:\/\/urbanglide.com\/es\/tienda\/\"},{\"@type\":\"ListItem\",\"position\":3,\"name\":\"Casco URBANGLIDE rojo\"}]},{\"@type\":\"WebSite\",\"@id\":\"https:\/\/urbanglide.com\/#website\",\"url\":\"https:\/\/urbanglide.com\/\",\"name\":\"Urbanglide\",\"description\":\"Expert fran\u00e7ais de la mobilit\u00e9 \u00e9lectrique\",\"potentialAction\":[{\"@type\":\"SearchAction\",\"target\":{\"@type\":\"EntryPoint\",\"urlTemplate\":\"https:\/\/urbanglide.com\/?s={search_term_string}\"},\"query-input\":{\"@type\":\"PropertyValueSpecification\",\"valueRequired\":true,\"valueName\":\"search_term_string\"}}],\"inLanguage\":\"es\"}]}<\/script>\n<!-- \/ Yoast SEO plugin. -->","yoast_head_json":{"title":"Casco URBANGLIDE rojo - UrbanGlide","robots":{"index":"index","follow":"follow","max-snippet":"max-snippet:-1","max-image-preview":"max-image-preview:large","max-video-preview":"max-video-preview:-1"},"canonical":"https:\/\/urbanglide.com\/produit\/accessoires-casque-classique\/","og_locale":"es_ES","og_type":"article","og_title":"Casco URBANGLIDE rojo - UrbanGlide","og_description":"Casco URBANGLIDE rojo","og_url":"https:\/\/urbanglide.com\/produit\/accessoires-casque-classique\/","og_site_name":"UrbanGlide","article_modified_time":"2025-12-03T00:40:57+00:00","og_image":[{"width":1000,"height":1000,"url":"https:\/\/urbanglide.com\/wp-content\/uploads\/2022\/05\/URBANGLIDE-LOGO-RED-PROFIL-DROIT-2-1.png","type":"image\/png"}],"twitter_card":"summary_large_image","twitter_misc":{"Tiempo de lectura":"1 minuto"},"schema":{"@context":"https:\/\/schema.org","@graph":[{"@type":"WebPage","@id":"https:\/\/urbanglide.com\/produit\/accessoires-casque-classique\/","url":"https:\/\/urbanglide.com\/produit\/accessoires-casque-classique\/","name":"Casco URBANGLIDE rojo - UrbanGlide","isPartOf":{"@id":"https:\/\/urbanglide.com\/#website"},"primaryImageOfPage":{"@id":"https:\/\/urbanglide.com\/produit\/accessoires-casque-classique\/#primaryimage"},"image":{"@id":"https:\/\/urbanglide.com\/produit\/accessoires-casque-classique\/#primaryimage"},"thumbnailUrl":"https:\/\/urbanglide.com\/wp-content\/uploads\/2022\/05\/CASQUE-CLASSIQUE-rouge.webp","datePublished":"2022-05-10T09:05:03+00:00","dateModified":"2025-12-03T00:40:57+00:00","breadcrumb":{"@id":"https:\/\/urbanglide.com\/produit\/accessoires-casque-classique\/#breadcrumb"},"inLanguage":"es","potentialAction":[{"@type":"ReadAction","target":["https:\/\/urbanglide.com\/produit\/accessoires-casque-classique\/"]}]},{"@type":"ImageObject","inLanguage":"es","@id":"https:\/\/urbanglide.com\/produit\/accessoires-casque-classique\/#primaryimage","url":"https:\/\/urbanglide.com\/wp-content\/uploads\/2022\/05\/CASQUE-CLASSIQUE-rouge.webp","contentUrl":"https:\/\/urbanglide.com\/wp-content\/uploads\/2022\/05\/CASQUE-CLASSIQUE-rouge.webp","width":1000,"height":1000},{"@type":"BreadcrumbList","@id":"https:\/\/urbanglide.com\/produit\/accessoires-casque-classique\/#breadcrumb","itemListElement":[{"@type":"ListItem","position":1,"name":"Accueil","item":"https:\/\/urbanglide.com\/es\/pagina-de-urbanglide-nueva-version\/"},{"@type":"ListItem","position":2,"name":"Tienda","item":"https:\/\/urbanglide.com\/es\/tienda\/"},{"@type":"ListItem","position":3,"name":"Casco URBANGLIDE rojo"}]},{"@type":"WebSite","@id":"https:\/\/urbanglide.com\/#website","url":"https:\/\/urbanglide.com\/","name":"Urbanglide","description":"Expert fran\u00e7ais de la mobilit\u00e9 \u00e9lectrique","potentialAction":[{"@type":"SearchAction","target":{"@type":"EntryPoint","urlTemplate":"https:\/\/urbanglide.com\/?s={search_term_string}"},"query-input":{"@type":"PropertyValueSpecification","valueRequired":true,"valueName":"search_term_string"}}],"inLanguage":"es"}]}},"_links":{"self":[{"href":"https:\/\/urbanglide.com\/es\/wp-json\/wp\/v2\/product\/32927","targetHints":{"allow":["GET"]}}],"collection":[{"href":"https:\/\/urbanglide.com\/es\/wp-json\/wp\/v2\/product"}],"about":[{"href":"https:\/\/urbanglide.com\/es\/wp-json\/wp\/v2\/types\/product"}],"version-history":[{"count":0,"href":"https:\/\/urbanglide.com\/es\/wp-json\/wp\/v2\/product\/32927\/revisions"}],"wp:featuredmedia":[{"embeddable":true,"href":"https:\/\/urbanglide.com\/es\/wp-json\/wp\/v2\/media\/83714"}],"wp:attachment":[{"href":"https:\/\/urbanglide.com\/es\/wp-json\/wp\/v2\/media?parent=32927"}],"wp:term":[{"taxonomy":"product_brand","embeddable":true,"href":"https:\/\/urbanglide.com\/es\/wp-json\/wp\/v2\/product_brand?post=32927"},{"taxonomy":"product_cat","embeddable":true,"href":"https:\/\/urbanglide.com\/es\/wp-json\/wp\/v2\/product_cat?post=32927"},{"taxonomy":"product_tag","embeddable":true,"href":"https:\/\/urbanglide.com\/es\/wp-json\/wp\/v2\/product_tag?post=32927"}],"curies":[{"name":"wp","href":"https:\/\/api.w.org\/{rel}","templated":true}]}}