{"id":33741,"date":"2023-04-05T14:04:53","date_gmt":"2023-04-05T14:04:53","guid":{"rendered":"https:\/\/urbanglide.com\/produit\/bike-v1\/"},"modified":"2024-03-20T16:45:03","modified_gmt":"2024-03-20T16:45:03","slug":"draisiana-bike-v1","status":"publish","type":"product","link":"https:\/\/urbanglide.com\/es\/produit\/draisiana-bike-v1\/","title":{"rendered":"BIKE V1"},"content":{"rendered":"<p>La Bike V1 es una herramienta de movilidad de alta calidad. Su dise\u00f1o ergon\u00f3mico y exclusivo es perfecto para desplazarse a cualquier lugar.<\/p>\n","protected":false},"excerpt":{"rendered":"<p>La Bike V1 es una herramienta de movilidad de alta calidad. Su dise\u00f1o ergon\u00f3mico y exclusivo es perfecto para desplazarse [&hellip;]<\/p>\n","protected":false},"featured_media":33789,"template":"","meta":[],"product_brand":[],"product_cat":[106],"product_tag":[],"class_list":{"0":"post-33741","1":"product","2":"type-product","3":"status-publish","4":"has-post-thumbnail","6":"product_cat-draisianas-es","8":"first","9":"outofstock","10":"taxable","11":"shipping-taxable","12":"product-type-simple"},"yoast_head":"<!-- This site is optimized with the Yoast SEO plugin v27.1.1 - https:\/\/yoast.com\/product\/yoast-seo-wordpress\/ -->\n<title>BIKE V1 - UrbanGlide<\/title>\n<meta name=\"robots\" content=\"index, follow, max-snippet:-1, max-image-preview:large, max-video-preview:-1\" \/>\n<link rel=\"canonical\" href=\"https:\/\/urbanglide.com\/es\/produit\/draisiana-bike-v1\/\" \/>\n<meta property=\"og:locale\" content=\"es_ES\" \/>\n<meta property=\"og:type\" content=\"article\" \/>\n<meta property=\"og:title\" content=\"BIKE V1 - UrbanGlide\" \/>\n<meta property=\"og:description\" content=\"La Bike V1 es una herramienta de movilidad de alta calidad. Su dise\u00f1o ergon\u00f3mico y exclusivo es perfecto para desplazarse [&hellip;]\" \/>\n<meta property=\"og:url\" content=\"https:\/\/urbanglide.com\/es\/produit\/draisiana-bike-v1\/\" \/>\n<meta property=\"og:site_name\" content=\"UrbanGlide\" \/>\n<meta property=\"article:modified_time\" content=\"2024-03-20T16:45:03+00:00\" \/>\n<meta property=\"og:image\" content=\"https:\/\/urbanglide.com\/wp-content\/uploads\/2023\/03\/BIKE-V1-new.png\" \/>\n\t<meta property=\"og:image:width\" content=\"1000\" \/>\n\t<meta property=\"og:image:height\" content=\"1000\" \/>\n\t<meta property=\"og:image:type\" content=\"image\/png\" \/>\n<meta name=\"twitter:card\" content=\"summary_large_image\" \/>\n<meta name=\"twitter:label1\" content=\"Tiempo de lectura\" \/>\n\t<meta name=\"twitter:data1\" content=\"1 minuto\" \/>\n<script type=\"application\/ld+json\" class=\"yoast-schema-graph\">{\"@context\":\"https:\/\/schema.org\",\"@graph\":[{\"@type\":\"WebPage\",\"@id\":\"https:\/\/urbanglide.com\/es\/produit\/draisiana-bike-v1\/\",\"url\":\"https:\/\/urbanglide.com\/es\/produit\/draisiana-bike-v1\/\",\"name\":\"BIKE V1 - UrbanGlide\",\"isPartOf\":{\"@id\":\"https:\/\/urbanglide.com\/#website\"},\"primaryImageOfPage\":{\"@id\":\"https:\/\/urbanglide.com\/es\/produit\/draisiana-bike-v1\/#primaryimage\"},\"image\":{\"@id\":\"https:\/\/urbanglide.com\/es\/produit\/draisiana-bike-v1\/#primaryimage\"},\"thumbnailUrl\":\"https:\/\/urbanglide.com\/wp-content\/uploads\/2023\/03\/BIKE-V1-new.png\",\"datePublished\":\"2023-04-05T14:04:53+00:00\",\"dateModified\":\"2024-03-20T16:45:03+00:00\",\"breadcrumb\":{\"@id\":\"https:\/\/urbanglide.com\/es\/produit\/draisiana-bike-v1\/#breadcrumb\"},\"inLanguage\":\"es\",\"potentialAction\":[{\"@type\":\"ReadAction\",\"target\":[\"https:\/\/urbanglide.com\/es\/produit\/draisiana-bike-v1\/\"]}]},{\"@type\":\"ImageObject\",\"inLanguage\":\"es\",\"@id\":\"https:\/\/urbanglide.com\/es\/produit\/draisiana-bike-v1\/#primaryimage\",\"url\":\"https:\/\/urbanglide.com\/wp-content\/uploads\/2023\/03\/BIKE-V1-new.png\",\"contentUrl\":\"https:\/\/urbanglide.com\/wp-content\/uploads\/2023\/03\/BIKE-V1-new.png\",\"width\":1000,\"height\":1000},{\"@type\":\"BreadcrumbList\",\"@id\":\"https:\/\/urbanglide.com\/es\/produit\/draisiana-bike-v1\/#breadcrumb\",\"itemListElement\":[{\"@type\":\"ListItem\",\"position\":1,\"name\":\"Accueil\",\"item\":\"https:\/\/urbanglide.com\/es\/pagina-de-urbanglide-nueva-version\/\"},{\"@type\":\"ListItem\",\"position\":2,\"name\":\"Tienda\",\"item\":\"https:\/\/urbanglide.com\/es\/tienda\/\"},{\"@type\":\"ListItem\",\"position\":3,\"name\":\"BIKE V1\"}]},{\"@type\":\"WebSite\",\"@id\":\"https:\/\/urbanglide.com\/#website\",\"url\":\"https:\/\/urbanglide.com\/\",\"name\":\"Urbanglide\",\"description\":\"Expert fran\u00e7ais de la mobilit\u00e9 \u00e9lectrique\",\"potentialAction\":[{\"@type\":\"SearchAction\",\"target\":{\"@type\":\"EntryPoint\",\"urlTemplate\":\"https:\/\/urbanglide.com\/?s={search_term_string}\"},\"query-input\":{\"@type\":\"PropertyValueSpecification\",\"valueRequired\":true,\"valueName\":\"search_term_string\"}}],\"inLanguage\":\"es\"}]}<\/script>\n<!-- \/ Yoast SEO plugin. -->","yoast_head_json":{"title":"BIKE V1 - UrbanGlide","robots":{"index":"index","follow":"follow","max-snippet":"max-snippet:-1","max-image-preview":"max-image-preview:large","max-video-preview":"max-video-preview:-1"},"canonical":"https:\/\/urbanglide.com\/es\/produit\/draisiana-bike-v1\/","og_locale":"es_ES","og_type":"article","og_title":"BIKE V1 - UrbanGlide","og_description":"La Bike V1 es una herramienta de movilidad de alta calidad. Su dise\u00f1o ergon\u00f3mico y exclusivo es perfecto para desplazarse [&hellip;]","og_url":"https:\/\/urbanglide.com\/es\/produit\/draisiana-bike-v1\/","og_site_name":"UrbanGlide","article_modified_time":"2024-03-20T16:45:03+00:00","og_image":[{"width":1000,"height":1000,"url":"https:\/\/urbanglide.com\/wp-content\/uploads\/2023\/03\/BIKE-V1-new.png","type":"image\/png"}],"twitter_card":"summary_large_image","twitter_misc":{"Tiempo de lectura":"1 minuto"},"schema":{"@context":"https:\/\/schema.org","@graph":[{"@type":"WebPage","@id":"https:\/\/urbanglide.com\/es\/produit\/draisiana-bike-v1\/","url":"https:\/\/urbanglide.com\/es\/produit\/draisiana-bike-v1\/","name":"BIKE V1 - UrbanGlide","isPartOf":{"@id":"https:\/\/urbanglide.com\/#website"},"primaryImageOfPage":{"@id":"https:\/\/urbanglide.com\/es\/produit\/draisiana-bike-v1\/#primaryimage"},"image":{"@id":"https:\/\/urbanglide.com\/es\/produit\/draisiana-bike-v1\/#primaryimage"},"thumbnailUrl":"https:\/\/urbanglide.com\/wp-content\/uploads\/2023\/03\/BIKE-V1-new.png","datePublished":"2023-04-05T14:04:53+00:00","dateModified":"2024-03-20T16:45:03+00:00","breadcrumb":{"@id":"https:\/\/urbanglide.com\/es\/produit\/draisiana-bike-v1\/#breadcrumb"},"inLanguage":"es","potentialAction":[{"@type":"ReadAction","target":["https:\/\/urbanglide.com\/es\/produit\/draisiana-bike-v1\/"]}]},{"@type":"ImageObject","inLanguage":"es","@id":"https:\/\/urbanglide.com\/es\/produit\/draisiana-bike-v1\/#primaryimage","url":"https:\/\/urbanglide.com\/wp-content\/uploads\/2023\/03\/BIKE-V1-new.png","contentUrl":"https:\/\/urbanglide.com\/wp-content\/uploads\/2023\/03\/BIKE-V1-new.png","width":1000,"height":1000},{"@type":"BreadcrumbList","@id":"https:\/\/urbanglide.com\/es\/produit\/draisiana-bike-v1\/#breadcrumb","itemListElement":[{"@type":"ListItem","position":1,"name":"Accueil","item":"https:\/\/urbanglide.com\/es\/pagina-de-urbanglide-nueva-version\/"},{"@type":"ListItem","position":2,"name":"Tienda","item":"https:\/\/urbanglide.com\/es\/tienda\/"},{"@type":"ListItem","position":3,"name":"BIKE V1"}]},{"@type":"WebSite","@id":"https:\/\/urbanglide.com\/#website","url":"https:\/\/urbanglide.com\/","name":"Urbanglide","description":"Expert fran\u00e7ais de la mobilit\u00e9 \u00e9lectrique","potentialAction":[{"@type":"SearchAction","target":{"@type":"EntryPoint","urlTemplate":"https:\/\/urbanglide.com\/?s={search_term_string}"},"query-input":{"@type":"PropertyValueSpecification","valueRequired":true,"valueName":"search_term_string"}}],"inLanguage":"es"}]}},"_links":{"self":[{"href":"https:\/\/urbanglide.com\/es\/wp-json\/wp\/v2\/product\/33741","targetHints":{"allow":["GET"]}}],"collection":[{"href":"https:\/\/urbanglide.com\/es\/wp-json\/wp\/v2\/product"}],"about":[{"href":"https:\/\/urbanglide.com\/es\/wp-json\/wp\/v2\/types\/product"}],"version-history":[{"count":0,"href":"https:\/\/urbanglide.com\/es\/wp-json\/wp\/v2\/product\/33741\/revisions"}],"wp:featuredmedia":[{"embeddable":true,"href":"https:\/\/urbanglide.com\/es\/wp-json\/wp\/v2\/media\/33789"}],"wp:attachment":[{"href":"https:\/\/urbanglide.com\/es\/wp-json\/wp\/v2\/media?parent=33741"}],"wp:term":[{"taxonomy":"product_brand","embeddable":true,"href":"https:\/\/urbanglide.com\/es\/wp-json\/wp\/v2\/product_brand?post=33741"},{"taxonomy":"product_cat","embeddable":true,"href":"https:\/\/urbanglide.com\/es\/wp-json\/wp\/v2\/product_cat?post=33741"},{"taxonomy":"product_tag","embeddable":true,"href":"https:\/\/urbanglide.com\/es\/wp-json\/wp\/v2\/product_tag?post=33741"}],"curies":[{"name":"wp","href":"https:\/\/api.w.org\/{rel}","templated":true}]}}