{"id":37952,"date":"2025-07-11T13:15:22","date_gmt":"2025-07-11T13:15:22","guid":{"rendered":"https:\/\/urbanglide.com\/produit\/bike-140-reborn\/"},"modified":"2024-01-31T09:32:20","modified_gmt":"2024-01-31T09:32:20","slug":"bike-140-reborn","status":"publish","type":"product","link":"https:\/\/urbanglide.com\/es\/produit\/bike-140-reborn\/","title":{"rendered":"BIKE 140 REBORN"},"content":{"rendered":"<p style=\"text-align: left;\">Sum\u00e9rgete en una nueva era de movilidad el\u00e9ctrica con la BIKE 140 con tecnolog\u00eda Bluetooth. Controla tu draisiana a distancia, realiza un seguimiento de tus estad\u00edsticas de conducci\u00f3n y recibe notificaciones importantes directamente en tu smartphone. Mantente conectado con el mundo que te rodea mientras te desplazas.<\/p>\n<p style=\"text-align: left;\">Su sistema de doble freno de disco, los reposapi\u00e9s y las ruedas inflables de 14 pulgadas garantizan estabilidad y comodidad en todo momento.<\/p>\n","protected":false},"excerpt":{"rendered":"<p>ESTABILIDAD Y COMODIDAD<\/p>\n","protected":false},"featured_media":18452,"template":"","meta":[],"product_brand":[],"product_cat":[465],"product_tag":[],"class_list":{"0":"post-37952","1":"product","2":"type-product","3":"status-publish","4":"has-post-thumbnail","6":"product_cat-reborn-es","7":"product_shipping_class-17-kg-es","9":"first","10":"instock","11":"taxable","12":"shipping-taxable","13":"purchasable","14":"product-type-simple"},"yoast_head":"<!-- This site is optimized with the Yoast SEO plugin v27.1.1 - https:\/\/yoast.com\/product\/yoast-seo-wordpress\/ -->\n<title>BIKE 140 REBORN - UrbanGlide<\/title>\n<meta name=\"description\" content=\"La BIKE-140 ofrece una experiencia envolvente gracias a su conectividad Bluetooth. Su sistema de doble freno de disco, sus estribos y sus ruedas inflables de 14 pulgadas garantizan estabilidad y comodidad en todo momento.\" \/>\n<meta name=\"robots\" content=\"index, follow, max-snippet:-1, max-image-preview:large, max-video-preview:-1\" \/>\n<link rel=\"canonical\" href=\"https:\/\/urbanglide.com\/es\/produit\/bike-140-reborn\/\" \/>\n<meta property=\"og:locale\" content=\"es_ES\" \/>\n<meta property=\"og:type\" content=\"article\" \/>\n<meta property=\"og:title\" content=\"BIKE 140 REBORN - UrbanGlide\" \/>\n<meta property=\"og:description\" content=\"La BIKE-140 ofrece una experiencia envolvente gracias a su conectividad Bluetooth. Su sistema de doble freno de disco, sus estribos y sus ruedas inflables de 14 pulgadas garantizan estabilidad y comodidad en todo momento.\" \/>\n<meta property=\"og:url\" content=\"https:\/\/urbanglide.com\/es\/produit\/bike-140-reborn\/\" \/>\n<meta property=\"og:site_name\" content=\"UrbanGlide\" \/>\n<meta property=\"og:image\" content=\"https:\/\/urbanglide.com\/wp-content\/uploads\/2022\/10\/BIKE-140.png\" \/>\n\t<meta property=\"og:image:width\" content=\"1000\" \/>\n\t<meta property=\"og:image:height\" content=\"1000\" \/>\n\t<meta property=\"og:image:type\" content=\"image\/png\" \/>\n<meta name=\"twitter:card\" content=\"summary_large_image\" \/>\n<meta name=\"twitter:label1\" content=\"Tiempo de lectura\" \/>\n\t<meta name=\"twitter:data1\" content=\"1 minuto\" \/>\n<script type=\"application\/ld+json\" class=\"yoast-schema-graph\">{\"@context\":\"https:\/\/schema.org\",\"@graph\":[{\"@type\":\"WebPage\",\"@id\":\"https:\/\/urbanglide.com\/es\/produit\/bike-140-reborn\/\",\"url\":\"https:\/\/urbanglide.com\/es\/produit\/bike-140-reborn\/\",\"name\":\"BIKE 140 REBORN - UrbanGlide\",\"isPartOf\":{\"@id\":\"https:\/\/urbanglide.com\/#website\"},\"primaryImageOfPage\":{\"@id\":\"https:\/\/urbanglide.com\/es\/produit\/bike-140-reborn\/#primaryimage\"},\"image\":{\"@id\":\"https:\/\/urbanglide.com\/es\/produit\/bike-140-reborn\/#primaryimage\"},\"thumbnailUrl\":\"https:\/\/urbanglide.com\/wp-content\/uploads\/2022\/05\/BIKE-140.png\",\"datePublished\":\"2025-07-11T13:15:22+00:00\",\"description\":\"La BIKE-140 ofrece una experiencia envolvente gracias a su conectividad Bluetooth. Su sistema de doble freno de disco, sus estribos y sus ruedas inflables de 14 pulgadas garantizan estabilidad y comodidad en todo momento.\",\"breadcrumb\":{\"@id\":\"https:\/\/urbanglide.com\/es\/produit\/bike-140-reborn\/#breadcrumb\"},\"inLanguage\":\"es\",\"potentialAction\":[{\"@type\":\"ReadAction\",\"target\":[\"https:\/\/urbanglide.com\/es\/produit\/bike-140-reborn\/\"]}]},{\"@type\":\"ImageObject\",\"inLanguage\":\"es\",\"@id\":\"https:\/\/urbanglide.com\/es\/produit\/bike-140-reborn\/#primaryimage\",\"url\":\"https:\/\/urbanglide.com\/wp-content\/uploads\/2022\/05\/BIKE-140.png\",\"contentUrl\":\"https:\/\/urbanglide.com\/wp-content\/uploads\/2022\/05\/BIKE-140.png\",\"width\":1000,\"height\":1000},{\"@type\":\"BreadcrumbList\",\"@id\":\"https:\/\/urbanglide.com\/es\/produit\/bike-140-reborn\/#breadcrumb\",\"itemListElement\":[{\"@type\":\"ListItem\",\"position\":1,\"name\":\"Accueil\",\"item\":\"https:\/\/urbanglide.com\/es\/pagina-de-urbanglide-nueva-version\/\"},{\"@type\":\"ListItem\",\"position\":2,\"name\":\"Tienda\",\"item\":\"https:\/\/urbanglide.com\/es\/tienda\/\"},{\"@type\":\"ListItem\",\"position\":3,\"name\":\"BIKE 140 REBORN\"}]},{\"@type\":\"WebSite\",\"@id\":\"https:\/\/urbanglide.com\/#website\",\"url\":\"https:\/\/urbanglide.com\/\",\"name\":\"Urbanglide\",\"description\":\"Expert fran\u00e7ais de la mobilit\u00e9 \u00e9lectrique\",\"potentialAction\":[{\"@type\":\"SearchAction\",\"target\":{\"@type\":\"EntryPoint\",\"urlTemplate\":\"https:\/\/urbanglide.com\/?s={search_term_string}\"},\"query-input\":{\"@type\":\"PropertyValueSpecification\",\"valueRequired\":true,\"valueName\":\"search_term_string\"}}],\"inLanguage\":\"es\"}]}<\/script>\n<!-- \/ Yoast SEO plugin. -->","yoast_head_json":{"title":"BIKE 140 REBORN - UrbanGlide","description":"La BIKE-140 ofrece una experiencia envolvente gracias a su conectividad Bluetooth. Su sistema de doble freno de disco, sus estribos y sus ruedas inflables de 14 pulgadas garantizan estabilidad y comodidad en todo momento.","robots":{"index":"index","follow":"follow","max-snippet":"max-snippet:-1","max-image-preview":"max-image-preview:large","max-video-preview":"max-video-preview:-1"},"canonical":"https:\/\/urbanglide.com\/es\/produit\/bike-140-reborn\/","og_locale":"es_ES","og_type":"article","og_title":"BIKE 140 REBORN - UrbanGlide","og_description":"La BIKE-140 ofrece una experiencia envolvente gracias a su conectividad Bluetooth. Su sistema de doble freno de disco, sus estribos y sus ruedas inflables de 14 pulgadas garantizan estabilidad y comodidad en todo momento.","og_url":"https:\/\/urbanglide.com\/es\/produit\/bike-140-reborn\/","og_site_name":"UrbanGlide","og_image":[{"width":1000,"height":1000,"url":"https:\/\/urbanglide.com\/wp-content\/uploads\/2022\/10\/BIKE-140.png","type":"image\/png"}],"twitter_card":"summary_large_image","twitter_misc":{"Tiempo de lectura":"1 minuto"},"schema":{"@context":"https:\/\/schema.org","@graph":[{"@type":"WebPage","@id":"https:\/\/urbanglide.com\/es\/produit\/bike-140-reborn\/","url":"https:\/\/urbanglide.com\/es\/produit\/bike-140-reborn\/","name":"BIKE 140 REBORN - UrbanGlide","isPartOf":{"@id":"https:\/\/urbanglide.com\/#website"},"primaryImageOfPage":{"@id":"https:\/\/urbanglide.com\/es\/produit\/bike-140-reborn\/#primaryimage"},"image":{"@id":"https:\/\/urbanglide.com\/es\/produit\/bike-140-reborn\/#primaryimage"},"thumbnailUrl":"https:\/\/urbanglide.com\/wp-content\/uploads\/2022\/05\/BIKE-140.png","datePublished":"2025-07-11T13:15:22+00:00","description":"La BIKE-140 ofrece una experiencia envolvente gracias a su conectividad Bluetooth. Su sistema de doble freno de disco, sus estribos y sus ruedas inflables de 14 pulgadas garantizan estabilidad y comodidad en todo momento.","breadcrumb":{"@id":"https:\/\/urbanglide.com\/es\/produit\/bike-140-reborn\/#breadcrumb"},"inLanguage":"es","potentialAction":[{"@type":"ReadAction","target":["https:\/\/urbanglide.com\/es\/produit\/bike-140-reborn\/"]}]},{"@type":"ImageObject","inLanguage":"es","@id":"https:\/\/urbanglide.com\/es\/produit\/bike-140-reborn\/#primaryimage","url":"https:\/\/urbanglide.com\/wp-content\/uploads\/2022\/05\/BIKE-140.png","contentUrl":"https:\/\/urbanglide.com\/wp-content\/uploads\/2022\/05\/BIKE-140.png","width":1000,"height":1000},{"@type":"BreadcrumbList","@id":"https:\/\/urbanglide.com\/es\/produit\/bike-140-reborn\/#breadcrumb","itemListElement":[{"@type":"ListItem","position":1,"name":"Accueil","item":"https:\/\/urbanglide.com\/es\/pagina-de-urbanglide-nueva-version\/"},{"@type":"ListItem","position":2,"name":"Tienda","item":"https:\/\/urbanglide.com\/es\/tienda\/"},{"@type":"ListItem","position":3,"name":"BIKE 140 REBORN"}]},{"@type":"WebSite","@id":"https:\/\/urbanglide.com\/#website","url":"https:\/\/urbanglide.com\/","name":"Urbanglide","description":"Expert fran\u00e7ais de la mobilit\u00e9 \u00e9lectrique","potentialAction":[{"@type":"SearchAction","target":{"@type":"EntryPoint","urlTemplate":"https:\/\/urbanglide.com\/?s={search_term_string}"},"query-input":{"@type":"PropertyValueSpecification","valueRequired":true,"valueName":"search_term_string"}}],"inLanguage":"es"}]}},"_links":{"self":[{"href":"https:\/\/urbanglide.com\/es\/wp-json\/wp\/v2\/product\/37952","targetHints":{"allow":["GET"]}}],"collection":[{"href":"https:\/\/urbanglide.com\/es\/wp-json\/wp\/v2\/product"}],"about":[{"href":"https:\/\/urbanglide.com\/es\/wp-json\/wp\/v2\/types\/product"}],"version-history":[{"count":0,"href":"https:\/\/urbanglide.com\/es\/wp-json\/wp\/v2\/product\/37952\/revisions"}],"wp:featuredmedia":[{"embeddable":true,"href":"https:\/\/urbanglide.com\/es\/wp-json\/wp\/v2\/media\/18452"}],"wp:attachment":[{"href":"https:\/\/urbanglide.com\/es\/wp-json\/wp\/v2\/media?parent=37952"}],"wp:term":[{"taxonomy":"product_brand","embeddable":true,"href":"https:\/\/urbanglide.com\/es\/wp-json\/wp\/v2\/product_brand?post=37952"},{"taxonomy":"product_cat","embeddable":true,"href":"https:\/\/urbanglide.com\/es\/wp-json\/wp\/v2\/product_cat?post=37952"},{"taxonomy":"product_tag","embeddable":true,"href":"https:\/\/urbanglide.com\/es\/wp-json\/wp\/v2\/product_tag?post=37952"}],"curies":[{"name":"wp","href":"https:\/\/api.w.org\/{rel}","templated":true}]}}