{"id":37965,"date":"2025-07-11T13:43:03","date_gmt":"2025-07-11T13:43:03","guid":{"rendered":"https:\/\/urbanglide.com\/produit\/bike-160-reborn\/"},"modified":"2023-07-11T13:43:03","modified_gmt":"2023-07-11T13:43:03","slug":"bike-160-reborn","status":"publish","type":"product","link":"https:\/\/urbanglide.com\/es\/produit\/bike-160-reborn\/","title":{"rendered":"E-BIKE 160 REBORN"},"content":{"rendered":"<p>Lleva tu experiencia de conducci\u00f3n al siguiente nivel con la E-BIKE 160 con tecnolog\u00eda Bluetooth. La uni\u00f3n perfecta entre movilidad el\u00e9ctrica y conectividad inal\u00e1mbrica. Conecta tu smartphone y visualiza toda la informaci\u00f3n que necesitas para tu viaje.<\/p>\n<p>Tambi\u00e9n cuenta con un inmovilizador integrado en la aplicaci\u00f3n. Gracias a sus grandes ruedas de 16&#8243; y a su bater\u00eda recargable, \u00a1podr\u00e1s recorrer distancias de hasta 25-30 km!<\/p>\n","protected":false},"excerpt":{"rendered":"<p>PERFORMANCE<\/p>\n","protected":false},"featured_media":18453,"template":"","meta":[],"product_brand":[],"product_cat":[465],"product_tag":[],"class_list":{"0":"post-37965","1":"product","2":"type-product","3":"status-publish","4":"has-post-thumbnail","6":"product_cat-reborn-es","7":"product_shipping_class-2528-kg-es","9":"first","10":"instock","11":"taxable","12":"shipping-taxable","13":"purchasable","14":"product-type-simple"},"yoast_head":"<!-- This site is optimized with the Yoast SEO plugin v27.1.1 - https:\/\/yoast.com\/product\/yoast-seo-wordpress\/ -->\n<title>E-BIKE 160 REBORN - UrbanGlide<\/title>\n<meta name=\"description\" content=\"Relevez le niveau de votre exp\u00e9rience de conduite avec l&#039;E-BIKE-160 dot\u00e9e de la technologie Bluetooth.\" \/>\n<meta name=\"robots\" content=\"index, follow, max-snippet:-1, max-image-preview:large, max-video-preview:-1\" \/>\n<link rel=\"canonical\" href=\"https:\/\/urbanglide.com\/es\/produit\/bike-160-reborn\/\" \/>\n<meta property=\"og:locale\" content=\"es_ES\" \/>\n<meta property=\"og:type\" content=\"article\" \/>\n<meta property=\"og:title\" content=\"E-BIKE 160 REBORN - UrbanGlide\" \/>\n<meta property=\"og:description\" content=\"Relevez le niveau de votre exp\u00e9rience de conduite avec l&#039;E-BIKE-160 dot\u00e9e de la technologie Bluetooth.\" \/>\n<meta property=\"og:url\" content=\"https:\/\/urbanglide.com\/es\/produit\/bike-160-reborn\/\" \/>\n<meta property=\"og:site_name\" content=\"UrbanGlide\" \/>\n<meta property=\"og:image\" content=\"https:\/\/urbanglide.com\/wp-content\/uploads\/2022\/05\/BIKE-160-1.png\" \/>\n\t<meta property=\"og:image:width\" content=\"1000\" \/>\n\t<meta property=\"og:image:height\" content=\"1000\" \/>\n\t<meta property=\"og:image:type\" content=\"image\/png\" \/>\n<meta name=\"twitter:card\" content=\"summary_large_image\" \/>\n<script type=\"application\/ld+json\" class=\"yoast-schema-graph\">{\"@context\":\"https:\/\/schema.org\",\"@graph\":[{\"@type\":\"WebPage\",\"@id\":\"https:\/\/urbanglide.com\/es\/produit\/bike-160-reborn\/\",\"url\":\"https:\/\/urbanglide.com\/es\/produit\/bike-160-reborn\/\",\"name\":\"E-BIKE 160 REBORN - UrbanGlide\",\"isPartOf\":{\"@id\":\"https:\/\/urbanglide.com\/#website\"},\"primaryImageOfPage\":{\"@id\":\"https:\/\/urbanglide.com\/es\/produit\/bike-160-reborn\/#primaryimage\"},\"image\":{\"@id\":\"https:\/\/urbanglide.com\/es\/produit\/bike-160-reborn\/#primaryimage\"},\"thumbnailUrl\":\"https:\/\/urbanglide.com\/wp-content\/uploads\/2022\/05\/BIKE-160-1.png\",\"datePublished\":\"2025-07-11T13:43:03+00:00\",\"description\":\"Relevez le niveau de votre exp\u00e9rience de conduite avec l'E-BIKE-160 dot\u00e9e de la technologie Bluetooth.\",\"breadcrumb\":{\"@id\":\"https:\/\/urbanglide.com\/es\/produit\/bike-160-reborn\/#breadcrumb\"},\"inLanguage\":\"es\",\"potentialAction\":[{\"@type\":\"ReadAction\",\"target\":[\"https:\/\/urbanglide.com\/es\/produit\/bike-160-reborn\/\"]}]},{\"@type\":\"ImageObject\",\"inLanguage\":\"es\",\"@id\":\"https:\/\/urbanglide.com\/es\/produit\/bike-160-reborn\/#primaryimage\",\"url\":\"https:\/\/urbanglide.com\/wp-content\/uploads\/2022\/05\/BIKE-160-1.png\",\"contentUrl\":\"https:\/\/urbanglide.com\/wp-content\/uploads\/2022\/05\/BIKE-160-1.png\",\"width\":1000,\"height\":1000},{\"@type\":\"BreadcrumbList\",\"@id\":\"https:\/\/urbanglide.com\/es\/produit\/bike-160-reborn\/#breadcrumb\",\"itemListElement\":[{\"@type\":\"ListItem\",\"position\":1,\"name\":\"Accueil\",\"item\":\"https:\/\/urbanglide.com\/es\/pagina-de-urbanglide-nueva-version\/\"},{\"@type\":\"ListItem\",\"position\":2,\"name\":\"Tienda\",\"item\":\"https:\/\/urbanglide.com\/es\/tienda\/\"},{\"@type\":\"ListItem\",\"position\":3,\"name\":\"E-BIKE 160 REBORN\"}]},{\"@type\":\"WebSite\",\"@id\":\"https:\/\/urbanglide.com\/#website\",\"url\":\"https:\/\/urbanglide.com\/\",\"name\":\"Urbanglide\",\"description\":\"Expert fran\u00e7ais de la mobilit\u00e9 \u00e9lectrique\",\"potentialAction\":[{\"@type\":\"SearchAction\",\"target\":{\"@type\":\"EntryPoint\",\"urlTemplate\":\"https:\/\/urbanglide.com\/?s={search_term_string}\"},\"query-input\":{\"@type\":\"PropertyValueSpecification\",\"valueRequired\":true,\"valueName\":\"search_term_string\"}}],\"inLanguage\":\"es\"}]}<\/script>\n<!-- \/ Yoast SEO plugin. -->","yoast_head_json":{"title":"E-BIKE 160 REBORN - UrbanGlide","description":"Relevez le niveau de votre exp\u00e9rience de conduite avec l'E-BIKE-160 dot\u00e9e de la technologie Bluetooth.","robots":{"index":"index","follow":"follow","max-snippet":"max-snippet:-1","max-image-preview":"max-image-preview:large","max-video-preview":"max-video-preview:-1"},"canonical":"https:\/\/urbanglide.com\/es\/produit\/bike-160-reborn\/","og_locale":"es_ES","og_type":"article","og_title":"E-BIKE 160 REBORN - UrbanGlide","og_description":"Relevez le niveau de votre exp\u00e9rience de conduite avec l'E-BIKE-160 dot\u00e9e de la technologie Bluetooth.","og_url":"https:\/\/urbanglide.com\/es\/produit\/bike-160-reborn\/","og_site_name":"UrbanGlide","og_image":[{"width":1000,"height":1000,"url":"https:\/\/urbanglide.com\/wp-content\/uploads\/2022\/05\/BIKE-160-1.png","type":"image\/png"}],"twitter_card":"summary_large_image","schema":{"@context":"https:\/\/schema.org","@graph":[{"@type":"WebPage","@id":"https:\/\/urbanglide.com\/es\/produit\/bike-160-reborn\/","url":"https:\/\/urbanglide.com\/es\/produit\/bike-160-reborn\/","name":"E-BIKE 160 REBORN - UrbanGlide","isPartOf":{"@id":"https:\/\/urbanglide.com\/#website"},"primaryImageOfPage":{"@id":"https:\/\/urbanglide.com\/es\/produit\/bike-160-reborn\/#primaryimage"},"image":{"@id":"https:\/\/urbanglide.com\/es\/produit\/bike-160-reborn\/#primaryimage"},"thumbnailUrl":"https:\/\/urbanglide.com\/wp-content\/uploads\/2022\/05\/BIKE-160-1.png","datePublished":"2025-07-11T13:43:03+00:00","description":"Relevez le niveau de votre exp\u00e9rience de conduite avec l'E-BIKE-160 dot\u00e9e de la technologie Bluetooth.","breadcrumb":{"@id":"https:\/\/urbanglide.com\/es\/produit\/bike-160-reborn\/#breadcrumb"},"inLanguage":"es","potentialAction":[{"@type":"ReadAction","target":["https:\/\/urbanglide.com\/es\/produit\/bike-160-reborn\/"]}]},{"@type":"ImageObject","inLanguage":"es","@id":"https:\/\/urbanglide.com\/es\/produit\/bike-160-reborn\/#primaryimage","url":"https:\/\/urbanglide.com\/wp-content\/uploads\/2022\/05\/BIKE-160-1.png","contentUrl":"https:\/\/urbanglide.com\/wp-content\/uploads\/2022\/05\/BIKE-160-1.png","width":1000,"height":1000},{"@type":"BreadcrumbList","@id":"https:\/\/urbanglide.com\/es\/produit\/bike-160-reborn\/#breadcrumb","itemListElement":[{"@type":"ListItem","position":1,"name":"Accueil","item":"https:\/\/urbanglide.com\/es\/pagina-de-urbanglide-nueva-version\/"},{"@type":"ListItem","position":2,"name":"Tienda","item":"https:\/\/urbanglide.com\/es\/tienda\/"},{"@type":"ListItem","position":3,"name":"E-BIKE 160 REBORN"}]},{"@type":"WebSite","@id":"https:\/\/urbanglide.com\/#website","url":"https:\/\/urbanglide.com\/","name":"Urbanglide","description":"Expert fran\u00e7ais de la mobilit\u00e9 \u00e9lectrique","potentialAction":[{"@type":"SearchAction","target":{"@type":"EntryPoint","urlTemplate":"https:\/\/urbanglide.com\/?s={search_term_string}"},"query-input":{"@type":"PropertyValueSpecification","valueRequired":true,"valueName":"search_term_string"}}],"inLanguage":"es"}]}},"_links":{"self":[{"href":"https:\/\/urbanglide.com\/es\/wp-json\/wp\/v2\/product\/37965","targetHints":{"allow":["GET"]}}],"collection":[{"href":"https:\/\/urbanglide.com\/es\/wp-json\/wp\/v2\/product"}],"about":[{"href":"https:\/\/urbanglide.com\/es\/wp-json\/wp\/v2\/types\/product"}],"version-history":[{"count":0,"href":"https:\/\/urbanglide.com\/es\/wp-json\/wp\/v2\/product\/37965\/revisions"}],"wp:featuredmedia":[{"embeddable":true,"href":"https:\/\/urbanglide.com\/es\/wp-json\/wp\/v2\/media\/18453"}],"wp:attachment":[{"href":"https:\/\/urbanglide.com\/es\/wp-json\/wp\/v2\/media?parent=37965"}],"wp:term":[{"taxonomy":"product_brand","embeddable":true,"href":"https:\/\/urbanglide.com\/es\/wp-json\/wp\/v2\/product_brand?post=37965"},{"taxonomy":"product_cat","embeddable":true,"href":"https:\/\/urbanglide.com\/es\/wp-json\/wp\/v2\/product_cat?post=37965"},{"taxonomy":"product_tag","embeddable":true,"href":"https:\/\/urbanglide.com\/es\/wp-json\/wp\/v2\/product_tag?post=37965"}],"curies":[{"name":"wp","href":"https:\/\/api.w.org\/{rel}","templated":true}]}}