{"id":47408,"date":"2024-12-01T09:22:44","date_gmt":"2024-12-01T09:22:44","guid":{"rendered":"https:\/\/urbanglide.com\/?post_type=product&#038;p=47408"},"modified":"2024-02-08T13:49:11","modified_gmt":"2024-02-08T13:49:11","slug":"patinete-electrico-ride-85-city","status":"publish","type":"product","link":"https:\/\/urbanglide.com\/es\/produit\/patinete-electrico-ride-85-city\/","title":{"rendered":"85 CITY"},"content":{"rendered":"<p>Perfecto tanto para usuarios experimentados como para quienes tienen su primera experiencia con un patinete el\u00e9ctrico, el 85 CITY cautiva con su dise\u00f1o exclusivo y ergon\u00f3mico, adem\u00e1s de sus modernos equipamientos<\/p>\n","protected":false},"excerpt":{"rendered":"<p>LA CIUDAD ES TUYA.<\/p>\n","protected":false},"featured_media":47035,"template":"","meta":[],"product_brand":[],"product_cat":[116,15],"product_tag":[],"class_list":{"0":"post-47408","1":"product","2":"type-product","3":"status-publish","4":"has-post-thumbnail","6":"product_cat-no-clasificado","7":"product_cat-non-classe","8":"product_shipping_class-17-kg-es","10":"first","11":"outofstock","12":"taxable","13":"shipping-taxable","14":"product-type-simple"},"yoast_head":"<!-- This site is optimized with the Yoast SEO plugin v27.1.1 - https:\/\/yoast.com\/product\/yoast-seo-wordpress\/ -->\n<title>85 CITY - UrbanGlide<\/title>\n<meta name=\"description\" content=\"Viaja de forma segura con el 85 CITY. Dise\u00f1ado para garantizar tu seguridad en cada paso, esta nueva experiencia de conducci\u00f3n redefine los est\u00e1ndares de seguridad vial.\" \/>\n<meta name=\"robots\" content=\"index, follow, max-snippet:-1, max-image-preview:large, max-video-preview:-1\" \/>\n<link rel=\"canonical\" href=\"https:\/\/urbanglide.com\/es\/produit\/patinete-electrico-ride-85-city\/\" \/>\n<meta property=\"og:locale\" content=\"es_ES\" \/>\n<meta property=\"og:type\" content=\"article\" \/>\n<meta property=\"og:title\" content=\"85 CITY - UrbanGlide\" \/>\n<meta property=\"og:description\" content=\"Viaja de forma segura con el 85 CITY. Dise\u00f1ado para garantizar tu seguridad en cada paso, esta nueva experiencia de conducci\u00f3n redefine los est\u00e1ndares de seguridad vial.\" \/>\n<meta property=\"og:url\" content=\"https:\/\/urbanglide.com\/es\/produit\/patinete-electrico-ride-85-city\/\" \/>\n<meta property=\"og:site_name\" content=\"UrbanGlide\" \/>\n<meta property=\"og:image\" content=\"https:\/\/urbanglide.com\/wp-content\/uploads\/2023\/12\/RIDE-85CITY.png\" \/>\n\t<meta property=\"og:image:width\" content=\"1000\" \/>\n\t<meta property=\"og:image:height\" content=\"1000\" \/>\n\t<meta property=\"og:image:type\" content=\"image\/png\" \/>\n<meta name=\"twitter:card\" content=\"summary_large_image\" \/>\n<meta name=\"twitter:label1\" content=\"Tiempo de lectura\" \/>\n\t<meta name=\"twitter:data1\" content=\"1 minuto\" \/>\n<script type=\"application\/ld+json\" class=\"yoast-schema-graph\">{\"@context\":\"https:\/\/schema.org\",\"@graph\":[{\"@type\":\"WebPage\",\"@id\":\"https:\/\/urbanglide.com\/es\/produit\/patinete-electrico-ride-85-city\/\",\"url\":\"https:\/\/urbanglide.com\/es\/produit\/patinete-electrico-ride-85-city\/\",\"name\":\"85 CITY - UrbanGlide\",\"isPartOf\":{\"@id\":\"https:\/\/urbanglide.com\/#website\"},\"primaryImageOfPage\":{\"@id\":\"https:\/\/urbanglide.com\/es\/produit\/patinete-electrico-ride-85-city\/#primaryimage\"},\"image\":{\"@id\":\"https:\/\/urbanglide.com\/es\/produit\/patinete-electrico-ride-85-city\/#primaryimage\"},\"thumbnailUrl\":\"https:\/\/urbanglide.com\/wp-content\/uploads\/2023\/12\/RIDE-85CITY.png\",\"datePublished\":\"2024-12-01T09:22:44+00:00\",\"description\":\"Viaja de forma segura con el 85 CITY. Dise\u00f1ado para garantizar tu seguridad en cada paso, esta nueva experiencia de conducci\u00f3n redefine los est\u00e1ndares de seguridad vial.\",\"breadcrumb\":{\"@id\":\"https:\/\/urbanglide.com\/es\/produit\/patinete-electrico-ride-85-city\/#breadcrumb\"},\"inLanguage\":\"es\",\"potentialAction\":[{\"@type\":\"ReadAction\",\"target\":[\"https:\/\/urbanglide.com\/es\/produit\/patinete-electrico-ride-85-city\/\"]}]},{\"@type\":\"ImageObject\",\"inLanguage\":\"es\",\"@id\":\"https:\/\/urbanglide.com\/es\/produit\/patinete-electrico-ride-85-city\/#primaryimage\",\"url\":\"https:\/\/urbanglide.com\/wp-content\/uploads\/2023\/12\/RIDE-85CITY.png\",\"contentUrl\":\"https:\/\/urbanglide.com\/wp-content\/uploads\/2023\/12\/RIDE-85CITY.png\",\"width\":1000,\"height\":1000},{\"@type\":\"BreadcrumbList\",\"@id\":\"https:\/\/urbanglide.com\/es\/produit\/patinete-electrico-ride-85-city\/#breadcrumb\",\"itemListElement\":[{\"@type\":\"ListItem\",\"position\":1,\"name\":\"Accueil\",\"item\":\"https:\/\/urbanglide.com\/es\/pagina-de-urbanglide-nueva-version\/\"},{\"@type\":\"ListItem\",\"position\":2,\"name\":\"Tienda\",\"item\":\"https:\/\/urbanglide.com\/es\/tienda\/\"},{\"@type\":\"ListItem\",\"position\":3,\"name\":\"85 CITY\"}]},{\"@type\":\"WebSite\",\"@id\":\"https:\/\/urbanglide.com\/#website\",\"url\":\"https:\/\/urbanglide.com\/\",\"name\":\"Urbanglide\",\"description\":\"Expert fran\u00e7ais de la mobilit\u00e9 \u00e9lectrique\",\"potentialAction\":[{\"@type\":\"SearchAction\",\"target\":{\"@type\":\"EntryPoint\",\"urlTemplate\":\"https:\/\/urbanglide.com\/?s={search_term_string}\"},\"query-input\":{\"@type\":\"PropertyValueSpecification\",\"valueRequired\":true,\"valueName\":\"search_term_string\"}}],\"inLanguage\":\"es\"}]}<\/script>\n<!-- \/ Yoast SEO plugin. -->","yoast_head_json":{"title":"85 CITY - UrbanGlide","description":"Viaja de forma segura con el 85 CITY. Dise\u00f1ado para garantizar tu seguridad en cada paso, esta nueva experiencia de conducci\u00f3n redefine los est\u00e1ndares de seguridad vial.","robots":{"index":"index","follow":"follow","max-snippet":"max-snippet:-1","max-image-preview":"max-image-preview:large","max-video-preview":"max-video-preview:-1"},"canonical":"https:\/\/urbanglide.com\/es\/produit\/patinete-electrico-ride-85-city\/","og_locale":"es_ES","og_type":"article","og_title":"85 CITY - UrbanGlide","og_description":"Viaja de forma segura con el 85 CITY. Dise\u00f1ado para garantizar tu seguridad en cada paso, esta nueva experiencia de conducci\u00f3n redefine los est\u00e1ndares de seguridad vial.","og_url":"https:\/\/urbanglide.com\/es\/produit\/patinete-electrico-ride-85-city\/","og_site_name":"UrbanGlide","og_image":[{"width":1000,"height":1000,"url":"https:\/\/urbanglide.com\/wp-content\/uploads\/2023\/12\/RIDE-85CITY.png","type":"image\/png"}],"twitter_card":"summary_large_image","twitter_misc":{"Tiempo de lectura":"1 minuto"},"schema":{"@context":"https:\/\/schema.org","@graph":[{"@type":"WebPage","@id":"https:\/\/urbanglide.com\/es\/produit\/patinete-electrico-ride-85-city\/","url":"https:\/\/urbanglide.com\/es\/produit\/patinete-electrico-ride-85-city\/","name":"85 CITY - UrbanGlide","isPartOf":{"@id":"https:\/\/urbanglide.com\/#website"},"primaryImageOfPage":{"@id":"https:\/\/urbanglide.com\/es\/produit\/patinete-electrico-ride-85-city\/#primaryimage"},"image":{"@id":"https:\/\/urbanglide.com\/es\/produit\/patinete-electrico-ride-85-city\/#primaryimage"},"thumbnailUrl":"https:\/\/urbanglide.com\/wp-content\/uploads\/2023\/12\/RIDE-85CITY.png","datePublished":"2024-12-01T09:22:44+00:00","description":"Viaja de forma segura con el 85 CITY. Dise\u00f1ado para garantizar tu seguridad en cada paso, esta nueva experiencia de conducci\u00f3n redefine los est\u00e1ndares de seguridad vial.","breadcrumb":{"@id":"https:\/\/urbanglide.com\/es\/produit\/patinete-electrico-ride-85-city\/#breadcrumb"},"inLanguage":"es","potentialAction":[{"@type":"ReadAction","target":["https:\/\/urbanglide.com\/es\/produit\/patinete-electrico-ride-85-city\/"]}]},{"@type":"ImageObject","inLanguage":"es","@id":"https:\/\/urbanglide.com\/es\/produit\/patinete-electrico-ride-85-city\/#primaryimage","url":"https:\/\/urbanglide.com\/wp-content\/uploads\/2023\/12\/RIDE-85CITY.png","contentUrl":"https:\/\/urbanglide.com\/wp-content\/uploads\/2023\/12\/RIDE-85CITY.png","width":1000,"height":1000},{"@type":"BreadcrumbList","@id":"https:\/\/urbanglide.com\/es\/produit\/patinete-electrico-ride-85-city\/#breadcrumb","itemListElement":[{"@type":"ListItem","position":1,"name":"Accueil","item":"https:\/\/urbanglide.com\/es\/pagina-de-urbanglide-nueva-version\/"},{"@type":"ListItem","position":2,"name":"Tienda","item":"https:\/\/urbanglide.com\/es\/tienda\/"},{"@type":"ListItem","position":3,"name":"85 CITY"}]},{"@type":"WebSite","@id":"https:\/\/urbanglide.com\/#website","url":"https:\/\/urbanglide.com\/","name":"Urbanglide","description":"Expert fran\u00e7ais de la mobilit\u00e9 \u00e9lectrique","potentialAction":[{"@type":"SearchAction","target":{"@type":"EntryPoint","urlTemplate":"https:\/\/urbanglide.com\/?s={search_term_string}"},"query-input":{"@type":"PropertyValueSpecification","valueRequired":true,"valueName":"search_term_string"}}],"inLanguage":"es"}]}},"_links":{"self":[{"href":"https:\/\/urbanglide.com\/es\/wp-json\/wp\/v2\/product\/47408","targetHints":{"allow":["GET"]}}],"collection":[{"href":"https:\/\/urbanglide.com\/es\/wp-json\/wp\/v2\/product"}],"about":[{"href":"https:\/\/urbanglide.com\/es\/wp-json\/wp\/v2\/types\/product"}],"version-history":[{"count":0,"href":"https:\/\/urbanglide.com\/es\/wp-json\/wp\/v2\/product\/47408\/revisions"}],"wp:featuredmedia":[{"embeddable":true,"href":"https:\/\/urbanglide.com\/es\/wp-json\/wp\/v2\/media\/47035"}],"wp:attachment":[{"href":"https:\/\/urbanglide.com\/es\/wp-json\/wp\/v2\/media?parent=47408"}],"wp:term":[{"taxonomy":"product_brand","embeddable":true,"href":"https:\/\/urbanglide.com\/es\/wp-json\/wp\/v2\/product_brand?post=47408"},{"taxonomy":"product_cat","embeddable":true,"href":"https:\/\/urbanglide.com\/es\/wp-json\/wp\/v2\/product_cat?post=47408"},{"taxonomy":"product_tag","embeddable":true,"href":"https:\/\/urbanglide.com\/es\/wp-json\/wp\/v2\/product_tag?post=47408"}],"curies":[{"name":"wp","href":"https:\/\/api.w.org\/{rel}","templated":true}]}}