{"id":48000,"date":"2024-12-11T16:19:34","date_gmt":"2024-12-11T16:19:34","guid":{"rendered":"https:\/\/urbanglide.com\/?post_type=product&#038;p=48000"},"modified":"2024-02-08T09:37:32","modified_gmt":"2024-02-08T09:37:32","slug":"patinete-electrico-ride-62r","status":"publish","type":"product","link":"https:\/\/urbanglide.com\/es\/produit\/patinete-electrico-ride-62r\/","title":{"rendered":"RIDE 62R"},"content":{"rendered":"<p>\u00danete ya a la revoluci\u00f3n del dise\u00f1o eligiendo nuestro patinete el\u00e9ctrico RIDE 62R. No podr\u00e1s prescindir de su practicidad.<\/p>\n<p>Prep\u00e1rate para convertir tus desplazamientos en una aventura llena de estilo y emoci\u00f3n.<\/p>\n","protected":false},"excerpt":{"rendered":"<p>CONDUCCI\u00d3N SUAVE<\/p>\n","protected":false},"featured_media":47869,"template":"","meta":[],"product_brand":[],"product_cat":[116,15],"product_tag":[],"class_list":{"0":"post-48000","1":"product","2":"type-product","3":"status-publish","4":"has-post-thumbnail","6":"product_cat-no-clasificado","7":"product_cat-non-classe","8":"product_shipping_class-15-kg-es","10":"first","11":"outofstock","12":"taxable","13":"shipping-taxable","14":"product-type-simple"},"yoast_head":"<!-- This site is optimized with the Yoast SEO plugin v27.1.1 - https:\/\/yoast.com\/product\/yoast-seo-wordpress\/ -->\n<title>RIDE 62R - UrbanGlide<\/title>\n<meta name=\"description\" content=\"Equipado con suspensi\u00f3n delantera, El RIDE 62R garantiza una conducci\u00f3n suave. Sus s\u00f3lidas ruedas te proporcionan una tranquilidad absoluta.\" \/>\n<meta name=\"robots\" content=\"index, follow, max-snippet:-1, max-image-preview:large, max-video-preview:-1\" \/>\n<link rel=\"canonical\" href=\"https:\/\/urbanglide.com\/es\/produit\/patinete-electrico-ride-62r\/\" \/>\n<meta property=\"og:locale\" content=\"es_ES\" \/>\n<meta property=\"og:type\" content=\"article\" \/>\n<meta property=\"og:title\" content=\"RIDE 62R - UrbanGlide\" \/>\n<meta property=\"og:description\" content=\"Equipado con suspensi\u00f3n delantera, El RIDE 62R garantiza una conducci\u00f3n suave. Sus s\u00f3lidas ruedas te proporcionan una tranquilidad absoluta.\" \/>\n<meta property=\"og:url\" content=\"https:\/\/urbanglide.com\/es\/produit\/patinete-electrico-ride-62r\/\" \/>\n<meta property=\"og:site_name\" content=\"UrbanGlide\" \/>\n<meta property=\"og:image\" content=\"https:\/\/urbanglide.com\/wp-content\/uploads\/2023\/12\/RIDE-62R-1.png\" \/>\n\t<meta property=\"og:image:width\" content=\"1000\" \/>\n\t<meta property=\"og:image:height\" content=\"1000\" \/>\n\t<meta property=\"og:image:type\" content=\"image\/png\" \/>\n<meta name=\"twitter:card\" content=\"summary_large_image\" \/>\n<meta name=\"twitter:label1\" content=\"Tiempo de lectura\" \/>\n\t<meta name=\"twitter:data1\" content=\"1 minuto\" \/>\n<script type=\"application\/ld+json\" class=\"yoast-schema-graph\">{\"@context\":\"https:\/\/schema.org\",\"@graph\":[{\"@type\":\"WebPage\",\"@id\":\"https:\/\/urbanglide.com\/es\/produit\/patinete-electrico-ride-62r\/\",\"url\":\"https:\/\/urbanglide.com\/es\/produit\/patinete-electrico-ride-62r\/\",\"name\":\"RIDE 62R - UrbanGlide\",\"isPartOf\":{\"@id\":\"https:\/\/urbanglide.com\/#website\"},\"primaryImageOfPage\":{\"@id\":\"https:\/\/urbanglide.com\/es\/produit\/patinete-electrico-ride-62r\/#primaryimage\"},\"image\":{\"@id\":\"https:\/\/urbanglide.com\/es\/produit\/patinete-electrico-ride-62r\/#primaryimage\"},\"thumbnailUrl\":\"https:\/\/urbanglide.com\/wp-content\/uploads\/2023\/12\/RIDE-62R-1.png\",\"datePublished\":\"2024-12-11T16:19:34+00:00\",\"description\":\"Equipado con suspensi\u00f3n delantera, El RIDE 62R garantiza una conducci\u00f3n suave. Sus s\u00f3lidas ruedas te proporcionan una tranquilidad absoluta.\",\"breadcrumb\":{\"@id\":\"https:\/\/urbanglide.com\/es\/produit\/patinete-electrico-ride-62r\/#breadcrumb\"},\"inLanguage\":\"es\",\"potentialAction\":[{\"@type\":\"ReadAction\",\"target\":[\"https:\/\/urbanglide.com\/es\/produit\/patinete-electrico-ride-62r\/\"]}]},{\"@type\":\"ImageObject\",\"inLanguage\":\"es\",\"@id\":\"https:\/\/urbanglide.com\/es\/produit\/patinete-electrico-ride-62r\/#primaryimage\",\"url\":\"https:\/\/urbanglide.com\/wp-content\/uploads\/2023\/12\/RIDE-62R-1.png\",\"contentUrl\":\"https:\/\/urbanglide.com\/wp-content\/uploads\/2023\/12\/RIDE-62R-1.png\",\"width\":1000,\"height\":1000},{\"@type\":\"BreadcrumbList\",\"@id\":\"https:\/\/urbanglide.com\/es\/produit\/patinete-electrico-ride-62r\/#breadcrumb\",\"itemListElement\":[{\"@type\":\"ListItem\",\"position\":1,\"name\":\"Accueil\",\"item\":\"https:\/\/urbanglide.com\/es\/pagina-de-urbanglide-nueva-version\/\"},{\"@type\":\"ListItem\",\"position\":2,\"name\":\"Tienda\",\"item\":\"https:\/\/urbanglide.com\/es\/tienda\/\"},{\"@type\":\"ListItem\",\"position\":3,\"name\":\"RIDE 62R\"}]},{\"@type\":\"WebSite\",\"@id\":\"https:\/\/urbanglide.com\/#website\",\"url\":\"https:\/\/urbanglide.com\/\",\"name\":\"Urbanglide\",\"description\":\"Expert fran\u00e7ais de la mobilit\u00e9 \u00e9lectrique\",\"potentialAction\":[{\"@type\":\"SearchAction\",\"target\":{\"@type\":\"EntryPoint\",\"urlTemplate\":\"https:\/\/urbanglide.com\/?s={search_term_string}\"},\"query-input\":{\"@type\":\"PropertyValueSpecification\",\"valueRequired\":true,\"valueName\":\"search_term_string\"}}],\"inLanguage\":\"es\"}]}<\/script>\n<!-- \/ Yoast SEO plugin. -->","yoast_head_json":{"title":"RIDE 62R - UrbanGlide","description":"Equipado con suspensi\u00f3n delantera, El RIDE 62R garantiza una conducci\u00f3n suave. Sus s\u00f3lidas ruedas te proporcionan una tranquilidad absoluta.","robots":{"index":"index","follow":"follow","max-snippet":"max-snippet:-1","max-image-preview":"max-image-preview:large","max-video-preview":"max-video-preview:-1"},"canonical":"https:\/\/urbanglide.com\/es\/produit\/patinete-electrico-ride-62r\/","og_locale":"es_ES","og_type":"article","og_title":"RIDE 62R - UrbanGlide","og_description":"Equipado con suspensi\u00f3n delantera, El RIDE 62R garantiza una conducci\u00f3n suave. Sus s\u00f3lidas ruedas te proporcionan una tranquilidad absoluta.","og_url":"https:\/\/urbanglide.com\/es\/produit\/patinete-electrico-ride-62r\/","og_site_name":"UrbanGlide","og_image":[{"width":1000,"height":1000,"url":"https:\/\/urbanglide.com\/wp-content\/uploads\/2023\/12\/RIDE-62R-1.png","type":"image\/png"}],"twitter_card":"summary_large_image","twitter_misc":{"Tiempo de lectura":"1 minuto"},"schema":{"@context":"https:\/\/schema.org","@graph":[{"@type":"WebPage","@id":"https:\/\/urbanglide.com\/es\/produit\/patinete-electrico-ride-62r\/","url":"https:\/\/urbanglide.com\/es\/produit\/patinete-electrico-ride-62r\/","name":"RIDE 62R - UrbanGlide","isPartOf":{"@id":"https:\/\/urbanglide.com\/#website"},"primaryImageOfPage":{"@id":"https:\/\/urbanglide.com\/es\/produit\/patinete-electrico-ride-62r\/#primaryimage"},"image":{"@id":"https:\/\/urbanglide.com\/es\/produit\/patinete-electrico-ride-62r\/#primaryimage"},"thumbnailUrl":"https:\/\/urbanglide.com\/wp-content\/uploads\/2023\/12\/RIDE-62R-1.png","datePublished":"2024-12-11T16:19:34+00:00","description":"Equipado con suspensi\u00f3n delantera, El RIDE 62R garantiza una conducci\u00f3n suave. Sus s\u00f3lidas ruedas te proporcionan una tranquilidad absoluta.","breadcrumb":{"@id":"https:\/\/urbanglide.com\/es\/produit\/patinete-electrico-ride-62r\/#breadcrumb"},"inLanguage":"es","potentialAction":[{"@type":"ReadAction","target":["https:\/\/urbanglide.com\/es\/produit\/patinete-electrico-ride-62r\/"]}]},{"@type":"ImageObject","inLanguage":"es","@id":"https:\/\/urbanglide.com\/es\/produit\/patinete-electrico-ride-62r\/#primaryimage","url":"https:\/\/urbanglide.com\/wp-content\/uploads\/2023\/12\/RIDE-62R-1.png","contentUrl":"https:\/\/urbanglide.com\/wp-content\/uploads\/2023\/12\/RIDE-62R-1.png","width":1000,"height":1000},{"@type":"BreadcrumbList","@id":"https:\/\/urbanglide.com\/es\/produit\/patinete-electrico-ride-62r\/#breadcrumb","itemListElement":[{"@type":"ListItem","position":1,"name":"Accueil","item":"https:\/\/urbanglide.com\/es\/pagina-de-urbanglide-nueva-version\/"},{"@type":"ListItem","position":2,"name":"Tienda","item":"https:\/\/urbanglide.com\/es\/tienda\/"},{"@type":"ListItem","position":3,"name":"RIDE 62R"}]},{"@type":"WebSite","@id":"https:\/\/urbanglide.com\/#website","url":"https:\/\/urbanglide.com\/","name":"Urbanglide","description":"Expert fran\u00e7ais de la mobilit\u00e9 \u00e9lectrique","potentialAction":[{"@type":"SearchAction","target":{"@type":"EntryPoint","urlTemplate":"https:\/\/urbanglide.com\/?s={search_term_string}"},"query-input":{"@type":"PropertyValueSpecification","valueRequired":true,"valueName":"search_term_string"}}],"inLanguage":"es"}]}},"_links":{"self":[{"href":"https:\/\/urbanglide.com\/es\/wp-json\/wp\/v2\/product\/48000","targetHints":{"allow":["GET"]}}],"collection":[{"href":"https:\/\/urbanglide.com\/es\/wp-json\/wp\/v2\/product"}],"about":[{"href":"https:\/\/urbanglide.com\/es\/wp-json\/wp\/v2\/types\/product"}],"version-history":[{"count":0,"href":"https:\/\/urbanglide.com\/es\/wp-json\/wp\/v2\/product\/48000\/revisions"}],"wp:featuredmedia":[{"embeddable":true,"href":"https:\/\/urbanglide.com\/es\/wp-json\/wp\/v2\/media\/47869"}],"wp:attachment":[{"href":"https:\/\/urbanglide.com\/es\/wp-json\/wp\/v2\/media?parent=48000"}],"wp:term":[{"taxonomy":"product_brand","embeddable":true,"href":"https:\/\/urbanglide.com\/es\/wp-json\/wp\/v2\/product_brand?post=48000"},{"taxonomy":"product_cat","embeddable":true,"href":"https:\/\/urbanglide.com\/es\/wp-json\/wp\/v2\/product_cat?post=48000"},{"taxonomy":"product_tag","embeddable":true,"href":"https:\/\/urbanglide.com\/es\/wp-json\/wp\/v2\/product_tag?post=48000"}],"curies":[{"name":"wp","href":"https:\/\/api.w.org\/{rel}","templated":true}]}}