{"id":78137,"date":"2025-04-27T17:37:33","date_gmt":"2025-04-27T17:37:33","guid":{"rendered":"https:\/\/urbanglide.com\/?post_type=product&#038;p=78137"},"modified":"2025-06-19T06:41:35","modified_gmt":"2025-06-19T06:41:35","slug":"all-road-6-2x2","status":"publish","type":"product","link":"https:\/\/urbanglide.com\/es\/produit\/all-road-6-2x2\/","title":{"rendered":"ALL ROAD 6 2&#215;2"},"content":{"rendered":"<p>Nuestro scooter el\u00e9ctrico ALL ROAD 6 2&#215;2 combina elegancia y prestaciones con unas caracter\u00edsticas excepcionales en su categor\u00eda todoterreno.<\/p>\n<p>Una fusi\u00f3n perfecta de dise\u00f1o, confort y prestaciones. \u00a1Atr\u00e9vete con el futuro de la movilidad urbana!<\/p>\n","protected":false},"excerpt":{"rendered":"<p>ENERG\u00cdA E INNOVACI\u00d3N<\/p>\n","protected":false},"featured_media":97581,"template":"","meta":[],"product_brand":[],"product_cat":[132,625],"product_tag":[],"class_list":{"0":"post-78137","1":"product","2":"type-product","3":"status-publish","4":"has-post-thumbnail","6":"product_cat-patinetes-electricos","7":"product_cat-all-road","8":"product_shipping_class-41-kg-es","10":"first","11":"instock","12":"taxable","13":"shipping-taxable","14":"purchasable","15":"product-type-simple"},"yoast_head":"<!-- This site is optimized with the Yoast SEO plugin v27.1.1 - https:\/\/yoast.com\/product\/yoast-seo-wordpress\/ -->\n<title>ALL ROAD 6 2x2 - UrbanGlide<\/title>\n<meta name=\"description\" content=\"Detalles del modelo ALL ROAD 6 2x2: Alcance de hasta 80 km. Potencia m\u00e1xima 800W. Neum\u00e1ticos sin c\u00e1mara de 10&quot;. Frenos de doble disco. Suspensi\u00f3n delantera y trasera.\" \/>\n<meta name=\"robots\" content=\"index, follow, max-snippet:-1, max-image-preview:large, max-video-preview:-1\" \/>\n<link rel=\"canonical\" href=\"https:\/\/urbanglide.com\/es\/produit\/all-road-6-2x2\/\" \/>\n<meta property=\"og:locale\" content=\"es_ES\" \/>\n<meta property=\"og:type\" content=\"article\" \/>\n<meta property=\"og:title\" content=\"ALL ROAD 6 2x2 - UrbanGlide\" \/>\n<meta property=\"og:description\" content=\"Detalles del modelo ALL ROAD 6 2x2: Alcance de hasta 80 km. Potencia m\u00e1xima 800W. Neum\u00e1ticos sin c\u00e1mara de 10&quot;. Frenos de doble disco. Suspensi\u00f3n delantera y trasera.\" \/>\n<meta property=\"og:url\" content=\"https:\/\/urbanglide.com\/es\/produit\/all-road-6-2x2\/\" \/>\n<meta property=\"og:site_name\" content=\"UrbanGlide\" \/>\n<meta property=\"article:modified_time\" content=\"2025-06-19T06:41:35+00:00\" \/>\n<meta property=\"og:image\" content=\"https:\/\/urbanglide.com\/wp-content\/uploads\/2025\/04\/AR62x2-new-copie-2.webp\" \/>\n\t<meta property=\"og:image:width\" content=\"1000\" \/>\n\t<meta property=\"og:image:height\" content=\"1000\" \/>\n\t<meta property=\"og:image:type\" content=\"image\/webp\" \/>\n<meta name=\"twitter:card\" content=\"summary_large_image\" \/>\n<meta name=\"twitter:label1\" content=\"Tiempo de lectura\" \/>\n\t<meta name=\"twitter:data1\" content=\"1 minuto\" \/>\n<script type=\"application\/ld+json\" class=\"yoast-schema-graph\">{\"@context\":\"https:\/\/schema.org\",\"@graph\":[{\"@type\":\"WebPage\",\"@id\":\"https:\/\/urbanglide.com\/es\/produit\/all-road-6-2x2\/\",\"url\":\"https:\/\/urbanglide.com\/es\/produit\/all-road-6-2x2\/\",\"name\":\"ALL ROAD 6 2x2 - UrbanGlide\",\"isPartOf\":{\"@id\":\"https:\/\/urbanglide.com\/#website\"},\"primaryImageOfPage\":{\"@id\":\"https:\/\/urbanglide.com\/es\/produit\/all-road-6-2x2\/#primaryimage\"},\"image\":{\"@id\":\"https:\/\/urbanglide.com\/es\/produit\/all-road-6-2x2\/#primaryimage\"},\"thumbnailUrl\":\"https:\/\/urbanglide.com\/wp-content\/uploads\/2025\/04\/AR62x2-2.webp\",\"datePublished\":\"2025-04-27T17:37:33+00:00\",\"dateModified\":\"2025-06-19T06:41:35+00:00\",\"description\":\"Detalles del modelo ALL ROAD 6 2x2: Alcance de hasta 80 km. Potencia m\u00e1xima 800W. Neum\u00e1ticos sin c\u00e1mara de 10\\\". Frenos de doble disco. Suspensi\u00f3n delantera y trasera.\",\"breadcrumb\":{\"@id\":\"https:\/\/urbanglide.com\/es\/produit\/all-road-6-2x2\/#breadcrumb\"},\"inLanguage\":\"es\",\"potentialAction\":[{\"@type\":\"ReadAction\",\"target\":[\"https:\/\/urbanglide.com\/es\/produit\/all-road-6-2x2\/\"]}]},{\"@type\":\"ImageObject\",\"inLanguage\":\"es\",\"@id\":\"https:\/\/urbanglide.com\/es\/produit\/all-road-6-2x2\/#primaryimage\",\"url\":\"https:\/\/urbanglide.com\/wp-content\/uploads\/2025\/04\/AR62x2-2.webp\",\"contentUrl\":\"https:\/\/urbanglide.com\/wp-content\/uploads\/2025\/04\/AR62x2-2.webp\",\"width\":1000,\"height\":1000},{\"@type\":\"BreadcrumbList\",\"@id\":\"https:\/\/urbanglide.com\/es\/produit\/all-road-6-2x2\/#breadcrumb\",\"itemListElement\":[{\"@type\":\"ListItem\",\"position\":1,\"name\":\"Accueil\",\"item\":\"https:\/\/urbanglide.com\/es\/pagina-de-urbanglide-nueva-version\/\"},{\"@type\":\"ListItem\",\"position\":2,\"name\":\"Tienda\",\"item\":\"https:\/\/urbanglide.com\/es\/tienda\/\"},{\"@type\":\"ListItem\",\"position\":3,\"name\":\"ALL ROAD 6 2&#215;2\"}]},{\"@type\":\"WebSite\",\"@id\":\"https:\/\/urbanglide.com\/#website\",\"url\":\"https:\/\/urbanglide.com\/\",\"name\":\"Urbanglide\",\"description\":\"Expert fran\u00e7ais de la mobilit\u00e9 \u00e9lectrique\",\"potentialAction\":[{\"@type\":\"SearchAction\",\"target\":{\"@type\":\"EntryPoint\",\"urlTemplate\":\"https:\/\/urbanglide.com\/?s={search_term_string}\"},\"query-input\":{\"@type\":\"PropertyValueSpecification\",\"valueRequired\":true,\"valueName\":\"search_term_string\"}}],\"inLanguage\":\"es\"}]}<\/script>\n<!-- \/ Yoast SEO plugin. -->","yoast_head_json":{"title":"ALL ROAD 6 2x2 - UrbanGlide","description":"Detalles del modelo ALL ROAD 6 2x2: Alcance de hasta 80 km. Potencia m\u00e1xima 800W. Neum\u00e1ticos sin c\u00e1mara de 10\". Frenos de doble disco. Suspensi\u00f3n delantera y trasera.","robots":{"index":"index","follow":"follow","max-snippet":"max-snippet:-1","max-image-preview":"max-image-preview:large","max-video-preview":"max-video-preview:-1"},"canonical":"https:\/\/urbanglide.com\/es\/produit\/all-road-6-2x2\/","og_locale":"es_ES","og_type":"article","og_title":"ALL ROAD 6 2x2 - UrbanGlide","og_description":"Detalles del modelo ALL ROAD 6 2x2: Alcance de hasta 80 km. Potencia m\u00e1xima 800W. Neum\u00e1ticos sin c\u00e1mara de 10\". Frenos de doble disco. Suspensi\u00f3n delantera y trasera.","og_url":"https:\/\/urbanglide.com\/es\/produit\/all-road-6-2x2\/","og_site_name":"UrbanGlide","article_modified_time":"2025-06-19T06:41:35+00:00","og_image":[{"width":1000,"height":1000,"url":"https:\/\/urbanglide.com\/wp-content\/uploads\/2025\/04\/AR62x2-new-copie-2.webp","type":"image\/webp"}],"twitter_card":"summary_large_image","twitter_misc":{"Tiempo de lectura":"1 minuto"},"schema":{"@context":"https:\/\/schema.org","@graph":[{"@type":"WebPage","@id":"https:\/\/urbanglide.com\/es\/produit\/all-road-6-2x2\/","url":"https:\/\/urbanglide.com\/es\/produit\/all-road-6-2x2\/","name":"ALL ROAD 6 2x2 - UrbanGlide","isPartOf":{"@id":"https:\/\/urbanglide.com\/#website"},"primaryImageOfPage":{"@id":"https:\/\/urbanglide.com\/es\/produit\/all-road-6-2x2\/#primaryimage"},"image":{"@id":"https:\/\/urbanglide.com\/es\/produit\/all-road-6-2x2\/#primaryimage"},"thumbnailUrl":"https:\/\/urbanglide.com\/wp-content\/uploads\/2025\/04\/AR62x2-2.webp","datePublished":"2025-04-27T17:37:33+00:00","dateModified":"2025-06-19T06:41:35+00:00","description":"Detalles del modelo ALL ROAD 6 2x2: Alcance de hasta 80 km. Potencia m\u00e1xima 800W. Neum\u00e1ticos sin c\u00e1mara de 10\". Frenos de doble disco. Suspensi\u00f3n delantera y trasera.","breadcrumb":{"@id":"https:\/\/urbanglide.com\/es\/produit\/all-road-6-2x2\/#breadcrumb"},"inLanguage":"es","potentialAction":[{"@type":"ReadAction","target":["https:\/\/urbanglide.com\/es\/produit\/all-road-6-2x2\/"]}]},{"@type":"ImageObject","inLanguage":"es","@id":"https:\/\/urbanglide.com\/es\/produit\/all-road-6-2x2\/#primaryimage","url":"https:\/\/urbanglide.com\/wp-content\/uploads\/2025\/04\/AR62x2-2.webp","contentUrl":"https:\/\/urbanglide.com\/wp-content\/uploads\/2025\/04\/AR62x2-2.webp","width":1000,"height":1000},{"@type":"BreadcrumbList","@id":"https:\/\/urbanglide.com\/es\/produit\/all-road-6-2x2\/#breadcrumb","itemListElement":[{"@type":"ListItem","position":1,"name":"Accueil","item":"https:\/\/urbanglide.com\/es\/pagina-de-urbanglide-nueva-version\/"},{"@type":"ListItem","position":2,"name":"Tienda","item":"https:\/\/urbanglide.com\/es\/tienda\/"},{"@type":"ListItem","position":3,"name":"ALL ROAD 6 2&#215;2"}]},{"@type":"WebSite","@id":"https:\/\/urbanglide.com\/#website","url":"https:\/\/urbanglide.com\/","name":"Urbanglide","description":"Expert fran\u00e7ais de la mobilit\u00e9 \u00e9lectrique","potentialAction":[{"@type":"SearchAction","target":{"@type":"EntryPoint","urlTemplate":"https:\/\/urbanglide.com\/?s={search_term_string}"},"query-input":{"@type":"PropertyValueSpecification","valueRequired":true,"valueName":"search_term_string"}}],"inLanguage":"es"}]}},"_links":{"self":[{"href":"https:\/\/urbanglide.com\/es\/wp-json\/wp\/v2\/product\/78137","targetHints":{"allow":["GET"]}}],"collection":[{"href":"https:\/\/urbanglide.com\/es\/wp-json\/wp\/v2\/product"}],"about":[{"href":"https:\/\/urbanglide.com\/es\/wp-json\/wp\/v2\/types\/product"}],"version-history":[{"count":0,"href":"https:\/\/urbanglide.com\/es\/wp-json\/wp\/v2\/product\/78137\/revisions"}],"wp:featuredmedia":[{"embeddable":true,"href":"https:\/\/urbanglide.com\/es\/wp-json\/wp\/v2\/media\/97581"}],"wp:attachment":[{"href":"https:\/\/urbanglide.com\/es\/wp-json\/wp\/v2\/media?parent=78137"}],"wp:term":[{"taxonomy":"product_brand","embeddable":true,"href":"https:\/\/urbanglide.com\/es\/wp-json\/wp\/v2\/product_brand?post=78137"},{"taxonomy":"product_cat","embeddable":true,"href":"https:\/\/urbanglide.com\/es\/wp-json\/wp\/v2\/product_cat?post=78137"},{"taxonomy":"product_tag","embeddable":true,"href":"https:\/\/urbanglide.com\/es\/wp-json\/wp\/v2\/product_tag?post=78137"}],"curies":[{"name":"wp","href":"https:\/\/api.w.org\/{rel}","templated":true}]}}