{"id":78311,"date":"2025-04-02T14:06:24","date_gmt":"2025-04-02T14:06:24","guid":{"rendered":"https:\/\/urbanglide.com\/produit\/e-cross-uno\/"},"modified":"2025-05-20T13:35:21","modified_gmt":"2025-05-20T13:35:21","slug":"e-cross-uno","status":"publish","type":"product","link":"https:\/\/urbanglide.com\/es\/produit\/e-cross-uno\/","title":{"rendered":"E-CROSS UNO"},"content":{"rendered":"","protected":false},"excerpt":{"rendered":"<p><span data-teams=\"true\">Robusto y resistente<\/span><\/p>\n","protected":false},"featured_media":79953,"template":"","meta":[],"product_brand":[],"product_cat":[132],"product_tag":[],"class_list":{"0":"post-78311","1":"product","2":"type-product","3":"status-publish","4":"has-post-thumbnail","6":"product_cat-patinetes-electricos","7":"product_shipping_class-41-kg-es","9":"first","10":"instock","11":"taxable","12":"shipping-taxable","13":"purchasable","14":"product-type-simple"},"yoast_head":"<!-- This site is optimized with the Yoast SEO plugin v27.1.1 - https:\/\/yoast.com\/product\/yoast-seo-wordpress\/ -->\n<title>Patinete el\u00e9ctrico E-CROSS UNO - UrbanGlide<\/title>\n<meta name=\"description\" content=\"Patinete el\u00e9ctrico E-CROSS UNO Doble sistema de frenado, potente motor de 600 W, visibilidad de 360 grados para m\u00e1xima seguridad.\" \/>\n<meta name=\"robots\" content=\"index, follow, max-snippet:-1, max-image-preview:large, max-video-preview:-1\" \/>\n<link rel=\"canonical\" href=\"https:\/\/urbanglide.com\/es\/produit\/e-cross-uno\/\" \/>\n<meta property=\"og:locale\" content=\"es_ES\" \/>\n<meta property=\"og:type\" content=\"article\" \/>\n<meta property=\"og:title\" content=\"Patinete el\u00e9ctrico E-CROSS UNO - UrbanGlide\" \/>\n<meta property=\"og:description\" content=\"Patinete el\u00e9ctrico E-CROSS UNO Doble sistema de frenado, potente motor de 600 W, visibilidad de 360 grados para m\u00e1xima seguridad.\" \/>\n<meta property=\"og:url\" content=\"https:\/\/urbanglide.com\/es\/produit\/e-cross-uno\/\" \/>\n<meta property=\"og:site_name\" content=\"UrbanGlide\" \/>\n<meta property=\"article:modified_time\" content=\"2025-05-20T13:35:21+00:00\" \/>\n<meta property=\"og:image\" content=\"https:\/\/urbanglide.com\/wp-content\/uploads\/2025\/04\/ECROSSONE-comingsoon.webp\" \/>\n\t<meta property=\"og:image:width\" content=\"1000\" \/>\n\t<meta property=\"og:image:height\" content=\"1000\" \/>\n\t<meta property=\"og:image:type\" content=\"image\/webp\" \/>\n<meta name=\"twitter:card\" content=\"summary_large_image\" \/>\n<meta name=\"twitter:label1\" content=\"Tiempo de lectura\" \/>\n\t<meta name=\"twitter:data1\" content=\"1 minuto\" \/>\n<script type=\"application\/ld+json\" class=\"yoast-schema-graph\">{\"@context\":\"https:\/\/schema.org\",\"@graph\":[{\"@type\":\"WebPage\",\"@id\":\"https:\/\/urbanglide.com\/es\/produit\/e-cross-uno\/\",\"url\":\"https:\/\/urbanglide.com\/es\/produit\/e-cross-uno\/\",\"name\":\"Patinete el\u00e9ctrico E-CROSS UNO - UrbanGlide\",\"isPartOf\":{\"@id\":\"https:\/\/urbanglide.com\/#website\"},\"primaryImageOfPage\":{\"@id\":\"https:\/\/urbanglide.com\/es\/produit\/e-cross-uno\/#primaryimage\"},\"image\":{\"@id\":\"https:\/\/urbanglide.com\/es\/produit\/e-cross-uno\/#primaryimage\"},\"thumbnailUrl\":\"https:\/\/urbanglide.com\/wp-content\/uploads\/2025\/04\/ECROSSONE-comingsoon.webp\",\"datePublished\":\"2025-04-02T14:06:24+00:00\",\"dateModified\":\"2025-05-20T13:35:21+00:00\",\"description\":\"Patinete el\u00e9ctrico E-CROSS UNO Doble sistema de frenado, potente motor de 600 W, visibilidad de 360 grados para m\u00e1xima seguridad.\",\"breadcrumb\":{\"@id\":\"https:\/\/urbanglide.com\/es\/produit\/e-cross-uno\/#breadcrumb\"},\"inLanguage\":\"es\",\"potentialAction\":[{\"@type\":\"ReadAction\",\"target\":[\"https:\/\/urbanglide.com\/es\/produit\/e-cross-uno\/\"]}]},{\"@type\":\"ImageObject\",\"inLanguage\":\"es\",\"@id\":\"https:\/\/urbanglide.com\/es\/produit\/e-cross-uno\/#primaryimage\",\"url\":\"https:\/\/urbanglide.com\/wp-content\/uploads\/2025\/04\/ECROSSONE-comingsoon.webp\",\"contentUrl\":\"https:\/\/urbanglide.com\/wp-content\/uploads\/2025\/04\/ECROSSONE-comingsoon.webp\",\"width\":1000,\"height\":1000},{\"@type\":\"BreadcrumbList\",\"@id\":\"https:\/\/urbanglide.com\/es\/produit\/e-cross-uno\/#breadcrumb\",\"itemListElement\":[{\"@type\":\"ListItem\",\"position\":1,\"name\":\"Accueil\",\"item\":\"https:\/\/urbanglide.com\/es\/pagina-de-urbanglide-nueva-version\/\"},{\"@type\":\"ListItem\",\"position\":2,\"name\":\"Tienda\",\"item\":\"https:\/\/urbanglide.com\/es\/tienda\/\"},{\"@type\":\"ListItem\",\"position\":3,\"name\":\"E-CROSS UNO\"}]},{\"@type\":\"WebSite\",\"@id\":\"https:\/\/urbanglide.com\/#website\",\"url\":\"https:\/\/urbanglide.com\/\",\"name\":\"Urbanglide\",\"description\":\"Expert fran\u00e7ais de la mobilit\u00e9 \u00e9lectrique\",\"potentialAction\":[{\"@type\":\"SearchAction\",\"target\":{\"@type\":\"EntryPoint\",\"urlTemplate\":\"https:\/\/urbanglide.com\/?s={search_term_string}\"},\"query-input\":{\"@type\":\"PropertyValueSpecification\",\"valueRequired\":true,\"valueName\":\"search_term_string\"}}],\"inLanguage\":\"es\"}]}<\/script>\n<!-- \/ Yoast SEO plugin. -->","yoast_head_json":{"title":"Patinete el\u00e9ctrico E-CROSS UNO - UrbanGlide","description":"Patinete el\u00e9ctrico E-CROSS UNO Doble sistema de frenado, potente motor de 600 W, visibilidad de 360 grados para m\u00e1xima seguridad.","robots":{"index":"index","follow":"follow","max-snippet":"max-snippet:-1","max-image-preview":"max-image-preview:large","max-video-preview":"max-video-preview:-1"},"canonical":"https:\/\/urbanglide.com\/es\/produit\/e-cross-uno\/","og_locale":"es_ES","og_type":"article","og_title":"Patinete el\u00e9ctrico E-CROSS UNO - UrbanGlide","og_description":"Patinete el\u00e9ctrico E-CROSS UNO Doble sistema de frenado, potente motor de 600 W, visibilidad de 360 grados para m\u00e1xima seguridad.","og_url":"https:\/\/urbanglide.com\/es\/produit\/e-cross-uno\/","og_site_name":"UrbanGlide","article_modified_time":"2025-05-20T13:35:21+00:00","og_image":[{"width":1000,"height":1000,"url":"https:\/\/urbanglide.com\/wp-content\/uploads\/2025\/04\/ECROSSONE-comingsoon.webp","type":"image\/webp"}],"twitter_card":"summary_large_image","twitter_misc":{"Tiempo de lectura":"1 minuto"},"schema":{"@context":"https:\/\/schema.org","@graph":[{"@type":"WebPage","@id":"https:\/\/urbanglide.com\/es\/produit\/e-cross-uno\/","url":"https:\/\/urbanglide.com\/es\/produit\/e-cross-uno\/","name":"Patinete el\u00e9ctrico E-CROSS UNO - UrbanGlide","isPartOf":{"@id":"https:\/\/urbanglide.com\/#website"},"primaryImageOfPage":{"@id":"https:\/\/urbanglide.com\/es\/produit\/e-cross-uno\/#primaryimage"},"image":{"@id":"https:\/\/urbanglide.com\/es\/produit\/e-cross-uno\/#primaryimage"},"thumbnailUrl":"https:\/\/urbanglide.com\/wp-content\/uploads\/2025\/04\/ECROSSONE-comingsoon.webp","datePublished":"2025-04-02T14:06:24+00:00","dateModified":"2025-05-20T13:35:21+00:00","description":"Patinete el\u00e9ctrico E-CROSS UNO Doble sistema de frenado, potente motor de 600 W, visibilidad de 360 grados para m\u00e1xima seguridad.","breadcrumb":{"@id":"https:\/\/urbanglide.com\/es\/produit\/e-cross-uno\/#breadcrumb"},"inLanguage":"es","potentialAction":[{"@type":"ReadAction","target":["https:\/\/urbanglide.com\/es\/produit\/e-cross-uno\/"]}]},{"@type":"ImageObject","inLanguage":"es","@id":"https:\/\/urbanglide.com\/es\/produit\/e-cross-uno\/#primaryimage","url":"https:\/\/urbanglide.com\/wp-content\/uploads\/2025\/04\/ECROSSONE-comingsoon.webp","contentUrl":"https:\/\/urbanglide.com\/wp-content\/uploads\/2025\/04\/ECROSSONE-comingsoon.webp","width":1000,"height":1000},{"@type":"BreadcrumbList","@id":"https:\/\/urbanglide.com\/es\/produit\/e-cross-uno\/#breadcrumb","itemListElement":[{"@type":"ListItem","position":1,"name":"Accueil","item":"https:\/\/urbanglide.com\/es\/pagina-de-urbanglide-nueva-version\/"},{"@type":"ListItem","position":2,"name":"Tienda","item":"https:\/\/urbanglide.com\/es\/tienda\/"},{"@type":"ListItem","position":3,"name":"E-CROSS UNO"}]},{"@type":"WebSite","@id":"https:\/\/urbanglide.com\/#website","url":"https:\/\/urbanglide.com\/","name":"Urbanglide","description":"Expert fran\u00e7ais de la mobilit\u00e9 \u00e9lectrique","potentialAction":[{"@type":"SearchAction","target":{"@type":"EntryPoint","urlTemplate":"https:\/\/urbanglide.com\/?s={search_term_string}"},"query-input":{"@type":"PropertyValueSpecification","valueRequired":true,"valueName":"search_term_string"}}],"inLanguage":"es"}]}},"_links":{"self":[{"href":"https:\/\/urbanglide.com\/es\/wp-json\/wp\/v2\/product\/78311","targetHints":{"allow":["GET"]}}],"collection":[{"href":"https:\/\/urbanglide.com\/es\/wp-json\/wp\/v2\/product"}],"about":[{"href":"https:\/\/urbanglide.com\/es\/wp-json\/wp\/v2\/types\/product"}],"version-history":[{"count":0,"href":"https:\/\/urbanglide.com\/es\/wp-json\/wp\/v2\/product\/78311\/revisions"}],"wp:featuredmedia":[{"embeddable":true,"href":"https:\/\/urbanglide.com\/es\/wp-json\/wp\/v2\/media\/79953"}],"wp:attachment":[{"href":"https:\/\/urbanglide.com\/es\/wp-json\/wp\/v2\/media?parent=78311"}],"wp:term":[{"taxonomy":"product_brand","embeddable":true,"href":"https:\/\/urbanglide.com\/es\/wp-json\/wp\/v2\/product_brand?post=78311"},{"taxonomy":"product_cat","embeddable":true,"href":"https:\/\/urbanglide.com\/es\/wp-json\/wp\/v2\/product_cat?post=78311"},{"taxonomy":"product_tag","embeddable":true,"href":"https:\/\/urbanglide.com\/es\/wp-json\/wp\/v2\/product_tag?post=78311"}],"curies":[{"name":"wp","href":"https:\/\/api.w.org\/{rel}","templated":true}]}}