{"id":79723,"date":"2025-02-25T14:18:35","date_gmt":"2025-02-25T14:18:35","guid":{"rendered":"https:\/\/urbanglide.com\/produit\/85-evo\/"},"modified":"2026-02-04T01:30:48","modified_gmt":"2026-02-04T01:30:48","slug":"85-evo","status":"publish","type":"product","link":"https:\/\/urbanglide.com\/es\/produit\/85-evo\/","title":{"rendered":"85 EVO"},"content":{"rendered":"","protected":false},"excerpt":{"rendered":"<p>Ligereza y rendimiento<\/p>\n","protected":false},"featured_media":73950,"template":"","meta":[],"product_brand":[],"product_cat":[634],"product_tag":[],"class_list":{"0":"post-79723","1":"product","2":"type-product","3":"status-publish","4":"has-post-thumbnail","6":"product_cat-ride","7":"product_shipping_class-15-kg-es","9":"first","10":"outofstock","11":"taxable","12":"shipping-taxable","13":"purchasable","14":"product-type-simple"},"yoast_head":"<!-- This site is optimized with the Yoast SEO plugin v27.1.1 - https:\/\/yoast.com\/product\/yoast-seo-wordpress\/ -->\n<title>Patinete el\u00e9ctrico 85 EVO - UrbanGlide<\/title>\n<meta name=\"description\" content=\"85 EVO Autonom\u00eda de hasta 20 km, neum\u00e1ticos tubulares de 8,5&quot;, freno de disco y doble suspensi\u00f3n delantera. Pr\u00e1ctica en todas partes, pesa s\u00f3lo 15 kg.\" \/>\n<meta name=\"robots\" content=\"index, follow, max-snippet:-1, max-image-preview:large, max-video-preview:-1\" \/>\n<link rel=\"canonical\" href=\"https:\/\/urbanglide.com\/es\/produit\/85-evo\/\" \/>\n<meta property=\"og:locale\" content=\"es_ES\" \/>\n<meta property=\"og:type\" content=\"article\" \/>\n<meta property=\"og:title\" content=\"Patinete el\u00e9ctrico 85 EVO - UrbanGlide\" \/>\n<meta property=\"og:description\" content=\"85 EVO Autonom\u00eda de hasta 20 km, neum\u00e1ticos tubulares de 8,5&quot;, freno de disco y doble suspensi\u00f3n delantera. Pr\u00e1ctica en todas partes, pesa s\u00f3lo 15 kg.\" \/>\n<meta property=\"og:url\" content=\"https:\/\/urbanglide.com\/es\/produit\/85-evo\/\" \/>\n<meta property=\"og:site_name\" content=\"UrbanGlide\" \/>\n<meta property=\"article:modified_time\" content=\"2026-02-04T01:30:48+00:00\" \/>\n<meta property=\"og:image\" content=\"https:\/\/urbanglide.com\/wp-content\/uploads\/2025\/01\/RIDE-85EVO.png\" \/>\n\t<meta property=\"og:image:width\" content=\"1000\" \/>\n\t<meta property=\"og:image:height\" content=\"1000\" \/>\n\t<meta property=\"og:image:type\" content=\"image\/png\" \/>\n<meta name=\"twitter:card\" content=\"summary_large_image\" \/>\n<meta name=\"twitter:label1\" content=\"Tiempo de lectura\" \/>\n\t<meta name=\"twitter:data1\" content=\"1 minuto\" \/>\n<script type=\"application\/ld+json\" class=\"yoast-schema-graph\">{\"@context\":\"https:\/\/schema.org\",\"@graph\":[{\"@type\":\"WebPage\",\"@id\":\"https:\/\/urbanglide.com\/es\/produit\/85-evo\/\",\"url\":\"https:\/\/urbanglide.com\/es\/produit\/85-evo\/\",\"name\":\"Patinete el\u00e9ctrico 85 EVO - UrbanGlide\",\"isPartOf\":{\"@id\":\"https:\/\/urbanglide.com\/#website\"},\"primaryImageOfPage\":{\"@id\":\"https:\/\/urbanglide.com\/es\/produit\/85-evo\/#primaryimage\"},\"image\":{\"@id\":\"https:\/\/urbanglide.com\/es\/produit\/85-evo\/#primaryimage\"},\"thumbnailUrl\":\"https:\/\/urbanglide.com\/wp-content\/uploads\/2025\/01\/RIDE-85EVO.png\",\"datePublished\":\"2025-02-25T14:18:35+00:00\",\"dateModified\":\"2026-02-04T01:30:48+00:00\",\"description\":\"85 EVO Autonom\u00eda de hasta 20 km, neum\u00e1ticos tubulares de 8,5\\\", freno de disco y doble suspensi\u00f3n delantera. Pr\u00e1ctica en todas partes, pesa s\u00f3lo 15 kg.\",\"breadcrumb\":{\"@id\":\"https:\/\/urbanglide.com\/es\/produit\/85-evo\/#breadcrumb\"},\"inLanguage\":\"es\",\"potentialAction\":[{\"@type\":\"ReadAction\",\"target\":[\"https:\/\/urbanglide.com\/es\/produit\/85-evo\/\"]}]},{\"@type\":\"ImageObject\",\"inLanguage\":\"es\",\"@id\":\"https:\/\/urbanglide.com\/es\/produit\/85-evo\/#primaryimage\",\"url\":\"https:\/\/urbanglide.com\/wp-content\/uploads\/2025\/01\/RIDE-85EVO.png\",\"contentUrl\":\"https:\/\/urbanglide.com\/wp-content\/uploads\/2025\/01\/RIDE-85EVO.png\",\"width\":1000,\"height\":1000},{\"@type\":\"BreadcrumbList\",\"@id\":\"https:\/\/urbanglide.com\/es\/produit\/85-evo\/#breadcrumb\",\"itemListElement\":[{\"@type\":\"ListItem\",\"position\":1,\"name\":\"Accueil\",\"item\":\"https:\/\/urbanglide.com\/es\/pagina-de-urbanglide-nueva-version\/\"},{\"@type\":\"ListItem\",\"position\":2,\"name\":\"Tienda\",\"item\":\"https:\/\/urbanglide.com\/es\/tienda\/\"},{\"@type\":\"ListItem\",\"position\":3,\"name\":\"85 EVO\"}]},{\"@type\":\"WebSite\",\"@id\":\"https:\/\/urbanglide.com\/#website\",\"url\":\"https:\/\/urbanglide.com\/\",\"name\":\"Urbanglide\",\"description\":\"Expert fran\u00e7ais de la mobilit\u00e9 \u00e9lectrique\",\"potentialAction\":[{\"@type\":\"SearchAction\",\"target\":{\"@type\":\"EntryPoint\",\"urlTemplate\":\"https:\/\/urbanglide.com\/?s={search_term_string}\"},\"query-input\":{\"@type\":\"PropertyValueSpecification\",\"valueRequired\":true,\"valueName\":\"search_term_string\"}}],\"inLanguage\":\"es\"}]}<\/script>\n<!-- \/ Yoast SEO plugin. -->","yoast_head_json":{"title":"Patinete el\u00e9ctrico 85 EVO - UrbanGlide","description":"85 EVO Autonom\u00eda de hasta 20 km, neum\u00e1ticos tubulares de 8,5\", freno de disco y doble suspensi\u00f3n delantera. Pr\u00e1ctica en todas partes, pesa s\u00f3lo 15 kg.","robots":{"index":"index","follow":"follow","max-snippet":"max-snippet:-1","max-image-preview":"max-image-preview:large","max-video-preview":"max-video-preview:-1"},"canonical":"https:\/\/urbanglide.com\/es\/produit\/85-evo\/","og_locale":"es_ES","og_type":"article","og_title":"Patinete el\u00e9ctrico 85 EVO - UrbanGlide","og_description":"85 EVO Autonom\u00eda de hasta 20 km, neum\u00e1ticos tubulares de 8,5\", freno de disco y doble suspensi\u00f3n delantera. Pr\u00e1ctica en todas partes, pesa s\u00f3lo 15 kg.","og_url":"https:\/\/urbanglide.com\/es\/produit\/85-evo\/","og_site_name":"UrbanGlide","article_modified_time":"2026-02-04T01:30:48+00:00","og_image":[{"width":1000,"height":1000,"url":"https:\/\/urbanglide.com\/wp-content\/uploads\/2025\/01\/RIDE-85EVO.png","type":"image\/png"}],"twitter_card":"summary_large_image","twitter_misc":{"Tiempo de lectura":"1 minuto"},"schema":{"@context":"https:\/\/schema.org","@graph":[{"@type":"WebPage","@id":"https:\/\/urbanglide.com\/es\/produit\/85-evo\/","url":"https:\/\/urbanglide.com\/es\/produit\/85-evo\/","name":"Patinete el\u00e9ctrico 85 EVO - UrbanGlide","isPartOf":{"@id":"https:\/\/urbanglide.com\/#website"},"primaryImageOfPage":{"@id":"https:\/\/urbanglide.com\/es\/produit\/85-evo\/#primaryimage"},"image":{"@id":"https:\/\/urbanglide.com\/es\/produit\/85-evo\/#primaryimage"},"thumbnailUrl":"https:\/\/urbanglide.com\/wp-content\/uploads\/2025\/01\/RIDE-85EVO.png","datePublished":"2025-02-25T14:18:35+00:00","dateModified":"2026-02-04T01:30:48+00:00","description":"85 EVO Autonom\u00eda de hasta 20 km, neum\u00e1ticos tubulares de 8,5\", freno de disco y doble suspensi\u00f3n delantera. Pr\u00e1ctica en todas partes, pesa s\u00f3lo 15 kg.","breadcrumb":{"@id":"https:\/\/urbanglide.com\/es\/produit\/85-evo\/#breadcrumb"},"inLanguage":"es","potentialAction":[{"@type":"ReadAction","target":["https:\/\/urbanglide.com\/es\/produit\/85-evo\/"]}]},{"@type":"ImageObject","inLanguage":"es","@id":"https:\/\/urbanglide.com\/es\/produit\/85-evo\/#primaryimage","url":"https:\/\/urbanglide.com\/wp-content\/uploads\/2025\/01\/RIDE-85EVO.png","contentUrl":"https:\/\/urbanglide.com\/wp-content\/uploads\/2025\/01\/RIDE-85EVO.png","width":1000,"height":1000},{"@type":"BreadcrumbList","@id":"https:\/\/urbanglide.com\/es\/produit\/85-evo\/#breadcrumb","itemListElement":[{"@type":"ListItem","position":1,"name":"Accueil","item":"https:\/\/urbanglide.com\/es\/pagina-de-urbanglide-nueva-version\/"},{"@type":"ListItem","position":2,"name":"Tienda","item":"https:\/\/urbanglide.com\/es\/tienda\/"},{"@type":"ListItem","position":3,"name":"85 EVO"}]},{"@type":"WebSite","@id":"https:\/\/urbanglide.com\/#website","url":"https:\/\/urbanglide.com\/","name":"Urbanglide","description":"Expert fran\u00e7ais de la mobilit\u00e9 \u00e9lectrique","potentialAction":[{"@type":"SearchAction","target":{"@type":"EntryPoint","urlTemplate":"https:\/\/urbanglide.com\/?s={search_term_string}"},"query-input":{"@type":"PropertyValueSpecification","valueRequired":true,"valueName":"search_term_string"}}],"inLanguage":"es"}]}},"_links":{"self":[{"href":"https:\/\/urbanglide.com\/es\/wp-json\/wp\/v2\/product\/79723","targetHints":{"allow":["GET"]}}],"collection":[{"href":"https:\/\/urbanglide.com\/es\/wp-json\/wp\/v2\/product"}],"about":[{"href":"https:\/\/urbanglide.com\/es\/wp-json\/wp\/v2\/types\/product"}],"version-history":[{"count":0,"href":"https:\/\/urbanglide.com\/es\/wp-json\/wp\/v2\/product\/79723\/revisions"}],"wp:featuredmedia":[{"embeddable":true,"href":"https:\/\/urbanglide.com\/es\/wp-json\/wp\/v2\/media\/73950"}],"wp:attachment":[{"href":"https:\/\/urbanglide.com\/es\/wp-json\/wp\/v2\/media?parent=79723"}],"wp:term":[{"taxonomy":"product_brand","embeddable":true,"href":"https:\/\/urbanglide.com\/es\/wp-json\/wp\/v2\/product_brand?post=79723"},{"taxonomy":"product_cat","embeddable":true,"href":"https:\/\/urbanglide.com\/es\/wp-json\/wp\/v2\/product_cat?post=79723"},{"taxonomy":"product_tag","embeddable":true,"href":"https:\/\/urbanglide.com\/es\/wp-json\/wp\/v2\/product_tag?post=79723"}],"curies":[{"name":"wp","href":"https:\/\/api.w.org\/{rel}","templated":true}]}}