{"id":87126,"date":"2024-11-22T10:37:45","date_gmt":"2024-11-22T10:37:45","guid":{"rendered":"https:\/\/urbanglide.com\/produit\/soporte-para-telefono\/"},"modified":"2025-12-03T00:41:06","modified_gmt":"2025-12-03T00:41:06","slug":"soporte-para-telefono","status":"publish","type":"product","link":"https:\/\/urbanglide.com\/es\/produit\/soporte-para-telefono\/","title":{"rendered":"Soporte para tel\u00e9fono"},"content":{"rendered":"<p>El soporte para tel\u00e9fono UrbanGlide es el accesorio perfecto para mantener tu smartphone accesible y seguro mientras te desplazas en tu scooter el\u00e9ctrico. F\u00e1cil de instalar y compatible con la mayor\u00eda de modelos de tel\u00e9fono, proporciona una sujeci\u00f3n segura y un \u00e1ngulo de visi\u00f3n ideal para seguir tu navegaci\u00f3n sin distraerte de la carretera. <\/p>\n","protected":false},"excerpt":{"rendered":"<p>El soporte para tel\u00e9fono UrbanGlide es el accesorio perfecto para mantener tu smartphone accesible y seguro mientras te desplazas en [&hellip;]<\/p>\n","protected":false},"featured_media":70188,"template":"","meta":[],"product_brand":[],"product_cat":[90,105],"product_tag":[],"class_list":{"0":"post-87126","1":"product","2":"type-product","3":"status-publish","4":"has-post-thumbnail","6":"product_cat-accesorios","7":"product_cat-oferta-promocional","8":"product_shipping_class-05-kg-es-2","10":"first","11":"onbackorder","12":"taxable","13":"shipping-taxable","14":"purchasable","15":"product-type-simple"},"yoast_head":"<!-- This site is optimized with the Yoast SEO plugin v27.1.1 - https:\/\/yoast.com\/product\/yoast-seo-wordpress\/ -->\n<title>Soporte para tel\u00e9fono - UrbanGlide<\/title>\n<meta name=\"description\" content=\"Adecuado para todos los modelos de tel\u00e9fono. Sistema de fijaci\u00f3n por tornillo ajustable. Gira 360 grados para una visibilidad \u00f3ptima.\" \/>\n<meta name=\"robots\" content=\"index, follow, max-snippet:-1, max-image-preview:large, max-video-preview:-1\" \/>\n<link rel=\"canonical\" href=\"https:\/\/urbanglide.com\/es\/produit\/soporte-para-telefono\/\" \/>\n<meta property=\"og:locale\" content=\"es_ES\" \/>\n<meta property=\"og:type\" content=\"article\" \/>\n<meta property=\"og:title\" content=\"Soporte para tel\u00e9fono - UrbanGlide\" \/>\n<meta property=\"og:description\" content=\"Adecuado para todos los modelos de tel\u00e9fono. Sistema de fijaci\u00f3n por tornillo ajustable. Gira 360 grados para una visibilidad \u00f3ptima.\" \/>\n<meta property=\"og:url\" content=\"https:\/\/urbanglide.com\/es\/produit\/soporte-para-telefono\/\" \/>\n<meta property=\"og:site_name\" content=\"UrbanGlide\" \/>\n<meta property=\"article:modified_time\" content=\"2025-12-03T00:41:06+00:00\" \/>\n<meta property=\"og:image\" content=\"https:\/\/urbanglide.com\/wp-content\/uploads\/2024\/11\/SUPPORTTEL.png\" \/>\n\t<meta property=\"og:image:width\" content=\"1000\" \/>\n\t<meta property=\"og:image:height\" content=\"1000\" \/>\n\t<meta property=\"og:image:type\" content=\"image\/png\" \/>\n<meta name=\"twitter:card\" content=\"summary_large_image\" \/>\n<meta name=\"twitter:label1\" content=\"Tiempo de lectura\" \/>\n\t<meta name=\"twitter:data1\" content=\"1 minuto\" \/>\n<script type=\"application\/ld+json\" class=\"yoast-schema-graph\">{\"@context\":\"https:\/\/schema.org\",\"@graph\":[{\"@type\":\"WebPage\",\"@id\":\"https:\/\/urbanglide.com\/es\/produit\/soporte-para-telefono\/\",\"url\":\"https:\/\/urbanglide.com\/es\/produit\/soporte-para-telefono\/\",\"name\":\"Soporte para tel\u00e9fono - UrbanGlide\",\"isPartOf\":{\"@id\":\"https:\/\/urbanglide.com\/#website\"},\"primaryImageOfPage\":{\"@id\":\"https:\/\/urbanglide.com\/es\/produit\/soporte-para-telefono\/#primaryimage\"},\"image\":{\"@id\":\"https:\/\/urbanglide.com\/es\/produit\/soporte-para-telefono\/#primaryimage\"},\"thumbnailUrl\":\"https:\/\/urbanglide.com\/wp-content\/uploads\/2024\/11\/SUPPORTTEL.png\",\"datePublished\":\"2024-11-22T10:37:45+00:00\",\"dateModified\":\"2025-12-03T00:41:06+00:00\",\"description\":\"Adecuado para todos los modelos de tel\u00e9fono. Sistema de fijaci\u00f3n por tornillo ajustable. Gira 360 grados para una visibilidad \u00f3ptima.\",\"breadcrumb\":{\"@id\":\"https:\/\/urbanglide.com\/es\/produit\/soporte-para-telefono\/#breadcrumb\"},\"inLanguage\":\"es\",\"potentialAction\":[{\"@type\":\"ReadAction\",\"target\":[\"https:\/\/urbanglide.com\/es\/produit\/soporte-para-telefono\/\"]}]},{\"@type\":\"ImageObject\",\"inLanguage\":\"es\",\"@id\":\"https:\/\/urbanglide.com\/es\/produit\/soporte-para-telefono\/#primaryimage\",\"url\":\"https:\/\/urbanglide.com\/wp-content\/uploads\/2024\/11\/SUPPORTTEL.png\",\"contentUrl\":\"https:\/\/urbanglide.com\/wp-content\/uploads\/2024\/11\/SUPPORTTEL.png\",\"width\":1000,\"height\":1000},{\"@type\":\"BreadcrumbList\",\"@id\":\"https:\/\/urbanglide.com\/es\/produit\/soporte-para-telefono\/#breadcrumb\",\"itemListElement\":[{\"@type\":\"ListItem\",\"position\":1,\"name\":\"Accueil\",\"item\":\"https:\/\/urbanglide.com\/es\/pagina-de-urbanglide-nueva-version\/\"},{\"@type\":\"ListItem\",\"position\":2,\"name\":\"Tienda\",\"item\":\"https:\/\/urbanglide.com\/es\/tienda\/\"},{\"@type\":\"ListItem\",\"position\":3,\"name\":\"Soporte para tel\u00e9fono\"}]},{\"@type\":\"WebSite\",\"@id\":\"https:\/\/urbanglide.com\/#website\",\"url\":\"https:\/\/urbanglide.com\/\",\"name\":\"Urbanglide\",\"description\":\"Expert fran\u00e7ais de la mobilit\u00e9 \u00e9lectrique\",\"potentialAction\":[{\"@type\":\"SearchAction\",\"target\":{\"@type\":\"EntryPoint\",\"urlTemplate\":\"https:\/\/urbanglide.com\/?s={search_term_string}\"},\"query-input\":{\"@type\":\"PropertyValueSpecification\",\"valueRequired\":true,\"valueName\":\"search_term_string\"}}],\"inLanguage\":\"es\"}]}<\/script>\n<!-- \/ Yoast SEO plugin. -->","yoast_head_json":{"title":"Soporte para tel\u00e9fono - UrbanGlide","description":"Adecuado para todos los modelos de tel\u00e9fono. Sistema de fijaci\u00f3n por tornillo ajustable. Gira 360 grados para una visibilidad \u00f3ptima.","robots":{"index":"index","follow":"follow","max-snippet":"max-snippet:-1","max-image-preview":"max-image-preview:large","max-video-preview":"max-video-preview:-1"},"canonical":"https:\/\/urbanglide.com\/es\/produit\/soporte-para-telefono\/","og_locale":"es_ES","og_type":"article","og_title":"Soporte para tel\u00e9fono - UrbanGlide","og_description":"Adecuado para todos los modelos de tel\u00e9fono. Sistema de fijaci\u00f3n por tornillo ajustable. Gira 360 grados para una visibilidad \u00f3ptima.","og_url":"https:\/\/urbanglide.com\/es\/produit\/soporte-para-telefono\/","og_site_name":"UrbanGlide","article_modified_time":"2025-12-03T00:41:06+00:00","og_image":[{"width":1000,"height":1000,"url":"https:\/\/urbanglide.com\/wp-content\/uploads\/2024\/11\/SUPPORTTEL.png","type":"image\/png"}],"twitter_card":"summary_large_image","twitter_misc":{"Tiempo de lectura":"1 minuto"},"schema":{"@context":"https:\/\/schema.org","@graph":[{"@type":"WebPage","@id":"https:\/\/urbanglide.com\/es\/produit\/soporte-para-telefono\/","url":"https:\/\/urbanglide.com\/es\/produit\/soporte-para-telefono\/","name":"Soporte para tel\u00e9fono - UrbanGlide","isPartOf":{"@id":"https:\/\/urbanglide.com\/#website"},"primaryImageOfPage":{"@id":"https:\/\/urbanglide.com\/es\/produit\/soporte-para-telefono\/#primaryimage"},"image":{"@id":"https:\/\/urbanglide.com\/es\/produit\/soporte-para-telefono\/#primaryimage"},"thumbnailUrl":"https:\/\/urbanglide.com\/wp-content\/uploads\/2024\/11\/SUPPORTTEL.png","datePublished":"2024-11-22T10:37:45+00:00","dateModified":"2025-12-03T00:41:06+00:00","description":"Adecuado para todos los modelos de tel\u00e9fono. Sistema de fijaci\u00f3n por tornillo ajustable. Gira 360 grados para una visibilidad \u00f3ptima.","breadcrumb":{"@id":"https:\/\/urbanglide.com\/es\/produit\/soporte-para-telefono\/#breadcrumb"},"inLanguage":"es","potentialAction":[{"@type":"ReadAction","target":["https:\/\/urbanglide.com\/es\/produit\/soporte-para-telefono\/"]}]},{"@type":"ImageObject","inLanguage":"es","@id":"https:\/\/urbanglide.com\/es\/produit\/soporte-para-telefono\/#primaryimage","url":"https:\/\/urbanglide.com\/wp-content\/uploads\/2024\/11\/SUPPORTTEL.png","contentUrl":"https:\/\/urbanglide.com\/wp-content\/uploads\/2024\/11\/SUPPORTTEL.png","width":1000,"height":1000},{"@type":"BreadcrumbList","@id":"https:\/\/urbanglide.com\/es\/produit\/soporte-para-telefono\/#breadcrumb","itemListElement":[{"@type":"ListItem","position":1,"name":"Accueil","item":"https:\/\/urbanglide.com\/es\/pagina-de-urbanglide-nueva-version\/"},{"@type":"ListItem","position":2,"name":"Tienda","item":"https:\/\/urbanglide.com\/es\/tienda\/"},{"@type":"ListItem","position":3,"name":"Soporte para tel\u00e9fono"}]},{"@type":"WebSite","@id":"https:\/\/urbanglide.com\/#website","url":"https:\/\/urbanglide.com\/","name":"Urbanglide","description":"Expert fran\u00e7ais de la mobilit\u00e9 \u00e9lectrique","potentialAction":[{"@type":"SearchAction","target":{"@type":"EntryPoint","urlTemplate":"https:\/\/urbanglide.com\/?s={search_term_string}"},"query-input":{"@type":"PropertyValueSpecification","valueRequired":true,"valueName":"search_term_string"}}],"inLanguage":"es"}]}},"_links":{"self":[{"href":"https:\/\/urbanglide.com\/es\/wp-json\/wp\/v2\/product\/87126","targetHints":{"allow":["GET"]}}],"collection":[{"href":"https:\/\/urbanglide.com\/es\/wp-json\/wp\/v2\/product"}],"about":[{"href":"https:\/\/urbanglide.com\/es\/wp-json\/wp\/v2\/types\/product"}],"version-history":[{"count":0,"href":"https:\/\/urbanglide.com\/es\/wp-json\/wp\/v2\/product\/87126\/revisions"}],"wp:featuredmedia":[{"embeddable":true,"href":"https:\/\/urbanglide.com\/es\/wp-json\/wp\/v2\/media\/70188"}],"wp:attachment":[{"href":"https:\/\/urbanglide.com\/es\/wp-json\/wp\/v2\/media?parent=87126"}],"wp:term":[{"taxonomy":"product_brand","embeddable":true,"href":"https:\/\/urbanglide.com\/es\/wp-json\/wp\/v2\/product_brand?post=87126"},{"taxonomy":"product_cat","embeddable":true,"href":"https:\/\/urbanglide.com\/es\/wp-json\/wp\/v2\/product_cat?post=87126"},{"taxonomy":"product_tag","embeddable":true,"href":"https:\/\/urbanglide.com\/es\/wp-json\/wp\/v2\/product_tag?post=87126"}],"curies":[{"name":"wp","href":"https:\/\/api.w.org\/{rel}","templated":true}]}}