{"id":87130,"date":"2024-11-22T10:34:51","date_gmt":"2024-11-22T10:34:51","guid":{"rendered":"https:\/\/urbanglide.com\/produit\/cuerno\/"},"modified":"2025-12-03T00:40:44","modified_gmt":"2025-12-03T00:40:44","slug":"cuerno","status":"publish","type":"product","link":"https:\/\/urbanglide.com\/es\/produit\/cuerno\/","title":{"rendered":"Cuerno"},"content":{"rendered":"<p>La bocina UrbanGlide es el accesorio ideal para se\u00f1alizar tu presencia en cualquier situaci\u00f3n. Potente y compacta, garantiza tu seguridad en entornos urbanos. <\/p>\n<p>Con su se\u00f1al de 120 dB, la bocina UrbanGlide se asegura de que te oigan.<\/p>\n","protected":false},"excerpt":{"rendered":"<p>La bocina UrbanGlide es el accesorio ideal para se\u00f1alizar tu presencia en cualquier situaci\u00f3n. Potente y compacta, garantiza tu seguridad [&hellip;]<\/p>\n","protected":false},"featured_media":70163,"template":"","meta":[],"product_brand":[],"product_cat":[90,105],"product_tag":[],"class_list":{"0":"post-87130","1":"product","2":"type-product","3":"status-publish","4":"has-post-thumbnail","6":"product_cat-accesorios","7":"product_cat-oferta-promocional","8":"product_shipping_class-05-kg-es-2","10":"first","11":"instock","12":"taxable","13":"shipping-taxable","14":"purchasable","15":"product-type-simple"},"yoast_head":"<!-- This site is optimized with the Yoast SEO plugin v27.1.1 - https:\/\/yoast.com\/product\/yoast-seo-wordpress\/ -->\n<title>Cuerno - UrbanGlide<\/title>\n<meta name=\"description\" content=\"Potente sonido de 120 dB, ajustable a 3 niveles. Bater\u00eda recargable incorporada y 1 mando a distancia inal\u00e1mbrico (alcance de hasta 10 m).\" \/>\n<meta name=\"robots\" content=\"index, follow, max-snippet:-1, max-image-preview:large, max-video-preview:-1\" \/>\n<link rel=\"canonical\" href=\"https:\/\/urbanglide.com\/es\/produit\/cuerno\/\" \/>\n<meta property=\"og:locale\" content=\"es_ES\" \/>\n<meta property=\"og:type\" content=\"article\" \/>\n<meta property=\"og:title\" content=\"Cuerno - UrbanGlide\" \/>\n<meta property=\"og:description\" content=\"Potente sonido de 120 dB, ajustable a 3 niveles. Bater\u00eda recargable incorporada y 1 mando a distancia inal\u00e1mbrico (alcance de hasta 10 m).\" \/>\n<meta property=\"og:url\" content=\"https:\/\/urbanglide.com\/es\/produit\/cuerno\/\" \/>\n<meta property=\"og:site_name\" content=\"UrbanGlide\" \/>\n<meta property=\"article:modified_time\" content=\"2025-12-03T00:40:44+00:00\" \/>\n<meta property=\"og:image\" content=\"https:\/\/urbanglide.com\/wp-content\/uploads\/2024\/11\/KLAXON.png\" \/>\n\t<meta property=\"og:image:width\" content=\"1000\" \/>\n\t<meta property=\"og:image:height\" content=\"1000\" \/>\n\t<meta property=\"og:image:type\" content=\"image\/png\" \/>\n<meta name=\"twitter:card\" content=\"summary_large_image\" \/>\n<meta name=\"twitter:label1\" content=\"Tiempo de lectura\" \/>\n\t<meta name=\"twitter:data1\" content=\"1 minuto\" \/>\n<script type=\"application\/ld+json\" class=\"yoast-schema-graph\">{\"@context\":\"https:\/\/schema.org\",\"@graph\":[{\"@type\":\"WebPage\",\"@id\":\"https:\/\/urbanglide.com\/es\/produit\/cuerno\/\",\"url\":\"https:\/\/urbanglide.com\/es\/produit\/cuerno\/\",\"name\":\"Cuerno - UrbanGlide\",\"isPartOf\":{\"@id\":\"https:\/\/urbanglide.com\/#website\"},\"primaryImageOfPage\":{\"@id\":\"https:\/\/urbanglide.com\/es\/produit\/cuerno\/#primaryimage\"},\"image\":{\"@id\":\"https:\/\/urbanglide.com\/es\/produit\/cuerno\/#primaryimage\"},\"thumbnailUrl\":\"https:\/\/urbanglide.com\/wp-content\/uploads\/2024\/11\/KLAXON.png\",\"datePublished\":\"2024-11-22T10:34:51+00:00\",\"dateModified\":\"2025-12-03T00:40:44+00:00\",\"description\":\"Potente sonido de 120 dB, ajustable a 3 niveles. Bater\u00eda recargable incorporada y 1 mando a distancia inal\u00e1mbrico (alcance de hasta 10 m).\",\"breadcrumb\":{\"@id\":\"https:\/\/urbanglide.com\/es\/produit\/cuerno\/#breadcrumb\"},\"inLanguage\":\"es\",\"potentialAction\":[{\"@type\":\"ReadAction\",\"target\":[\"https:\/\/urbanglide.com\/es\/produit\/cuerno\/\"]}]},{\"@type\":\"ImageObject\",\"inLanguage\":\"es\",\"@id\":\"https:\/\/urbanglide.com\/es\/produit\/cuerno\/#primaryimage\",\"url\":\"https:\/\/urbanglide.com\/wp-content\/uploads\/2024\/11\/KLAXON.png\",\"contentUrl\":\"https:\/\/urbanglide.com\/wp-content\/uploads\/2024\/11\/KLAXON.png\",\"width\":1000,\"height\":1000},{\"@type\":\"BreadcrumbList\",\"@id\":\"https:\/\/urbanglide.com\/es\/produit\/cuerno\/#breadcrumb\",\"itemListElement\":[{\"@type\":\"ListItem\",\"position\":1,\"name\":\"Accueil\",\"item\":\"https:\/\/urbanglide.com\/es\/pagina-de-urbanglide-nueva-version\/\"},{\"@type\":\"ListItem\",\"position\":2,\"name\":\"Tienda\",\"item\":\"https:\/\/urbanglide.com\/es\/tienda\/\"},{\"@type\":\"ListItem\",\"position\":3,\"name\":\"Cuerno\"}]},{\"@type\":\"WebSite\",\"@id\":\"https:\/\/urbanglide.com\/#website\",\"url\":\"https:\/\/urbanglide.com\/\",\"name\":\"Urbanglide\",\"description\":\"Expert fran\u00e7ais de la mobilit\u00e9 \u00e9lectrique\",\"potentialAction\":[{\"@type\":\"SearchAction\",\"target\":{\"@type\":\"EntryPoint\",\"urlTemplate\":\"https:\/\/urbanglide.com\/?s={search_term_string}\"},\"query-input\":{\"@type\":\"PropertyValueSpecification\",\"valueRequired\":true,\"valueName\":\"search_term_string\"}}],\"inLanguage\":\"es\"}]}<\/script>\n<!-- \/ Yoast SEO plugin. -->","yoast_head_json":{"title":"Cuerno - UrbanGlide","description":"Potente sonido de 120 dB, ajustable a 3 niveles. Bater\u00eda recargable incorporada y 1 mando a distancia inal\u00e1mbrico (alcance de hasta 10 m).","robots":{"index":"index","follow":"follow","max-snippet":"max-snippet:-1","max-image-preview":"max-image-preview:large","max-video-preview":"max-video-preview:-1"},"canonical":"https:\/\/urbanglide.com\/es\/produit\/cuerno\/","og_locale":"es_ES","og_type":"article","og_title":"Cuerno - UrbanGlide","og_description":"Potente sonido de 120 dB, ajustable a 3 niveles. Bater\u00eda recargable incorporada y 1 mando a distancia inal\u00e1mbrico (alcance de hasta 10 m).","og_url":"https:\/\/urbanglide.com\/es\/produit\/cuerno\/","og_site_name":"UrbanGlide","article_modified_time":"2025-12-03T00:40:44+00:00","og_image":[{"width":1000,"height":1000,"url":"https:\/\/urbanglide.com\/wp-content\/uploads\/2024\/11\/KLAXON.png","type":"image\/png"}],"twitter_card":"summary_large_image","twitter_misc":{"Tiempo de lectura":"1 minuto"},"schema":{"@context":"https:\/\/schema.org","@graph":[{"@type":"WebPage","@id":"https:\/\/urbanglide.com\/es\/produit\/cuerno\/","url":"https:\/\/urbanglide.com\/es\/produit\/cuerno\/","name":"Cuerno - UrbanGlide","isPartOf":{"@id":"https:\/\/urbanglide.com\/#website"},"primaryImageOfPage":{"@id":"https:\/\/urbanglide.com\/es\/produit\/cuerno\/#primaryimage"},"image":{"@id":"https:\/\/urbanglide.com\/es\/produit\/cuerno\/#primaryimage"},"thumbnailUrl":"https:\/\/urbanglide.com\/wp-content\/uploads\/2024\/11\/KLAXON.png","datePublished":"2024-11-22T10:34:51+00:00","dateModified":"2025-12-03T00:40:44+00:00","description":"Potente sonido de 120 dB, ajustable a 3 niveles. Bater\u00eda recargable incorporada y 1 mando a distancia inal\u00e1mbrico (alcance de hasta 10 m).","breadcrumb":{"@id":"https:\/\/urbanglide.com\/es\/produit\/cuerno\/#breadcrumb"},"inLanguage":"es","potentialAction":[{"@type":"ReadAction","target":["https:\/\/urbanglide.com\/es\/produit\/cuerno\/"]}]},{"@type":"ImageObject","inLanguage":"es","@id":"https:\/\/urbanglide.com\/es\/produit\/cuerno\/#primaryimage","url":"https:\/\/urbanglide.com\/wp-content\/uploads\/2024\/11\/KLAXON.png","contentUrl":"https:\/\/urbanglide.com\/wp-content\/uploads\/2024\/11\/KLAXON.png","width":1000,"height":1000},{"@type":"BreadcrumbList","@id":"https:\/\/urbanglide.com\/es\/produit\/cuerno\/#breadcrumb","itemListElement":[{"@type":"ListItem","position":1,"name":"Accueil","item":"https:\/\/urbanglide.com\/es\/pagina-de-urbanglide-nueva-version\/"},{"@type":"ListItem","position":2,"name":"Tienda","item":"https:\/\/urbanglide.com\/es\/tienda\/"},{"@type":"ListItem","position":3,"name":"Cuerno"}]},{"@type":"WebSite","@id":"https:\/\/urbanglide.com\/#website","url":"https:\/\/urbanglide.com\/","name":"Urbanglide","description":"Expert fran\u00e7ais de la mobilit\u00e9 \u00e9lectrique","potentialAction":[{"@type":"SearchAction","target":{"@type":"EntryPoint","urlTemplate":"https:\/\/urbanglide.com\/?s={search_term_string}"},"query-input":{"@type":"PropertyValueSpecification","valueRequired":true,"valueName":"search_term_string"}}],"inLanguage":"es"}]}},"_links":{"self":[{"href":"https:\/\/urbanglide.com\/es\/wp-json\/wp\/v2\/product\/87130","targetHints":{"allow":["GET"]}}],"collection":[{"href":"https:\/\/urbanglide.com\/es\/wp-json\/wp\/v2\/product"}],"about":[{"href":"https:\/\/urbanglide.com\/es\/wp-json\/wp\/v2\/types\/product"}],"version-history":[{"count":1,"href":"https:\/\/urbanglide.com\/es\/wp-json\/wp\/v2\/product\/87130\/revisions"}],"predecessor-version":[{"id":87131,"href":"https:\/\/urbanglide.com\/es\/wp-json\/wp\/v2\/product\/87130\/revisions\/87131"}],"wp:featuredmedia":[{"embeddable":true,"href":"https:\/\/urbanglide.com\/es\/wp-json\/wp\/v2\/media\/70163"}],"wp:attachment":[{"href":"https:\/\/urbanglide.com\/es\/wp-json\/wp\/v2\/media?parent=87130"}],"wp:term":[{"taxonomy":"product_brand","embeddable":true,"href":"https:\/\/urbanglide.com\/es\/wp-json\/wp\/v2\/product_brand?post=87130"},{"taxonomy":"product_cat","embeddable":true,"href":"https:\/\/urbanglide.com\/es\/wp-json\/wp\/v2\/product_cat?post=87130"},{"taxonomy":"product_tag","embeddable":true,"href":"https:\/\/urbanglide.com\/es\/wp-json\/wp\/v2\/product_tag?post=87130"}],"curies":[{"name":"wp","href":"https:\/\/api.w.org\/{rel}","templated":true}]}}