{"id":22366,"date":"2022-05-09T13:14:37","date_gmt":"2022-05-09T13:14:37","guid":{"rendered":"https:\/\/urbanglide.com\/mentions-legales\/"},"modified":"2023-09-11T12:52:21","modified_gmt":"2023-09-11T12:52:21","slug":"mentions-legales","status":"publish","type":"page","link":"https:\/\/urbanglide.com\/pt-pt\/mentions-legales\/","title":{"rendered":"Avisos legais"},"content":{"rendered":"\t\t<div data-elementor-type=\"wp-page\" data-elementor-id=\"22366\" class=\"elementor elementor-22366 elementor-38\" data-elementor-post-type=\"page\">\n\t\t\t\t\t\t<section class=\"elementor-section elementor-top-section elementor-element elementor-element-ad17a92 elementor-section-boxed elementor-section-height-default elementor-section-height-default\" data-id=\"ad17a92\" data-element_type=\"section\" data-e-type=\"section\">\n\t\t\t\t\t\t<div class=\"elementor-container elementor-column-gap-default\">\n\t\t\t\t\t<div class=\"elementor-column elementor-col-100 elementor-top-column elementor-element elementor-element-d4361e7\" data-id=\"d4361e7\" data-element_type=\"column\" data-e-type=\"column\">\n\t\t\t<div class=\"elementor-widget-wrap elementor-element-populated\">\n\t\t\t\t\t\t<div class=\"elementor-element elementor-element-03fe466 elementor-widget elementor-widget-spacer\" data-id=\"03fe466\" data-element_type=\"widget\" data-e-type=\"widget\" data-widget_type=\"spacer.default\">\n\t\t\t\t<div class=\"elementor-widget-container\">\n\t\t\t\t\t\t\t<div class=\"elementor-spacer\">\n\t\t\t<div class=\"elementor-spacer-inner\"><\/div>\n\t\t<\/div>\n\t\t\t\t\t\t<\/div>\n\t\t\t\t<\/div>\n\t\t\t\t\t<\/div>\n\t\t<\/div>\n\t\t\t\t\t<\/div>\n\t\t<\/section>\n\t\t\t\t<section class=\"elementor-section elementor-top-section elementor-element elementor-element-12f19a4 elementor-section-boxed elementor-section-height-default elementor-section-height-default\" data-id=\"12f19a4\" data-element_type=\"section\" data-e-type=\"section\" data-settings=\"{&quot;background_background&quot;:&quot;classic&quot;}\">\n\t\t\t\t\t\t<div class=\"elementor-container elementor-column-gap-default\">\n\t\t\t\t\t<div class=\"elementor-column elementor-col-100 elementor-top-column elementor-element elementor-element-f0b3a0e\" data-id=\"f0b3a0e\" data-element_type=\"column\" data-e-type=\"column\">\n\t\t\t<div class=\"elementor-widget-wrap elementor-element-populated\">\n\t\t\t\t\t\t<div class=\"elementor-element elementor-element-9ed756f elementor-widget elementor-widget-heading\" data-id=\"9ed756f\" data-element_type=\"widget\" data-e-type=\"widget\" data-widget_type=\"heading.default\">\n\t\t\t\t<div class=\"elementor-widget-container\">\n\t\t\t\t\t<h1 class=\"elementor-heading-title elementor-size-default\">AVISOS LEGAIS<\/h1>\t\t\t\t<\/div>\n\t\t\t\t<\/div>\n\t\t\t\t<div class=\"elementor-element elementor-element-2c31c48 elementor-widget elementor-widget-toggle\" data-id=\"2c31c48\" data-element_type=\"widget\" data-e-type=\"widget\" data-widget_type=\"toggle.default\">\n\t\t\t\t<div class=\"elementor-widget-container\">\n\t\t\t\t\t\t\t<div class=\"elementor-toggle\">\n\t\t\t\t\t\t\t<div class=\"elementor-toggle-item\">\n\t\t\t\t\t<h2 id=\"elementor-tab-title-4631\" class=\"elementor-tab-title\" data-tab=\"1\" role=\"button\" aria-controls=\"elementor-tab-content-4631\" aria-expanded=\"false\">\n\t\t\t\t\t\t\t\t\t\t\t\t<a class=\"elementor-toggle-title\" tabindex=\"0\">I. INTRODU\u00c7\u00c3O<\/a>\n\t\t\t\t\t<\/h2>\n\n\t\t\t\t\t<div id=\"elementor-tab-content-4631\" class=\"elementor-tab-content elementor-clearfix\" data-tab=\"1\" role=\"region\" aria-labelledby=\"elementor-tab-title-4631\"><p>Leia atentamente as presentes condi\u00e7\u00f5es de utiliza\u00e7\u00e3o antes de utilizar este s\u00edtio. Ao ligar-se a este s\u00edtio, o utilizador aceita sem reservas as presentes condi\u00e7\u00f5es. Em conformidade com o artigo 6.\u00ba da Lei n.\u00ba 2004-575, de 21 de junho de 2004, relativa \u00e0 confian\u00e7a na economia digital, os respons\u00e1veis por este s\u00edtio Web &#8220;www.urbanglide.com&#8221; s\u00e3o :<\/p>\n<\/div>\n\t\t\t\t<\/div>\n\t\t\t\t\t\t\t<div class=\"elementor-toggle-item\">\n\t\t\t\t\t<h2 id=\"elementor-tab-title-4632\" class=\"elementor-tab-title\" data-tab=\"2\" role=\"button\" aria-controls=\"elementor-tab-content-4632\" aria-expanded=\"false\">\n\t\t\t\t\t\t\t\t\t\t\t\t<a class=\"elementor-toggle-title\" tabindex=\"0\">II. EDITOR DO S\u00cdTIO<\/a>\n\t\t\t\t\t<\/h2>\n\n\t\t\t\t\t<div id=\"elementor-tab-content-4632\" class=\"elementor-tab-content elementor-clearfix\" data-tab=\"2\" role=\"region\" aria-labelledby=\"elementor-tab-title-4632\"><p>PACT GROUP S.A.<br \/>\nN\u00famero SIRET: 337 891 873 00040<br \/>\nDiretor editorial: Maurice BODOKH<br \/>\n29 promenade Michel Simon, 93160 NOISY-LE-GRAND &#8211; FRAN\u00c7A<\/p>\n<p>Email :\u00a0<a href=\"https:\/\/urbanglide.com\/pt-pt\/contacto-tutoriais\/\">https:\/\/urbanglide.com\/contact\/\u00a0<\/a><\/p>\n<p>Site Web :\u00a0<a href=\"http:\/\/www.urbanglide.com\/\">www.urbanglide.com<\/a><\/p>\n<\/div>\n\t\t\t\t<\/div>\n\t\t\t\t\t\t\t<div class=\"elementor-toggle-item\">\n\t\t\t\t\t<h2 id=\"elementor-tab-title-4633\" class=\"elementor-tab-title\" data-tab=\"3\" role=\"button\" aria-controls=\"elementor-tab-content-4633\" aria-expanded=\"false\">\n\t\t\t\t\t\t\t\t\t\t\t\t<a class=\"elementor-toggle-title\" tabindex=\"0\">III. ALOJAMENTO<\/a>\n\t\t\t\t\t<\/h2>\n\n\t\t\t\t\t<div id=\"elementor-tab-content-4633\" class=\"elementor-tab-content elementor-clearfix\" data-tab=\"3\" role=\"region\" aria-labelledby=\"elementor-tab-title-4633\"><p>Alojamento: PACT GROUP S.A.<br \/>\n29 promenade Michel Simon, 93160 NOISY-LE-GRAND &#8211; FRAN\u00c7A<br \/>\nSite Web :\u00a0<a href=\"http:\/\/www.urbanglide.com\/\">www.urbanglide.com<\/a><\/p>\n<\/div>\n\t\t\t\t<\/div>\n\t\t\t\t\t\t\t<div class=\"elementor-toggle-item\">\n\t\t\t\t\t<h2 id=\"elementor-tab-title-4634\" class=\"elementor-tab-title\" data-tab=\"4\" role=\"button\" aria-controls=\"elementor-tab-content-4634\" aria-expanded=\"false\">\n\t\t\t\t\t\t\t\t\t\t\t\t<a class=\"elementor-toggle-title\" tabindex=\"0\">IV. DESENVOLVIMENTO<\/a>\n\t\t\t\t\t<\/h2>\n\n\t\t\t\t\t<div id=\"elementor-tab-content-4634\" class=\"elementor-tab-content elementor-clearfix\" data-tab=\"4\" role=\"region\" aria-labelledby=\"elementor-tab-title-4634\"><p>Promotor: Franck Milenkovic &#8211; Moorice<br \/>\nEndere\u00e7o: 25 boulevard de strasbourg, 75010 Paris<br \/>\nS\u00edtio Web: <a href=\"https:\/\/moorice.fr\/\">moorice.fr<\/a><\/p>\n<\/div>\n\t\t\t\t<\/div>\n\t\t\t\t\t\t\t<div class=\"elementor-toggle-item\">\n\t\t\t\t\t<h2 id=\"elementor-tab-title-4635\" class=\"elementor-tab-title\" data-tab=\"5\" role=\"button\" aria-controls=\"elementor-tab-content-4635\" aria-expanded=\"false\">\n\t\t\t\t\t\t\t\t\t\t\t\t<a class=\"elementor-toggle-title\" tabindex=\"0\">V. LIMITA\u00c7\u00c3O CONTRATUAL DOS DADOS<\/a>\n\t\t\t\t\t<\/h2>\n\n\t\t\t\t\t<div id=\"elementor-tab-content-4635\" class=\"elementor-tab-content elementor-clearfix\" data-tab=\"5\" role=\"region\" aria-labelledby=\"elementor-tab-title-4635\"><p>As informa\u00e7\u00f5es contidas neste s\u00edtio s\u00e3o t\u00e3o exactas quanto poss\u00edvel e o s\u00edtio \u00e9 atualizado em diferentes alturas do ano, mas pode conter imprecis\u00f5es ou omiss\u00f5es. Se detetar uma lacuna, um erro ou o que pare\u00e7a ser um mau funcionamento, queira comunic\u00e1-lo por correio eletr\u00f3nico para info@pactgroup.eu, descrevendo o problema com a maior precis\u00e3o poss\u00edvel (p\u00e1gina que causa o problema, tipo de computador e de navegador utilizado, etc.).<\/p>\n<p>Qualquer conte\u00fado descarregado \u00e9 feito por conta e risco do utilizador e sob a sua exclusiva responsabilidade. Por conseguinte, n\u00e3o pode ser aceite qualquer responsabilidade por eventuais danos no computador do utilizador ou qualquer perda de dados resultante do descarregamento. Al\u00e9m disso, o utilizador do site compromete-se a aceder ao site utilizando um equipamento recente, livre de v\u00edrus e com um navegador atualizado e de \u00faltima gera\u00e7\u00e3o.<\/p>\n<p>PACT GROUP S.A. n\u00e3o se responsabiliza pelas liga\u00e7\u00f5es de hipertexto estabelecidas neste site para outros recursos na Internet.<\/p>\n<\/div>\n\t\t\t\t<\/div>\n\t\t\t\t\t\t\t<div class=\"elementor-toggle-item\">\n\t\t\t\t\t<h2 id=\"elementor-tab-title-4636\" class=\"elementor-tab-title\" data-tab=\"6\" role=\"button\" aria-controls=\"elementor-tab-content-4636\" aria-expanded=\"false\">\n\t\t\t\t\t\t\t\t\t\t\t\t<a class=\"elementor-toggle-title\" tabindex=\"0\">VI. PROPRIEDADE INTELECTUAL<\/a>\n\t\t\t\t\t<\/h2>\n\n\t\t\t\t\t<div id=\"elementor-tab-content-4636\" class=\"elementor-tab-content elementor-clearfix\" data-tab=\"6\" role=\"region\" aria-labelledby=\"elementor-tab-title-4636\"><p>Todos os conte\u00fados do site <a href=\"http:\/\/www.urbanglide.com\/\">www.urbanglide.com<\/a>, incluindo mas n\u00e3o se limitando a gr\u00e1ficos, imagens, textos, v\u00eddeos, anima\u00e7\u00f5es, sons, log\u00f3tipos, gifs e \u00edcones, bem como a sua disposi\u00e7\u00e3o, s\u00e3o propriedade exclusiva da empresa, com exce\u00e7\u00e3o das marcas, log\u00f3tipos ou conte\u00fados pertencentes a outras empresas parceiras ou autores.<\/p>\n<p>Qualquer reprodu\u00e7\u00e3o, distribui\u00e7\u00e3o, modifica\u00e7\u00e3o, adapta\u00e7\u00e3o, retransmiss\u00e3o ou publica\u00e7\u00e3o, mesmo parcial, destes diferentes elementos \u00e9 estritamente proibida sem o consentimento expresso e por escrito do PACT GROUP. Esta representa\u00e7\u00e3o ou reprodu\u00e7\u00e3o, por qualquer meio que seja, constitui uma infra\u00e7\u00e3o pun\u00edvel pelos artigos L.335-2 e seguintes do C\u00f3digo da Propriedade Intelectual. A inobserv\u00e2ncia desta proibi\u00e7\u00e3o constitui uma infra\u00e7\u00e3o que pode implicar a responsabilidade civil e penal do infrator. Al\u00e9m disso, os propriet\u00e1rios dos Conte\u00fados copiados poder\u00e3o intentar uma a\u00e7\u00e3o judicial contra o utilizador.<\/p>\n<\/div>\n\t\t\t\t<\/div>\n\t\t\t\t\t\t\t<div class=\"elementor-toggle-item\">\n\t\t\t\t\t<h2 id=\"elementor-tab-title-4637\" class=\"elementor-tab-title\" data-tab=\"7\" role=\"button\" aria-controls=\"elementor-tab-content-4637\" aria-expanded=\"false\">\n\t\t\t\t\t\t\t\t\t\t\t\t<a class=\"elementor-toggle-title\" tabindex=\"0\">VII. LIT\u00cdGIOS<\/a>\n\t\t\t\t\t<\/h2>\n\n\t\t\t\t\t<div id=\"elementor-tab-content-4637\" class=\"elementor-tab-content elementor-clearfix\" data-tab=\"7\" role=\"region\" aria-labelledby=\"elementor-tab-title-4637\"><p>As presentes condi\u00e7\u00f5es gerais do s\u00edtio Web <a href=\"http:\/\/www.urbanglide.com\/\">www.urbanglide.com<\/a> s\u00e3o regidas pelo direito franc\u00eas e qualquer lit\u00edgio ou diferendo que possa resultar da interpreta\u00e7\u00e3o ou da execu\u00e7\u00e3o das presentes condi\u00e7\u00f5es gerais ser\u00e1 da compet\u00eancia exclusiva dos tribunais competentes da sede social da empresa. A l\u00edngua de refer\u00eancia para a resolu\u00e7\u00e3o de eventuais lit\u00edgios \u00e9 o franc\u00eas.<\/p>\n<\/div>\n\t\t\t\t<\/div>\n\t\t\t\t\t\t\t\t\t\t<script type=\"application\/ld+json\">{\"@context\":\"https:\\\/\\\/schema.org\",\"@type\":\"FAQPage\",\"mainEntity\":[{\"@type\":\"Question\",\"name\":\"I. INTRODU\\u00c7\\u00c3O\",\"acceptedAnswer\":{\"@type\":\"Answer\",\"text\":\"<p>Leia atentamente as presentes condi\\u00e7\\u00f5es de utiliza\\u00e7\\u00e3o antes de utilizar este s\\u00edtio. Ao ligar-se a este s\\u00edtio, o utilizador aceita sem reservas as presentes condi\\u00e7\\u00f5es. Em conformidade com o artigo 6.\\u00ba da Lei n.\\u00ba 2004-575, de 21 de junho de 2004, relativa \\u00e0 confian\\u00e7a na economia digital, os respons\\u00e1veis por este s\\u00edtio Web &#8220;www.urbanglide.com&#8221; s\\u00e3o :<\\\/p>\\n\"}},{\"@type\":\"Question\",\"name\":\"II. EDITOR DO S\\u00cdTIO\",\"acceptedAnswer\":{\"@type\":\"Answer\",\"text\":\"<p>PACT GROUP S.A.<br \\\/>\\nN\\u00famero SIRET: 337 891 873 00040<br \\\/>\\nDiretor editorial: Maurice BODOKH<br \\\/>\\n29 promenade Michel Simon, 93160 NOISY-LE-GRAND &#8211; FRAN\\u00c7A<\\\/p>\\n<p>Email :\\u00a0<a href=\\\"https:\\\/\\\/urbanglide.com\\\/pt-pt\\\/contacto-tutoriais\\\/\\\">https:\\\/\\\/urbanglide.com\\\/contact\\\/\\u00a0<\\\/a><\\\/p>\\n<p>Site Web :\\u00a0<a href=\\\"http:\\\/\\\/www.urbanglide.com\\\/\\\">www.urbanglide.com<\\\/a><\\\/p>\\n\"}},{\"@type\":\"Question\",\"name\":\"III. ALOJAMENTO\",\"acceptedAnswer\":{\"@type\":\"Answer\",\"text\":\"<p>Alojamento: PACT GROUP S.A.<br \\\/>\\n29 promenade Michel Simon, 93160 NOISY-LE-GRAND &#8211; FRAN\\u00c7A<br \\\/>\\nSite Web :\\u00a0<a href=\\\"http:\\\/\\\/www.urbanglide.com\\\/\\\">www.urbanglide.com<\\\/a><\\\/p>\\n\"}},{\"@type\":\"Question\",\"name\":\"IV. DESENVOLVIMENTO\",\"acceptedAnswer\":{\"@type\":\"Answer\",\"text\":\"<p>Promotor: Franck Milenkovic &#8211; Moorice<br \\\/>\\nEndere\\u00e7o: 25 boulevard de strasbourg, 75010 Paris<br \\\/>\\nS\\u00edtio Web: <a href=\\\"https:\\\/\\\/moorice.fr\\\/\\\">moorice.fr<\\\/a><\\\/p>\\n\"}},{\"@type\":\"Question\",\"name\":\"V. LIMITA\\u00c7\\u00c3O CONTRATUAL DOS DADOS\",\"acceptedAnswer\":{\"@type\":\"Answer\",\"text\":\"<p>As informa\\u00e7\\u00f5es contidas neste s\\u00edtio s\\u00e3o t\\u00e3o exactas quanto poss\\u00edvel e o s\\u00edtio \\u00e9 atualizado em diferentes alturas do ano, mas pode conter imprecis\\u00f5es ou omiss\\u00f5es. Se detetar uma lacuna, um erro ou o que pare\\u00e7a ser um mau funcionamento, queira comunic\\u00e1-lo por correio eletr\\u00f3nico para info@pactgroup.eu, descrevendo o problema com a maior precis\\u00e3o poss\\u00edvel (p\\u00e1gina que causa o problema, tipo de computador e de navegador utilizado, etc.).<\\\/p>\\n<p>Qualquer conte\\u00fado descarregado \\u00e9 feito por conta e risco do utilizador e sob a sua exclusiva responsabilidade. Por conseguinte, n\\u00e3o pode ser aceite qualquer responsabilidade por eventuais danos no computador do utilizador ou qualquer perda de dados resultante do descarregamento. Al\\u00e9m disso, o utilizador do site compromete-se a aceder ao site utilizando um equipamento recente, livre de v\\u00edrus e com um navegador atualizado e de \\u00faltima gera\\u00e7\\u00e3o.<\\\/p>\\n<p>PACT GROUP S.A. n\\u00e3o se responsabiliza pelas liga\\u00e7\\u00f5es de hipertexto estabelecidas neste site para outros recursos na Internet.<\\\/p>\\n\"}},{\"@type\":\"Question\",\"name\":\"VI. PROPRIEDADE INTELECTUAL\",\"acceptedAnswer\":{\"@type\":\"Answer\",\"text\":\"<p>Todos os conte\\u00fados do site <a href=\\\"http:\\\/\\\/www.urbanglide.com\\\/\\\">www.urbanglide.com<\\\/a>, incluindo mas n\\u00e3o se limitando a gr\\u00e1ficos, imagens, textos, v\\u00eddeos, anima\\u00e7\\u00f5es, sons, log\\u00f3tipos, gifs e \\u00edcones, bem como a sua disposi\\u00e7\\u00e3o, s\\u00e3o propriedade exclusiva da empresa, com exce\\u00e7\\u00e3o das marcas, log\\u00f3tipos ou conte\\u00fados pertencentes a outras empresas parceiras ou autores.<\\\/p>\\n<p>Qualquer reprodu\\u00e7\\u00e3o, distribui\\u00e7\\u00e3o, modifica\\u00e7\\u00e3o, adapta\\u00e7\\u00e3o, retransmiss\\u00e3o ou publica\\u00e7\\u00e3o, mesmo parcial, destes diferentes elementos \\u00e9 estritamente proibida sem o consentimento expresso e por escrito do PACT GROUP. Esta representa\\u00e7\\u00e3o ou reprodu\\u00e7\\u00e3o, por qualquer meio que seja, constitui uma infra\\u00e7\\u00e3o pun\\u00edvel pelos artigos L.335-2 e seguintes do C\\u00f3digo da Propriedade Intelectual. A inobserv\\u00e2ncia desta proibi\\u00e7\\u00e3o constitui uma infra\\u00e7\\u00e3o que pode implicar a responsabilidade civil e penal do infrator. Al\\u00e9m disso, os propriet\\u00e1rios dos Conte\\u00fados copiados poder\\u00e3o intentar uma a\\u00e7\\u00e3o judicial contra o utilizador.<\\\/p>\\n\"}},{\"@type\":\"Question\",\"name\":\"VII. LIT\\u00cdGIOS\",\"acceptedAnswer\":{\"@type\":\"Answer\",\"text\":\"<p>As presentes condi\\u00e7\\u00f5es gerais do s\\u00edtio Web <a href=\\\"http:\\\/\\\/www.urbanglide.com\\\/\\\">www.urbanglide.com<\\\/a> s\\u00e3o regidas pelo direito franc\\u00eas e qualquer lit\\u00edgio ou diferendo que possa resultar da interpreta\\u00e7\\u00e3o ou da execu\\u00e7\\u00e3o das presentes condi\\u00e7\\u00f5es gerais ser\\u00e1 da compet\\u00eancia exclusiva dos tribunais competentes da sede social da empresa. A l\\u00edngua de refer\\u00eancia para a resolu\\u00e7\\u00e3o de eventuais lit\\u00edgios \\u00e9 o franc\\u00eas.<\\\/p>\\n\"}}]}<\/script>\n\t\t\t\t\t<\/div>\n\t\t\t\t\t\t<\/div>\n\t\t\t\t<\/div>\n\t\t\t\t\t<\/div>\n\t\t<\/div>\n\t\t\t\t\t<\/div>\n\t\t<\/section>\n\t\t\t\t<section class=\"elementor-section elementor-top-section elementor-element elementor-element-23374d8 elementor-section-boxed elementor-section-height-default elementor-section-height-default\" data-id=\"23374d8\" data-element_type=\"section\" data-e-type=\"section\">\n\t\t\t\t\t\t<div class=\"elementor-container elementor-column-gap-default\">\n\t\t\t\t\t<div class=\"elementor-column elementor-col-100 elementor-top-column elementor-element elementor-element-99fae10\" data-id=\"99fae10\" data-element_type=\"column\" data-e-type=\"column\">\n\t\t\t<div class=\"elementor-widget-wrap elementor-element-populated\">\n\t\t\t\t\t\t<div class=\"elementor-element elementor-element-7c6a418 elementor-widget elementor-widget-spacer\" data-id=\"7c6a418\" data-element_type=\"widget\" data-e-type=\"widget\" data-widget_type=\"spacer.default\">\n\t\t\t\t<div class=\"elementor-widget-container\">\n\t\t\t\t\t\t\t<div class=\"elementor-spacer\">\n\t\t\t<div class=\"elementor-spacer-inner\"><\/div>\n\t\t<\/div>\n\t\t\t\t\t\t<\/div>\n\t\t\t\t<\/div>\n\t\t\t\t\t<\/div>\n\t\t<\/div>\n\t\t\t\t\t<\/div>\n\t\t<\/section>\n\t\t\t\t<\/div>\n\t\t","protected":false},"excerpt":{"rendered":"<p>AVISOS LEGAIS I. INTRODU\u00c7\u00c3O Leia atentamente as presentes condi\u00e7\u00f5es de utiliza\u00e7\u00e3o antes de utilizar este s\u00edtio. Ao ligar-se a este [&hellip;]<\/p>\n","protected":false},"author":1,"featured_media":0,"parent":0,"menu_order":0,"comment_status":"closed","ping_status":"closed","template":"","meta":{"footnotes":""},"class_list":["post-22366","page","type-page","status-publish","hentry"],"yoast_head":"<!-- This site is optimized with the Yoast SEO plugin v27.1.1 - https:\/\/yoast.com\/product\/yoast-seo-wordpress\/ -->\n<title>Avisos legais - UrbanGlide<\/title>\n<meta name=\"robots\" content=\"index, follow, max-snippet:-1, max-image-preview:large, max-video-preview:-1\" \/>\n<link rel=\"canonical\" href=\"https:\/\/urbanglide.com\/mentions-legales\/\" \/>\n<meta property=\"og:locale\" content=\"pt_PT\" \/>\n<meta property=\"og:type\" content=\"article\" \/>\n<meta property=\"og:title\" content=\"Avisos legais - UrbanGlide\" \/>\n<meta property=\"og:description\" content=\"AVISOS LEGAIS I. INTRODU\u00c7\u00c3O Leia atentamente as presentes condi\u00e7\u00f5es de utiliza\u00e7\u00e3o antes de utilizar este s\u00edtio. Ao ligar-se a este [&hellip;]\" \/>\n<meta property=\"og:url\" content=\"https:\/\/urbanglide.com\/mentions-legales\/\" \/>\n<meta property=\"og:site_name\" content=\"UrbanGlide\" \/>\n<meta property=\"article:modified_time\" content=\"2023-09-11T12:52:21+00:00\" \/>\n<meta name=\"twitter:card\" content=\"summary_large_image\" \/>\n<meta name=\"twitter:label1\" content=\"Tempo estimado de leitura\" \/>\n\t<meta name=\"twitter:data1\" content=\"3 minutos\" \/>\n<script type=\"application\/ld+json\" class=\"yoast-schema-graph\">{\"@context\":\"https:\/\/schema.org\",\"@graph\":[{\"@type\":\"WebPage\",\"@id\":\"https:\/\/urbanglide.com\/mentions-legales\/\",\"url\":\"https:\/\/urbanglide.com\/mentions-legales\/\",\"name\":\"Avisos legais - UrbanGlide\",\"isPartOf\":{\"@id\":\"https:\/\/urbanglide.com\/#website\"},\"datePublished\":\"2022-05-09T13:14:37+00:00\",\"dateModified\":\"2023-09-11T12:52:21+00:00\",\"breadcrumb\":{\"@id\":\"https:\/\/urbanglide.com\/mentions-legales\/#breadcrumb\"},\"inLanguage\":\"pt-PT\",\"potentialAction\":[{\"@type\":\"ReadAction\",\"target\":[\"https:\/\/urbanglide.com\/mentions-legales\/\"]}]},{\"@type\":\"BreadcrumbList\",\"@id\":\"https:\/\/urbanglide.com\/mentions-legales\/#breadcrumb\",\"itemListElement\":[{\"@type\":\"ListItem\",\"position\":1,\"name\":\"Accueil\",\"item\":\"https:\/\/urbanglide.com\/pt-pt\/urbanglide-homepage-nova-versao\/\"},{\"@type\":\"ListItem\",\"position\":2,\"name\":\"Avisos legais\"}]},{\"@type\":\"WebSite\",\"@id\":\"https:\/\/urbanglide.com\/#website\",\"url\":\"https:\/\/urbanglide.com\/\",\"name\":\"Urbanglide\",\"description\":\"Expert fran\u00e7ais de la mobilit\u00e9 \u00e9lectrique\",\"potentialAction\":[{\"@type\":\"SearchAction\",\"target\":{\"@type\":\"EntryPoint\",\"urlTemplate\":\"https:\/\/urbanglide.com\/?s={search_term_string}\"},\"query-input\":{\"@type\":\"PropertyValueSpecification\",\"valueRequired\":true,\"valueName\":\"search_term_string\"}}],\"inLanguage\":\"pt-PT\"}]}<\/script>\n<!-- \/ Yoast SEO plugin. -->","yoast_head_json":{"title":"Avisos legais - UrbanGlide","robots":{"index":"index","follow":"follow","max-snippet":"max-snippet:-1","max-image-preview":"max-image-preview:large","max-video-preview":"max-video-preview:-1"},"canonical":"https:\/\/urbanglide.com\/mentions-legales\/","og_locale":"pt_PT","og_type":"article","og_title":"Avisos legais - UrbanGlide","og_description":"AVISOS LEGAIS I. INTRODU\u00c7\u00c3O Leia atentamente as presentes condi\u00e7\u00f5es de utiliza\u00e7\u00e3o antes de utilizar este s\u00edtio. Ao ligar-se a este [&hellip;]","og_url":"https:\/\/urbanglide.com\/mentions-legales\/","og_site_name":"UrbanGlide","article_modified_time":"2023-09-11T12:52:21+00:00","twitter_card":"summary_large_image","twitter_misc":{"Tempo estimado de leitura":"3 minutos"},"schema":{"@context":"https:\/\/schema.org","@graph":[{"@type":"WebPage","@id":"https:\/\/urbanglide.com\/mentions-legales\/","url":"https:\/\/urbanglide.com\/mentions-legales\/","name":"Avisos legais - UrbanGlide","isPartOf":{"@id":"https:\/\/urbanglide.com\/#website"},"datePublished":"2022-05-09T13:14:37+00:00","dateModified":"2023-09-11T12:52:21+00:00","breadcrumb":{"@id":"https:\/\/urbanglide.com\/mentions-legales\/#breadcrumb"},"inLanguage":"pt-PT","potentialAction":[{"@type":"ReadAction","target":["https:\/\/urbanglide.com\/mentions-legales\/"]}]},{"@type":"BreadcrumbList","@id":"https:\/\/urbanglide.com\/mentions-legales\/#breadcrumb","itemListElement":[{"@type":"ListItem","position":1,"name":"Accueil","item":"https:\/\/urbanglide.com\/pt-pt\/urbanglide-homepage-nova-versao\/"},{"@type":"ListItem","position":2,"name":"Avisos legais"}]},{"@type":"WebSite","@id":"https:\/\/urbanglide.com\/#website","url":"https:\/\/urbanglide.com\/","name":"Urbanglide","description":"Expert fran\u00e7ais de la mobilit\u00e9 \u00e9lectrique","potentialAction":[{"@type":"SearchAction","target":{"@type":"EntryPoint","urlTemplate":"https:\/\/urbanglide.com\/?s={search_term_string}"},"query-input":{"@type":"PropertyValueSpecification","valueRequired":true,"valueName":"search_term_string"}}],"inLanguage":"pt-PT"}]}},"_links":{"self":[{"href":"https:\/\/urbanglide.com\/pt-pt\/wp-json\/wp\/v2\/pages\/22366","targetHints":{"allow":["GET"]}}],"collection":[{"href":"https:\/\/urbanglide.com\/pt-pt\/wp-json\/wp\/v2\/pages"}],"about":[{"href":"https:\/\/urbanglide.com\/pt-pt\/wp-json\/wp\/v2\/types\/page"}],"author":[{"embeddable":true,"href":"https:\/\/urbanglide.com\/pt-pt\/wp-json\/wp\/v2\/users\/1"}],"replies":[{"embeddable":true,"href":"https:\/\/urbanglide.com\/pt-pt\/wp-json\/wp\/v2\/comments?post=22366"}],"version-history":[{"count":0,"href":"https:\/\/urbanglide.com\/pt-pt\/wp-json\/wp\/v2\/pages\/22366\/revisions"}],"wp:attachment":[{"href":"https:\/\/urbanglide.com\/pt-pt\/wp-json\/wp\/v2\/media?parent=22366"}],"curies":[{"name":"wp","href":"https:\/\/api.w.org\/{rel}","templated":true}]}}