{"id":22369,"date":"2022-05-06T13:19:38","date_gmt":"2022-05-06T13:19:38","guid":{"rendered":"https:\/\/urbanglide.com\/conditions-generales\/"},"modified":"2023-09-11T12:18:43","modified_gmt":"2023-09-11T12:18:43","slug":"conditions-generales","status":"publish","type":"page","link":"https:\/\/urbanglide.com\/pt-pt\/conditions-generales\/","title":{"rendered":"Pol\u00edtica de privacidade"},"content":{"rendered":"\t\t<div data-elementor-type=\"wp-page\" data-elementor-id=\"22369\" class=\"elementor elementor-22369 elementor-3\" data-elementor-post-type=\"page\">\n\t\t\t\t\t\t<section class=\"elementor-section elementor-top-section elementor-element elementor-element-6fb422b8 elementor-section-boxed elementor-section-height-default elementor-section-height-default\" data-id=\"6fb422b8\" data-element_type=\"section\" data-e-type=\"section\">\n\t\t\t\t\t\t<div class=\"elementor-container elementor-column-gap-default\">\n\t\t\t\t\t<div class=\"elementor-column elementor-col-100 elementor-top-column elementor-element elementor-element-9fbd5e1\" data-id=\"9fbd5e1\" data-element_type=\"column\" data-e-type=\"column\">\n\t\t\t<div class=\"elementor-widget-wrap elementor-element-populated\">\n\t\t\t\t\t\t<div class=\"elementor-element elementor-element-7e32374 elementor-widget elementor-widget-spacer\" data-id=\"7e32374\" data-element_type=\"widget\" data-e-type=\"widget\" data-widget_type=\"spacer.default\">\n\t\t\t\t<div class=\"elementor-widget-container\">\n\t\t\t\t\t\t\t<div class=\"elementor-spacer\">\n\t\t\t<div class=\"elementor-spacer-inner\"><\/div>\n\t\t<\/div>\n\t\t\t\t\t\t<\/div>\n\t\t\t\t<\/div>\n\t\t\t\t\t<\/div>\n\t\t<\/div>\n\t\t\t\t\t<\/div>\n\t\t<\/section>\n\t\t\t\t<section class=\"elementor-section elementor-top-section elementor-element elementor-element-b6ddc17 elementor-section-boxed elementor-section-height-default elementor-section-height-default\" data-id=\"b6ddc17\" data-element_type=\"section\" data-e-type=\"section\" data-settings=\"{&quot;background_background&quot;:&quot;classic&quot;}\">\n\t\t\t\t\t\t<div class=\"elementor-container elementor-column-gap-default\">\n\t\t\t\t\t<div class=\"elementor-column elementor-col-100 elementor-top-column elementor-element elementor-element-c8df372\" data-id=\"c8df372\" data-element_type=\"column\" data-e-type=\"column\">\n\t\t\t<div class=\"elementor-widget-wrap elementor-element-populated\">\n\t\t\t\t\t\t<div class=\"elementor-element elementor-element-7768921 elementor-widget elementor-widget-heading\" data-id=\"7768921\" data-element_type=\"widget\" data-e-type=\"widget\" data-widget_type=\"heading.default\">\n\t\t\t\t<div class=\"elementor-widget-container\">\n\t\t\t\t\t<h1 class=\"elementor-heading-title elementor-size-default\">POL\u00cdTICA DE PRIVACIDADE<\/h1>\t\t\t\t<\/div>\n\t\t\t\t<\/div>\n\t\t\t\t<div class=\"elementor-element elementor-element-a50f2c3 elementor-widget elementor-widget-toggle\" data-id=\"a50f2c3\" data-element_type=\"widget\" data-e-type=\"widget\" data-widget_type=\"toggle.default\">\n\t\t\t\t<div class=\"elementor-widget-container\">\n\t\t\t\t\t\t\t<div class=\"elementor-toggle\">\n\t\t\t\t\t\t\t<div class=\"elementor-toggle-item\">\n\t\t\t\t\t<h2 id=\"elementor-tab-title-1731\" class=\"elementor-tab-title\" data-tab=\"1\" role=\"button\" aria-controls=\"elementor-tab-content-1731\" aria-expanded=\"false\">\n\t\t\t\t\t\t\t\t\t\t\t\t<a class=\"elementor-toggle-title\" tabindex=\"0\">I. INTRODU\u00c7\u00c3O<\/a>\n\t\t\t\t\t<\/h2>\n\n\t\t\t\t\t<div id=\"elementor-tab-content-1731\" class=\"elementor-tab-content elementor-clearfix\" data-tab=\"1\" role=\"region\" aria-labelledby=\"elementor-tab-title-1731\"><p>Com o desenvolvimento de novas ferramentas de comunica\u00e7\u00e3o, \u00e9 necess\u00e1rio prestar especial aten\u00e7\u00e3o \u00e0 prote\u00e7\u00e3o da privacidade. \u00c9 por isso que nos comprometemos a respeitar a confidencialidade das informa\u00e7\u00f5es pessoais que recolhemos.<\/p>\n<\/div>\n\t\t\t\t<\/div>\n\t\t\t\t\t\t\t<div class=\"elementor-toggle-item\">\n\t\t\t\t\t<h2 id=\"elementor-tab-title-1732\" class=\"elementor-tab-title\" data-tab=\"2\" role=\"button\" aria-controls=\"elementor-tab-content-1732\" aria-expanded=\"false\">\n\t\t\t\t\t\t\t\t\t\t\t\t<a class=\"elementor-toggle-title\" tabindex=\"0\">II. RECOLHA DE INFORMA\u00c7\u00d5ES PESSOAIS<\/a>\n\t\t\t\t\t<\/h2>\n\n\t\t\t\t\t<div id=\"elementor-tab-content-1732\" class=\"elementor-tab-content elementor-clearfix\" data-tab=\"2\" role=\"region\" aria-labelledby=\"elementor-tab-title-1732\"><p>Recolhemos as seguintes informa\u00e7\u00f5es:<\/p>\n<ul>\n<li>Nome<\/li>\n<li>endere\u00e7o eletr\u00f3nico<\/li>\n<li>N\u00famero de telefone\/fax<\/li>\n<\/ul>\n<p>As informa\u00e7\u00f5es pessoais que recolhemos s\u00e3o recolhidas atrav\u00e9s de formul\u00e1rios e da interatividade estabelecida entre o utilizador e o nosso s\u00edtio Web. Como indicado na sec\u00e7\u00e3o seguinte, tamb\u00e9m utilizamos cookies e\/ou ficheiros de registo para recolher informa\u00e7\u00f5es sobre o utilizador.<\/p>\n<\/div>\n\t\t\t\t<\/div>\n\t\t\t\t\t\t\t<div class=\"elementor-toggle-item\">\n\t\t\t\t\t<h2 id=\"elementor-tab-title-1733\" class=\"elementor-tab-title\" data-tab=\"3\" role=\"button\" aria-controls=\"elementor-tab-content-1733\" aria-expanded=\"false\">\n\t\t\t\t\t\t\t\t\t\t\t\t<a class=\"elementor-toggle-title\" tabindex=\"0\">III. FORMAS E INTERACTIVIDADE<\/a>\n\t\t\t\t\t<\/h2>\n\n\t\t\t\t\t<div id=\"elementor-tab-content-1733\" class=\"elementor-tab-content elementor-clearfix\" data-tab=\"3\" role=\"region\" aria-labelledby=\"elementor-tab-title-1733\"><p>As suas informa\u00e7\u00f5es pessoais s\u00e3o recolhidas atrav\u00e9s dos seguintes formul\u00e1rios:<\/p>\n<p>Utilizamos as informa\u00e7\u00f5es recolhidas desta forma para os seguintes fins:<\/p>\n<ul>\n<li>Contacto<\/li>\n<\/ul>\n<p>As suas informa\u00e7\u00f5es s\u00e3o tamb\u00e9m recolhidas atrav\u00e9s da interatividade que pode ser estabelecida entre si e o nosso s\u00edtio Web da seguinte forma:<\/p>\n<ul>\n<li>Contacto<\/li>\n<\/ul>\n<p>Utilizamos as informa\u00e7\u00f5es recolhidas desta forma para as seguintes finalidades:<\/p>\n<ul>\n<li>Correspond\u00eancia<\/li>\n<\/ul>\n<\/div>\n\t\t\t\t<\/div>\n\t\t\t\t\t\t\t<div class=\"elementor-toggle-item\">\n\t\t\t\t\t<h2 id=\"elementor-tab-title-1734\" class=\"elementor-tab-title\" data-tab=\"4\" role=\"button\" aria-controls=\"elementor-tab-content-1734\" aria-expanded=\"false\">\n\t\t\t\t\t\t\t\t\t\t\t\t<a class=\"elementor-toggle-title\" tabindex=\"0\">IV. DIREITO DE OBJEC\u00c7\u00c3O E DE RETRACTA\u00c7\u00c3O<\/a>\n\t\t\t\t\t<\/h2>\n\n\t\t\t\t\t<div id=\"elementor-tab-content-1734\" class=\"elementor-tab-content elementor-clearfix\" data-tab=\"4\" role=\"region\" aria-labelledby=\"elementor-tab-title-1734\"><p>Comprometemo-nos a oferecer-lhe o direito de se opor e de retirar as suas informa\u00e7\u00f5es pessoais.<br \/>\nO direito de oposi\u00e7\u00e3o significa que os utilizadores da Internet podem recusar que as suas informa\u00e7\u00f5es pessoais sejam utilizadas para determinados fins mencionados no momento da recolha.<\/p>\n<p>O direito de retirada \u00e9 entendido como a possibilidade oferecida aos utilizadores da Internet de solicitar que as suas informa\u00e7\u00f5es pessoais deixem de figurar, por exemplo, numa lista de endere\u00e7os.<\/p>\n<p>Para exercer estes direitos, \u00e9 favor contactar<br \/>\nC\u00f3digo postal: 29 promenade Michel Simon, Noisy le Grand 93160<br \/>\nCorreio eletr\u00f3nico: support@urbanglide.com<br \/>\nTelefone: 0155858181<br \/>\nSec\u00e7\u00e3o do s\u00edtio Web: <a href=\"http:\/\/www.urbanglide.com\/\">www.urbanglide.com<\/a><\/p>\n<p><!-- \/wp:paragraph --><!-- wp:heading --><\/p>\n<\/div>\n\t\t\t\t<\/div>\n\t\t\t\t\t\t\t<div class=\"elementor-toggle-item\">\n\t\t\t\t\t<h2 id=\"elementor-tab-title-1735\" class=\"elementor-tab-title\" data-tab=\"5\" role=\"button\" aria-controls=\"elementor-tab-content-1735\" aria-expanded=\"false\">\n\t\t\t\t\t\t\t\t\t\t\t\t<a class=\"elementor-toggle-title\" tabindex=\"0\">V. DIREITO DE ACESSO<\/a>\n\t\t\t\t\t<\/h2>\n\n\t\t\t\t\t<div id=\"elementor-tab-content-1735\" class=\"elementor-tab-content elementor-clearfix\" data-tab=\"5\" role=\"region\" aria-labelledby=\"elementor-tab-title-1735\"><p>Comprometemo-nos a conceder um direito de acesso e de retifica\u00e7\u00e3o \u00e0s pessoas interessadas que desejem consultar, alterar ou suprimir as informa\u00e7\u00f5es que lhes dizem respeito.<br \/>\nEste direito pode ser exercido por escrito para<br \/>\nC\u00f3digo postal: 29 promenade Michel Simon, Noisy le Grand 93160<br \/>\nCorreio eletr\u00f3nico: support@urbanglide.com<br \/>\nTelefone: 0155858181<br \/>\nSec\u00e7\u00e3o do s\u00edtio Web : <a href=\"http:\/\/www.urbanglide.com\" data-type=\"URL\" data-id=\"www.urbanglide.com\">www.urbanglide.com<\/a><\/p>\n<\/div>\n\t\t\t\t<\/div>\n\t\t\t\t\t\t\t\t\t\t<script type=\"application\/ld+json\">{\"@context\":\"https:\\\/\\\/schema.org\",\"@type\":\"FAQPage\",\"mainEntity\":[{\"@type\":\"Question\",\"name\":\"I. INTRODU\\u00c7\\u00c3O\",\"acceptedAnswer\":{\"@type\":\"Answer\",\"text\":\"<p>Com o desenvolvimento de novas ferramentas de comunica\\u00e7\\u00e3o, \\u00e9 necess\\u00e1rio prestar especial aten\\u00e7\\u00e3o \\u00e0 prote\\u00e7\\u00e3o da privacidade. \\u00c9 por isso que nos comprometemos a respeitar a confidencialidade das informa\\u00e7\\u00f5es pessoais que recolhemos.<\\\/p>\\n\"}},{\"@type\":\"Question\",\"name\":\"II. RECOLHA DE INFORMA\\u00c7\\u00d5ES PESSOAIS\",\"acceptedAnswer\":{\"@type\":\"Answer\",\"text\":\"<p>Recolhemos as seguintes informa\\u00e7\\u00f5es:<\\\/p>\\n<ul>\\n<li>Nome<\\\/li>\\n<li>endere\\u00e7o eletr\\u00f3nico<\\\/li>\\n<li>N\\u00famero de telefone\\\/fax<\\\/li>\\n<\\\/ul>\\n<p>As informa\\u00e7\\u00f5es pessoais que recolhemos s\\u00e3o recolhidas atrav\\u00e9s de formul\\u00e1rios e da interatividade estabelecida entre o utilizador e o nosso s\\u00edtio Web. Como indicado na sec\\u00e7\\u00e3o seguinte, tamb\\u00e9m utilizamos cookies e\\\/ou ficheiros de registo para recolher informa\\u00e7\\u00f5es sobre o utilizador.<\\\/p>\\n\"}},{\"@type\":\"Question\",\"name\":\"III. FORMAS E INTERACTIVIDADE\",\"acceptedAnswer\":{\"@type\":\"Answer\",\"text\":\"<p>As suas informa\\u00e7\\u00f5es pessoais s\\u00e3o recolhidas atrav\\u00e9s dos seguintes formul\\u00e1rios:<\\\/p>\\n<p>Utilizamos as informa\\u00e7\\u00f5es recolhidas desta forma para os seguintes fins:<\\\/p>\\n<ul>\\n<li>Contacto<\\\/li>\\n<\\\/ul>\\n<p>As suas informa\\u00e7\\u00f5es s\\u00e3o tamb\\u00e9m recolhidas atrav\\u00e9s da interatividade que pode ser estabelecida entre si e o nosso s\\u00edtio Web da seguinte forma:<\\\/p>\\n<ul>\\n<li>Contacto<\\\/li>\\n<\\\/ul>\\n<p>Utilizamos as informa\\u00e7\\u00f5es recolhidas desta forma para as seguintes finalidades:<\\\/p>\\n<ul>\\n<li>Correspond\\u00eancia<\\\/li>\\n<\\\/ul>\\n\"}},{\"@type\":\"Question\",\"name\":\"IV. DIREITO DE OBJEC\\u00c7\\u00c3O E DE RETRACTA\\u00c7\\u00c3O\",\"acceptedAnswer\":{\"@type\":\"Answer\",\"text\":\"<p>Comprometemo-nos a oferecer-lhe o direito de se opor e de retirar as suas informa\\u00e7\\u00f5es pessoais.<br \\\/>\\nO direito de oposi\\u00e7\\u00e3o significa que os utilizadores da Internet podem recusar que as suas informa\\u00e7\\u00f5es pessoais sejam utilizadas para determinados fins mencionados no momento da recolha.<\\\/p>\\n<p>O direito de retirada \\u00e9 entendido como a possibilidade oferecida aos utilizadores da Internet de solicitar que as suas informa\\u00e7\\u00f5es pessoais deixem de figurar, por exemplo, numa lista de endere\\u00e7os.<\\\/p>\\n<p>Para exercer estes direitos, \\u00e9 favor contactar<br \\\/>\\nC\\u00f3digo postal: 29 promenade Michel Simon, Noisy le Grand 93160<br \\\/>\\nCorreio eletr\\u00f3nico: support@urbanglide.com<br \\\/>\\nTelefone: 0155858181<br \\\/>\\nSec\\u00e7\\u00e3o do s\\u00edtio Web: <a href=\\\"http:\\\/\\\/www.urbanglide.com\\\/\\\">www.urbanglide.com<\\\/a><\\\/p>\\n<p><!-- \\\/wp:paragraph --><!-- wp:heading --><\\\/p>\\n\"}},{\"@type\":\"Question\",\"name\":\"V. DIREITO DE ACESSO\",\"acceptedAnswer\":{\"@type\":\"Answer\",\"text\":\"<p>Comprometemo-nos a conceder um direito de acesso e de retifica\\u00e7\\u00e3o \\u00e0s pessoas interessadas que desejem consultar, alterar ou suprimir as informa\\u00e7\\u00f5es que lhes dizem respeito.<br \\\/>\\nEste direito pode ser exercido por escrito para<br \\\/>\\nC\\u00f3digo postal: 29 promenade Michel Simon, Noisy le Grand 93160<br \\\/>\\nCorreio eletr\\u00f3nico: support@urbanglide.com<br \\\/>\\nTelefone: 0155858181<br \\\/>\\nSec\\u00e7\\u00e3o do s\\u00edtio Web : <a href=\\\"http:\\\/\\\/www.urbanglide.com\\\" data-type=\\\"URL\\\" data-id=\\\"www.urbanglide.com\\\">www.urbanglide.com<\\\/a><\\\/p>\\n\"}}]}<\/script>\n\t\t\t\t\t<\/div>\n\t\t\t\t\t\t<\/div>\n\t\t\t\t<\/div>\n\t\t\t\t\t<\/div>\n\t\t<\/div>\n\t\t\t\t\t<\/div>\n\t\t<\/section>\n\t\t\t\t<section class=\"elementor-section elementor-top-section elementor-element elementor-element-9465d61 elementor-section-boxed elementor-section-height-default elementor-section-height-default\" data-id=\"9465d61\" data-element_type=\"section\" data-e-type=\"section\">\n\t\t\t\t\t\t<div class=\"elementor-container elementor-column-gap-default\">\n\t\t\t\t\t<div class=\"elementor-column elementor-col-100 elementor-top-column elementor-element elementor-element-c377163\" data-id=\"c377163\" data-element_type=\"column\" data-e-type=\"column\">\n\t\t\t<div class=\"elementor-widget-wrap elementor-element-populated\">\n\t\t\t\t\t\t<div class=\"elementor-element elementor-element-7ae1925 elementor-widget elementor-widget-spacer\" data-id=\"7ae1925\" data-element_type=\"widget\" data-e-type=\"widget\" data-widget_type=\"spacer.default\">\n\t\t\t\t<div class=\"elementor-widget-container\">\n\t\t\t\t\t\t\t<div class=\"elementor-spacer\">\n\t\t\t<div class=\"elementor-spacer-inner\"><\/div>\n\t\t<\/div>\n\t\t\t\t\t\t<\/div>\n\t\t\t\t<\/div>\n\t\t\t\t\t<\/div>\n\t\t<\/div>\n\t\t\t\t\t<\/div>\n\t\t<\/section>\n\t\t\t\t<\/div>\n\t\t","protected":false},"excerpt":{"rendered":"<p>POL\u00cdTICA DE PRIVACIDADE I. INTRODU\u00c7\u00c3O Com o desenvolvimento de novas ferramentas de comunica\u00e7\u00e3o, \u00e9 necess\u00e1rio prestar especial aten\u00e7\u00e3o \u00e0 prote\u00e7\u00e3o [&hellip;]<\/p>\n","protected":false},"author":1,"featured_media":0,"parent":0,"menu_order":0,"comment_status":"closed","ping_status":"open","template":"","meta":{"footnotes":""},"class_list":["post-22369","page","type-page","status-publish","hentry"],"yoast_head":"<!-- This site is optimized with the Yoast SEO plugin v27.1.1 - https:\/\/yoast.com\/product\/yoast-seo-wordpress\/ -->\n<title>Pol\u00edtica de privacidade - UrbanGlide<\/title>\n<meta name=\"robots\" content=\"index, follow, max-snippet:-1, max-image-preview:large, max-video-preview:-1\" \/>\n<link rel=\"canonical\" href=\"https:\/\/urbanglide.com\/privacy-policy\/\" \/>\n<meta property=\"og:locale\" content=\"pt_PT\" \/>\n<meta property=\"og:type\" content=\"article\" \/>\n<meta property=\"og:title\" content=\"Pol\u00edtica de privacidade - UrbanGlide\" \/>\n<meta property=\"og:description\" content=\"POL\u00cdTICA DE PRIVACIDADE I. INTRODU\u00c7\u00c3O Com o desenvolvimento de novas ferramentas de comunica\u00e7\u00e3o, \u00e9 necess\u00e1rio prestar especial aten\u00e7\u00e3o \u00e0 prote\u00e7\u00e3o [&hellip;]\" \/>\n<meta property=\"og:url\" content=\"https:\/\/urbanglide.com\/privacy-policy\/\" \/>\n<meta property=\"og:site_name\" content=\"UrbanGlide\" \/>\n<meta property=\"article:modified_time\" content=\"2023-09-11T12:18:43+00:00\" \/>\n<meta name=\"twitter:card\" content=\"summary_large_image\" \/>\n<meta name=\"twitter:label1\" content=\"Tempo estimado de leitura\" \/>\n\t<meta name=\"twitter:data1\" content=\"2 minutos\" \/>\n<script type=\"application\/ld+json\" class=\"yoast-schema-graph\">{\"@context\":\"https:\/\/schema.org\",\"@graph\":[{\"@type\":\"WebPage\",\"@id\":\"https:\/\/urbanglide.com\/privacy-policy\/\",\"url\":\"https:\/\/urbanglide.com\/privacy-policy\/\",\"name\":\"Pol\u00edtica de privacidade - UrbanGlide\",\"isPartOf\":{\"@id\":\"https:\/\/urbanglide.com\/#website\"},\"datePublished\":\"2022-05-06T13:19:38+00:00\",\"dateModified\":\"2023-09-11T12:18:43+00:00\",\"breadcrumb\":{\"@id\":\"https:\/\/urbanglide.com\/privacy-policy\/#breadcrumb\"},\"inLanguage\":\"pt-PT\",\"potentialAction\":[{\"@type\":\"ReadAction\",\"target\":[\"https:\/\/urbanglide.com\/privacy-policy\/\"]}]},{\"@type\":\"BreadcrumbList\",\"@id\":\"https:\/\/urbanglide.com\/privacy-policy\/#breadcrumb\",\"itemListElement\":[{\"@type\":\"ListItem\",\"position\":1,\"name\":\"Accueil\",\"item\":\"https:\/\/urbanglide.com\/pt-pt\/urbanglide-homepage-nova-versao\/\"},{\"@type\":\"ListItem\",\"position\":2,\"name\":\"Pol\u00edtica de privacidade\"}]},{\"@type\":\"WebSite\",\"@id\":\"https:\/\/urbanglide.com\/#website\",\"url\":\"https:\/\/urbanglide.com\/\",\"name\":\"Urbanglide\",\"description\":\"Expert fran\u00e7ais de la mobilit\u00e9 \u00e9lectrique\",\"potentialAction\":[{\"@type\":\"SearchAction\",\"target\":{\"@type\":\"EntryPoint\",\"urlTemplate\":\"https:\/\/urbanglide.com\/?s={search_term_string}\"},\"query-input\":{\"@type\":\"PropertyValueSpecification\",\"valueRequired\":true,\"valueName\":\"search_term_string\"}}],\"inLanguage\":\"pt-PT\"}]}<\/script>\n<!-- \/ Yoast SEO plugin. -->","yoast_head_json":{"title":"Pol\u00edtica de privacidade - UrbanGlide","robots":{"index":"index","follow":"follow","max-snippet":"max-snippet:-1","max-image-preview":"max-image-preview:large","max-video-preview":"max-video-preview:-1"},"canonical":"https:\/\/urbanglide.com\/privacy-policy\/","og_locale":"pt_PT","og_type":"article","og_title":"Pol\u00edtica de privacidade - UrbanGlide","og_description":"POL\u00cdTICA DE PRIVACIDADE I. INTRODU\u00c7\u00c3O Com o desenvolvimento de novas ferramentas de comunica\u00e7\u00e3o, \u00e9 necess\u00e1rio prestar especial aten\u00e7\u00e3o \u00e0 prote\u00e7\u00e3o [&hellip;]","og_url":"https:\/\/urbanglide.com\/privacy-policy\/","og_site_name":"UrbanGlide","article_modified_time":"2023-09-11T12:18:43+00:00","twitter_card":"summary_large_image","twitter_misc":{"Tempo estimado de leitura":"2 minutos"},"schema":{"@context":"https:\/\/schema.org","@graph":[{"@type":"WebPage","@id":"https:\/\/urbanglide.com\/privacy-policy\/","url":"https:\/\/urbanglide.com\/privacy-policy\/","name":"Pol\u00edtica de privacidade - UrbanGlide","isPartOf":{"@id":"https:\/\/urbanglide.com\/#website"},"datePublished":"2022-05-06T13:19:38+00:00","dateModified":"2023-09-11T12:18:43+00:00","breadcrumb":{"@id":"https:\/\/urbanglide.com\/privacy-policy\/#breadcrumb"},"inLanguage":"pt-PT","potentialAction":[{"@type":"ReadAction","target":["https:\/\/urbanglide.com\/privacy-policy\/"]}]},{"@type":"BreadcrumbList","@id":"https:\/\/urbanglide.com\/privacy-policy\/#breadcrumb","itemListElement":[{"@type":"ListItem","position":1,"name":"Accueil","item":"https:\/\/urbanglide.com\/pt-pt\/urbanglide-homepage-nova-versao\/"},{"@type":"ListItem","position":2,"name":"Pol\u00edtica de privacidade"}]},{"@type":"WebSite","@id":"https:\/\/urbanglide.com\/#website","url":"https:\/\/urbanglide.com\/","name":"Urbanglide","description":"Expert fran\u00e7ais de la mobilit\u00e9 \u00e9lectrique","potentialAction":[{"@type":"SearchAction","target":{"@type":"EntryPoint","urlTemplate":"https:\/\/urbanglide.com\/?s={search_term_string}"},"query-input":{"@type":"PropertyValueSpecification","valueRequired":true,"valueName":"search_term_string"}}],"inLanguage":"pt-PT"}]}},"_links":{"self":[{"href":"https:\/\/urbanglide.com\/pt-pt\/wp-json\/wp\/v2\/pages\/22369","targetHints":{"allow":["GET"]}}],"collection":[{"href":"https:\/\/urbanglide.com\/pt-pt\/wp-json\/wp\/v2\/pages"}],"about":[{"href":"https:\/\/urbanglide.com\/pt-pt\/wp-json\/wp\/v2\/types\/page"}],"author":[{"embeddable":true,"href":"https:\/\/urbanglide.com\/pt-pt\/wp-json\/wp\/v2\/users\/1"}],"replies":[{"embeddable":true,"href":"https:\/\/urbanglide.com\/pt-pt\/wp-json\/wp\/v2\/comments?post=22369"}],"version-history":[{"count":0,"href":"https:\/\/urbanglide.com\/pt-pt\/wp-json\/wp\/v2\/pages\/22369\/revisions"}],"wp:attachment":[{"href":"https:\/\/urbanglide.com\/pt-pt\/wp-json\/wp\/v2\/media?parent=22369"}],"curies":[{"name":"wp","href":"https:\/\/api.w.org\/{rel}","templated":true}]}}