{"id":30937,"date":"2023-01-26T07:57:29","date_gmt":"2023-01-26T07:57:29","guid":{"rendered":"https:\/\/urbanglide.com\/actualites\/"},"modified":"2024-02-13T15:16:31","modified_gmt":"2024-02-13T15:16:31","slug":"actualites","status":"publish","type":"page","link":"https:\/\/urbanglide.com\/pt-pt\/actualites\/","title":{"rendered":"BLOG"},"content":{"rendered":"\t\t<div data-elementor-type=\"wp-page\" data-elementor-id=\"30937\" class=\"elementor elementor-30937 elementor-30259\" data-elementor-post-type=\"page\">\n\t\t\t\t\t\t<section class=\"elementor-section elementor-top-section elementor-element elementor-element-1fe806c elementor-section-boxed elementor-section-height-default elementor-section-height-default\" data-id=\"1fe806c\" data-element_type=\"section\" data-e-type=\"section\">\n\t\t\t\t\t\t<div class=\"elementor-container elementor-column-gap-default\">\n\t\t\t\t\t<div class=\"elementor-column elementor-col-100 elementor-top-column elementor-element elementor-element-9bd0a64\" data-id=\"9bd0a64\" data-element_type=\"column\" data-e-type=\"column\">\n\t\t\t<div class=\"elementor-widget-wrap elementor-element-populated\">\n\t\t\t\t\t\t<div class=\"elementor-element elementor-element-1a761bb elementor-widget elementor-widget-heading\" data-id=\"1a761bb\" data-element_type=\"widget\" data-e-type=\"widget\" data-widget_type=\"heading.default\">\n\t\t\t\t<div class=\"elementor-widget-container\">\n\t\t\t\t\t<h1 class=\"elementor-heading-title elementor-size-default\">BLOG<\/h1>\t\t\t\t<\/div>\n\t\t\t\t<\/div>\n\t\t\t\t<div class=\"elementor-element elementor-element-7a8a292 elementor-grid-3 elementor-grid-tablet-2 elementor-grid-mobile-1 elementor-posts--thumbnail-top elementor-card-shadow-yes elementor-posts__hover-gradient load-more-align-center elementor-widget elementor-widget-posts\" data-id=\"7a8a292\" data-element_type=\"widget\" data-e-type=\"widget\" data-settings=\"{&quot;pagination_type&quot;:&quot;load_more_on_click&quot;,&quot;cards_columns&quot;:&quot;3&quot;,&quot;cards_columns_tablet&quot;:&quot;2&quot;,&quot;cards_columns_mobile&quot;:&quot;1&quot;,&quot;cards_row_gap&quot;:{&quot;unit&quot;:&quot;px&quot;,&quot;size&quot;:35,&quot;sizes&quot;:[]},&quot;cards_row_gap_laptop&quot;:{&quot;unit&quot;:&quot;px&quot;,&quot;size&quot;:&quot;&quot;,&quot;sizes&quot;:[]},&quot;cards_row_gap_tablet&quot;:{&quot;unit&quot;:&quot;px&quot;,&quot;size&quot;:&quot;&quot;,&quot;sizes&quot;:[]},&quot;cards_row_gap_mobile&quot;:{&quot;unit&quot;:&quot;px&quot;,&quot;size&quot;:&quot;&quot;,&quot;sizes&quot;:[]},&quot;load_more_spinner&quot;:{&quot;value&quot;:&quot;fas fa-spinner&quot;,&quot;library&quot;:&quot;fa-solid&quot;}}\" data-widget_type=\"posts.cards\">\n\t\t\t\t<div class=\"elementor-widget-container\">\n\t\t\t\t\t\t\t<div class=\"elementor-posts-container elementor-posts elementor-posts--skin-cards elementor-grid\" role=\"list\">\n\t\t\t\t<article class=\"elementor-post elementor-grid-item post-79171 post type-post status-publish format-standard has-post-thumbnail hentry category-sem-categoria\" role=\"listitem\">\n\t\t\t<div class=\"elementor-post__card\">\n\t\t\t\t<a class=\"elementor-post__thumbnail__link\" href=\"https:\/\/urbanglide.com\/pt-pt\/urbanglide-no-torneio-mundial-de-paris\/\" tabindex=\"-1\" ><div class=\"elementor-post__thumbnail\"><img fetchpriority=\"high\" decoding=\"async\" width=\"500\" height=\"333\" src=\"https:\/\/urbanglide.com\/wp-content\/uploads\/2025\/05\/paris-volley-500x333.jpg\" class=\"attachment-dug_archive_item size-dug_archive_item wp-image-79589\" alt=\"\" srcset=\"https:\/\/urbanglide.com\/wp-content\/uploads\/2025\/05\/paris-volley-500x333.jpg 500w, https:\/\/urbanglide.com\/wp-content\/uploads\/2025\/05\/paris-volley-300x200.jpg 300w, https:\/\/urbanglide.com\/wp-content\/uploads\/2025\/05\/paris-volley-1024x683.jpg 1024w, https:\/\/urbanglide.com\/wp-content\/uploads\/2025\/05\/paris-volley-768x512.jpg 768w, https:\/\/urbanglide.com\/wp-content\/uploads\/2025\/05\/paris-volley-1536x1024.jpg 1536w, https:\/\/urbanglide.com\/wp-content\/uploads\/2025\/05\/paris-volley-2048x1365.jpg 2048w, https:\/\/urbanglide.com\/wp-content\/uploads\/2025\/05\/paris-volley-600x400.jpg 600w\" sizes=\"(max-width: 500px) 100vw, 500px\" \/><\/div><\/a>\n\t\t\t\t<div class=\"elementor-post__text\">\n\t\t\t\t<h3 class=\"elementor-post__title\">\n\t\t\t<a href=\"https:\/\/urbanglide.com\/pt-pt\/urbanglide-no-torneio-mundial-de-paris\/\" >\n\t\t\t\tUrbanGlide no Torneio Mundial de Paris\t\t\t<\/a>\n\t\t<\/h3>\n\t\t\t\t<div class=\"elementor-post__excerpt\">\n\t\t\t<p>UrbanGlide no Torneio Mundial de Paris! A UrbanGlide convida-te a juntar-te a n\u00f3s para um fim de semana louco! Nos<\/p>\n\t\t<\/div>\n\t\t\n\t\t<a class=\"elementor-post__read-more\" href=\"https:\/\/urbanglide.com\/pt-pt\/urbanglide-no-torneio-mundial-de-paris\/\" aria-label=\"Read more about UrbanGlide no Torneio Mundial de Paris\" tabindex=\"-1\" >\n\t\t\tLer mais \t\t<\/a>\n\n\t\t\t\t<\/div>\n\t\t\t\t<div class=\"elementor-post__meta-data\">\n\t\t\t\t\t<span class=\"elementor-post-date\">\n\t\t\tMaio 20, 2025\t\t<\/span>\n\t\t\t\t<\/div>\n\t\t\t\t\t<\/div>\n\t\t<\/article>\n\t\t\t\t<article class=\"elementor-post elementor-grid-item post-71679 post type-post status-publish format-standard has-post-thumbnail hentry category-sem-categoria\" role=\"listitem\">\n\t\t\t<div class=\"elementor-post__card\">\n\t\t\t\t<a class=\"elementor-post__thumbnail__link\" href=\"https:\/\/urbanglide.com\/pt-pt\/acessorios-urbanglide\/\" tabindex=\"-1\" ><div class=\"elementor-post__thumbnail\"><img decoding=\"async\" width=\"500\" height=\"330\" src=\"https:\/\/urbanglide.com\/wp-content\/uploads\/2025\/01\/accessoires-500x330.png\" class=\"attachment-dug_archive_item size-dug_archive_item wp-image-72693\" alt=\"\" srcset=\"https:\/\/urbanglide.com\/wp-content\/uploads\/2025\/01\/accessoires-500x330.png 500w, https:\/\/urbanglide.com\/wp-content\/uploads\/2025\/01\/accessoires-300x198.png 300w, https:\/\/urbanglide.com\/wp-content\/uploads\/2025\/01\/accessoires-1024x675.png 1024w, https:\/\/urbanglide.com\/wp-content\/uploads\/2025\/01\/accessoires-768x506.png 768w, https:\/\/urbanglide.com\/wp-content\/uploads\/2025\/01\/accessoires-1536x1013.png 1536w, https:\/\/urbanglide.com\/wp-content\/uploads\/2025\/01\/accessoires-2048x1350.png 2048w, https:\/\/urbanglide.com\/wp-content\/uploads\/2025\/01\/accessoires-600x396.png 600w\" sizes=\"(max-width: 500px) 100vw, 500px\" \/><\/div><\/a>\n\t\t\t\t<div class=\"elementor-post__text\">\n\t\t\t\t<h3 class=\"elementor-post__title\">\n\t\t\t<a href=\"https:\/\/urbanglide.com\/pt-pt\/acessorios-urbanglide\/\" >\n\t\t\t\tAcess\u00f3rios UrbanGlide\t\t\t<\/a>\n\t\t<\/h3>\n\t\t\t\t<div class=\"elementor-post__excerpt\">\n\t\t\t<p>Acess\u00f3rios UrbanGlide A UrbanGlide amplia a sua gama de acess\u00f3rios no in\u00edcio do ano! Mais do que simples dispositivos est\u00e9ticos,<\/p>\n\t\t<\/div>\n\t\t\n\t\t<a class=\"elementor-post__read-more\" href=\"https:\/\/urbanglide.com\/pt-pt\/acessorios-urbanglide\/\" aria-label=\"Read more about Acess\u00f3rios UrbanGlide\" tabindex=\"-1\" >\n\t\t\tLer mais \t\t<\/a>\n\n\t\t\t\t<\/div>\n\t\t\t\t<div class=\"elementor-post__meta-data\">\n\t\t\t\t\t<span class=\"elementor-post-date\">\n\t\t\tJaneiro 15, 2025\t\t<\/span>\n\t\t\t\t<\/div>\n\t\t\t\t\t<\/div>\n\t\t<\/article>\n\t\t\t\t<article class=\"elementor-post elementor-grid-item post-51819 post type-post status-publish format-standard has-post-thumbnail hentry category-sem-categoria\" role=\"listitem\">\n\t\t\t<div class=\"elementor-post__card\">\n\t\t\t\t<a class=\"elementor-post__thumbnail__link\" href=\"https:\/\/urbanglide.com\/pt-pt\/as-pecas-essenciais-de-uma-trotinete-eletrica-a-chave-para-sua-excelencia\/\" tabindex=\"-1\" ><div class=\"elementor-post__thumbnail\"><img decoding=\"async\" width=\"500\" height=\"452\" src=\"https:\/\/urbanglide.com\/wp-content\/uploads\/2024\/01\/parties-essentielles-trottinette-500x452.jpg\" class=\"attachment-dug_archive_item size-dug_archive_item wp-image-51890\" alt=\"Parties essentielles trottinette\" srcset=\"https:\/\/urbanglide.com\/wp-content\/uploads\/2024\/01\/parties-essentielles-trottinette-500x452.jpg 500w, https:\/\/urbanglide.com\/wp-content\/uploads\/2024\/01\/parties-essentielles-trottinette-300x271.jpg 300w, https:\/\/urbanglide.com\/wp-content\/uploads\/2024\/01\/parties-essentielles-trottinette-1024x926.jpg 1024w, https:\/\/urbanglide.com\/wp-content\/uploads\/2024\/01\/parties-essentielles-trottinette-768x694.jpg 768w, https:\/\/urbanglide.com\/wp-content\/uploads\/2024\/01\/parties-essentielles-trottinette-1536x1389.jpg 1536w, https:\/\/urbanglide.com\/wp-content\/uploads\/2024\/01\/parties-essentielles-trottinette-2048x1852.jpg 2048w, https:\/\/urbanglide.com\/wp-content\/uploads\/2024\/01\/parties-essentielles-trottinette-600x542.jpg 600w\" sizes=\"(max-width: 500px) 100vw, 500px\" \/><\/div><\/a>\n\t\t\t\t<div class=\"elementor-post__text\">\n\t\t\t\t<h3 class=\"elementor-post__title\">\n\t\t\t<a href=\"https:\/\/urbanglide.com\/pt-pt\/as-pecas-essenciais-de-uma-trotinete-eletrica-a-chave-para-sua-excelencia\/\" >\n\t\t\t\tAs pe\u00e7as essenciais de uma trotinete el\u00e9trica: a chave para sua excel\u00eancia\t\t\t<\/a>\n\t\t<\/h3>\n\t\t\t\t<div class=\"elementor-post__excerpt\">\n\t\t\t<p>As pe\u00e7as essenciais de uma trotinete el\u00e9trica: a chave para sua excel\u00eancia As trotinetes el\u00e9tricas t\u00eam crescido em popularidade nos<\/p>\n\t\t<\/div>\n\t\t\n\t\t<a class=\"elementor-post__read-more\" href=\"https:\/\/urbanglide.com\/pt-pt\/as-pecas-essenciais-de-uma-trotinete-eletrica-a-chave-para-sua-excelencia\/\" aria-label=\"Read more about As pe\u00e7as essenciais de uma trotinete el\u00e9trica: a chave para sua excel\u00eancia\" tabindex=\"-1\" >\n\t\t\tLer mais \t\t<\/a>\n\n\t\t\t\t<\/div>\n\t\t\t\t<div class=\"elementor-post__meta-data\">\n\t\t\t\t\t<span class=\"elementor-post-date\">\n\t\t\tFevereiro 1, 2024\t\t<\/span>\n\t\t\t\t<\/div>\n\t\t\t\t\t<\/div>\n\t\t<\/article>\n\t\t\t\t<article class=\"elementor-post elementor-grid-item post-44067 post type-post status-publish format-standard has-post-thumbnail hentry category-sem-categoria\" role=\"listitem\">\n\t\t\t<div class=\"elementor-post__card\">\n\t\t\t\t<a class=\"elementor-post__thumbnail__link\" href=\"https:\/\/urbanglide.com\/pt-pt\/qual-gama-de-trotinetes-e-ideal-para-si\/\" tabindex=\"-1\" ><div class=\"elementor-post__thumbnail\"><img loading=\"lazy\" decoding=\"async\" width=\"450\" height=\"450\" src=\"https:\/\/urbanglide.com\/wp-content\/uploads\/2023\/10\/IMG_6516-_1_-_1_.webp\" class=\"attachment-dug_archive_item size-dug_archive_item wp-image-49559\" alt=\"\" srcset=\"https:\/\/urbanglide.com\/wp-content\/uploads\/2023\/10\/IMG_6516-_1_-_1_.webp 450w, https:\/\/urbanglide.com\/wp-content\/uploads\/2023\/10\/IMG_6516-_1_-_1_-300x300.webp 300w, https:\/\/urbanglide.com\/wp-content\/uploads\/2023\/10\/IMG_6516-_1_-_1_-150x150.webp 150w, https:\/\/urbanglide.com\/wp-content\/uploads\/2023\/10\/IMG_6516-_1_-_1_-100x100.webp 100w\" sizes=\"(max-width: 450px) 100vw, 450px\" \/><\/div><\/a>\n\t\t\t\t<div class=\"elementor-post__text\">\n\t\t\t\t<h3 class=\"elementor-post__title\">\n\t\t\t<a href=\"https:\/\/urbanglide.com\/pt-pt\/qual-gama-de-trotinetes-e-ideal-para-si\/\" >\n\t\t\t\tQual gama de trotinetes \u00e9 ideal para si?\t\t\t<\/a>\n\t\t<\/h3>\n\t\t\t\t<div class=\"elementor-post__excerpt\">\n\t\t\t<p>Qual gama de trotinetes \u00e9 ideal para si? Na Urbanglide oferecemos 4 categorias de trotinetes: RIDE; CITY; ALL ROAD e<\/p>\n\t\t<\/div>\n\t\t\n\t\t<a class=\"elementor-post__read-more\" href=\"https:\/\/urbanglide.com\/pt-pt\/qual-gama-de-trotinetes-e-ideal-para-si\/\" aria-label=\"Read more about Qual gama de trotinetes \u00e9 ideal para si?\" tabindex=\"-1\" >\n\t\t\tLer mais \t\t<\/a>\n\n\t\t\t\t<\/div>\n\t\t\t\t<div class=\"elementor-post__meta-data\">\n\t\t\t\t\t<span class=\"elementor-post-date\">\n\t\t\tOutubro 24, 2023\t\t<\/span>\n\t\t\t\t<\/div>\n\t\t\t\t\t<\/div>\n\t\t<\/article>\n\t\t\t\t<article class=\"elementor-post elementor-grid-item post-43207 post type-post status-publish format-standard has-post-thumbnail hentry category-sem-categoria\" role=\"listitem\">\n\t\t\t<div class=\"elementor-post__card\">\n\t\t\t\t<a class=\"elementor-post__thumbnail__link\" href=\"https:\/\/urbanglide.com\/pt-pt\/porque-nao-deve-carregar-a-trotinete-dorante-a-noite\/\" tabindex=\"-1\" ><div class=\"elementor-post__thumbnail\"><img loading=\"lazy\" decoding=\"async\" width=\"500\" height=\"332\" src=\"https:\/\/urbanglide.com\/wp-content\/uploads\/2023\/10\/shot-by-cerqueira-VTGTi6elV1I-unsplash-scaled-_1_-_1_-500x332.webp\" class=\"attachment-dug_archive_item size-dug_archive_item wp-image-49564\" alt=\"\" srcset=\"https:\/\/urbanglide.com\/wp-content\/uploads\/2023\/10\/shot-by-cerqueira-VTGTi6elV1I-unsplash-scaled-_1_-_1_-500x332.webp 500w, https:\/\/urbanglide.com\/wp-content\/uploads\/2023\/10\/shot-by-cerqueira-VTGTi6elV1I-unsplash-scaled-_1_-_1_-300x199.webp 300w, https:\/\/urbanglide.com\/wp-content\/uploads\/2023\/10\/shot-by-cerqueira-VTGTi6elV1I-unsplash-scaled-_1_-_1_-600x399.webp 600w, https:\/\/urbanglide.com\/wp-content\/uploads\/2023\/10\/shot-by-cerqueira-VTGTi6elV1I-unsplash-scaled-_1_-_1_.webp 677w\" sizes=\"(max-width: 500px) 100vw, 500px\" \/><\/div><\/a>\n\t\t\t\t<div class=\"elementor-post__text\">\n\t\t\t\t<h3 class=\"elementor-post__title\">\n\t\t\t<a href=\"https:\/\/urbanglide.com\/pt-pt\/porque-nao-deve-carregar-a-trotinete-dorante-a-noite\/\" >\n\t\t\t\tPorque n\u00e3o deve carregar a trotinete durante a noite?\t\t\t<\/a>\n\t\t<\/h3>\n\t\t\t\t<div class=\"elementor-post__excerpt\">\n\t\t\t<p>Porque n\u00e3o deve carregar a trotinete durante a noite? Qulaquer que seja o dispositivo que precise carregar, n\u00e3o \u00e9 recomendado<\/p>\n\t\t<\/div>\n\t\t\n\t\t<a class=\"elementor-post__read-more\" href=\"https:\/\/urbanglide.com\/pt-pt\/porque-nao-deve-carregar-a-trotinete-dorante-a-noite\/\" aria-label=\"Read more about Porque n\u00e3o deve carregar a trotinete durante a noite?\" tabindex=\"-1\" >\n\t\t\tLer mais \t\t<\/a>\n\n\t\t\t\t<\/div>\n\t\t\t\t<div class=\"elementor-post__meta-data\">\n\t\t\t\t\t<span class=\"elementor-post-date\">\n\t\t\tOutubro 13, 2023\t\t<\/span>\n\t\t\t\t<\/div>\n\t\t\t\t\t<\/div>\n\t\t<\/article>\n\t\t\t\t<article class=\"elementor-post elementor-grid-item post-39832 post type-post status-publish format-standard has-post-thumbnail hentry category-sem-categoria\" role=\"listitem\">\n\t\t\t<div class=\"elementor-post__card\">\n\t\t\t\t<a class=\"elementor-post__thumbnail__link\" href=\"https:\/\/urbanglide.com\/pt-pt\/fim-das-trotinetas-electricas-self-service-em-paris\/\" tabindex=\"-1\" ><div class=\"elementor-post__thumbnail\"><img loading=\"lazy\" decoding=\"async\" width=\"500\" height=\"500\" src=\"https:\/\/urbanglide.com\/wp-content\/uploads\/2022\/12\/DSCF9869-carre-500x500.jpg\" class=\"attachment-dug_archive_item size-dug_archive_item wp-image-26179\" alt=\"\" srcset=\"https:\/\/urbanglide.com\/wp-content\/uploads\/2022\/12\/DSCF9869-carre-500x500.jpg 500w, https:\/\/urbanglide.com\/wp-content\/uploads\/2022\/12\/DSCF9869-carre-300x300.jpg 300w, https:\/\/urbanglide.com\/wp-content\/uploads\/2022\/12\/DSCF9869-carre-scaled-100x100.jpg 100w, https:\/\/urbanglide.com\/wp-content\/uploads\/2022\/12\/DSCF9869-carre-scaled-600x600.jpg 600w, https:\/\/urbanglide.com\/wp-content\/uploads\/2022\/12\/DSCF9869-carre-1024x1024.jpg 1024w, https:\/\/urbanglide.com\/wp-content\/uploads\/2022\/12\/DSCF9869-carre-150x150.jpg 150w, https:\/\/urbanglide.com\/wp-content\/uploads\/2022\/12\/DSCF9869-carre-768x768.jpg 768w, https:\/\/urbanglide.com\/wp-content\/uploads\/2022\/12\/DSCF9869-carre-1536x1536.jpg 1536w, https:\/\/urbanglide.com\/wp-content\/uploads\/2022\/12\/DSCF9869-carre-2048x2048.jpg 2048w\" sizes=\"(max-width: 500px) 100vw, 500px\" \/><\/div><\/a>\n\t\t\t\t<div class=\"elementor-post__text\">\n\t\t\t\t<h3 class=\"elementor-post__title\">\n\t\t\t<a href=\"https:\/\/urbanglide.com\/pt-pt\/fim-das-trotinetas-electricas-self-service-em-paris\/\" >\n\t\t\t\tFim das trotinetas el\u00e9ctricas self-service em Paris\t\t\t<\/a>\n\t\t<\/h3>\n\t\t\t\t<div class=\"elementor-post__excerpt\">\n\t\t\t<p>Fim das trotinetas el\u00e9ctricas self-service em Paris J\u00e1 deve ter visto a not\u00edcia nestes \u00faltimos meses: a partir de 1<\/p>\n\t\t<\/div>\n\t\t\n\t\t<a class=\"elementor-post__read-more\" href=\"https:\/\/urbanglide.com\/pt-pt\/fim-das-trotinetas-electricas-self-service-em-paris\/\" aria-label=\"Read more about Fim das trotinetas el\u00e9ctricas self-service em Paris\" tabindex=\"-1\" >\n\t\t\tLer mais \t\t<\/a>\n\n\t\t\t\t<\/div>\n\t\t\t\t<div class=\"elementor-post__meta-data\">\n\t\t\t\t\t<span class=\"elementor-post-date\">\n\t\t\tSetembro 1, 2023\t\t<\/span>\n\t\t\t\t<\/div>\n\t\t\t\t\t<\/div>\n\t\t<\/article>\n\t\t\t\t<\/div>\n\t\t\t\t\t<span class=\"e-load-more-spinner\">\n\t\t\t\t<i aria-hidden=\"true\" class=\"fas fa-spinner\"><\/i>\t\t\t<\/span>\n\t\t\n\t\t\t\t<div class=\"e-load-more-anchor\" data-page=\"1\" data-max-page=\"3\" data-next-page=\"https:\/\/urbanglide.com\/pt-pt\/wp-json\/wp\/v2\/pages\/30937\/page\/2\/\"><\/div>\n\t\t\t\t<div class=\"elementor-button-wrapper\">\n\t\t\t<a class=\"elementor-button elementor-size-sm\" role=\"button\" id=\"dug_archive_post_btn\">\n\t\t\t\t\t\t<span class=\"elementor-button-content-wrapper\">\n\t\t\t\t\t\t\t\t\t<span class=\"elementor-button-text\">Carregar mais<\/span>\n\t\t\t\t\t<\/span>\n\t\t\t\t\t<\/a>\n\t\t<\/div>\n\t\t\t\t<div class=\"e-load-more-message\"><\/div>\n\t\t\t\t\t\t<\/div>\n\t\t\t\t<\/div>\n\t\t\t\t\t<\/div>\n\t\t<\/div>\n\t\t\t\t\t<\/div>\n\t\t<\/section>\n\t\t\t\t<\/div>\n\t\t","protected":false},"excerpt":{"rendered":"<p>BLOG<\/p>\n","protected":false},"author":1,"featured_media":0,"parent":0,"menu_order":0,"comment_status":"closed","ping_status":"closed","template":"","meta":{"footnotes":""},"class_list":["post-30937","page","type-page","status-publish","hentry"],"yoast_head":"<!-- This site is optimized with the Yoast SEO plugin v27.1.1 - https:\/\/yoast.com\/product\/yoast-seo-wordpress\/ -->\n<title>BLOG - UrbanGlide<\/title>\n<meta name=\"robots\" content=\"index, follow, max-snippet:-1, max-image-preview:large, max-video-preview:-1\" \/>\n<link rel=\"canonical\" href=\"https:\/\/urbanglide.com\/blog\/\" \/>\n<meta property=\"og:locale\" content=\"pt_PT\" \/>\n<meta property=\"og:type\" content=\"article\" \/>\n<meta property=\"og:title\" content=\"BLOG - UrbanGlide\" \/>\n<meta property=\"og:description\" content=\"BLOG\" \/>\n<meta property=\"og:url\" content=\"https:\/\/urbanglide.com\/blog\/\" \/>\n<meta property=\"og:site_name\" content=\"UrbanGlide\" \/>\n<meta property=\"article:modified_time\" content=\"2024-02-13T15:16:31+00:00\" \/>\n<meta name=\"twitter:card\" content=\"summary_large_image\" \/>\n<meta name=\"twitter:label1\" content=\"Tempo estimado de leitura\" \/>\n\t<meta name=\"twitter:data1\" content=\"3 minutos\" \/>\n<script type=\"application\/ld+json\" class=\"yoast-schema-graph\">{\"@context\":\"https:\/\/schema.org\",\"@graph\":[{\"@type\":\"WebPage\",\"@id\":\"https:\/\/urbanglide.com\/blog\/\",\"url\":\"https:\/\/urbanglide.com\/blog\/\",\"name\":\"BLOG - UrbanGlide\",\"isPartOf\":{\"@id\":\"https:\/\/urbanglide.com\/#website\"},\"datePublished\":\"2023-01-26T07:57:29+00:00\",\"dateModified\":\"2024-02-13T15:16:31+00:00\",\"breadcrumb\":{\"@id\":\"https:\/\/urbanglide.com\/blog\/#breadcrumb\"},\"inLanguage\":\"pt-PT\",\"potentialAction\":[{\"@type\":\"ReadAction\",\"target\":[\"https:\/\/urbanglide.com\/blog\/\"]}]},{\"@type\":\"BreadcrumbList\",\"@id\":\"https:\/\/urbanglide.com\/blog\/#breadcrumb\",\"itemListElement\":[{\"@type\":\"ListItem\",\"position\":1,\"name\":\"Accueil\",\"item\":\"https:\/\/urbanglide.com\/pt-pt\/urbanglide-homepage-nova-versao\/\"},{\"@type\":\"ListItem\",\"position\":2,\"name\":\"BLOG\"}]},{\"@type\":\"WebSite\",\"@id\":\"https:\/\/urbanglide.com\/#website\",\"url\":\"https:\/\/urbanglide.com\/\",\"name\":\"Urbanglide\",\"description\":\"Expert fran\u00e7ais de la mobilit\u00e9 \u00e9lectrique\",\"potentialAction\":[{\"@type\":\"SearchAction\",\"target\":{\"@type\":\"EntryPoint\",\"urlTemplate\":\"https:\/\/urbanglide.com\/?s={search_term_string}\"},\"query-input\":{\"@type\":\"PropertyValueSpecification\",\"valueRequired\":true,\"valueName\":\"search_term_string\"}}],\"inLanguage\":\"pt-PT\"}]}<\/script>\n<!-- \/ Yoast SEO plugin. -->","yoast_head_json":{"title":"BLOG - UrbanGlide","robots":{"index":"index","follow":"follow","max-snippet":"max-snippet:-1","max-image-preview":"max-image-preview:large","max-video-preview":"max-video-preview:-1"},"canonical":"https:\/\/urbanglide.com\/blog\/","og_locale":"pt_PT","og_type":"article","og_title":"BLOG - UrbanGlide","og_description":"BLOG","og_url":"https:\/\/urbanglide.com\/blog\/","og_site_name":"UrbanGlide","article_modified_time":"2024-02-13T15:16:31+00:00","twitter_card":"summary_large_image","twitter_misc":{"Tempo estimado de leitura":"3 minutos"},"schema":{"@context":"https:\/\/schema.org","@graph":[{"@type":"WebPage","@id":"https:\/\/urbanglide.com\/blog\/","url":"https:\/\/urbanglide.com\/blog\/","name":"BLOG - UrbanGlide","isPartOf":{"@id":"https:\/\/urbanglide.com\/#website"},"datePublished":"2023-01-26T07:57:29+00:00","dateModified":"2024-02-13T15:16:31+00:00","breadcrumb":{"@id":"https:\/\/urbanglide.com\/blog\/#breadcrumb"},"inLanguage":"pt-PT","potentialAction":[{"@type":"ReadAction","target":["https:\/\/urbanglide.com\/blog\/"]}]},{"@type":"BreadcrumbList","@id":"https:\/\/urbanglide.com\/blog\/#breadcrumb","itemListElement":[{"@type":"ListItem","position":1,"name":"Accueil","item":"https:\/\/urbanglide.com\/pt-pt\/urbanglide-homepage-nova-versao\/"},{"@type":"ListItem","position":2,"name":"BLOG"}]},{"@type":"WebSite","@id":"https:\/\/urbanglide.com\/#website","url":"https:\/\/urbanglide.com\/","name":"Urbanglide","description":"Expert fran\u00e7ais de la mobilit\u00e9 \u00e9lectrique","potentialAction":[{"@type":"SearchAction","target":{"@type":"EntryPoint","urlTemplate":"https:\/\/urbanglide.com\/?s={search_term_string}"},"query-input":{"@type":"PropertyValueSpecification","valueRequired":true,"valueName":"search_term_string"}}],"inLanguage":"pt-PT"}]}},"_links":{"self":[{"href":"https:\/\/urbanglide.com\/pt-pt\/wp-json\/wp\/v2\/pages\/30937","targetHints":{"allow":["GET"]}}],"collection":[{"href":"https:\/\/urbanglide.com\/pt-pt\/wp-json\/wp\/v2\/pages"}],"about":[{"href":"https:\/\/urbanglide.com\/pt-pt\/wp-json\/wp\/v2\/types\/page"}],"author":[{"embeddable":true,"href":"https:\/\/urbanglide.com\/pt-pt\/wp-json\/wp\/v2\/users\/1"}],"replies":[{"embeddable":true,"href":"https:\/\/urbanglide.com\/pt-pt\/wp-json\/wp\/v2\/comments?post=30937"}],"version-history":[{"count":0,"href":"https:\/\/urbanglide.com\/pt-pt\/wp-json\/wp\/v2\/pages\/30937\/revisions"}],"wp:attachment":[{"href":"https:\/\/urbanglide.com\/pt-pt\/wp-json\/wp\/v2\/media?parent=30937"}],"curies":[{"name":"wp","href":"https:\/\/api.w.org\/{rel}","templated":true}]}}