{"id":31437,"date":"2022-06-03T06:29:27","date_gmt":"2022-06-03T06:29:27","guid":{"rendered":"https:\/\/urbanglide.com\/pecas-sobressalentes\/"},"modified":"2024-03-06T08:39:32","modified_gmt":"2024-03-06T08:39:32","slug":"pecas-sobressalentes","status":"publish","type":"page","link":"https:\/\/urbanglide.com\/pt-pt\/pecas-sobressalentes\/","title":{"rendered":"Pe\u00e7as sobressalentes"},"content":{"rendered":"\t\t<div data-elementor-type=\"wp-page\" data-elementor-id=\"31437\" class=\"elementor elementor-31437 elementor-1697\" data-elementor-post-type=\"page\">\n\t\t\t\t\t\t<section class=\"elementor-section elementor-top-section elementor-element elementor-element-a918ce4 elementor-section-full_width elementor-section-height-default elementor-section-height-default\" data-id=\"a918ce4\" data-element_type=\"section\" data-e-type=\"section\">\n\t\t\t\t\t\t<div class=\"elementor-container elementor-column-gap-default\">\n\t\t\t\t\t<div class=\"elementor-column elementor-col-100 elementor-top-column elementor-element elementor-element-6dc4b81\" data-id=\"6dc4b81\" data-element_type=\"column\" data-e-type=\"column\">\n\t\t\t<div class=\"elementor-widget-wrap elementor-element-populated\">\n\t\t\t\t\t\t<div class=\"elementor-element elementor-element-6ff82f9 elementor-widget elementor-widget-spacer\" data-id=\"6ff82f9\" data-element_type=\"widget\" data-e-type=\"widget\" data-widget_type=\"spacer.default\">\n\t\t\t\t<div class=\"elementor-widget-container\">\n\t\t\t\t\t\t\t<div class=\"elementor-spacer\">\n\t\t\t<div class=\"elementor-spacer-inner\"><\/div>\n\t\t<\/div>\n\t\t\t\t\t\t<\/div>\n\t\t\t\t<\/div>\n\t\t\t\t<div class=\"elementor-element elementor-element-e70ea24 elementor-widget elementor-widget-shortcode\" data-id=\"e70ea24\" data-element_type=\"widget\" data-e-type=\"widget\" data-widget_type=\"shortcode.default\">\n\t\t\t\t<div class=\"elementor-widget-container\">\n\t\t\t\t\t\t\t<div class=\"elementor-shortcode\">\n\t<section id=\"dug_product_taxonomies_shortcode\" class=\"dug_type_main\">\n\t\t\t\t\t<aside>\n\t\t\t\t<div>\n\t\t\t\t\t<h2>Categorias<\/h2>\n\t\t\t\t<\/div>\n\t\t\t<\/aside>\n\t\t\t\t\t\t\t<ul class=\"dug_grid_ptax\">\n\t\t\t\t\t\t\t\t\t<li class=\"dug_single_ptax\">\n\t<div class=\"dug_single_ptax_bg\" style=\"background-image: url('https:\/\/urbanglide.com\/wp-content\/uploads\/2022\/05\/BIKE-500x500.png')\">\n\n\t\t\n\t\t<a href=\"https:\/\/urbanglide.com\/pt-pt\/categorie\/bicicletas-electricas-pt\/\">\n\n\t\t\t<p> <\/p>\n\n\t\t\t\n\t\t\t\t\t<\/a>\n\t\t<div class=\"dug_item_bottom_cta\">\n\t\t\t<div>\n\t\t\t\t<h3>Bicicletas el\u00e9ctricas<\/h3>\n\n\t\t\t\t\n\t\t\t\t<div class=\"dug_inline_stock_price\">\n\t\t\t\t\t\t\t\t\t\t\t\t\t\t\t\t\n\t\t\t\t\t\t\t\t\t<\/div>\n\t\t\t<\/div>\n\n\t\t\t\t\t<\/div>\n\t<\/div>\n<\/li>\n\t\t\t\t\t\t\t\t\t<li class=\"dug_single_ptax\">\n\t<div class=\"dug_single_ptax_bg\" style=\"background-image: url('https:\/\/urbanglide.com\/wp-content\/uploads\/2022\/10\/TROTT-500x500.png')\">\n\n\t\t\n\t\t<a href=\"https:\/\/urbanglide.com\/pt-pt\/categorie\/trottinettes-pt\/\">\n\n\t\t\t<p> <\/p>\n\n\t\t\t\n\t\t\t\t\t<\/a>\n\t\t<div class=\"dug_item_bottom_cta\">\n\t\t\t<div>\n\t\t\t\t<h3>Trotinetes el\u00e9ctricas<\/h3>\n\n\t\t\t\t\n\t\t\t\t<div class=\"dug_inline_stock_price\">\n\t\t\t\t\t\t\t\t\t\t\t\t\t\t\t\t\n\t\t\t\t\t\t\t\t\t<\/div>\n\t\t\t<\/div>\n\n\t\t\t\t\t<\/div>\n\t<\/div>\n<\/li>\n\t\t\t\t\t\t\t\t\t<li class=\"dug_single_ptax\">\n\t<div class=\"dug_single_ptax_bg\" style=\"background-image: url('https:\/\/urbanglide.com\/wp-content\/uploads\/2022\/05\/HVB-500x500.png')\">\n\n\t\t\n\t\t<a href=\"https:\/\/urbanglide.com\/pt-pt\/categorie\/hoverboard-pt\/\">\n\n\t\t\t<p> <\/p>\n\n\t\t\t\n\t\t\t\t\t<\/a>\n\t\t<div class=\"dug_item_bottom_cta\">\n\t\t\t<div>\n\t\t\t\t<h3>Hoverboard<\/h3>\n\n\t\t\t\t\n\t\t\t\t<div class=\"dug_inline_stock_price\">\n\t\t\t\t\t\t\t\t\t\t\t\t\t\t\t\t\n\t\t\t\t\t\t\t\t\t<\/div>\n\t\t\t<\/div>\n\n\t\t\t\t\t<\/div>\n\t<\/div>\n<\/li>\n\t\t\t\t\t\t\t\t\t<li class=\"dug_single_ptax\">\n\t<div class=\"dug_single_ptax_bg\" style=\"background-image: url('https:\/\/urbanglide.com\/wp-content\/uploads\/2025\/05\/header-LINX160-500x334.webp')\">\n\n\t\t\n\t\t<a href=\"https:\/\/urbanglide.com\/pt-pt\/categorie\/bicicleta-eletricas-sem-pedais\/\">\n\n\t\t\t<p> <\/p>\n\n\t\t\t\n\t\t\t\t\t<\/a>\n\t\t<div class=\"dug_item_bottom_cta\">\n\t\t\t<div>\n\t\t\t\t<h3>bicicleta el\u00e9trica sem pedais<\/h3>\n\n\t\t\t\t\n\t\t\t\t<div class=\"dug_inline_stock_price\">\n\t\t\t\t\t\t\t\t\t\t\t\t\t\t\t\t\n\t\t\t\t\t\t\t\t\t<\/div>\n\t\t\t<\/div>\n\n\t\t\t\t\t<\/div>\n\t<\/div>\n<\/li>\n\t\t\t\t\t\t\t\t\t<li class=\"dug_single_ptax\">\n\t<div class=\"dug_single_ptax_bg\" style=\"background-image: url('https:\/\/urbanglide.com\/wp-content\/uploads\/2022\/06\/KIDS-1-500x500.png')\">\n\n\t\t\n\t\t<a href=\"https:\/\/urbanglide.com\/pt-pt\/categorie\/trottinettes-pt\/kids\/\">\n\n\t\t\t<p> <\/p>\n\n\t\t\t\n\t\t\t\t\t<\/a>\n\t\t<div class=\"dug_item_bottom_cta\">\n\t\t\t<div>\n\t\t\t\t<h3>Para crian\u00e7as<\/h3>\n\n\t\t\t\t\n\t\t\t\t<div class=\"dug_inline_stock_price\">\n\t\t\t\t\t\t\t\t\t\t\t\t\t\t\t\t\n\t\t\t\t\t\t\t\t\t<\/div>\n\t\t\t<\/div>\n\n\t\t\t\t\t<\/div>\n\t<\/div>\n<\/li>\n\t\t\t\t\t\t\t\t\t<li class=\"dug_single_ptax\">\n\t<div class=\"dug_single_ptax_bg\" style=\"background-image: url('https:\/\/urbanglide.com\/wp-content\/uploads\/2025\/01\/Banniere-desktop-accessoires-5-500x210.png')\">\n\n\t\t\n\t\t<a href=\"https:\/\/urbanglide.com\/pt-pt\/categorie\/acessorios-pt\/\">\n\n\t\t\t<p> <\/p>\n\n\t\t\t\n\t\t\t\t\t<\/a>\n\t\t<div class=\"dug_item_bottom_cta\">\n\t\t\t<div>\n\t\t\t\t<h3>Acess\u00f3rios<\/h3>\n\n\t\t\t\t\n\t\t\t\t<div class=\"dug_inline_stock_price\">\n\t\t\t\t\t\t\t\t\t\t\t\t\t\t\t\t\n\t\t\t\t\t\t\t\t\t<\/div>\n\t\t\t<\/div>\n\n\t\t\t\t\t<\/div>\n\t<\/div>\n<\/li>\n\t\t\t\t\t\t\t<\/ul>\n\t\t\t<\/section>\n\n<\/div>\n\t\t\t\t\t\t<\/div>\n\t\t\t\t<\/div>\n\t\t\t\t\t<\/div>\n\t\t<\/div>\n\t\t\t\t\t<\/div>\n\t\t<\/section>\n\t\t\t\t<\/div>\n\t\t","protected":false},"excerpt":{"rendered":"","protected":false},"author":1,"featured_media":0,"parent":0,"menu_order":0,"comment_status":"closed","ping_status":"closed","template":"","meta":{"footnotes":""},"class_list":["post-31437","page","type-page","status-publish","hentry"],"yoast_head":"<!-- This site is optimized with the Yoast SEO plugin v27.1.1 - https:\/\/yoast.com\/product\/yoast-seo-wordpress\/ -->\n<title>Pe\u00e7as sobressalentes - UrbanGlide<\/title>\n<meta name=\"description\" content=\"Encontre facilmente a pe\u00e7a sobressalente e acess\u00f3rio para a sua bicicleta e scooter el\u00e9ctrica UrbanGlide, resolva problemas com os nossos tutoriais online.\" \/>\n<meta name=\"robots\" content=\"index, follow, max-snippet:-1, max-image-preview:large, max-video-preview:-1\" \/>\n<link rel=\"canonical\" href=\"https:\/\/urbanglide.com\/pieces-detachees\/\" \/>\n<meta property=\"og:locale\" content=\"pt_PT\" \/>\n<meta property=\"og:type\" content=\"article\" \/>\n<meta property=\"og:title\" content=\"Pe\u00e7as sobressalentes - UrbanGlide\" \/>\n<meta property=\"og:description\" content=\"Encontre facilmente a pe\u00e7a sobressalente e acess\u00f3rio para a sua bicicleta e scooter el\u00e9ctrica UrbanGlide, resolva problemas com os nossos tutoriais online.\" \/>\n<meta property=\"og:url\" content=\"https:\/\/urbanglide.com\/pieces-detachees\/\" \/>\n<meta property=\"og:site_name\" content=\"UrbanGlide\" \/>\n<meta property=\"article:modified_time\" content=\"2024-03-06T08:39:32+00:00\" \/>\n<meta name=\"twitter:card\" content=\"summary_large_image\" \/>\n<script type=\"application\/ld+json\" class=\"yoast-schema-graph\">{\"@context\":\"https:\/\/schema.org\",\"@graph\":[{\"@type\":\"WebPage\",\"@id\":\"https:\/\/urbanglide.com\/pieces-detachees\/\",\"url\":\"https:\/\/urbanglide.com\/pieces-detachees\/\",\"name\":\"Pe\u00e7as sobressalentes - UrbanGlide\",\"isPartOf\":{\"@id\":\"https:\/\/urbanglide.com\/#website\"},\"datePublished\":\"2022-06-03T06:29:27+00:00\",\"dateModified\":\"2024-03-06T08:39:32+00:00\",\"description\":\"Encontre facilmente a pe\u00e7a sobressalente e acess\u00f3rio para a sua bicicleta e scooter el\u00e9ctrica UrbanGlide, resolva problemas com os nossos tutoriais online.\",\"breadcrumb\":{\"@id\":\"https:\/\/urbanglide.com\/pieces-detachees\/#breadcrumb\"},\"inLanguage\":\"pt-PT\",\"potentialAction\":[{\"@type\":\"ReadAction\",\"target\":[\"https:\/\/urbanglide.com\/pieces-detachees\/\"]}]},{\"@type\":\"BreadcrumbList\",\"@id\":\"https:\/\/urbanglide.com\/pieces-detachees\/#breadcrumb\",\"itemListElement\":[{\"@type\":\"ListItem\",\"position\":1,\"name\":\"Accueil\",\"item\":\"https:\/\/urbanglide.com\/pt-pt\/urbanglide-homepage-nova-versao\/\"},{\"@type\":\"ListItem\",\"position\":2,\"name\":\"Pe\u00e7as sobressalentes\"}]},{\"@type\":\"WebSite\",\"@id\":\"https:\/\/urbanglide.com\/#website\",\"url\":\"https:\/\/urbanglide.com\/\",\"name\":\"Urbanglide\",\"description\":\"Expert fran\u00e7ais de la mobilit\u00e9 \u00e9lectrique\",\"potentialAction\":[{\"@type\":\"SearchAction\",\"target\":{\"@type\":\"EntryPoint\",\"urlTemplate\":\"https:\/\/urbanglide.com\/?s={search_term_string}\"},\"query-input\":{\"@type\":\"PropertyValueSpecification\",\"valueRequired\":true,\"valueName\":\"search_term_string\"}}],\"inLanguage\":\"pt-PT\"}]}<\/script>\n<!-- \/ Yoast SEO plugin. -->","yoast_head_json":{"title":"Pe\u00e7as sobressalentes - UrbanGlide","description":"Encontre facilmente a pe\u00e7a sobressalente e acess\u00f3rio para a sua bicicleta e scooter el\u00e9ctrica UrbanGlide, resolva problemas com os nossos tutoriais online.","robots":{"index":"index","follow":"follow","max-snippet":"max-snippet:-1","max-image-preview":"max-image-preview:large","max-video-preview":"max-video-preview:-1"},"canonical":"https:\/\/urbanglide.com\/pieces-detachees\/","og_locale":"pt_PT","og_type":"article","og_title":"Pe\u00e7as sobressalentes - UrbanGlide","og_description":"Encontre facilmente a pe\u00e7a sobressalente e acess\u00f3rio para a sua bicicleta e scooter el\u00e9ctrica UrbanGlide, resolva problemas com os nossos tutoriais online.","og_url":"https:\/\/urbanglide.com\/pieces-detachees\/","og_site_name":"UrbanGlide","article_modified_time":"2024-03-06T08:39:32+00:00","twitter_card":"summary_large_image","schema":{"@context":"https:\/\/schema.org","@graph":[{"@type":"WebPage","@id":"https:\/\/urbanglide.com\/pieces-detachees\/","url":"https:\/\/urbanglide.com\/pieces-detachees\/","name":"Pe\u00e7as sobressalentes - UrbanGlide","isPartOf":{"@id":"https:\/\/urbanglide.com\/#website"},"datePublished":"2022-06-03T06:29:27+00:00","dateModified":"2024-03-06T08:39:32+00:00","description":"Encontre facilmente a pe\u00e7a sobressalente e acess\u00f3rio para a sua bicicleta e scooter el\u00e9ctrica UrbanGlide, resolva problemas com os nossos tutoriais online.","breadcrumb":{"@id":"https:\/\/urbanglide.com\/pieces-detachees\/#breadcrumb"},"inLanguage":"pt-PT","potentialAction":[{"@type":"ReadAction","target":["https:\/\/urbanglide.com\/pieces-detachees\/"]}]},{"@type":"BreadcrumbList","@id":"https:\/\/urbanglide.com\/pieces-detachees\/#breadcrumb","itemListElement":[{"@type":"ListItem","position":1,"name":"Accueil","item":"https:\/\/urbanglide.com\/pt-pt\/urbanglide-homepage-nova-versao\/"},{"@type":"ListItem","position":2,"name":"Pe\u00e7as sobressalentes"}]},{"@type":"WebSite","@id":"https:\/\/urbanglide.com\/#website","url":"https:\/\/urbanglide.com\/","name":"Urbanglide","description":"Expert fran\u00e7ais de la mobilit\u00e9 \u00e9lectrique","potentialAction":[{"@type":"SearchAction","target":{"@type":"EntryPoint","urlTemplate":"https:\/\/urbanglide.com\/?s={search_term_string}"},"query-input":{"@type":"PropertyValueSpecification","valueRequired":true,"valueName":"search_term_string"}}],"inLanguage":"pt-PT"}]}},"_links":{"self":[{"href":"https:\/\/urbanglide.com\/pt-pt\/wp-json\/wp\/v2\/pages\/31437","targetHints":{"allow":["GET"]}}],"collection":[{"href":"https:\/\/urbanglide.com\/pt-pt\/wp-json\/wp\/v2\/pages"}],"about":[{"href":"https:\/\/urbanglide.com\/pt-pt\/wp-json\/wp\/v2\/types\/page"}],"author":[{"embeddable":true,"href":"https:\/\/urbanglide.com\/pt-pt\/wp-json\/wp\/v2\/users\/1"}],"replies":[{"embeddable":true,"href":"https:\/\/urbanglide.com\/pt-pt\/wp-json\/wp\/v2\/comments?post=31437"}],"version-history":[{"count":0,"href":"https:\/\/urbanglide.com\/pt-pt\/wp-json\/wp\/v2\/pages\/31437\/revisions"}],"wp:attachment":[{"href":"https:\/\/urbanglide.com\/pt-pt\/wp-json\/wp\/v2\/media?parent=31437"}],"curies":[{"name":"wp","href":"https:\/\/api.w.org\/{rel}","templated":true}]}}