{"id":80859,"date":"2023-12-15T14:20:17","date_gmt":"2023-12-15T14:20:17","guid":{"rendered":"https:\/\/urbanglide.com\/garantia-das-trotinetes-electricas\/"},"modified":"2026-02-16T08:13:27","modified_gmt":"2026-02-16T08:13:27","slug":"garantia-das-trotinetes-electricas","status":"publish","type":"page","link":"https:\/\/urbanglide.com\/pt-pt\/garantia-das-trotinetes-electricas\/","title":{"rendered":"Garantia das trotinetes el\u00e9ctricas"},"content":{"rendered":"\t\t<div data-elementor-type=\"wp-page\" data-elementor-id=\"80859\" class=\"elementor elementor-80859 elementor-48478\" data-elementor-post-type=\"page\">\n\t\t\t\t\t\t<section class=\"elementor-section elementor-top-section elementor-element elementor-element-9edc1c7 elementor-section-boxed elementor-section-height-default elementor-section-height-default\" data-id=\"9edc1c7\" data-element_type=\"section\" data-e-type=\"section\">\n\t\t\t\t\t\t<div class=\"elementor-container elementor-column-gap-default\">\n\t\t\t\t\t<div class=\"elementor-column elementor-col-100 elementor-top-column elementor-element elementor-element-332803d\" data-id=\"332803d\" data-element_type=\"column\" data-e-type=\"column\">\n\t\t\t<div class=\"elementor-widget-wrap elementor-element-populated\">\n\t\t\t\t\t\t<div class=\"elementor-element elementor-element-4dfc6d2 elementor-widget elementor-widget-spacer\" data-id=\"4dfc6d2\" data-element_type=\"widget\" data-e-type=\"widget\" data-widget_type=\"spacer.default\">\n\t\t\t\t<div class=\"elementor-widget-container\">\n\t\t\t\t\t\t\t<div class=\"elementor-spacer\">\n\t\t\t<div class=\"elementor-spacer-inner\"><\/div>\n\t\t<\/div>\n\t\t\t\t\t\t<\/div>\n\t\t\t\t<\/div>\n\t\t\t\t\t<\/div>\n\t\t<\/div>\n\t\t\t\t\t<\/div>\n\t\t<\/section>\n\t\t\t\t<section class=\"elementor-section elementor-top-section elementor-element elementor-element-929ea4c elementor-section-boxed elementor-section-height-default elementor-section-height-default\" data-id=\"929ea4c\" data-element_type=\"section\" data-e-type=\"section\">\n\t\t\t\t\t\t<div class=\"elementor-container elementor-column-gap-default\">\n\t\t\t\t\t<div class=\"elementor-column elementor-col-100 elementor-top-column elementor-element elementor-element-94bfc00\" data-id=\"94bfc00\" data-element_type=\"column\" data-e-type=\"column\">\n\t\t\t<div class=\"elementor-widget-wrap elementor-element-populated\">\n\t\t\t\t\t\t<div class=\"elementor-element elementor-element-1ca296e elementor-widget elementor-widget-heading\" data-id=\"1ca296e\" data-element_type=\"widget\" data-e-type=\"widget\" data-widget_type=\"heading.default\">\n\t\t\t\t<div class=\"elementor-widget-container\">\n\t\t\t\t\t<h2 class=\"elementor-heading-title elementor-size-xl\">INFORMA\u00c7\u00d5ES SOBRE A GARANTIA<br> SCOOTERS EL\u00c9CTRICAS<\/h2>\t\t\t\t<\/div>\n\t\t\t\t<\/div>\n\t\t\t\t\t<\/div>\n\t\t<\/div>\n\t\t\t\t\t<\/div>\n\t\t<\/section>\n\t\t\t\t<section class=\"elementor-section elementor-top-section elementor-element elementor-element-fb9264f elementor-section-boxed elementor-section-height-default elementor-section-height-default\" data-id=\"fb9264f\" data-element_type=\"section\" data-e-type=\"section\">\n\t\t\t\t\t\t<div class=\"elementor-container elementor-column-gap-default\">\n\t\t\t\t\t<div class=\"elementor-column elementor-col-100 elementor-top-column elementor-element elementor-element-f10dd57\" data-id=\"f10dd57\" data-element_type=\"column\" data-e-type=\"column\">\n\t\t\t<div class=\"elementor-widget-wrap elementor-element-populated\">\n\t\t\t\t\t\t<div class=\"elementor-element elementor-element-4bc8989 elementor-widget elementor-widget-text-editor\" data-id=\"4bc8989\" data-element_type=\"widget\" data-e-type=\"widget\" data-widget_type=\"text-editor.default\">\n\t\t\t\t<div class=\"elementor-widget-container\">\n\t\t\t\t\t\t\t\t\t<p>Est\u00e1s coberto por uma <strong>garantia<\/strong> <strong>de 2 anos<\/strong>, v\u00e1lida a partir da data de rece\u00e7\u00e3o do teu produto. Qualquer repara\u00e7\u00e3o ao abrigo da garantia est\u00e1 sujeita \u00e0 utiliza\u00e7\u00e3o do produto de acordo com as recomenda\u00e7\u00f5es do manual do utilizador. <\/p><p>N\u00e3o te esque\u00e7as de guardar o comprovativo <strong>de compra<\/strong>.<\/p><p><strong>Termos e condi\u00e7\u00f5es<\/strong><b> Termos e condi\u00e7\u00f5es<\/b><\/p><div><p>A garantia est\u00e1 inclu\u00edda nos seguintes casos:<\/p><ul><li>Utiliza os produtos em condi\u00e7\u00f5es normais.<\/li><\/ul><ul><li>Utiliza-o com chuva ligeira ou quando conduzes sobre po\u00e7as de \u00e1gua no ch\u00e3o.<\/li><\/ul><p>A garantia \u00e9 exclu\u00edda nos seguintes casos (lista n\u00e3o exaustiva):<\/p><ul><li>A scooter \u00e9 aberta, desmontada ou modificada utilizando pe\u00e7as n\u00e3o autorizadas ou n\u00e3o originais ou por uma pessoa n\u00e3o autorizada (por exemplo, desgoverna\u00e7\u00e3o, substitui\u00e7\u00e3o de pe\u00e7as sobresselentes n\u00e3o originais, etc.).<\/li><\/ul><ul><li>As repara\u00e7\u00f5es necess\u00e1rias dizem respeito a artigos consum\u00edveis ou a ajustamentos que se inserem no \u00e2mbito da manuten\u00e7\u00e3o do produto (por exemplo, bateria, pneus, jantes, pastilhas e discos de trav\u00e3o, cabos e ganhos, l\u00e2mpadas, etc.).<\/li><\/ul><ul><li>O artigo enviado para repara\u00e7\u00e3o apresenta sinais de ter sido utilizado de forma n\u00e3o conforme com as instru\u00e7\u00f5es de utiliza\u00e7\u00e3o dos produtos ou de ter sido manuseado de forma n\u00e3o conforme com as instru\u00e7\u00f5es descritas no manual (por exemplo, excesso de peso, oxida\u00e7\u00e3o, liga\u00e7\u00e3o \u00e0 corrente, incumprimento das <a href=\"https:\/\/urbanglide.com\/pt-pt\/?page_id=48498\">instru\u00e7\u00f5es de manuten\u00e7\u00e3o<\/a>, etc.). <\/li><\/ul><ul><li>Danos na bateria causados por carregamento incorreto, sobrecarga, armazenamento inadequado ou n\u00e3o utiliza\u00e7\u00e3o prolongada.<\/li><\/ul><ul><li>Arranh\u00f5es, amolgadelas ou outros danos cosm\u00e9ticos que n\u00e3o afectem a funcionalidade da scooter.<\/li><\/ul><ul><li>Os trabalhos de repara\u00e7\u00e3o solicitados s\u00e3o necess\u00e1rios porque a scooter foi danificada voluntariamente\/involuntariamente (por exemplo, danos resultantes de quedas, acidentes, avarias, vandalismo, inc\u00eandio, inunda\u00e7\u00e3o, etc.).<\/li><\/ul><ul><li>Utilizar a scooter em condi\u00e7\u00f5es climat\u00e9ricas extremas, em terreno inadequado, em ambientes perigosos ou em contacto com subst\u00e2ncias qu\u00edmicas ou corrosivas.<\/li><\/ul><ul><li>O produto \u00e9 recebido sem embalagem ou numa embalagem inadequada para proteger o artigo durante o transporte.<\/li><\/ul><ul><li>Falta de prova de compra.<\/li><\/ul><p><strong>N.B :<\/strong> <strong>A interven\u00e7\u00e3o do servi\u00e7o p\u00f3s-venda pode levar a que o produto seja ajustado aos par\u00e2metros de f\u00e1brica antes de ser devolvido ao cliente. <\/strong> <\/p><\/div>\t\t\t\t\t\t\t\t<\/div>\n\t\t\t\t<\/div>\n\t\t\t\t\t<\/div>\n\t\t<\/div>\n\t\t\t\t\t<\/div>\n\t\t<\/section>\n\t\t\t\t<\/div>\n\t\t","protected":false},"excerpt":{"rendered":"<p>INFORMA\u00c7\u00d5ES SOBRE A GARANTIA SCOOTERS EL\u00c9CTRICAS Est\u00e1s coberto por uma garantia de 2 anos, v\u00e1lida a partir da data de [&hellip;]<\/p>\n","protected":false},"author":13701,"featured_media":0,"parent":0,"menu_order":0,"comment_status":"closed","ping_status":"closed","template":"","meta":{"footnotes":""},"class_list":["post-80859","page","type-page","status-publish","hentry"],"yoast_head":"<!-- This site is optimized with the Yoast SEO plugin v27.1.1 - https:\/\/yoast.com\/product\/yoast-seo-wordpress\/ -->\n<title>Garantia das trotinetes el\u00e9ctricas - UrbanGlide<\/title>\n<meta name=\"robots\" content=\"index, follow, max-snippet:-1, max-image-preview:large, max-video-preview:-1\" \/>\n<link rel=\"canonical\" href=\"https:\/\/urbanglide.com\/pt-pt\/garantia-das-trotinetes-electricas\/\" \/>\n<meta property=\"og:locale\" content=\"pt_PT\" \/>\n<meta property=\"og:type\" content=\"article\" \/>\n<meta property=\"og:title\" content=\"Garantia das trotinetes el\u00e9ctricas - UrbanGlide\" \/>\n<meta property=\"og:description\" content=\"INFORMA\u00c7\u00d5ES SOBRE A GARANTIA SCOOTERS EL\u00c9CTRICAS Est\u00e1s coberto por uma garantia de 2 anos, v\u00e1lida a partir da data de [&hellip;]\" \/>\n<meta property=\"og:url\" content=\"https:\/\/urbanglide.com\/pt-pt\/garantia-das-trotinetes-electricas\/\" \/>\n<meta property=\"og:site_name\" content=\"UrbanGlide\" \/>\n<meta property=\"article:modified_time\" content=\"2026-02-16T08:13:27+00:00\" \/>\n<meta name=\"twitter:card\" content=\"summary_large_image\" \/>\n<meta name=\"twitter:label1\" content=\"Tempo estimado de leitura\" \/>\n\t<meta name=\"twitter:data1\" content=\"2 minutos\" \/>\n<script type=\"application\/ld+json\" class=\"yoast-schema-graph\">{\"@context\":\"https:\/\/schema.org\",\"@graph\":[{\"@type\":\"WebPage\",\"@id\":\"https:\/\/urbanglide.com\/pt-pt\/garantia-das-trotinetes-electricas\/\",\"url\":\"https:\/\/urbanglide.com\/pt-pt\/garantia-das-trotinetes-electricas\/\",\"name\":\"Garantia das trotinetes el\u00e9ctricas - UrbanGlide\",\"isPartOf\":{\"@id\":\"https:\/\/urbanglide.com\/#website\"},\"datePublished\":\"2023-12-15T14:20:17+00:00\",\"dateModified\":\"2026-02-16T08:13:27+00:00\",\"breadcrumb\":{\"@id\":\"https:\/\/urbanglide.com\/pt-pt\/garantia-das-trotinetes-electricas\/#breadcrumb\"},\"inLanguage\":\"pt-PT\",\"potentialAction\":[{\"@type\":\"ReadAction\",\"target\":[\"https:\/\/urbanglide.com\/pt-pt\/garantia-das-trotinetes-electricas\/\"]}]},{\"@type\":\"BreadcrumbList\",\"@id\":\"https:\/\/urbanglide.com\/pt-pt\/garantia-das-trotinetes-electricas\/#breadcrumb\",\"itemListElement\":[{\"@type\":\"ListItem\",\"position\":1,\"name\":\"Accueil\",\"item\":\"https:\/\/urbanglide.com\/pt-pt\/urbanglide-homepage-nova-versao\/\"},{\"@type\":\"ListItem\",\"position\":2,\"name\":\"Garantia das trotinetes el\u00e9ctricas\"}]},{\"@type\":\"WebSite\",\"@id\":\"https:\/\/urbanglide.com\/#website\",\"url\":\"https:\/\/urbanglide.com\/\",\"name\":\"Urbanglide\",\"description\":\"Expert fran\u00e7ais de la mobilit\u00e9 \u00e9lectrique\",\"potentialAction\":[{\"@type\":\"SearchAction\",\"target\":{\"@type\":\"EntryPoint\",\"urlTemplate\":\"https:\/\/urbanglide.com\/?s={search_term_string}\"},\"query-input\":{\"@type\":\"PropertyValueSpecification\",\"valueRequired\":true,\"valueName\":\"search_term_string\"}}],\"inLanguage\":\"pt-PT\"}]}<\/script>\n<!-- \/ Yoast SEO plugin. -->","yoast_head_json":{"title":"Garantia das trotinetes el\u00e9ctricas - UrbanGlide","robots":{"index":"index","follow":"follow","max-snippet":"max-snippet:-1","max-image-preview":"max-image-preview:large","max-video-preview":"max-video-preview:-1"},"canonical":"https:\/\/urbanglide.com\/pt-pt\/garantia-das-trotinetes-electricas\/","og_locale":"pt_PT","og_type":"article","og_title":"Garantia das trotinetes el\u00e9ctricas - UrbanGlide","og_description":"INFORMA\u00c7\u00d5ES SOBRE A GARANTIA SCOOTERS EL\u00c9CTRICAS Est\u00e1s coberto por uma garantia de 2 anos, v\u00e1lida a partir da data de [&hellip;]","og_url":"https:\/\/urbanglide.com\/pt-pt\/garantia-das-trotinetes-electricas\/","og_site_name":"UrbanGlide","article_modified_time":"2026-02-16T08:13:27+00:00","twitter_card":"summary_large_image","twitter_misc":{"Tempo estimado de leitura":"2 minutos"},"schema":{"@context":"https:\/\/schema.org","@graph":[{"@type":"WebPage","@id":"https:\/\/urbanglide.com\/pt-pt\/garantia-das-trotinetes-electricas\/","url":"https:\/\/urbanglide.com\/pt-pt\/garantia-das-trotinetes-electricas\/","name":"Garantia das trotinetes el\u00e9ctricas - UrbanGlide","isPartOf":{"@id":"https:\/\/urbanglide.com\/#website"},"datePublished":"2023-12-15T14:20:17+00:00","dateModified":"2026-02-16T08:13:27+00:00","breadcrumb":{"@id":"https:\/\/urbanglide.com\/pt-pt\/garantia-das-trotinetes-electricas\/#breadcrumb"},"inLanguage":"pt-PT","potentialAction":[{"@type":"ReadAction","target":["https:\/\/urbanglide.com\/pt-pt\/garantia-das-trotinetes-electricas\/"]}]},{"@type":"BreadcrumbList","@id":"https:\/\/urbanglide.com\/pt-pt\/garantia-das-trotinetes-electricas\/#breadcrumb","itemListElement":[{"@type":"ListItem","position":1,"name":"Accueil","item":"https:\/\/urbanglide.com\/pt-pt\/urbanglide-homepage-nova-versao\/"},{"@type":"ListItem","position":2,"name":"Garantia das trotinetes el\u00e9ctricas"}]},{"@type":"WebSite","@id":"https:\/\/urbanglide.com\/#website","url":"https:\/\/urbanglide.com\/","name":"Urbanglide","description":"Expert fran\u00e7ais de la mobilit\u00e9 \u00e9lectrique","potentialAction":[{"@type":"SearchAction","target":{"@type":"EntryPoint","urlTemplate":"https:\/\/urbanglide.com\/?s={search_term_string}"},"query-input":{"@type":"PropertyValueSpecification","valueRequired":true,"valueName":"search_term_string"}}],"inLanguage":"pt-PT"}]}},"_links":{"self":[{"href":"https:\/\/urbanglide.com\/pt-pt\/wp-json\/wp\/v2\/pages\/80859","targetHints":{"allow":["GET"]}}],"collection":[{"href":"https:\/\/urbanglide.com\/pt-pt\/wp-json\/wp\/v2\/pages"}],"about":[{"href":"https:\/\/urbanglide.com\/pt-pt\/wp-json\/wp\/v2\/types\/page"}],"author":[{"embeddable":true,"href":"https:\/\/urbanglide.com\/pt-pt\/wp-json\/wp\/v2\/users\/13701"}],"replies":[{"embeddable":true,"href":"https:\/\/urbanglide.com\/pt-pt\/wp-json\/wp\/v2\/comments?post=80859"}],"version-history":[{"count":2,"href":"https:\/\/urbanglide.com\/pt-pt\/wp-json\/wp\/v2\/pages\/80859\/revisions"}],"predecessor-version":[{"id":99297,"href":"https:\/\/urbanglide.com\/pt-pt\/wp-json\/wp\/v2\/pages\/80859\/revisions\/99297"}],"wp:attachment":[{"href":"https:\/\/urbanglide.com\/pt-pt\/wp-json\/wp\/v2\/media?parent=80859"}],"curies":[{"name":"wp","href":"https:\/\/api.w.org\/{rel}","templated":true}]}}