{"id":31531,"date":"2022-06-14T13:18:08","date_gmt":"2022-06-14T13:18:08","guid":{"rendered":"https:\/\/urbanglide.com\/produit\/e-cross-pro-boost\/"},"modified":"2024-02-08T13:59:16","modified_gmt":"2024-02-08T13:59:16","slug":"trotinete-electrica-e-cross-pro-boost","status":"publish","type":"product","link":"https:\/\/urbanglide.com\/pt-pt\/produit\/trotinete-electrica-e-cross-pro-boost\/","title":{"rendered":"E-CROSS PRO BOOST"},"content":{"rendered":"<p>A E-CROSS PRO BOOST representa a combina\u00e7\u00e3o perfeita de pot\u00eancia e versatilidade.Suba a bordo, sinta a for\u00e7a sob seus p\u00e9s e deixe a cidade se tornar seu playground.<\/p>\n<p>Voc\u00ea est\u00e1 preparado para transformar cada viagem em uma experi\u00eancia excepcional?<\/p>\n","protected":false},"excerpt":{"rendered":"<p>EXPERI\u00caNCIA INIGUAL\u00c1VEL<\/p>\n","protected":false},"featured_media":23266,"template":"","meta":[],"product_brand":[],"product_cat":[15],"product_tag":[],"class_list":{"0":"post-31531","1":"product","2":"type-product","3":"status-publish","4":"has-post-thumbnail","6":"product_cat-non-classe","7":"product_shipping_class-41-kg-pt-pt","9":"first","10":"outofstock","11":"taxable","12":"shipping-taxable","13":"product-type-simple"},"yoast_head":"<!-- This site is optimized with the Yoast SEO plugin v27.1.1 - https:\/\/yoast.com\/product\/yoast-seo-wordpress\/ -->\n<title>E-CROSS PRO BOOST - UrbanGlide<\/title>\n<meta name=\"description\" content=\"Equipada com dois motores, a E-CROSS PRO BOOST oferece uma autonomia incr\u00edvel de at\u00e9 50 km. Suas 6 suspens\u00f5es e 2 trav\u00f5es a disco potentes permitem que voc\u00ea controle a estrada.\" \/>\n<meta name=\"robots\" content=\"index, follow, max-snippet:-1, max-image-preview:large, max-video-preview:-1\" \/>\n<link rel=\"canonical\" href=\"https:\/\/urbanglide.com\/pt-pt\/produit\/trotinete-electrica-e-cross-pro-boost\/\" \/>\n<meta property=\"og:locale\" content=\"pt_PT\" \/>\n<meta property=\"og:type\" content=\"article\" \/>\n<meta property=\"og:title\" content=\"E-CROSS PRO BOOST - UrbanGlide\" \/>\n<meta property=\"og:description\" content=\"Equipada com dois motores, a E-CROSS PRO BOOST oferece uma autonomia incr\u00edvel de at\u00e9 50 km. Suas 6 suspens\u00f5es e 2 trav\u00f5es a disco potentes permitem que voc\u00ea controle a estrada.\" \/>\n<meta property=\"og:url\" content=\"https:\/\/urbanglide.com\/pt-pt\/produit\/trotinete-electrica-e-cross-pro-boost\/\" \/>\n<meta property=\"og:site_name\" content=\"UrbanGlide\" \/>\n<meta property=\"article:modified_time\" content=\"2024-02-08T13:59:16+00:00\" \/>\n<meta property=\"og:image\" content=\"https:\/\/urbanglide.com\/wp-content\/uploads\/2022\/09\/RIDE-ecross-pro-boost.png\" \/>\n\t<meta property=\"og:image:width\" content=\"1000\" \/>\n\t<meta property=\"og:image:height\" content=\"1000\" \/>\n\t<meta property=\"og:image:type\" content=\"image\/png\" \/>\n<meta name=\"twitter:card\" content=\"summary_large_image\" \/>\n<meta name=\"twitter:label1\" content=\"Tempo estimado de leitura\" \/>\n\t<meta name=\"twitter:data1\" content=\"1 minuto\" \/>\n<script type=\"application\/ld+json\" class=\"yoast-schema-graph\">{\"@context\":\"https:\/\/schema.org\",\"@graph\":[{\"@type\":\"WebPage\",\"@id\":\"https:\/\/urbanglide.com\/pt-pt\/produit\/trotinete-electrica-e-cross-pro-boost\/\",\"url\":\"https:\/\/urbanglide.com\/pt-pt\/produit\/trotinete-electrica-e-cross-pro-boost\/\",\"name\":\"E-CROSS PRO BOOST - UrbanGlide\",\"isPartOf\":{\"@id\":\"https:\/\/urbanglide.com\/#website\"},\"primaryImageOfPage\":{\"@id\":\"https:\/\/urbanglide.com\/pt-pt\/produit\/trotinete-electrica-e-cross-pro-boost\/#primaryimage\"},\"image\":{\"@id\":\"https:\/\/urbanglide.com\/pt-pt\/produit\/trotinete-electrica-e-cross-pro-boost\/#primaryimage\"},\"thumbnailUrl\":\"https:\/\/urbanglide.com\/wp-content\/uploads\/2022\/09\/RIDE-ecross-pro-boost.png\",\"datePublished\":\"2022-06-14T13:18:08+00:00\",\"dateModified\":\"2024-02-08T13:59:16+00:00\",\"description\":\"Equipada com dois motores, a E-CROSS PRO BOOST oferece uma autonomia incr\u00edvel de at\u00e9 50 km. Suas 6 suspens\u00f5es e 2 trav\u00f5es a disco potentes permitem que voc\u00ea controle a estrada.\",\"breadcrumb\":{\"@id\":\"https:\/\/urbanglide.com\/pt-pt\/produit\/trotinete-electrica-e-cross-pro-boost\/#breadcrumb\"},\"inLanguage\":\"pt-PT\",\"potentialAction\":[{\"@type\":\"ReadAction\",\"target\":[\"https:\/\/urbanglide.com\/pt-pt\/produit\/trotinete-electrica-e-cross-pro-boost\/\"]}]},{\"@type\":\"ImageObject\",\"inLanguage\":\"pt-PT\",\"@id\":\"https:\/\/urbanglide.com\/pt-pt\/produit\/trotinete-electrica-e-cross-pro-boost\/#primaryimage\",\"url\":\"https:\/\/urbanglide.com\/wp-content\/uploads\/2022\/09\/RIDE-ecross-pro-boost.png\",\"contentUrl\":\"https:\/\/urbanglide.com\/wp-content\/uploads\/2022\/09\/RIDE-ecross-pro-boost.png\",\"width\":1000,\"height\":1000},{\"@type\":\"BreadcrumbList\",\"@id\":\"https:\/\/urbanglide.com\/pt-pt\/produit\/trotinete-electrica-e-cross-pro-boost\/#breadcrumb\",\"itemListElement\":[{\"@type\":\"ListItem\",\"position\":1,\"name\":\"Accueil\",\"item\":\"https:\/\/urbanglide.com\/pt-pt\/urbanglide-homepage-nova-versao\/\"},{\"@type\":\"ListItem\",\"position\":2,\"name\":\"Loja\",\"item\":\"https:\/\/urbanglide.com\/pt-pt\/boutique\/\"},{\"@type\":\"ListItem\",\"position\":3,\"name\":\"E-CROSS PRO BOOST\"}]},{\"@type\":\"WebSite\",\"@id\":\"https:\/\/urbanglide.com\/#website\",\"url\":\"https:\/\/urbanglide.com\/\",\"name\":\"Urbanglide\",\"description\":\"Expert fran\u00e7ais de la mobilit\u00e9 \u00e9lectrique\",\"potentialAction\":[{\"@type\":\"SearchAction\",\"target\":{\"@type\":\"EntryPoint\",\"urlTemplate\":\"https:\/\/urbanglide.com\/?s={search_term_string}\"},\"query-input\":{\"@type\":\"PropertyValueSpecification\",\"valueRequired\":true,\"valueName\":\"search_term_string\"}}],\"inLanguage\":\"pt-PT\"}]}<\/script>\n<!-- \/ Yoast SEO plugin. -->","yoast_head_json":{"title":"E-CROSS PRO BOOST - UrbanGlide","description":"Equipada com dois motores, a E-CROSS PRO BOOST oferece uma autonomia incr\u00edvel de at\u00e9 50 km. Suas 6 suspens\u00f5es e 2 trav\u00f5es a disco potentes permitem que voc\u00ea controle a estrada.","robots":{"index":"index","follow":"follow","max-snippet":"max-snippet:-1","max-image-preview":"max-image-preview:large","max-video-preview":"max-video-preview:-1"},"canonical":"https:\/\/urbanglide.com\/pt-pt\/produit\/trotinete-electrica-e-cross-pro-boost\/","og_locale":"pt_PT","og_type":"article","og_title":"E-CROSS PRO BOOST - UrbanGlide","og_description":"Equipada com dois motores, a E-CROSS PRO BOOST oferece uma autonomia incr\u00edvel de at\u00e9 50 km. Suas 6 suspens\u00f5es e 2 trav\u00f5es a disco potentes permitem que voc\u00ea controle a estrada.","og_url":"https:\/\/urbanglide.com\/pt-pt\/produit\/trotinete-electrica-e-cross-pro-boost\/","og_site_name":"UrbanGlide","article_modified_time":"2024-02-08T13:59:16+00:00","og_image":[{"width":1000,"height":1000,"url":"https:\/\/urbanglide.com\/wp-content\/uploads\/2022\/09\/RIDE-ecross-pro-boost.png","type":"image\/png"}],"twitter_card":"summary_large_image","twitter_misc":{"Tempo estimado de leitura":"1 minuto"},"schema":{"@context":"https:\/\/schema.org","@graph":[{"@type":"WebPage","@id":"https:\/\/urbanglide.com\/pt-pt\/produit\/trotinete-electrica-e-cross-pro-boost\/","url":"https:\/\/urbanglide.com\/pt-pt\/produit\/trotinete-electrica-e-cross-pro-boost\/","name":"E-CROSS PRO BOOST - UrbanGlide","isPartOf":{"@id":"https:\/\/urbanglide.com\/#website"},"primaryImageOfPage":{"@id":"https:\/\/urbanglide.com\/pt-pt\/produit\/trotinete-electrica-e-cross-pro-boost\/#primaryimage"},"image":{"@id":"https:\/\/urbanglide.com\/pt-pt\/produit\/trotinete-electrica-e-cross-pro-boost\/#primaryimage"},"thumbnailUrl":"https:\/\/urbanglide.com\/wp-content\/uploads\/2022\/09\/RIDE-ecross-pro-boost.png","datePublished":"2022-06-14T13:18:08+00:00","dateModified":"2024-02-08T13:59:16+00:00","description":"Equipada com dois motores, a E-CROSS PRO BOOST oferece uma autonomia incr\u00edvel de at\u00e9 50 km. Suas 6 suspens\u00f5es e 2 trav\u00f5es a disco potentes permitem que voc\u00ea controle a estrada.","breadcrumb":{"@id":"https:\/\/urbanglide.com\/pt-pt\/produit\/trotinete-electrica-e-cross-pro-boost\/#breadcrumb"},"inLanguage":"pt-PT","potentialAction":[{"@type":"ReadAction","target":["https:\/\/urbanglide.com\/pt-pt\/produit\/trotinete-electrica-e-cross-pro-boost\/"]}]},{"@type":"ImageObject","inLanguage":"pt-PT","@id":"https:\/\/urbanglide.com\/pt-pt\/produit\/trotinete-electrica-e-cross-pro-boost\/#primaryimage","url":"https:\/\/urbanglide.com\/wp-content\/uploads\/2022\/09\/RIDE-ecross-pro-boost.png","contentUrl":"https:\/\/urbanglide.com\/wp-content\/uploads\/2022\/09\/RIDE-ecross-pro-boost.png","width":1000,"height":1000},{"@type":"BreadcrumbList","@id":"https:\/\/urbanglide.com\/pt-pt\/produit\/trotinete-electrica-e-cross-pro-boost\/#breadcrumb","itemListElement":[{"@type":"ListItem","position":1,"name":"Accueil","item":"https:\/\/urbanglide.com\/pt-pt\/urbanglide-homepage-nova-versao\/"},{"@type":"ListItem","position":2,"name":"Loja","item":"https:\/\/urbanglide.com\/pt-pt\/boutique\/"},{"@type":"ListItem","position":3,"name":"E-CROSS PRO BOOST"}]},{"@type":"WebSite","@id":"https:\/\/urbanglide.com\/#website","url":"https:\/\/urbanglide.com\/","name":"Urbanglide","description":"Expert fran\u00e7ais de la mobilit\u00e9 \u00e9lectrique","potentialAction":[{"@type":"SearchAction","target":{"@type":"EntryPoint","urlTemplate":"https:\/\/urbanglide.com\/?s={search_term_string}"},"query-input":{"@type":"PropertyValueSpecification","valueRequired":true,"valueName":"search_term_string"}}],"inLanguage":"pt-PT"}]}},"_links":{"self":[{"href":"https:\/\/urbanglide.com\/pt-pt\/wp-json\/wp\/v2\/product\/31531","targetHints":{"allow":["GET"]}}],"collection":[{"href":"https:\/\/urbanglide.com\/pt-pt\/wp-json\/wp\/v2\/product"}],"about":[{"href":"https:\/\/urbanglide.com\/pt-pt\/wp-json\/wp\/v2\/types\/product"}],"version-history":[{"count":0,"href":"https:\/\/urbanglide.com\/pt-pt\/wp-json\/wp\/v2\/product\/31531\/revisions"}],"wp:featuredmedia":[{"embeddable":true,"href":"https:\/\/urbanglide.com\/pt-pt\/wp-json\/wp\/v2\/media\/23266"}],"wp:attachment":[{"href":"https:\/\/urbanglide.com\/pt-pt\/wp-json\/wp\/v2\/media?parent=31531"}],"wp:term":[{"taxonomy":"product_brand","embeddable":true,"href":"https:\/\/urbanglide.com\/pt-pt\/wp-json\/wp\/v2\/product_brand?post=31531"},{"taxonomy":"product_cat","embeddable":true,"href":"https:\/\/urbanglide.com\/pt-pt\/wp-json\/wp\/v2\/product_cat?post=31531"},{"taxonomy":"product_tag","embeddable":true,"href":"https:\/\/urbanglide.com\/pt-pt\/wp-json\/wp\/v2\/product_tag?post=31531"}],"curies":[{"name":"wp","href":"https:\/\/api.w.org\/{rel}","templated":true}]}}