{"id":31556,"date":"2022-05-10T09:06:49","date_gmt":"2022-05-10T09:06:49","guid":{"rendered":"https:\/\/urbanglide.com\/produit\/anti-theft-backpack-klb1350r-black\/"},"modified":"2026-04-03T14:58:13","modified_gmt":"2026-04-03T14:58:13","slug":"acessorios-anti-theft-backpack-black","status":"publish","type":"product","link":"https:\/\/urbanglide.com\/pt-pt\/produit\/acessorios-anti-theft-backpack-black\/","title":{"rendered":"BACKPACK ANTI-ROUBO PRETO"},"content":{"rendered":"<p>BACKPACK ANTI-ROUBO PRETO<\/p>\n","protected":false},"excerpt":{"rendered":"<p>BACKPACK ANTI-ROUBO PRETO<\/p>\n","protected":false},"featured_media":20348,"template":"","meta":[],"product_brand":[],"product_cat":[174],"product_tag":[],"class_list":{"0":"post-31556","1":"product","2":"type-product","3":"status-publish","4":"has-post-thumbnail","6":"product_cat-acessorios-pt","7":"product_shipping_class-84-kg-pt-pt","9":"first","10":"outofstock","11":"taxable","12":"shipping-taxable","13":"purchasable","14":"product-type-simple"},"yoast_head":"<!-- This site is optimized with the Yoast SEO plugin v27.1.1 - https:\/\/yoast.com\/product\/yoast-seo-wordpress\/ -->\n<title>BACKPACK ANTI-ROUBO PRETO - UrbanGlide<\/title>\n<meta name=\"robots\" content=\"index, follow, max-snippet:-1, max-image-preview:large, max-video-preview:-1\" \/>\n<link rel=\"canonical\" href=\"https:\/\/urbanglide.com\/pt-pt\/produit\/acessorios-anti-theft-backpack-black\/\" \/>\n<meta property=\"og:locale\" content=\"pt_PT\" \/>\n<meta property=\"og:type\" content=\"article\" \/>\n<meta property=\"og:title\" content=\"BACKPACK ANTI-ROUBO PRETO - UrbanGlide\" \/>\n<meta property=\"og:description\" content=\"BACKPACK ANTI-ROUBO PRETO\" \/>\n<meta property=\"og:url\" content=\"https:\/\/urbanglide.com\/pt-pt\/produit\/acessorios-anti-theft-backpack-black\/\" \/>\n<meta property=\"og:site_name\" content=\"UrbanGlide\" \/>\n<meta property=\"article:modified_time\" content=\"2026-04-03T14:58:13+00:00\" \/>\n<meta property=\"og:image\" content=\"https:\/\/urbanglide.com\/wp-content\/uploads\/2022\/05\/BAGPACK-NOIR.png\" \/>\n\t<meta property=\"og:image:width\" content=\"1000\" \/>\n\t<meta property=\"og:image:height\" content=\"1000\" \/>\n\t<meta property=\"og:image:type\" content=\"image\/png\" \/>\n<meta name=\"twitter:card\" content=\"summary_large_image\" \/>\n<meta name=\"twitter:label1\" content=\"Tempo estimado de leitura\" \/>\n\t<meta name=\"twitter:data1\" content=\"1 minuto\" \/>\n<script type=\"application\/ld+json\" class=\"yoast-schema-graph\">{\"@context\":\"https:\/\/schema.org\",\"@graph\":[{\"@type\":\"WebPage\",\"@id\":\"https:\/\/urbanglide.com\/pt-pt\/produit\/acessorios-anti-theft-backpack-black\/\",\"url\":\"https:\/\/urbanglide.com\/pt-pt\/produit\/acessorios-anti-theft-backpack-black\/\",\"name\":\"BACKPACK ANTI-ROUBO PRETO - UrbanGlide\",\"isPartOf\":{\"@id\":\"https:\/\/urbanglide.com\/#website\"},\"primaryImageOfPage\":{\"@id\":\"https:\/\/urbanglide.com\/pt-pt\/produit\/acessorios-anti-theft-backpack-black\/#primaryimage\"},\"image\":{\"@id\":\"https:\/\/urbanglide.com\/pt-pt\/produit\/acessorios-anti-theft-backpack-black\/#primaryimage\"},\"thumbnailUrl\":\"https:\/\/urbanglide.com\/wp-content\/uploads\/2022\/05\/BAGPACK-NOIR.png\",\"datePublished\":\"2022-05-10T09:06:49+00:00\",\"dateModified\":\"2026-04-03T14:58:13+00:00\",\"breadcrumb\":{\"@id\":\"https:\/\/urbanglide.com\/pt-pt\/produit\/acessorios-anti-theft-backpack-black\/#breadcrumb\"},\"inLanguage\":\"pt-PT\",\"potentialAction\":[{\"@type\":\"ReadAction\",\"target\":[\"https:\/\/urbanglide.com\/pt-pt\/produit\/acessorios-anti-theft-backpack-black\/\"]}]},{\"@type\":\"ImageObject\",\"inLanguage\":\"pt-PT\",\"@id\":\"https:\/\/urbanglide.com\/pt-pt\/produit\/acessorios-anti-theft-backpack-black\/#primaryimage\",\"url\":\"https:\/\/urbanglide.com\/wp-content\/uploads\/2022\/05\/BAGPACK-NOIR.png\",\"contentUrl\":\"https:\/\/urbanglide.com\/wp-content\/uploads\/2022\/05\/BAGPACK-NOIR.png\",\"width\":1000,\"height\":1000},{\"@type\":\"BreadcrumbList\",\"@id\":\"https:\/\/urbanglide.com\/pt-pt\/produit\/acessorios-anti-theft-backpack-black\/#breadcrumb\",\"itemListElement\":[{\"@type\":\"ListItem\",\"position\":1,\"name\":\"Accueil\",\"item\":\"https:\/\/urbanglide.com\/pt-pt\/urbanglide-homepage-nova-versao\/\"},{\"@type\":\"ListItem\",\"position\":2,\"name\":\"Loja\",\"item\":\"https:\/\/urbanglide.com\/pt-pt\/boutique\/\"},{\"@type\":\"ListItem\",\"position\":3,\"name\":\"BACKPACK ANTI-ROUBO PRETO\"}]},{\"@type\":\"WebSite\",\"@id\":\"https:\/\/urbanglide.com\/#website\",\"url\":\"https:\/\/urbanglide.com\/\",\"name\":\"Urbanglide\",\"description\":\"Expert fran\u00e7ais de la mobilit\u00e9 \u00e9lectrique\",\"potentialAction\":[{\"@type\":\"SearchAction\",\"target\":{\"@type\":\"EntryPoint\",\"urlTemplate\":\"https:\/\/urbanglide.com\/?s={search_term_string}\"},\"query-input\":{\"@type\":\"PropertyValueSpecification\",\"valueRequired\":true,\"valueName\":\"search_term_string\"}}],\"inLanguage\":\"pt-PT\"}]}<\/script>\n<!-- \/ Yoast SEO plugin. -->","yoast_head_json":{"title":"BACKPACK ANTI-ROUBO PRETO - UrbanGlide","robots":{"index":"index","follow":"follow","max-snippet":"max-snippet:-1","max-image-preview":"max-image-preview:large","max-video-preview":"max-video-preview:-1"},"canonical":"https:\/\/urbanglide.com\/pt-pt\/produit\/acessorios-anti-theft-backpack-black\/","og_locale":"pt_PT","og_type":"article","og_title":"BACKPACK ANTI-ROUBO PRETO - UrbanGlide","og_description":"BACKPACK ANTI-ROUBO PRETO","og_url":"https:\/\/urbanglide.com\/pt-pt\/produit\/acessorios-anti-theft-backpack-black\/","og_site_name":"UrbanGlide","article_modified_time":"2026-04-03T14:58:13+00:00","og_image":[{"width":1000,"height":1000,"url":"https:\/\/urbanglide.com\/wp-content\/uploads\/2022\/05\/BAGPACK-NOIR.png","type":"image\/png"}],"twitter_card":"summary_large_image","twitter_misc":{"Tempo estimado de leitura":"1 minuto"},"schema":{"@context":"https:\/\/schema.org","@graph":[{"@type":"WebPage","@id":"https:\/\/urbanglide.com\/pt-pt\/produit\/acessorios-anti-theft-backpack-black\/","url":"https:\/\/urbanglide.com\/pt-pt\/produit\/acessorios-anti-theft-backpack-black\/","name":"BACKPACK ANTI-ROUBO PRETO - UrbanGlide","isPartOf":{"@id":"https:\/\/urbanglide.com\/#website"},"primaryImageOfPage":{"@id":"https:\/\/urbanglide.com\/pt-pt\/produit\/acessorios-anti-theft-backpack-black\/#primaryimage"},"image":{"@id":"https:\/\/urbanglide.com\/pt-pt\/produit\/acessorios-anti-theft-backpack-black\/#primaryimage"},"thumbnailUrl":"https:\/\/urbanglide.com\/wp-content\/uploads\/2022\/05\/BAGPACK-NOIR.png","datePublished":"2022-05-10T09:06:49+00:00","dateModified":"2026-04-03T14:58:13+00:00","breadcrumb":{"@id":"https:\/\/urbanglide.com\/pt-pt\/produit\/acessorios-anti-theft-backpack-black\/#breadcrumb"},"inLanguage":"pt-PT","potentialAction":[{"@type":"ReadAction","target":["https:\/\/urbanglide.com\/pt-pt\/produit\/acessorios-anti-theft-backpack-black\/"]}]},{"@type":"ImageObject","inLanguage":"pt-PT","@id":"https:\/\/urbanglide.com\/pt-pt\/produit\/acessorios-anti-theft-backpack-black\/#primaryimage","url":"https:\/\/urbanglide.com\/wp-content\/uploads\/2022\/05\/BAGPACK-NOIR.png","contentUrl":"https:\/\/urbanglide.com\/wp-content\/uploads\/2022\/05\/BAGPACK-NOIR.png","width":1000,"height":1000},{"@type":"BreadcrumbList","@id":"https:\/\/urbanglide.com\/pt-pt\/produit\/acessorios-anti-theft-backpack-black\/#breadcrumb","itemListElement":[{"@type":"ListItem","position":1,"name":"Accueil","item":"https:\/\/urbanglide.com\/pt-pt\/urbanglide-homepage-nova-versao\/"},{"@type":"ListItem","position":2,"name":"Loja","item":"https:\/\/urbanglide.com\/pt-pt\/boutique\/"},{"@type":"ListItem","position":3,"name":"BACKPACK ANTI-ROUBO PRETO"}]},{"@type":"WebSite","@id":"https:\/\/urbanglide.com\/#website","url":"https:\/\/urbanglide.com\/","name":"Urbanglide","description":"Expert fran\u00e7ais de la mobilit\u00e9 \u00e9lectrique","potentialAction":[{"@type":"SearchAction","target":{"@type":"EntryPoint","urlTemplate":"https:\/\/urbanglide.com\/?s={search_term_string}"},"query-input":{"@type":"PropertyValueSpecification","valueRequired":true,"valueName":"search_term_string"}}],"inLanguage":"pt-PT"}]}},"_links":{"self":[{"href":"https:\/\/urbanglide.com\/pt-pt\/wp-json\/wp\/v2\/product\/31556","targetHints":{"allow":["GET"]}}],"collection":[{"href":"https:\/\/urbanglide.com\/pt-pt\/wp-json\/wp\/v2\/product"}],"about":[{"href":"https:\/\/urbanglide.com\/pt-pt\/wp-json\/wp\/v2\/types\/product"}],"version-history":[{"count":0,"href":"https:\/\/urbanglide.com\/pt-pt\/wp-json\/wp\/v2\/product\/31556\/revisions"}],"wp:featuredmedia":[{"embeddable":true,"href":"https:\/\/urbanglide.com\/pt-pt\/wp-json\/wp\/v2\/media\/20348"}],"wp:attachment":[{"href":"https:\/\/urbanglide.com\/pt-pt\/wp-json\/wp\/v2\/media?parent=31556"}],"wp:term":[{"taxonomy":"product_brand","embeddable":true,"href":"https:\/\/urbanglide.com\/pt-pt\/wp-json\/wp\/v2\/product_brand?post=31556"},{"taxonomy":"product_cat","embeddable":true,"href":"https:\/\/urbanglide.com\/pt-pt\/wp-json\/wp\/v2\/product_cat?post=31556"},{"taxonomy":"product_tag","embeddable":true,"href":"https:\/\/urbanglide.com\/pt-pt\/wp-json\/wp\/v2\/product_tag?post=31556"}],"curies":[{"name":"wp","href":"https:\/\/api.w.org\/{rel}","templated":true}]}}