{"id":33373,"date":"2024-11-01T09:17:34","date_gmt":"2024-11-01T09:17:34","guid":{"rendered":"https:\/\/urbanglide.com\/produit\/100-city\/"},"modified":"2025-05-20T20:46:25","modified_gmt":"2025-05-20T20:46:25","slug":"trotinete-electrica-city-100-city","status":"publish","type":"product","link":"https:\/\/urbanglide.com\/pt-pt\/produit\/trotinete-electrica-city-100-city\/","title":{"rendered":"100 CITY"},"content":{"rendered":"<p>O seu design e a cor azul cobalt, acompanhados pelas rodas tubeless de 10&#8243; fazem da 100 CITY uma trotinete elegante e robusta.<\/p>\n","protected":false},"excerpt":{"rendered":"<p>COBALT AZUL<\/p>\n","protected":false},"featured_media":57030,"template":"","meta":[],"product_brand":[],"product_cat":[189,216,627],"product_tag":[],"class_list":{"0":"post-33373","1":"product","2":"type-product","3":"status-publish","4":"has-post-thumbnail","6":"product_cat-oferta-promocional-pt","7":"product_cat-trottinettes-pt","8":"product_cat-city","9":"product_shipping_class-41-kg-pt-pt","11":"first","12":"outofstock","13":"taxable","14":"shipping-taxable","15":"purchasable","16":"product-type-simple"},"yoast_head":"<!-- This site is optimized with the Yoast SEO plugin v27.1.1 - https:\/\/yoast.com\/product\/yoast-seo-wordpress\/ -->\n<title>100 CITY - UrbanGlide<\/title>\n<meta name=\"description\" content=\"Ideal para todas as viagens, a 100 CITY ir\u00e1 encantar com a sua pot\u00eancia e autonomia at\u00e9 35 kms !\" \/>\n<meta name=\"robots\" content=\"index, follow, max-snippet:-1, max-image-preview:large, max-video-preview:-1\" \/>\n<link rel=\"canonical\" href=\"https:\/\/urbanglide.com\/pt-pt\/produit\/trotinete-electrica-city-100-city\/\" \/>\n<meta property=\"og:locale\" content=\"pt_PT\" \/>\n<meta property=\"og:type\" content=\"article\" \/>\n<meta property=\"og:title\" content=\"100 CITY - UrbanGlide\" \/>\n<meta property=\"og:description\" content=\"Ideal para todas as viagens, a 100 CITY ir\u00e1 encantar com a sua pot\u00eancia e autonomia at\u00e9 35 kms !\" \/>\n<meta property=\"og:url\" content=\"https:\/\/urbanglide.com\/pt-pt\/produit\/trotinete-electrica-city-100-city\/\" \/>\n<meta property=\"og:site_name\" content=\"UrbanGlide\" \/>\n<meta property=\"article:modified_time\" content=\"2025-05-20T20:46:25+00:00\" \/>\n<meta property=\"og:image\" content=\"https:\/\/urbanglide.com\/wp-content\/uploads\/2024\/03\/100-city.png\" \/>\n\t<meta property=\"og:image:width\" content=\"1000\" \/>\n\t<meta property=\"og:image:height\" content=\"1000\" \/>\n\t<meta property=\"og:image:type\" content=\"image\/png\" \/>\n<meta name=\"twitter:card\" content=\"summary_large_image\" \/>\n<meta name=\"twitter:label1\" content=\"Tempo estimado de leitura\" \/>\n\t<meta name=\"twitter:data1\" content=\"1 minuto\" \/>\n<script type=\"application\/ld+json\" class=\"yoast-schema-graph\">{\"@context\":\"https:\/\/schema.org\",\"@graph\":[{\"@type\":\"WebPage\",\"@id\":\"https:\/\/urbanglide.com\/pt-pt\/produit\/trotinete-electrica-city-100-city\/\",\"url\":\"https:\/\/urbanglide.com\/pt-pt\/produit\/trotinete-electrica-city-100-city\/\",\"name\":\"100 CITY - UrbanGlide\",\"isPartOf\":{\"@id\":\"https:\/\/urbanglide.com\/#website\"},\"primaryImageOfPage\":{\"@id\":\"https:\/\/urbanglide.com\/pt-pt\/produit\/trotinete-electrica-city-100-city\/#primaryimage\"},\"image\":{\"@id\":\"https:\/\/urbanglide.com\/pt-pt\/produit\/trotinete-electrica-city-100-city\/#primaryimage\"},\"thumbnailUrl\":\"https:\/\/urbanglide.com\/wp-content\/uploads\/2024\/03\/100-city.png\",\"datePublished\":\"2024-11-01T09:17:34+00:00\",\"dateModified\":\"2025-05-20T20:46:25+00:00\",\"description\":\"Ideal para todas as viagens, a 100 CITY ir\u00e1 encantar com a sua pot\u00eancia e autonomia at\u00e9 35 kms !\",\"breadcrumb\":{\"@id\":\"https:\/\/urbanglide.com\/pt-pt\/produit\/trotinete-electrica-city-100-city\/#breadcrumb\"},\"inLanguage\":\"pt-PT\",\"potentialAction\":[{\"@type\":\"ReadAction\",\"target\":[\"https:\/\/urbanglide.com\/pt-pt\/produit\/trotinete-electrica-city-100-city\/\"]}]},{\"@type\":\"ImageObject\",\"inLanguage\":\"pt-PT\",\"@id\":\"https:\/\/urbanglide.com\/pt-pt\/produit\/trotinete-electrica-city-100-city\/#primaryimage\",\"url\":\"https:\/\/urbanglide.com\/wp-content\/uploads\/2024\/03\/100-city.png\",\"contentUrl\":\"https:\/\/urbanglide.com\/wp-content\/uploads\/2024\/03\/100-city.png\",\"width\":1000,\"height\":1000},{\"@type\":\"BreadcrumbList\",\"@id\":\"https:\/\/urbanglide.com\/pt-pt\/produit\/trotinete-electrica-city-100-city\/#breadcrumb\",\"itemListElement\":[{\"@type\":\"ListItem\",\"position\":1,\"name\":\"Accueil\",\"item\":\"https:\/\/urbanglide.com\/pt-pt\/urbanglide-homepage-nova-versao\/\"},{\"@type\":\"ListItem\",\"position\":2,\"name\":\"Loja\",\"item\":\"https:\/\/urbanglide.com\/pt-pt\/boutique\/\"},{\"@type\":\"ListItem\",\"position\":3,\"name\":\"100 CITY\"}]},{\"@type\":\"WebSite\",\"@id\":\"https:\/\/urbanglide.com\/#website\",\"url\":\"https:\/\/urbanglide.com\/\",\"name\":\"Urbanglide\",\"description\":\"Expert fran\u00e7ais de la mobilit\u00e9 \u00e9lectrique\",\"potentialAction\":[{\"@type\":\"SearchAction\",\"target\":{\"@type\":\"EntryPoint\",\"urlTemplate\":\"https:\/\/urbanglide.com\/?s={search_term_string}\"},\"query-input\":{\"@type\":\"PropertyValueSpecification\",\"valueRequired\":true,\"valueName\":\"search_term_string\"}}],\"inLanguage\":\"pt-PT\"}]}<\/script>\n<!-- \/ Yoast SEO plugin. -->","yoast_head_json":{"title":"100 CITY - UrbanGlide","description":"Ideal para todas as viagens, a 100 CITY ir\u00e1 encantar com a sua pot\u00eancia e autonomia at\u00e9 35 kms !","robots":{"index":"index","follow":"follow","max-snippet":"max-snippet:-1","max-image-preview":"max-image-preview:large","max-video-preview":"max-video-preview:-1"},"canonical":"https:\/\/urbanglide.com\/pt-pt\/produit\/trotinete-electrica-city-100-city\/","og_locale":"pt_PT","og_type":"article","og_title":"100 CITY - UrbanGlide","og_description":"Ideal para todas as viagens, a 100 CITY ir\u00e1 encantar com a sua pot\u00eancia e autonomia at\u00e9 35 kms !","og_url":"https:\/\/urbanglide.com\/pt-pt\/produit\/trotinete-electrica-city-100-city\/","og_site_name":"UrbanGlide","article_modified_time":"2025-05-20T20:46:25+00:00","og_image":[{"width":1000,"height":1000,"url":"https:\/\/urbanglide.com\/wp-content\/uploads\/2024\/03\/100-city.png","type":"image\/png"}],"twitter_card":"summary_large_image","twitter_misc":{"Tempo estimado de leitura":"1 minuto"},"schema":{"@context":"https:\/\/schema.org","@graph":[{"@type":"WebPage","@id":"https:\/\/urbanglide.com\/pt-pt\/produit\/trotinete-electrica-city-100-city\/","url":"https:\/\/urbanglide.com\/pt-pt\/produit\/trotinete-electrica-city-100-city\/","name":"100 CITY - UrbanGlide","isPartOf":{"@id":"https:\/\/urbanglide.com\/#website"},"primaryImageOfPage":{"@id":"https:\/\/urbanglide.com\/pt-pt\/produit\/trotinete-electrica-city-100-city\/#primaryimage"},"image":{"@id":"https:\/\/urbanglide.com\/pt-pt\/produit\/trotinete-electrica-city-100-city\/#primaryimage"},"thumbnailUrl":"https:\/\/urbanglide.com\/wp-content\/uploads\/2024\/03\/100-city.png","datePublished":"2024-11-01T09:17:34+00:00","dateModified":"2025-05-20T20:46:25+00:00","description":"Ideal para todas as viagens, a 100 CITY ir\u00e1 encantar com a sua pot\u00eancia e autonomia at\u00e9 35 kms !","breadcrumb":{"@id":"https:\/\/urbanglide.com\/pt-pt\/produit\/trotinete-electrica-city-100-city\/#breadcrumb"},"inLanguage":"pt-PT","potentialAction":[{"@type":"ReadAction","target":["https:\/\/urbanglide.com\/pt-pt\/produit\/trotinete-electrica-city-100-city\/"]}]},{"@type":"ImageObject","inLanguage":"pt-PT","@id":"https:\/\/urbanglide.com\/pt-pt\/produit\/trotinete-electrica-city-100-city\/#primaryimage","url":"https:\/\/urbanglide.com\/wp-content\/uploads\/2024\/03\/100-city.png","contentUrl":"https:\/\/urbanglide.com\/wp-content\/uploads\/2024\/03\/100-city.png","width":1000,"height":1000},{"@type":"BreadcrumbList","@id":"https:\/\/urbanglide.com\/pt-pt\/produit\/trotinete-electrica-city-100-city\/#breadcrumb","itemListElement":[{"@type":"ListItem","position":1,"name":"Accueil","item":"https:\/\/urbanglide.com\/pt-pt\/urbanglide-homepage-nova-versao\/"},{"@type":"ListItem","position":2,"name":"Loja","item":"https:\/\/urbanglide.com\/pt-pt\/boutique\/"},{"@type":"ListItem","position":3,"name":"100 CITY"}]},{"@type":"WebSite","@id":"https:\/\/urbanglide.com\/#website","url":"https:\/\/urbanglide.com\/","name":"Urbanglide","description":"Expert fran\u00e7ais de la mobilit\u00e9 \u00e9lectrique","potentialAction":[{"@type":"SearchAction","target":{"@type":"EntryPoint","urlTemplate":"https:\/\/urbanglide.com\/?s={search_term_string}"},"query-input":{"@type":"PropertyValueSpecification","valueRequired":true,"valueName":"search_term_string"}}],"inLanguage":"pt-PT"}]}},"_links":{"self":[{"href":"https:\/\/urbanglide.com\/pt-pt\/wp-json\/wp\/v2\/product\/33373","targetHints":{"allow":["GET"]}}],"collection":[{"href":"https:\/\/urbanglide.com\/pt-pt\/wp-json\/wp\/v2\/product"}],"about":[{"href":"https:\/\/urbanglide.com\/pt-pt\/wp-json\/wp\/v2\/types\/product"}],"version-history":[{"count":0,"href":"https:\/\/urbanglide.com\/pt-pt\/wp-json\/wp\/v2\/product\/33373\/revisions"}],"wp:featuredmedia":[{"embeddable":true,"href":"https:\/\/urbanglide.com\/pt-pt\/wp-json\/wp\/v2\/media\/57030"}],"wp:attachment":[{"href":"https:\/\/urbanglide.com\/pt-pt\/wp-json\/wp\/v2\/media?parent=33373"}],"wp:term":[{"taxonomy":"product_brand","embeddable":true,"href":"https:\/\/urbanglide.com\/pt-pt\/wp-json\/wp\/v2\/product_brand?post=33373"},{"taxonomy":"product_cat","embeddable":true,"href":"https:\/\/urbanglide.com\/pt-pt\/wp-json\/wp\/v2\/product_cat?post=33373"},{"taxonomy":"product_tag","embeddable":true,"href":"https:\/\/urbanglide.com\/pt-pt\/wp-json\/wp\/v2\/product_tag?post=33373"}],"curies":[{"name":"wp","href":"https:\/\/api.w.org\/{rel}","templated":true}]}}