{"id":38045,"date":"2025-07-11T13:15:22","date_gmt":"2025-07-11T13:15:22","guid":{"rendered":"https:\/\/urbanglide.com\/produit\/bike-140-reborn\/"},"modified":"2024-01-31T09:55:32","modified_gmt":"2024-01-31T09:55:32","slug":"bike-140-reborn","status":"publish","type":"product","link":"https:\/\/urbanglide.com\/pt-pt\/produit\/bike-140-reborn\/","title":{"rendered":"BIKE 140 REBORN"},"content":{"rendered":"<p>Mergulhe numa nova era de mobilidade el\u00e9ctrica com a BIKE 140 com tecnologia Bluetooth. Controle a sua draisienne \u00e0 dist\u00e2ncia, acompanhe as suas estat\u00edsticas de condu\u00e7\u00e3o e receba notifica\u00e7\u00f5es importantes diretamente no seu smartphone. Mantenha-se ligado ao mundo \u00e0 sua volta enquanto est\u00e1 em movimento.<\/p>\n<p>O seu sistema de trav\u00f5es de disco duplo, os apoios para os p\u00e9s e as rodas insufl\u00e1veis de 14 polegadas garantem estabilidade e conforto em todos os momentos!<\/p>\n","protected":false},"excerpt":{"rendered":"<p>ESTABILIDADE E CONFORTO<\/p>\n","protected":false},"featured_media":20227,"template":"","meta":[],"product_brand":[],"product_cat":[464],"product_tag":[],"class_list":{"0":"post-38045","1":"product","2":"type-product","3":"status-publish","4":"has-post-thumbnail","6":"product_cat-reborn-pt-pt","7":"product_shipping_class-17-kg-pt-pt","9":"first","10":"instock","11":"taxable","12":"shipping-taxable","13":"purchasable","14":"product-type-simple"},"yoast_head":"<!-- This site is optimized with the Yoast SEO plugin v27.1.1 - https:\/\/yoast.com\/product\/yoast-seo-wordpress\/ -->\n<title>BIKE 140 REBORN - UrbanGlide<\/title>\n<meta name=\"description\" content=\"A BIKE-140 oferece uma experi\u00eancia imersiva gra\u00e7as \u00e0 sua conetividade Bluetooth. O seu sistema de trav\u00f5es de disco duplo, os apoios para os p\u00e9s e as rodas insufl\u00e1veis de 14 polegadas garantem estabilidade e conforto em todas as condi\u00e7\u00f5es!\" \/>\n<meta name=\"robots\" content=\"index, follow, max-snippet:-1, max-image-preview:large, max-video-preview:-1\" \/>\n<link rel=\"canonical\" href=\"https:\/\/urbanglide.com\/pt-pt\/produit\/bike-140-reborn\/\" \/>\n<meta property=\"og:locale\" content=\"pt_PT\" \/>\n<meta property=\"og:type\" content=\"article\" \/>\n<meta property=\"og:title\" content=\"BIKE 140 REBORN - UrbanGlide\" \/>\n<meta property=\"og:description\" content=\"A BIKE-140 oferece uma experi\u00eancia imersiva gra\u00e7as \u00e0 sua conetividade Bluetooth. O seu sistema de trav\u00f5es de disco duplo, os apoios para os p\u00e9s e as rodas insufl\u00e1veis de 14 polegadas garantem estabilidade e conforto em todas as condi\u00e7\u00f5es!\" \/>\n<meta property=\"og:url\" content=\"https:\/\/urbanglide.com\/pt-pt\/produit\/bike-140-reborn\/\" \/>\n<meta property=\"og:site_name\" content=\"UrbanGlide\" \/>\n<meta property=\"og:image\" content=\"https:\/\/urbanglide.com\/wp-content\/uploads\/2022\/10\/BIKE-140.png\" \/>\n\t<meta property=\"og:image:width\" content=\"1000\" \/>\n\t<meta property=\"og:image:height\" content=\"1000\" \/>\n\t<meta property=\"og:image:type\" content=\"image\/png\" \/>\n<meta name=\"twitter:card\" content=\"summary_large_image\" \/>\n<meta name=\"twitter:label1\" content=\"Tempo estimado de leitura\" \/>\n\t<meta name=\"twitter:data1\" content=\"1 minuto\" \/>\n<script type=\"application\/ld+json\" class=\"yoast-schema-graph\">{\"@context\":\"https:\/\/schema.org\",\"@graph\":[{\"@type\":\"WebPage\",\"@id\":\"https:\/\/urbanglide.com\/pt-pt\/produit\/bike-140-reborn\/\",\"url\":\"https:\/\/urbanglide.com\/pt-pt\/produit\/bike-140-reborn\/\",\"name\":\"BIKE 140 REBORN - UrbanGlide\",\"isPartOf\":{\"@id\":\"https:\/\/urbanglide.com\/#website\"},\"primaryImageOfPage\":{\"@id\":\"https:\/\/urbanglide.com\/pt-pt\/produit\/bike-140-reborn\/#primaryimage\"},\"image\":{\"@id\":\"https:\/\/urbanglide.com\/pt-pt\/produit\/bike-140-reborn\/#primaryimage\"},\"thumbnailUrl\":\"https:\/\/urbanglide.com\/wp-content\/uploads\/2022\/05\/BIKE-140.png\",\"datePublished\":\"2025-07-11T13:15:22+00:00\",\"description\":\"A BIKE-140 oferece uma experi\u00eancia imersiva gra\u00e7as \u00e0 sua conetividade Bluetooth. O seu sistema de trav\u00f5es de disco duplo, os apoios para os p\u00e9s e as rodas insufl\u00e1veis de 14 polegadas garantem estabilidade e conforto em todas as condi\u00e7\u00f5es!\",\"breadcrumb\":{\"@id\":\"https:\/\/urbanglide.com\/pt-pt\/produit\/bike-140-reborn\/#breadcrumb\"},\"inLanguage\":\"pt-PT\",\"potentialAction\":[{\"@type\":\"ReadAction\",\"target\":[\"https:\/\/urbanglide.com\/pt-pt\/produit\/bike-140-reborn\/\"]}]},{\"@type\":\"ImageObject\",\"inLanguage\":\"pt-PT\",\"@id\":\"https:\/\/urbanglide.com\/pt-pt\/produit\/bike-140-reborn\/#primaryimage\",\"url\":\"https:\/\/urbanglide.com\/wp-content\/uploads\/2022\/05\/BIKE-140.png\",\"contentUrl\":\"https:\/\/urbanglide.com\/wp-content\/uploads\/2022\/05\/BIKE-140.png\",\"width\":1000,\"height\":1000},{\"@type\":\"BreadcrumbList\",\"@id\":\"https:\/\/urbanglide.com\/pt-pt\/produit\/bike-140-reborn\/#breadcrumb\",\"itemListElement\":[{\"@type\":\"ListItem\",\"position\":1,\"name\":\"Accueil\",\"item\":\"https:\/\/urbanglide.com\/pt-pt\/urbanglide-homepage-nova-versao\/\"},{\"@type\":\"ListItem\",\"position\":2,\"name\":\"Loja\",\"item\":\"https:\/\/urbanglide.com\/pt-pt\/boutique\/\"},{\"@type\":\"ListItem\",\"position\":3,\"name\":\"BIKE 140 REBORN\"}]},{\"@type\":\"WebSite\",\"@id\":\"https:\/\/urbanglide.com\/#website\",\"url\":\"https:\/\/urbanglide.com\/\",\"name\":\"Urbanglide\",\"description\":\"Expert fran\u00e7ais de la mobilit\u00e9 \u00e9lectrique\",\"potentialAction\":[{\"@type\":\"SearchAction\",\"target\":{\"@type\":\"EntryPoint\",\"urlTemplate\":\"https:\/\/urbanglide.com\/?s={search_term_string}\"},\"query-input\":{\"@type\":\"PropertyValueSpecification\",\"valueRequired\":true,\"valueName\":\"search_term_string\"}}],\"inLanguage\":\"pt-PT\"}]}<\/script>\n<!-- \/ Yoast SEO plugin. -->","yoast_head_json":{"title":"BIKE 140 REBORN - UrbanGlide","description":"A BIKE-140 oferece uma experi\u00eancia imersiva gra\u00e7as \u00e0 sua conetividade Bluetooth. O seu sistema de trav\u00f5es de disco duplo, os apoios para os p\u00e9s e as rodas insufl\u00e1veis de 14 polegadas garantem estabilidade e conforto em todas as condi\u00e7\u00f5es!","robots":{"index":"index","follow":"follow","max-snippet":"max-snippet:-1","max-image-preview":"max-image-preview:large","max-video-preview":"max-video-preview:-1"},"canonical":"https:\/\/urbanglide.com\/pt-pt\/produit\/bike-140-reborn\/","og_locale":"pt_PT","og_type":"article","og_title":"BIKE 140 REBORN - UrbanGlide","og_description":"A BIKE-140 oferece uma experi\u00eancia imersiva gra\u00e7as \u00e0 sua conetividade Bluetooth. O seu sistema de trav\u00f5es de disco duplo, os apoios para os p\u00e9s e as rodas insufl\u00e1veis de 14 polegadas garantem estabilidade e conforto em todas as condi\u00e7\u00f5es!","og_url":"https:\/\/urbanglide.com\/pt-pt\/produit\/bike-140-reborn\/","og_site_name":"UrbanGlide","og_image":[{"width":1000,"height":1000,"url":"https:\/\/urbanglide.com\/wp-content\/uploads\/2022\/10\/BIKE-140.png","type":"image\/png"}],"twitter_card":"summary_large_image","twitter_misc":{"Tempo estimado de leitura":"1 minuto"},"schema":{"@context":"https:\/\/schema.org","@graph":[{"@type":"WebPage","@id":"https:\/\/urbanglide.com\/pt-pt\/produit\/bike-140-reborn\/","url":"https:\/\/urbanglide.com\/pt-pt\/produit\/bike-140-reborn\/","name":"BIKE 140 REBORN - UrbanGlide","isPartOf":{"@id":"https:\/\/urbanglide.com\/#website"},"primaryImageOfPage":{"@id":"https:\/\/urbanglide.com\/pt-pt\/produit\/bike-140-reborn\/#primaryimage"},"image":{"@id":"https:\/\/urbanglide.com\/pt-pt\/produit\/bike-140-reborn\/#primaryimage"},"thumbnailUrl":"https:\/\/urbanglide.com\/wp-content\/uploads\/2022\/05\/BIKE-140.png","datePublished":"2025-07-11T13:15:22+00:00","description":"A BIKE-140 oferece uma experi\u00eancia imersiva gra\u00e7as \u00e0 sua conetividade Bluetooth. O seu sistema de trav\u00f5es de disco duplo, os apoios para os p\u00e9s e as rodas insufl\u00e1veis de 14 polegadas garantem estabilidade e conforto em todas as condi\u00e7\u00f5es!","breadcrumb":{"@id":"https:\/\/urbanglide.com\/pt-pt\/produit\/bike-140-reborn\/#breadcrumb"},"inLanguage":"pt-PT","potentialAction":[{"@type":"ReadAction","target":["https:\/\/urbanglide.com\/pt-pt\/produit\/bike-140-reborn\/"]}]},{"@type":"ImageObject","inLanguage":"pt-PT","@id":"https:\/\/urbanglide.com\/pt-pt\/produit\/bike-140-reborn\/#primaryimage","url":"https:\/\/urbanglide.com\/wp-content\/uploads\/2022\/05\/BIKE-140.png","contentUrl":"https:\/\/urbanglide.com\/wp-content\/uploads\/2022\/05\/BIKE-140.png","width":1000,"height":1000},{"@type":"BreadcrumbList","@id":"https:\/\/urbanglide.com\/pt-pt\/produit\/bike-140-reborn\/#breadcrumb","itemListElement":[{"@type":"ListItem","position":1,"name":"Accueil","item":"https:\/\/urbanglide.com\/pt-pt\/urbanglide-homepage-nova-versao\/"},{"@type":"ListItem","position":2,"name":"Loja","item":"https:\/\/urbanglide.com\/pt-pt\/boutique\/"},{"@type":"ListItem","position":3,"name":"BIKE 140 REBORN"}]},{"@type":"WebSite","@id":"https:\/\/urbanglide.com\/#website","url":"https:\/\/urbanglide.com\/","name":"Urbanglide","description":"Expert fran\u00e7ais de la mobilit\u00e9 \u00e9lectrique","potentialAction":[{"@type":"SearchAction","target":{"@type":"EntryPoint","urlTemplate":"https:\/\/urbanglide.com\/?s={search_term_string}"},"query-input":{"@type":"PropertyValueSpecification","valueRequired":true,"valueName":"search_term_string"}}],"inLanguage":"pt-PT"}]}},"_links":{"self":[{"href":"https:\/\/urbanglide.com\/pt-pt\/wp-json\/wp\/v2\/product\/38045","targetHints":{"allow":["GET"]}}],"collection":[{"href":"https:\/\/urbanglide.com\/pt-pt\/wp-json\/wp\/v2\/product"}],"about":[{"href":"https:\/\/urbanglide.com\/pt-pt\/wp-json\/wp\/v2\/types\/product"}],"version-history":[{"count":0,"href":"https:\/\/urbanglide.com\/pt-pt\/wp-json\/wp\/v2\/product\/38045\/revisions"}],"wp:featuredmedia":[{"embeddable":true,"href":"https:\/\/urbanglide.com\/pt-pt\/wp-json\/wp\/v2\/media\/20227"}],"wp:attachment":[{"href":"https:\/\/urbanglide.com\/pt-pt\/wp-json\/wp\/v2\/media?parent=38045"}],"wp:term":[{"taxonomy":"product_brand","embeddable":true,"href":"https:\/\/urbanglide.com\/pt-pt\/wp-json\/wp\/v2\/product_brand?post=38045"},{"taxonomy":"product_cat","embeddable":true,"href":"https:\/\/urbanglide.com\/pt-pt\/wp-json\/wp\/v2\/product_cat?post=38045"},{"taxonomy":"product_tag","embeddable":true,"href":"https:\/\/urbanglide.com\/pt-pt\/wp-json\/wp\/v2\/product_tag?post=38045"}],"curies":[{"name":"wp","href":"https:\/\/api.w.org\/{rel}","templated":true}]}}