{"id":38046,"date":"2023-07-11T12:35:45","date_gmt":"2023-07-11T12:35:45","guid":{"rendered":"https:\/\/urbanglide.com\/produit\/ride-100-max-reborn\/"},"modified":"2024-01-30T14:13:35","modified_gmt":"2024-01-30T14:13:35","slug":"ride-100-max-reborn","status":"publish","type":"product","link":"https:\/\/urbanglide.com\/pt-pt\/produit\/ride-100-max-reborn\/","title":{"rendered":"RIDE 100MAX REBORN"},"content":{"rendered":"<p>Domine qualquer terreno com a nossa trotinete el\u00e9ctrica com suspens\u00e3o dupla e pneus alveolares: conforto, ader\u00eancia e prazer de condu\u00e7\u00e3o!<\/p>\n","protected":false},"excerpt":{"rendered":"<p>CONDU\u00c7\u00c3O SUAVE<\/p>\n","protected":false},"featured_media":22500,"template":"","meta":[],"product_brand":[],"product_cat":[464,216],"product_tag":[],"class_list":{"0":"post-38046","1":"product","2":"type-product","3":"status-publish","4":"has-post-thumbnail","6":"product_cat-reborn-pt-pt","7":"product_cat-trottinettes-pt","8":"product_shipping_class-17-kg-pt-pt","10":"first","11":"outofstock","12":"taxable","13":"shipping-taxable","14":"purchasable","15":"product-type-simple"},"yoast_head":"<!-- This site is optimized with the Yoast SEO plugin v27.1.1 - https:\/\/yoast.com\/product\/yoast-seo-wordpress\/ -->\n<title>RIDE 100MAX REBORN - UrbanGlide<\/title>\n<meta name=\"description\" content=\"Domine qualquer terreno com a nossa trotinete el\u00e9ctrica com suspens\u00e3o dupla e pneus alveolares: conforto, ader\u00eancia e prazer de condu\u00e7\u00e3o!\" \/>\n<meta name=\"robots\" content=\"index, follow, max-snippet:-1, max-image-preview:large, max-video-preview:-1\" \/>\n<link rel=\"canonical\" href=\"https:\/\/urbanglide.com\/pt-pt\/produit\/ride-100-max-reborn\/\" \/>\n<meta property=\"og:locale\" content=\"pt_PT\" \/>\n<meta property=\"og:type\" content=\"article\" \/>\n<meta property=\"og:title\" content=\"RIDE 100MAX REBORN - UrbanGlide\" \/>\n<meta property=\"og:description\" content=\"Domine qualquer terreno com a nossa trotinete el\u00e9ctrica com suspens\u00e3o dupla e pneus alveolares: conforto, ader\u00eancia e prazer de condu\u00e7\u00e3o!\" \/>\n<meta property=\"og:url\" content=\"https:\/\/urbanglide.com\/pt-pt\/produit\/ride-100-max-reborn\/\" \/>\n<meta property=\"og:site_name\" content=\"UrbanGlide\" \/>\n<meta property=\"article:modified_time\" content=\"2024-01-30T14:13:35+00:00\" \/>\n<meta property=\"og:image\" content=\"https:\/\/urbanglide.com\/wp-content\/uploads\/2022\/09\/RIDE-100MAX-2.png\" \/>\n\t<meta property=\"og:image:width\" content=\"1000\" \/>\n\t<meta property=\"og:image:height\" content=\"1000\" \/>\n\t<meta property=\"og:image:type\" content=\"image\/png\" \/>\n<meta name=\"twitter:card\" content=\"summary_large_image\" \/>\n<meta name=\"twitter:label1\" content=\"Tempo estimado de leitura\" \/>\n\t<meta name=\"twitter:data1\" content=\"1 minuto\" \/>\n<script type=\"application\/ld+json\" class=\"yoast-schema-graph\">{\"@context\":\"https:\/\/schema.org\",\"@graph\":[{\"@type\":\"WebPage\",\"@id\":\"https:\/\/urbanglide.com\/pt-pt\/produit\/ride-100-max-reborn\/\",\"url\":\"https:\/\/urbanglide.com\/pt-pt\/produit\/ride-100-max-reborn\/\",\"name\":\"RIDE 100MAX REBORN - UrbanGlide\",\"isPartOf\":{\"@id\":\"https:\/\/urbanglide.com\/#website\"},\"primaryImageOfPage\":{\"@id\":\"https:\/\/urbanglide.com\/pt-pt\/produit\/ride-100-max-reborn\/#primaryimage\"},\"image\":{\"@id\":\"https:\/\/urbanglide.com\/pt-pt\/produit\/ride-100-max-reborn\/#primaryimage\"},\"thumbnailUrl\":\"https:\/\/urbanglide.com\/wp-content\/uploads\/2022\/09\/RIDE-100MAX-2.png\",\"datePublished\":\"2023-07-11T12:35:45+00:00\",\"dateModified\":\"2024-01-30T14:13:35+00:00\",\"description\":\"Domine qualquer terreno com a nossa trotinete el\u00e9ctrica com suspens\u00e3o dupla e pneus alveolares: conforto, ader\u00eancia e prazer de condu\u00e7\u00e3o!\",\"breadcrumb\":{\"@id\":\"https:\/\/urbanglide.com\/pt-pt\/produit\/ride-100-max-reborn\/#breadcrumb\"},\"inLanguage\":\"pt-PT\",\"potentialAction\":[{\"@type\":\"ReadAction\",\"target\":[\"https:\/\/urbanglide.com\/pt-pt\/produit\/ride-100-max-reborn\/\"]}]},{\"@type\":\"ImageObject\",\"inLanguage\":\"pt-PT\",\"@id\":\"https:\/\/urbanglide.com\/pt-pt\/produit\/ride-100-max-reborn\/#primaryimage\",\"url\":\"https:\/\/urbanglide.com\/wp-content\/uploads\/2022\/09\/RIDE-100MAX-2.png\",\"contentUrl\":\"https:\/\/urbanglide.com\/wp-content\/uploads\/2022\/09\/RIDE-100MAX-2.png\",\"width\":1000,\"height\":1000},{\"@type\":\"BreadcrumbList\",\"@id\":\"https:\/\/urbanglide.com\/pt-pt\/produit\/ride-100-max-reborn\/#breadcrumb\",\"itemListElement\":[{\"@type\":\"ListItem\",\"position\":1,\"name\":\"Accueil\",\"item\":\"https:\/\/urbanglide.com\/pt-pt\/urbanglide-homepage-nova-versao\/\"},{\"@type\":\"ListItem\",\"position\":2,\"name\":\"Loja\",\"item\":\"https:\/\/urbanglide.com\/pt-pt\/boutique\/\"},{\"@type\":\"ListItem\",\"position\":3,\"name\":\"RIDE 100MAX REBORN\"}]},{\"@type\":\"WebSite\",\"@id\":\"https:\/\/urbanglide.com\/#website\",\"url\":\"https:\/\/urbanglide.com\/\",\"name\":\"Urbanglide\",\"description\":\"Expert fran\u00e7ais de la mobilit\u00e9 \u00e9lectrique\",\"potentialAction\":[{\"@type\":\"SearchAction\",\"target\":{\"@type\":\"EntryPoint\",\"urlTemplate\":\"https:\/\/urbanglide.com\/?s={search_term_string}\"},\"query-input\":{\"@type\":\"PropertyValueSpecification\",\"valueRequired\":true,\"valueName\":\"search_term_string\"}}],\"inLanguage\":\"pt-PT\"}]}<\/script>\n<!-- \/ Yoast SEO plugin. -->","yoast_head_json":{"title":"RIDE 100MAX REBORN - UrbanGlide","description":"Domine qualquer terreno com a nossa trotinete el\u00e9ctrica com suspens\u00e3o dupla e pneus alveolares: conforto, ader\u00eancia e prazer de condu\u00e7\u00e3o!","robots":{"index":"index","follow":"follow","max-snippet":"max-snippet:-1","max-image-preview":"max-image-preview:large","max-video-preview":"max-video-preview:-1"},"canonical":"https:\/\/urbanglide.com\/pt-pt\/produit\/ride-100-max-reborn\/","og_locale":"pt_PT","og_type":"article","og_title":"RIDE 100MAX REBORN - UrbanGlide","og_description":"Domine qualquer terreno com a nossa trotinete el\u00e9ctrica com suspens\u00e3o dupla e pneus alveolares: conforto, ader\u00eancia e prazer de condu\u00e7\u00e3o!","og_url":"https:\/\/urbanglide.com\/pt-pt\/produit\/ride-100-max-reborn\/","og_site_name":"UrbanGlide","article_modified_time":"2024-01-30T14:13:35+00:00","og_image":[{"width":1000,"height":1000,"url":"https:\/\/urbanglide.com\/wp-content\/uploads\/2022\/09\/RIDE-100MAX-2.png","type":"image\/png"}],"twitter_card":"summary_large_image","twitter_misc":{"Tempo estimado de leitura":"1 minuto"},"schema":{"@context":"https:\/\/schema.org","@graph":[{"@type":"WebPage","@id":"https:\/\/urbanglide.com\/pt-pt\/produit\/ride-100-max-reborn\/","url":"https:\/\/urbanglide.com\/pt-pt\/produit\/ride-100-max-reborn\/","name":"RIDE 100MAX REBORN - UrbanGlide","isPartOf":{"@id":"https:\/\/urbanglide.com\/#website"},"primaryImageOfPage":{"@id":"https:\/\/urbanglide.com\/pt-pt\/produit\/ride-100-max-reborn\/#primaryimage"},"image":{"@id":"https:\/\/urbanglide.com\/pt-pt\/produit\/ride-100-max-reborn\/#primaryimage"},"thumbnailUrl":"https:\/\/urbanglide.com\/wp-content\/uploads\/2022\/09\/RIDE-100MAX-2.png","datePublished":"2023-07-11T12:35:45+00:00","dateModified":"2024-01-30T14:13:35+00:00","description":"Domine qualquer terreno com a nossa trotinete el\u00e9ctrica com suspens\u00e3o dupla e pneus alveolares: conforto, ader\u00eancia e prazer de condu\u00e7\u00e3o!","breadcrumb":{"@id":"https:\/\/urbanglide.com\/pt-pt\/produit\/ride-100-max-reborn\/#breadcrumb"},"inLanguage":"pt-PT","potentialAction":[{"@type":"ReadAction","target":["https:\/\/urbanglide.com\/pt-pt\/produit\/ride-100-max-reborn\/"]}]},{"@type":"ImageObject","inLanguage":"pt-PT","@id":"https:\/\/urbanglide.com\/pt-pt\/produit\/ride-100-max-reborn\/#primaryimage","url":"https:\/\/urbanglide.com\/wp-content\/uploads\/2022\/09\/RIDE-100MAX-2.png","contentUrl":"https:\/\/urbanglide.com\/wp-content\/uploads\/2022\/09\/RIDE-100MAX-2.png","width":1000,"height":1000},{"@type":"BreadcrumbList","@id":"https:\/\/urbanglide.com\/pt-pt\/produit\/ride-100-max-reborn\/#breadcrumb","itemListElement":[{"@type":"ListItem","position":1,"name":"Accueil","item":"https:\/\/urbanglide.com\/pt-pt\/urbanglide-homepage-nova-versao\/"},{"@type":"ListItem","position":2,"name":"Loja","item":"https:\/\/urbanglide.com\/pt-pt\/boutique\/"},{"@type":"ListItem","position":3,"name":"RIDE 100MAX REBORN"}]},{"@type":"WebSite","@id":"https:\/\/urbanglide.com\/#website","url":"https:\/\/urbanglide.com\/","name":"Urbanglide","description":"Expert fran\u00e7ais de la mobilit\u00e9 \u00e9lectrique","potentialAction":[{"@type":"SearchAction","target":{"@type":"EntryPoint","urlTemplate":"https:\/\/urbanglide.com\/?s={search_term_string}"},"query-input":{"@type":"PropertyValueSpecification","valueRequired":true,"valueName":"search_term_string"}}],"inLanguage":"pt-PT"}]}},"_links":{"self":[{"href":"https:\/\/urbanglide.com\/pt-pt\/wp-json\/wp\/v2\/product\/38046","targetHints":{"allow":["GET"]}}],"collection":[{"href":"https:\/\/urbanglide.com\/pt-pt\/wp-json\/wp\/v2\/product"}],"about":[{"href":"https:\/\/urbanglide.com\/pt-pt\/wp-json\/wp\/v2\/types\/product"}],"version-history":[{"count":0,"href":"https:\/\/urbanglide.com\/pt-pt\/wp-json\/wp\/v2\/product\/38046\/revisions"}],"wp:featuredmedia":[{"embeddable":true,"href":"https:\/\/urbanglide.com\/pt-pt\/wp-json\/wp\/v2\/media\/22500"}],"wp:attachment":[{"href":"https:\/\/urbanglide.com\/pt-pt\/wp-json\/wp\/v2\/media?parent=38046"}],"wp:term":[{"taxonomy":"product_brand","embeddable":true,"href":"https:\/\/urbanglide.com\/pt-pt\/wp-json\/wp\/v2\/product_brand?post=38046"},{"taxonomy":"product_cat","embeddable":true,"href":"https:\/\/urbanglide.com\/pt-pt\/wp-json\/wp\/v2\/product_cat?post=38046"},{"taxonomy":"product_tag","embeddable":true,"href":"https:\/\/urbanglide.com\/pt-pt\/wp-json\/wp\/v2\/product_tag?post=38046"}],"curies":[{"name":"wp","href":"https:\/\/api.w.org\/{rel}","templated":true}]}}