{"id":41011,"date":"2022-05-10T09:05:58","date_gmt":"2022-05-10T09:05:58","guid":{"rendered":"https:\/\/urbanglide.com\/produit\/ebike-h4-blue-green-2\/"},"modified":"2022-05-10T09:05:58","modified_gmt":"2022-05-10T09:05:58","slug":"ebike-h4-blue-green-2","status":"publish","type":"product","link":"https:\/\/urbanglide.com\/pt-pt\/produit\/ebike-h4-blue-green-2\/","title":{"rendered":"EBIKE-H4"},"content":{"rendered":"<p>EBIKE-H4 BLUE GREEN<\/p>\n","protected":false},"excerpt":{"rendered":"<p>EBIKE-H4 BLUE GREEN<\/p>\n","protected":false},"featured_media":20358,"template":"","meta":[],"product_brand":[],"product_cat":[200],"product_tag":[],"class_list":{"0":"post-41011","1":"product","2":"type-product","3":"status-publish","4":"has-post-thumbnail","6":"product_cat-non-classe-pt-pt","7":"product_shipping_class-forfait-velo-pt-pt","9":"first","10":"outofstock","11":"taxable","12":"shipping-taxable","13":"product-type-simple"},"yoast_head":"<!-- This site is optimized with the Yoast SEO plugin v27.1.1 - https:\/\/yoast.com\/product\/yoast-seo-wordpress\/ -->\n<title>EBIKE-H4 - UrbanGlide<\/title>\n<meta name=\"robots\" content=\"index, follow, max-snippet:-1, max-image-preview:large, max-video-preview:-1\" \/>\n<link rel=\"canonical\" href=\"https:\/\/urbanglide.com\/pt-pt\/produit\/ebike-h4-blue-green-2\/\" \/>\n<meta property=\"og:locale\" content=\"pt_PT\" \/>\n<meta property=\"og:type\" content=\"article\" \/>\n<meta property=\"og:title\" content=\"EBIKE-H4 - UrbanGlide\" \/>\n<meta property=\"og:description\" content=\"EBIKE-H4 BLUE GREEN\" \/>\n<meta property=\"og:url\" content=\"https:\/\/urbanglide.com\/pt-pt\/produit\/ebike-h4-blue-green-2\/\" \/>\n<meta property=\"og:site_name\" content=\"UrbanGlide\" \/>\n<meta property=\"og:image\" content=\"https:\/\/urbanglide.com\/wp-content\/uploads\/2022\/05\/bike-H4.png\" \/>\n\t<meta property=\"og:image:width\" content=\"1000\" \/>\n\t<meta property=\"og:image:height\" content=\"1000\" \/>\n\t<meta property=\"og:image:type\" content=\"image\/png\" \/>\n<meta name=\"twitter:card\" content=\"summary_large_image\" \/>\n<script type=\"application\/ld+json\" class=\"yoast-schema-graph\">{\"@context\":\"https:\/\/schema.org\",\"@graph\":[{\"@type\":\"WebPage\",\"@id\":\"https:\/\/urbanglide.com\/pt-pt\/produit\/ebike-h4-blue-green-2\/\",\"url\":\"https:\/\/urbanglide.com\/pt-pt\/produit\/ebike-h4-blue-green-2\/\",\"name\":\"EBIKE-H4 - UrbanGlide\",\"isPartOf\":{\"@id\":\"https:\/\/urbanglide.com\/#website\"},\"primaryImageOfPage\":{\"@id\":\"https:\/\/urbanglide.com\/pt-pt\/produit\/ebike-h4-blue-green-2\/#primaryimage\"},\"image\":{\"@id\":\"https:\/\/urbanglide.com\/pt-pt\/produit\/ebike-h4-blue-green-2\/#primaryimage\"},\"thumbnailUrl\":\"https:\/\/urbanglide.com\/wp-content\/uploads\/2022\/05\/bike-H4.png\",\"datePublished\":\"2022-05-10T09:05:58+00:00\",\"breadcrumb\":{\"@id\":\"https:\/\/urbanglide.com\/pt-pt\/produit\/ebike-h4-blue-green-2\/#breadcrumb\"},\"inLanguage\":\"pt-PT\",\"potentialAction\":[{\"@type\":\"ReadAction\",\"target\":[\"https:\/\/urbanglide.com\/pt-pt\/produit\/ebike-h4-blue-green-2\/\"]}]},{\"@type\":\"ImageObject\",\"inLanguage\":\"pt-PT\",\"@id\":\"https:\/\/urbanglide.com\/pt-pt\/produit\/ebike-h4-blue-green-2\/#primaryimage\",\"url\":\"https:\/\/urbanglide.com\/wp-content\/uploads\/2022\/05\/bike-H4.png\",\"contentUrl\":\"https:\/\/urbanglide.com\/wp-content\/uploads\/2022\/05\/bike-H4.png\",\"width\":1000,\"height\":1000},{\"@type\":\"BreadcrumbList\",\"@id\":\"https:\/\/urbanglide.com\/pt-pt\/produit\/ebike-h4-blue-green-2\/#breadcrumb\",\"itemListElement\":[{\"@type\":\"ListItem\",\"position\":1,\"name\":\"Accueil\",\"item\":\"https:\/\/urbanglide.com\/pt-pt\/urbanglide-homepage-nova-versao\/\"},{\"@type\":\"ListItem\",\"position\":2,\"name\":\"Loja\",\"item\":\"https:\/\/urbanglide.com\/pt-pt\/boutique\/\"},{\"@type\":\"ListItem\",\"position\":3,\"name\":\"EBIKE-H4\"}]},{\"@type\":\"WebSite\",\"@id\":\"https:\/\/urbanglide.com\/#website\",\"url\":\"https:\/\/urbanglide.com\/\",\"name\":\"Urbanglide\",\"description\":\"Expert fran\u00e7ais de la mobilit\u00e9 \u00e9lectrique\",\"potentialAction\":[{\"@type\":\"SearchAction\",\"target\":{\"@type\":\"EntryPoint\",\"urlTemplate\":\"https:\/\/urbanglide.com\/?s={search_term_string}\"},\"query-input\":{\"@type\":\"PropertyValueSpecification\",\"valueRequired\":true,\"valueName\":\"search_term_string\"}}],\"inLanguage\":\"pt-PT\"}]}<\/script>\n<!-- \/ Yoast SEO plugin. -->","yoast_head_json":{"title":"EBIKE-H4 - UrbanGlide","robots":{"index":"index","follow":"follow","max-snippet":"max-snippet:-1","max-image-preview":"max-image-preview:large","max-video-preview":"max-video-preview:-1"},"canonical":"https:\/\/urbanglide.com\/pt-pt\/produit\/ebike-h4-blue-green-2\/","og_locale":"pt_PT","og_type":"article","og_title":"EBIKE-H4 - UrbanGlide","og_description":"EBIKE-H4 BLUE GREEN","og_url":"https:\/\/urbanglide.com\/pt-pt\/produit\/ebike-h4-blue-green-2\/","og_site_name":"UrbanGlide","og_image":[{"width":1000,"height":1000,"url":"https:\/\/urbanglide.com\/wp-content\/uploads\/2022\/05\/bike-H4.png","type":"image\/png"}],"twitter_card":"summary_large_image","schema":{"@context":"https:\/\/schema.org","@graph":[{"@type":"WebPage","@id":"https:\/\/urbanglide.com\/pt-pt\/produit\/ebike-h4-blue-green-2\/","url":"https:\/\/urbanglide.com\/pt-pt\/produit\/ebike-h4-blue-green-2\/","name":"EBIKE-H4 - UrbanGlide","isPartOf":{"@id":"https:\/\/urbanglide.com\/#website"},"primaryImageOfPage":{"@id":"https:\/\/urbanglide.com\/pt-pt\/produit\/ebike-h4-blue-green-2\/#primaryimage"},"image":{"@id":"https:\/\/urbanglide.com\/pt-pt\/produit\/ebike-h4-blue-green-2\/#primaryimage"},"thumbnailUrl":"https:\/\/urbanglide.com\/wp-content\/uploads\/2022\/05\/bike-H4.png","datePublished":"2022-05-10T09:05:58+00:00","breadcrumb":{"@id":"https:\/\/urbanglide.com\/pt-pt\/produit\/ebike-h4-blue-green-2\/#breadcrumb"},"inLanguage":"pt-PT","potentialAction":[{"@type":"ReadAction","target":["https:\/\/urbanglide.com\/pt-pt\/produit\/ebike-h4-blue-green-2\/"]}]},{"@type":"ImageObject","inLanguage":"pt-PT","@id":"https:\/\/urbanglide.com\/pt-pt\/produit\/ebike-h4-blue-green-2\/#primaryimage","url":"https:\/\/urbanglide.com\/wp-content\/uploads\/2022\/05\/bike-H4.png","contentUrl":"https:\/\/urbanglide.com\/wp-content\/uploads\/2022\/05\/bike-H4.png","width":1000,"height":1000},{"@type":"BreadcrumbList","@id":"https:\/\/urbanglide.com\/pt-pt\/produit\/ebike-h4-blue-green-2\/#breadcrumb","itemListElement":[{"@type":"ListItem","position":1,"name":"Accueil","item":"https:\/\/urbanglide.com\/pt-pt\/urbanglide-homepage-nova-versao\/"},{"@type":"ListItem","position":2,"name":"Loja","item":"https:\/\/urbanglide.com\/pt-pt\/boutique\/"},{"@type":"ListItem","position":3,"name":"EBIKE-H4"}]},{"@type":"WebSite","@id":"https:\/\/urbanglide.com\/#website","url":"https:\/\/urbanglide.com\/","name":"Urbanglide","description":"Expert fran\u00e7ais de la mobilit\u00e9 \u00e9lectrique","potentialAction":[{"@type":"SearchAction","target":{"@type":"EntryPoint","urlTemplate":"https:\/\/urbanglide.com\/?s={search_term_string}"},"query-input":{"@type":"PropertyValueSpecification","valueRequired":true,"valueName":"search_term_string"}}],"inLanguage":"pt-PT"}]}},"_links":{"self":[{"href":"https:\/\/urbanglide.com\/pt-pt\/wp-json\/wp\/v2\/product\/41011","targetHints":{"allow":["GET"]}}],"collection":[{"href":"https:\/\/urbanglide.com\/pt-pt\/wp-json\/wp\/v2\/product"}],"about":[{"href":"https:\/\/urbanglide.com\/pt-pt\/wp-json\/wp\/v2\/types\/product"}],"version-history":[{"count":0,"href":"https:\/\/urbanglide.com\/pt-pt\/wp-json\/wp\/v2\/product\/41011\/revisions"}],"wp:featuredmedia":[{"embeddable":true,"href":"https:\/\/urbanglide.com\/pt-pt\/wp-json\/wp\/v2\/media\/20358"}],"wp:attachment":[{"href":"https:\/\/urbanglide.com\/pt-pt\/wp-json\/wp\/v2\/media?parent=41011"}],"wp:term":[{"taxonomy":"product_brand","embeddable":true,"href":"https:\/\/urbanglide.com\/pt-pt\/wp-json\/wp\/v2\/product_brand?post=41011"},{"taxonomy":"product_cat","embeddable":true,"href":"https:\/\/urbanglide.com\/pt-pt\/wp-json\/wp\/v2\/product_cat?post=41011"},{"taxonomy":"product_tag","embeddable":true,"href":"https:\/\/urbanglide.com\/pt-pt\/wp-json\/wp\/v2\/product_tag?post=41011"}],"curies":[{"name":"wp","href":"https:\/\/api.w.org\/{rel}","templated":true}]}}