{"id":48003,"date":"2024-12-11T16:19:34","date_gmt":"2024-12-11T16:19:34","guid":{"rendered":"https:\/\/urbanglide.com\/?post_type=product&#038;p=48003"},"modified":"2024-02-08T09:41:42","modified_gmt":"2024-02-08T09:41:42","slug":"trotinete-electrica-ride-62r","status":"publish","type":"product","link":"https:\/\/urbanglide.com\/pt-pt\/produit\/trotinete-electrica-ride-62r\/","title":{"rendered":"RIDE 62R"},"content":{"rendered":"<p>Junte-se agora \u00e0 revolu\u00e7\u00e3o do design escolhendo a nossa trotinete el\u00e9trica RIDE 62R. Voc\u00ea n\u00e3o poder\u00e1 prescindir da sua praticidade.<\/p>\n<p>Prepare-se para transformar a sua desloca\u00e7\u00e3o di\u00e1ria numa aventura cheia de estilo e emo\u00e7\u00e3o.<\/p>\n","protected":false},"excerpt":{"rendered":"<p>INICIA\u00c7\u00c3O SUAVE<\/p>\n","protected":false},"featured_media":47868,"template":"","meta":[],"product_brand":[],"product_cat":[15],"product_tag":[],"class_list":{"0":"post-48003","1":"product","2":"type-product","3":"status-publish","4":"has-post-thumbnail","6":"product_cat-non-classe","8":"first","9":"outofstock","10":"taxable","11":"shipping-taxable","12":"product-type-simple"},"yoast_head":"<!-- This site is optimized with the Yoast SEO plugin v27.1.1 - https:\/\/yoast.com\/product\/yoast-seo-wordpress\/ -->\n<title>RIDE 62R - UrbanGlide<\/title>\n<meta name=\"description\" content=\"Equipado com suspens\u00e3o dianteira, a RIDE 62R garante um passeio suave. Suas rodas s\u00f3lidas proporcionam tranquilidade absoluta.\" \/>\n<meta name=\"robots\" content=\"index, follow, max-snippet:-1, max-image-preview:large, max-video-preview:-1\" \/>\n<link rel=\"canonical\" href=\"https:\/\/urbanglide.com\/pt-pt\/produit\/trotinete-electrica-ride-62r\/\" \/>\n<meta property=\"og:locale\" content=\"pt_PT\" \/>\n<meta property=\"og:type\" content=\"article\" \/>\n<meta property=\"og:title\" content=\"RIDE 62R - UrbanGlide\" \/>\n<meta property=\"og:description\" content=\"Equipado com suspens\u00e3o dianteira, a RIDE 62R garante um passeio suave. Suas rodas s\u00f3lidas proporcionam tranquilidade absoluta.\" \/>\n<meta property=\"og:url\" content=\"https:\/\/urbanglide.com\/pt-pt\/produit\/trotinete-electrica-ride-62r\/\" \/>\n<meta property=\"og:site_name\" content=\"UrbanGlide\" \/>\n<meta property=\"og:image\" content=\"https:\/\/urbanglide.com\/wp-content\/uploads\/2023\/12\/RIDE-62R-1.png\" \/>\n\t<meta property=\"og:image:width\" content=\"1000\" \/>\n\t<meta property=\"og:image:height\" content=\"1000\" \/>\n\t<meta property=\"og:image:type\" content=\"image\/png\" \/>\n<meta name=\"twitter:card\" content=\"summary_large_image\" \/>\n<meta name=\"twitter:label1\" content=\"Tempo estimado de leitura\" \/>\n\t<meta name=\"twitter:data1\" content=\"1 minuto\" \/>\n<script type=\"application\/ld+json\" class=\"yoast-schema-graph\">{\"@context\":\"https:\/\/schema.org\",\"@graph\":[{\"@type\":\"WebPage\",\"@id\":\"https:\/\/urbanglide.com\/pt-pt\/produit\/trotinete-electrica-ride-62r\/\",\"url\":\"https:\/\/urbanglide.com\/pt-pt\/produit\/trotinete-electrica-ride-62r\/\",\"name\":\"RIDE 62R - UrbanGlide\",\"isPartOf\":{\"@id\":\"https:\/\/urbanglide.com\/#website\"},\"primaryImageOfPage\":{\"@id\":\"https:\/\/urbanglide.com\/pt-pt\/produit\/trotinete-electrica-ride-62r\/#primaryimage\"},\"image\":{\"@id\":\"https:\/\/urbanglide.com\/pt-pt\/produit\/trotinete-electrica-ride-62r\/#primaryimage\"},\"thumbnailUrl\":\"https:\/\/urbanglide.com\/wp-content\/uploads\/2023\/12\/RIDE-62R-1.png\",\"datePublished\":\"2024-12-11T16:19:34+00:00\",\"description\":\"Equipado com suspens\u00e3o dianteira, a RIDE 62R garante um passeio suave. Suas rodas s\u00f3lidas proporcionam tranquilidade absoluta.\",\"breadcrumb\":{\"@id\":\"https:\/\/urbanglide.com\/pt-pt\/produit\/trotinete-electrica-ride-62r\/#breadcrumb\"},\"inLanguage\":\"pt-PT\",\"potentialAction\":[{\"@type\":\"ReadAction\",\"target\":[\"https:\/\/urbanglide.com\/pt-pt\/produit\/trotinete-electrica-ride-62r\/\"]}]},{\"@type\":\"ImageObject\",\"inLanguage\":\"pt-PT\",\"@id\":\"https:\/\/urbanglide.com\/pt-pt\/produit\/trotinete-electrica-ride-62r\/#primaryimage\",\"url\":\"https:\/\/urbanglide.com\/wp-content\/uploads\/2023\/12\/RIDE-62R-1.png\",\"contentUrl\":\"https:\/\/urbanglide.com\/wp-content\/uploads\/2023\/12\/RIDE-62R-1.png\",\"width\":1000,\"height\":1000},{\"@type\":\"BreadcrumbList\",\"@id\":\"https:\/\/urbanglide.com\/pt-pt\/produit\/trotinete-electrica-ride-62r\/#breadcrumb\",\"itemListElement\":[{\"@type\":\"ListItem\",\"position\":1,\"name\":\"Accueil\",\"item\":\"https:\/\/urbanglide.com\/pt-pt\/urbanglide-homepage-nova-versao\/\"},{\"@type\":\"ListItem\",\"position\":2,\"name\":\"Loja\",\"item\":\"https:\/\/urbanglide.com\/pt-pt\/boutique\/\"},{\"@type\":\"ListItem\",\"position\":3,\"name\":\"RIDE 62R\"}]},{\"@type\":\"WebSite\",\"@id\":\"https:\/\/urbanglide.com\/#website\",\"url\":\"https:\/\/urbanglide.com\/\",\"name\":\"Urbanglide\",\"description\":\"Expert fran\u00e7ais de la mobilit\u00e9 \u00e9lectrique\",\"potentialAction\":[{\"@type\":\"SearchAction\",\"target\":{\"@type\":\"EntryPoint\",\"urlTemplate\":\"https:\/\/urbanglide.com\/?s={search_term_string}\"},\"query-input\":{\"@type\":\"PropertyValueSpecification\",\"valueRequired\":true,\"valueName\":\"search_term_string\"}}],\"inLanguage\":\"pt-PT\"}]}<\/script>\n<!-- \/ Yoast SEO plugin. -->","yoast_head_json":{"title":"RIDE 62R - UrbanGlide","description":"Equipado com suspens\u00e3o dianteira, a RIDE 62R garante um passeio suave. Suas rodas s\u00f3lidas proporcionam tranquilidade absoluta.","robots":{"index":"index","follow":"follow","max-snippet":"max-snippet:-1","max-image-preview":"max-image-preview:large","max-video-preview":"max-video-preview:-1"},"canonical":"https:\/\/urbanglide.com\/pt-pt\/produit\/trotinete-electrica-ride-62r\/","og_locale":"pt_PT","og_type":"article","og_title":"RIDE 62R - UrbanGlide","og_description":"Equipado com suspens\u00e3o dianteira, a RIDE 62R garante um passeio suave. Suas rodas s\u00f3lidas proporcionam tranquilidade absoluta.","og_url":"https:\/\/urbanglide.com\/pt-pt\/produit\/trotinete-electrica-ride-62r\/","og_site_name":"UrbanGlide","og_image":[{"width":1000,"height":1000,"url":"https:\/\/urbanglide.com\/wp-content\/uploads\/2023\/12\/RIDE-62R-1.png","type":"image\/png"}],"twitter_card":"summary_large_image","twitter_misc":{"Tempo estimado de leitura":"1 minuto"},"schema":{"@context":"https:\/\/schema.org","@graph":[{"@type":"WebPage","@id":"https:\/\/urbanglide.com\/pt-pt\/produit\/trotinete-electrica-ride-62r\/","url":"https:\/\/urbanglide.com\/pt-pt\/produit\/trotinete-electrica-ride-62r\/","name":"RIDE 62R - UrbanGlide","isPartOf":{"@id":"https:\/\/urbanglide.com\/#website"},"primaryImageOfPage":{"@id":"https:\/\/urbanglide.com\/pt-pt\/produit\/trotinete-electrica-ride-62r\/#primaryimage"},"image":{"@id":"https:\/\/urbanglide.com\/pt-pt\/produit\/trotinete-electrica-ride-62r\/#primaryimage"},"thumbnailUrl":"https:\/\/urbanglide.com\/wp-content\/uploads\/2023\/12\/RIDE-62R-1.png","datePublished":"2024-12-11T16:19:34+00:00","description":"Equipado com suspens\u00e3o dianteira, a RIDE 62R garante um passeio suave. Suas rodas s\u00f3lidas proporcionam tranquilidade absoluta.","breadcrumb":{"@id":"https:\/\/urbanglide.com\/pt-pt\/produit\/trotinete-electrica-ride-62r\/#breadcrumb"},"inLanguage":"pt-PT","potentialAction":[{"@type":"ReadAction","target":["https:\/\/urbanglide.com\/pt-pt\/produit\/trotinete-electrica-ride-62r\/"]}]},{"@type":"ImageObject","inLanguage":"pt-PT","@id":"https:\/\/urbanglide.com\/pt-pt\/produit\/trotinete-electrica-ride-62r\/#primaryimage","url":"https:\/\/urbanglide.com\/wp-content\/uploads\/2023\/12\/RIDE-62R-1.png","contentUrl":"https:\/\/urbanglide.com\/wp-content\/uploads\/2023\/12\/RIDE-62R-1.png","width":1000,"height":1000},{"@type":"BreadcrumbList","@id":"https:\/\/urbanglide.com\/pt-pt\/produit\/trotinete-electrica-ride-62r\/#breadcrumb","itemListElement":[{"@type":"ListItem","position":1,"name":"Accueil","item":"https:\/\/urbanglide.com\/pt-pt\/urbanglide-homepage-nova-versao\/"},{"@type":"ListItem","position":2,"name":"Loja","item":"https:\/\/urbanglide.com\/pt-pt\/boutique\/"},{"@type":"ListItem","position":3,"name":"RIDE 62R"}]},{"@type":"WebSite","@id":"https:\/\/urbanglide.com\/#website","url":"https:\/\/urbanglide.com\/","name":"Urbanglide","description":"Expert fran\u00e7ais de la mobilit\u00e9 \u00e9lectrique","potentialAction":[{"@type":"SearchAction","target":{"@type":"EntryPoint","urlTemplate":"https:\/\/urbanglide.com\/?s={search_term_string}"},"query-input":{"@type":"PropertyValueSpecification","valueRequired":true,"valueName":"search_term_string"}}],"inLanguage":"pt-PT"}]}},"_links":{"self":[{"href":"https:\/\/urbanglide.com\/pt-pt\/wp-json\/wp\/v2\/product\/48003","targetHints":{"allow":["GET"]}}],"collection":[{"href":"https:\/\/urbanglide.com\/pt-pt\/wp-json\/wp\/v2\/product"}],"about":[{"href":"https:\/\/urbanglide.com\/pt-pt\/wp-json\/wp\/v2\/types\/product"}],"version-history":[{"count":0,"href":"https:\/\/urbanglide.com\/pt-pt\/wp-json\/wp\/v2\/product\/48003\/revisions"}],"wp:featuredmedia":[{"embeddable":true,"href":"https:\/\/urbanglide.com\/pt-pt\/wp-json\/wp\/v2\/media\/47868"}],"wp:attachment":[{"href":"https:\/\/urbanglide.com\/pt-pt\/wp-json\/wp\/v2\/media?parent=48003"}],"wp:term":[{"taxonomy":"product_brand","embeddable":true,"href":"https:\/\/urbanglide.com\/pt-pt\/wp-json\/wp\/v2\/product_brand?post=48003"},{"taxonomy":"product_cat","embeddable":true,"href":"https:\/\/urbanglide.com\/pt-pt\/wp-json\/wp\/v2\/product_cat?post=48003"},{"taxonomy":"product_tag","embeddable":true,"href":"https:\/\/urbanglide.com\/pt-pt\/wp-json\/wp\/v2\/product_tag?post=48003"}],"curies":[{"name":"wp","href":"https:\/\/api.w.org\/{rel}","templated":true}]}}